{"id":13589,"date":"2024-01-18T10:37:42","date_gmt":"2024-01-18T08:37:42","guid":{"rendered":"https:\/\/www.larnitech.com\/product\/metaforsa-3-3-plus\/"},"modified":"2024-01-25T13:29:53","modified_gmt":"2024-01-25T11:29:53","slug":"metaforsa-3-3-plus","status":"publish","type":"product","link":"https:\/\/www.larnitech.com\/ru\/product\/metaforsa-3-3-plus\/","title":{"rendered":"METAFORSA 3 \/ 3.plus"},"content":{"rendered":"<p>METAFORSA SMART HOUSE est une solution cl\u00e9 en main pour l&#8217;automatisation des espaces r\u00e9sidentiels et commerciaux, des complexes h\u00f4teliers, comprenant les fonctionnalit\u00e9s les plus recherch\u00e9es d&#8217;une maison intelligente.<\/p>\n<p>L&#8217;appareil dispose de 10 canaux de contr\u00f4le, 4 canaux de gradation et une quantit\u00e9 de 28 canaux d&#8217;entr\u00e9e.<\/p>\n<p>Metaforsa peut \u00eatre contr\u00f4l\u00e9 via le cloud avec un signal s\u00e9curis\u00e9 et crypt\u00e9. L&#8217;historique du syst\u00e8me provenant de tous les autres dispositifs et capteurs est stock\u00e9 sur l&#8217;appareil pendant un an. Sa fonction plug and play signifie qu&#8217;il d\u00e9tecte et configure automatiquement les nouveaux dispositifs Larnitech ajout\u00e9s au syst\u00e8me. Une grande base de donn\u00e9es constamment mise \u00e0 jour de scripts pr\u00eats \u00e0 l&#8217;emploi garantit que votre maison peut satisfaire vos demandes les plus complexes. Cette unit\u00e9 universelle est capable de contr\u00f4ler l&#8217;\u00e9clairage, divers types de vannes, les stores, les portails, les serrures et les unit\u00e9s de ventilo-convecteur (voir la liste compl\u00e8te ci-dessous). Lancez vos commandes en indiquant \u00e0 votre maison quoi faire avec l&#8217;aide de Siri, Alexa ou Google Home. Recevez des notifications push sur votre t\u00e9l\u00e9phone chaque fois que le syst\u00e8me a quelque chose \u00e0 vous dire et profitez d&#8217;un contr\u00f4le ultime \u00e0 port\u00e9e de main. Le kit Metaforsa est pr\u00eat \u00e0 \u00eatre install\u00e9 et \u00e0 r\u00e9pondre \u00e0 vos besoins d\u00e8s que vous le sortez de la bo\u00eete <\/p>\n","protected":false},"featured_media":14093,"template":"","meta":{"inline_featured_image":false,"footnotes":""},"products":[157],"class_list":["post-13589","product","type-product","status-publish","has-post-thumbnail","hentry","products-din-rail-equipment"],"acf":[],"yoast_head":"<!-- This site is optimized with the Yoast SEO Premium plugin v19.0.1 (Yoast SEO v19.12) - https:\/\/yoast.com\/wordpress\/plugins\/seo\/ -->\n<title>METAFORSA 3 \/ 3.plus - Larnitech<\/title>\n<meta name=\"robots\" content=\"index, follow, max-snippet:-1, max-image-preview:large, max-video-preview:-1\" \/>\n<meta property=\"og:locale\" content=\"ru_RU\" \/>\n<meta property=\"og:type\" content=\"article\" \/>\n<meta property=\"og:title\" content=\"METAFORSA 3 \/ 3.plus\" \/>\n<meta property=\"og:description\" content=\"METAFORSA SMART HOUSE est une solution cl\u00e9 en main pour l&#8217;automatisation des espaces r\u00e9sidentiels et commerciaux, des complexes h\u00f4teliers, comprenant les fonctionnalit\u00e9s les plus recherch\u00e9es d&#8217;une maison intelligente. L&#8217;appareil dispose de 10 canaux de contr\u00f4le, 4 canaux de gradation et une quantit\u00e9 de 28 canaux d&#8217;entr\u00e9e. Metaforsa peut \u00eatre contr\u00f4l\u00e9 via le cloud avec un...\" \/>\n<meta property=\"og:url\" content=\"https:\/\/www.larnitech.com\/ru\/product\/metaforsa-3-3-plus\/\" \/>\n<meta property=\"og:site_name\" content=\"Larnitech\" \/>\n<meta property=\"article:modified_time\" content=\"2024-01-25T11:29:53+00:00\" \/>\n<meta property=\"og:image\" content=\"https:\/\/www.larnitech.com\/wp-content\/uploads\/2022\/08\/metaforsa_3_3plus.png\" \/>\n\t<meta property=\"og:image:width\" content=\"711\" \/>\n\t<meta property=\"og:image:height\" content=\"659\" \/>\n\t<meta property=\"og:image:type\" content=\"image\/png\" \/>\n<meta name=\"twitter:card\" content=\"summary_large_image\" \/>\n<meta name=\"twitter:label1\" content=\"\u041f\u0440\u0438\u043c\u0435\u0440\u043d\u043e\u0435 \u0432\u0440\u0435\u043c\u044f \u0434\u043b\u044f \u0447\u0442\u0435\u043d\u0438\u044f\" \/>\n\t<meta name=\"twitter:data1\" content=\"1 \u043c\u0438\u043d\u0443\u0442\u0430\" \/>\n<script type=\"application\/ld+json\" class=\"yoast-schema-graph\">{\"@context\":\"https:\/\/schema.org\",\"@graph\":[{\"@type\":\"WebPage\",\"@id\":\"https:\/\/www.larnitech.com\/ru\/product\/metaforsa-3-3-plus\/\",\"url\":\"https:\/\/www.larnitech.com\/ru\/product\/metaforsa-3-3-plus\/\",\"name\":\"METAFORSA 3 \/ 3.plus - Larnitech\",\"isPartOf\":{\"@id\":\"https:\/\/www.larnitech.com\/#website\"},\"datePublished\":\"2024-01-18T08:37:42+00:00\",\"dateModified\":\"2024-01-25T11:29:53+00:00\",\"breadcrumb\":{\"@id\":\"https:\/\/www.larnitech.com\/ru\/product\/metaforsa-3-3-plus\/#breadcrumb\"},\"inLanguage\":\"ru-RU\",\"potentialAction\":[{\"@type\":\"ReadAction\",\"target\":[\"https:\/\/www.larnitech.com\/ru\/product\/metaforsa-3-3-plus\/\"]}]},{\"@type\":\"BreadcrumbList\",\"@id\":\"https:\/\/www.larnitech.com\/ru\/product\/metaforsa-3-3-plus\/#breadcrumb\",\"itemListElement\":[{\"@type\":\"ListItem\",\"position\":1,\"name\":\"Home\",\"item\":\"https:\/\/www.larnitech.com\/ru\/\"},{\"@type\":\"ListItem\",\"position\":2,\"name\":\"Products\",\"item\":\"https:\/\/www.larnitech.com\/ua\/product\/\"},{\"@type\":\"ListItem\",\"position\":3,\"name\":\"METAFORSA 3 \/ 3.plus\"}]},{\"@type\":\"WebSite\",\"@id\":\"https:\/\/www.larnitech.com\/#website\",\"url\":\"https:\/\/www.larnitech.com\/\",\"name\":\"Larnitech\",\"description\":\"\",\"publisher\":{\"@id\":\"https:\/\/www.larnitech.com\/#organization\"},\"potentialAction\":[{\"@type\":\"SearchAction\",\"target\":{\"@type\":\"EntryPoint\",\"urlTemplate\":\"https:\/\/www.larnitech.com\/?s={search_term_string}\"},\"query-input\":\"required name=search_term_string\"}],\"inLanguage\":\"ru-RU\"},{\"@type\":\"Organization\",\"@id\":\"https:\/\/www.larnitech.com\/#organization\",\"name\":\"Larnitech\",\"url\":\"https:\/\/www.larnitech.com\/\",\"logo\":{\"@type\":\"ImageObject\",\"inLanguage\":\"ru-RU\",\"@id\":\"https:\/\/www.larnitech.com\/#\/schema\/logo\/image\/\",\"url\":\"https:\/\/www.larnitech.com\/wp-content\/uploads\/2022\/01\/logo_white.png\",\"contentUrl\":\"https:\/\/www.larnitech.com\/wp-content\/uploads\/2022\/01\/logo_white.png\",\"width\":1262,\"height\":274,\"caption\":\"Larnitech\"},\"image\":{\"@id\":\"https:\/\/www.larnitech.com\/#\/schema\/logo\/image\/\"}}]}<\/script>\n<!-- \/ Yoast SEO Premium plugin. -->","yoast_head_json":{"title":"METAFORSA 3 \/ 3.plus - Larnitech","robots":{"index":"index","follow":"follow","max-snippet":"max-snippet:-1","max-image-preview":"max-image-preview:large","max-video-preview":"max-video-preview:-1"},"og_locale":"ru_RU","og_type":"article","og_title":"METAFORSA 3 \/ 3.plus","og_description":"METAFORSA SMART HOUSE est une solution cl\u00e9 en main pour l&#8217;automatisation des espaces r\u00e9sidentiels et commerciaux, des complexes h\u00f4teliers, comprenant les fonctionnalit\u00e9s les plus recherch\u00e9es d&#8217;une maison intelligente. L&#8217;appareil dispose de 10 canaux de contr\u00f4le, 4 canaux de gradation et une quantit\u00e9 de 28 canaux d&#8217;entr\u00e9e. Metaforsa peut \u00eatre contr\u00f4l\u00e9 via le cloud avec un...","og_url":"https:\/\/www.larnitech.com\/ru\/product\/metaforsa-3-3-plus\/","og_site_name":"Larnitech","article_modified_time":"2024-01-25T11:29:53+00:00","og_image":[{"width":711,"height":659,"url":"https:\/\/www.larnitech.com\/wp-content\/uploads\/2022\/08\/metaforsa_3_3plus.png","type":"image\/png"}],"twitter_card":"summary_large_image","twitter_misc":{"\u041f\u0440\u0438\u043c\u0435\u0440\u043d\u043e\u0435 \u0432\u0440\u0435\u043c\u044f \u0434\u043b\u044f \u0447\u0442\u0435\u043d\u0438\u044f":"1 \u043c\u0438\u043d\u0443\u0442\u0430"},"schema":{"@context":"https:\/\/schema.org","@graph":[{"@type":"WebPage","@id":"https:\/\/www.larnitech.com\/ru\/product\/metaforsa-3-3-plus\/","url":"https:\/\/www.larnitech.com\/ru\/product\/metaforsa-3-3-plus\/","name":"METAFORSA 3 \/ 3.plus - Larnitech","isPartOf":{"@id":"https:\/\/www.larnitech.com\/#website"},"datePublished":"2024-01-18T08:37:42+00:00","dateModified":"2024-01-25T11:29:53+00:00","breadcrumb":{"@id":"https:\/\/www.larnitech.com\/ru\/product\/metaforsa-3-3-plus\/#breadcrumb"},"inLanguage":"ru-RU","potentialAction":[{"@type":"ReadAction","target":["https:\/\/www.larnitech.com\/ru\/product\/metaforsa-3-3-plus\/"]}]},{"@type":"BreadcrumbList","@id":"https:\/\/www.larnitech.com\/ru\/product\/metaforsa-3-3-plus\/#breadcrumb","itemListElement":[{"@type":"ListItem","position":1,"name":"Home","item":"https:\/\/www.larnitech.com\/ru\/"},{"@type":"ListItem","position":2,"name":"Products","item":"https:\/\/www.larnitech.com\/ua\/product\/"},{"@type":"ListItem","position":3,"name":"METAFORSA 3 \/ 3.plus"}]},{"@type":"WebSite","@id":"https:\/\/www.larnitech.com\/#website","url":"https:\/\/www.larnitech.com\/","name":"Larnitech","description":"","publisher":{"@id":"https:\/\/www.larnitech.com\/#organization"},"potentialAction":[{"@type":"SearchAction","target":{"@type":"EntryPoint","urlTemplate":"https:\/\/www.larnitech.com\/?s={search_term_string}"},"query-input":"required name=search_term_string"}],"inLanguage":"ru-RU"},{"@type":"Organization","@id":"https:\/\/www.larnitech.com\/#organization","name":"Larnitech","url":"https:\/\/www.larnitech.com\/","logo":{"@type":"ImageObject","inLanguage":"ru-RU","@id":"https:\/\/www.larnitech.com\/#\/schema\/logo\/image\/","url":"https:\/\/www.larnitech.com\/wp-content\/uploads\/2022\/01\/logo_white.png","contentUrl":"https:\/\/www.larnitech.com\/wp-content\/uploads\/2022\/01\/logo_white.png","width":1262,"height":274,"caption":"Larnitech"},"image":{"@id":"https:\/\/www.larnitech.com\/#\/schema\/logo\/image\/"}}]}},"_links":{"self":[{"href":"https:\/\/www.larnitech.com\/ru\/wp-json\/wp\/v2\/product\/13589","targetHints":{"allow":["GET"]}}],"collection":[{"href":"https:\/\/www.larnitech.com\/ru\/wp-json\/wp\/v2\/product"}],"about":[{"href":"https:\/\/www.larnitech.com\/ru\/wp-json\/wp\/v2\/types\/product"}],"version-history":[{"count":3,"href":"https:\/\/www.larnitech.com\/ru\/wp-json\/wp\/v2\/product\/13589\/revisions"}],"predecessor-version":[{"id":13985,"href":"https:\/\/www.larnitech.com\/ru\/wp-json\/wp\/v2\/product\/13589\/revisions\/13985"}],"wp:featuredmedia":[{"embeddable":true,"href":"https:\/\/www.larnitech.com\/ru\/wp-json\/wp\/v2\/media\/14093"}],"wp:attachment":[{"href":"https:\/\/www.larnitech.com\/ru\/wp-json\/wp\/v2\/media?parent=13589"}],"wp:term":[{"taxonomy":"products","embeddable":true,"href":"https:\/\/www.larnitech.com\/ru\/wp-json\/wp\/v2\/products?post=13589"}],"curies":[{"name":"wp","href":"https:\/\/api.w.org\/{rel}","templated":true}]}}