{"id":9913,"date":"2022-07-01T14:05:18","date_gmt":"2022-07-01T11:05:18","guid":{"rendered":"https:\/\/www.larnitech.com\/?post_type=product&#038;p=9913"},"modified":"2024-01-09T07:29:54","modified_gmt":"2024-01-09T05:29:54","slug":"de-mg-plus","status":"publish","type":"product","link":"https:\/\/www.larnitech.com\/pt-pt\/product\/de-mg-plus\/","title":{"rendered":"DE-MG.PLUS"},"content":{"rendered":"<p>\u00c9 utilizado para a acumula\u00e7\u00e3o e armazenamento de dados do sistema. O dispositivo determina o esquema l\u00f3gico do sistema e permite o acesso autorizado ao sistema atrav\u00e9s da Internet. Tamb\u00e9m converte Ethernet em CAN barramento e vice-versa. O DE-MG possui um recetor de infravermelhos integrado.<\/p>\n<p>O DE-MG pode ser controlado atrav\u00e9s da nuvem com um sinal encriptado de forma segura. O hist\u00f3rico do sistema de todos os outros dispositivos e sensores \u00e9 guardado na DE-MG durante um ano. A sua carater\u00edstica plug and play significa que detecta e configura automaticamente novos dispositivos Larnitech que s\u00e3o adicionados ao sistema. Uma base de dados grande e constantemente actualizada de scripts prontos garante que a sua casa faz tudo o que o seu cora\u00e7\u00e3o desejar. Fa\u00e7a as coisas funcionarem dizendo \u00e0 sua casa o que fazer com a ajuda da Siri, Alexa ou Google Home. Receba notifica\u00e7\u00f5es push no seu telem\u00f3vel sempre que o sistema tiver algo para lhe dizer e desfrute do m\u00e1ximo controlo na ponta dos seus dedos.<\/p>\n","protected":false},"featured_media":7160,"template":"","meta":{"inline_featured_image":false,"footnotes":""},"products":[37],"class_list":["post-9913","product","type-product","status-publish","has-post-thumbnail","hentry","products-din-rail-gateways"],"acf":[],"yoast_head":"<!-- This site is optimized with the Yoast SEO Premium plugin v19.0.1 (Yoast SEO v19.12) - https:\/\/yoast.com\/wordpress\/plugins\/seo\/ -->\n<title>DE-MG.PLUS - Larnitech<\/title>\n<meta name=\"robots\" content=\"index, follow, max-snippet:-1, max-image-preview:large, max-video-preview:-1\" \/>\n<meta property=\"og:locale\" content=\"pt_PT\" \/>\n<meta property=\"og:type\" content=\"article\" \/>\n<meta property=\"og:title\" content=\"DE-MG.PLUS\" \/>\n<meta property=\"og:description\" content=\"\u00c9 utilizado para a acumula\u00e7\u00e3o e armazenamento de dados do sistema. O dispositivo determina o esquema l\u00f3gico do sistema e permite o acesso autorizado ao sistema atrav\u00e9s da Internet. Tamb\u00e9m converte Ethernet em CAN barramento e vice-versa. O DE-MG possui um recetor de infravermelhos integrado. O DE-MG pode ser controlado atrav\u00e9s da nuvem com um...\" \/>\n<meta property=\"og:url\" content=\"https:\/\/www.larnitech.com\/pt-pt\/product\/de-mg-plus\/\" \/>\n<meta property=\"og:site_name\" content=\"Larnitech\" \/>\n<meta property=\"article:modified_time\" content=\"2024-01-09T05:29:54+00:00\" \/>\n<meta property=\"og:image\" content=\"https:\/\/www.larnitech.com\/wp-content\/uploads\/2022\/07\/DE-MG.plus_.png\" \/>\n\t<meta property=\"og:image:width\" content=\"1500\" \/>\n\t<meta property=\"og:image:height\" content=\"1500\" \/>\n\t<meta property=\"og:image:type\" content=\"image\/png\" \/>\n<meta name=\"twitter:card\" content=\"summary_large_image\" \/>\n<meta name=\"twitter:label1\" content=\"Tempo estimado de leitura\" \/>\n\t<meta name=\"twitter:data1\" content=\"1 minuto\" \/>\n<script type=\"application\/ld+json\" class=\"yoast-schema-graph\">{\"@context\":\"https:\/\/schema.org\",\"@graph\":[{\"@type\":\"WebPage\",\"@id\":\"https:\/\/www.larnitech.com\/pt-pt\/product\/de-mg-plus\/\",\"url\":\"https:\/\/www.larnitech.com\/pt-pt\/product\/de-mg-plus\/\",\"name\":\"DE-MG.PLUS - Larnitech\",\"isPartOf\":{\"@id\":\"https:\/\/www.larnitech.com\/#website\"},\"datePublished\":\"2022-07-01T11:05:18+00:00\",\"dateModified\":\"2024-01-09T05:29:54+00:00\",\"breadcrumb\":{\"@id\":\"https:\/\/www.larnitech.com\/pt-pt\/product\/de-mg-plus\/#breadcrumb\"},\"inLanguage\":\"pt-PT\",\"potentialAction\":[{\"@type\":\"ReadAction\",\"target\":[\"https:\/\/www.larnitech.com\/pt-pt\/product\/de-mg-plus\/\"]}]},{\"@type\":\"BreadcrumbList\",\"@id\":\"https:\/\/www.larnitech.com\/pt-pt\/product\/de-mg-plus\/#breadcrumb\",\"itemListElement\":[{\"@type\":\"ListItem\",\"position\":1,\"name\":\"Home\",\"item\":\"https:\/\/www.larnitech.com\/pt-pt\/main\/\"},{\"@type\":\"ListItem\",\"position\":2,\"name\":\"Products\",\"item\":\"https:\/\/www.larnitech.com\/ua\/product\/\"},{\"@type\":\"ListItem\",\"position\":3,\"name\":\"DE-MG.PLUS\"}]},{\"@type\":\"WebSite\",\"@id\":\"https:\/\/www.larnitech.com\/#website\",\"url\":\"https:\/\/www.larnitech.com\/\",\"name\":\"Larnitech\",\"description\":\"\",\"publisher\":{\"@id\":\"https:\/\/www.larnitech.com\/#organization\"},\"potentialAction\":[{\"@type\":\"SearchAction\",\"target\":{\"@type\":\"EntryPoint\",\"urlTemplate\":\"https:\/\/www.larnitech.com\/?s={search_term_string}\"},\"query-input\":\"required name=search_term_string\"}],\"inLanguage\":\"pt-PT\"},{\"@type\":\"Organization\",\"@id\":\"https:\/\/www.larnitech.com\/#organization\",\"name\":\"Larnitech\",\"url\":\"https:\/\/www.larnitech.com\/\",\"logo\":{\"@type\":\"ImageObject\",\"inLanguage\":\"pt-PT\",\"@id\":\"https:\/\/www.larnitech.com\/#\/schema\/logo\/image\/\",\"url\":\"https:\/\/www.larnitech.com\/wp-content\/uploads\/2022\/01\/logo_white.png\",\"contentUrl\":\"https:\/\/www.larnitech.com\/wp-content\/uploads\/2022\/01\/logo_white.png\",\"width\":1262,\"height\":274,\"caption\":\"Larnitech\"},\"image\":{\"@id\":\"https:\/\/www.larnitech.com\/#\/schema\/logo\/image\/\"}}]}<\/script>\n<!-- \/ Yoast SEO Premium plugin. -->","yoast_head_json":{"title":"DE-MG.PLUS - Larnitech","robots":{"index":"index","follow":"follow","max-snippet":"max-snippet:-1","max-image-preview":"max-image-preview:large","max-video-preview":"max-video-preview:-1"},"og_locale":"pt_PT","og_type":"article","og_title":"DE-MG.PLUS","og_description":"\u00c9 utilizado para a acumula\u00e7\u00e3o e armazenamento de dados do sistema. O dispositivo determina o esquema l\u00f3gico do sistema e permite o acesso autorizado ao sistema atrav\u00e9s da Internet. Tamb\u00e9m converte Ethernet em CAN barramento e vice-versa. O DE-MG possui um recetor de infravermelhos integrado. O DE-MG pode ser controlado atrav\u00e9s da nuvem com um...","og_url":"https:\/\/www.larnitech.com\/pt-pt\/product\/de-mg-plus\/","og_site_name":"Larnitech","article_modified_time":"2024-01-09T05:29:54+00:00","og_image":[{"width":1500,"height":1500,"url":"https:\/\/www.larnitech.com\/wp-content\/uploads\/2022\/07\/DE-MG.plus_.png","type":"image\/png"}],"twitter_card":"summary_large_image","twitter_misc":{"Tempo estimado de leitura":"1 minuto"},"schema":{"@context":"https:\/\/schema.org","@graph":[{"@type":"WebPage","@id":"https:\/\/www.larnitech.com\/pt-pt\/product\/de-mg-plus\/","url":"https:\/\/www.larnitech.com\/pt-pt\/product\/de-mg-plus\/","name":"DE-MG.PLUS - Larnitech","isPartOf":{"@id":"https:\/\/www.larnitech.com\/#website"},"datePublished":"2022-07-01T11:05:18+00:00","dateModified":"2024-01-09T05:29:54+00:00","breadcrumb":{"@id":"https:\/\/www.larnitech.com\/pt-pt\/product\/de-mg-plus\/#breadcrumb"},"inLanguage":"pt-PT","potentialAction":[{"@type":"ReadAction","target":["https:\/\/www.larnitech.com\/pt-pt\/product\/de-mg-plus\/"]}]},{"@type":"BreadcrumbList","@id":"https:\/\/www.larnitech.com\/pt-pt\/product\/de-mg-plus\/#breadcrumb","itemListElement":[{"@type":"ListItem","position":1,"name":"Home","item":"https:\/\/www.larnitech.com\/pt-pt\/main\/"},{"@type":"ListItem","position":2,"name":"Products","item":"https:\/\/www.larnitech.com\/ua\/product\/"},{"@type":"ListItem","position":3,"name":"DE-MG.PLUS"}]},{"@type":"WebSite","@id":"https:\/\/www.larnitech.com\/#website","url":"https:\/\/www.larnitech.com\/","name":"Larnitech","description":"","publisher":{"@id":"https:\/\/www.larnitech.com\/#organization"},"potentialAction":[{"@type":"SearchAction","target":{"@type":"EntryPoint","urlTemplate":"https:\/\/www.larnitech.com\/?s={search_term_string}"},"query-input":"required name=search_term_string"}],"inLanguage":"pt-PT"},{"@type":"Organization","@id":"https:\/\/www.larnitech.com\/#organization","name":"Larnitech","url":"https:\/\/www.larnitech.com\/","logo":{"@type":"ImageObject","inLanguage":"pt-PT","@id":"https:\/\/www.larnitech.com\/#\/schema\/logo\/image\/","url":"https:\/\/www.larnitech.com\/wp-content\/uploads\/2022\/01\/logo_white.png","contentUrl":"https:\/\/www.larnitech.com\/wp-content\/uploads\/2022\/01\/logo_white.png","width":1262,"height":274,"caption":"Larnitech"},"image":{"@id":"https:\/\/www.larnitech.com\/#\/schema\/logo\/image\/"}}]}},"_links":{"self":[{"href":"https:\/\/www.larnitech.com\/pt-pt\/wp-json\/wp\/v2\/product\/9913","targetHints":{"allow":["GET"]}}],"collection":[{"href":"https:\/\/www.larnitech.com\/pt-pt\/wp-json\/wp\/v2\/product"}],"about":[{"href":"https:\/\/www.larnitech.com\/pt-pt\/wp-json\/wp\/v2\/types\/product"}],"version-history":[{"count":4,"href":"https:\/\/www.larnitech.com\/pt-pt\/wp-json\/wp\/v2\/product\/9913\/revisions"}],"predecessor-version":[{"id":12852,"href":"https:\/\/www.larnitech.com\/pt-pt\/wp-json\/wp\/v2\/product\/9913\/revisions\/12852"}],"wp:featuredmedia":[{"embeddable":true,"href":"https:\/\/www.larnitech.com\/pt-pt\/wp-json\/wp\/v2\/media\/7160"}],"wp:attachment":[{"href":"https:\/\/www.larnitech.com\/pt-pt\/wp-json\/wp\/v2\/media?parent=9913"}],"wp:term":[{"taxonomy":"products","embeddable":true,"href":"https:\/\/www.larnitech.com\/pt-pt\/wp-json\/wp\/v2\/products?post=9913"}],"curies":[{"name":"wp","href":"https:\/\/api.w.org\/{rel}","templated":true}]}}