{"id":9905,"date":"2022-08-05T17:57:07","date_gmt":"2022-08-05T14:57:07","guid":{"rendered":"https:\/\/www.larnitech.com\/?post_type=product&#038;p=9905"},"modified":"2024-01-09T08:52:11","modified_gmt":"2024-01-09T06:52:11","slug":"dw-lc10","status":"publish","type":"product","link":"https:\/\/www.larnitech.com\/pt-pt\/product\/dw-lc10\/","title":{"rendered":"DW-LC10"},"content":{"rendered":"<p>Este m\u00f3dulo foi concebido para a comuta\u00e7\u00e3o de circuitos AC\/DC de alta pot\u00eancia.<br \/>\nAplic\u00e1vel a luzes, tomadas de corrente, controlo de ventiloconvectores, fechaduras, estores\/port\u00f5es.<\/p>\n<p>Esta unidade universal \u00e9 capaz de controlar luzes, v\u00e1rios tipos de v\u00e1lvulas, estores, port\u00f5es, fechaduras e unidades de ventiloconvectores, etc. O rel\u00e9 \u00e9 pouco ruidoso e possui contactos especiais de alto desempenho para uma corrente de arranque de 120A 20ms. Como todos os dispositivos Larnitech, esta unidade de controlo \u00e9 automaticamente detectada e configurada quando \u00e9 adicionada ao sistema. O DW-LC cont\u00e9m uma unidade l\u00f3gica, que permite \u00e0 unidade executar scripts a partir da grande base de dados da Larnitech, constantemente actualizada, e operar em l\u00f3gica distribu\u00edda, garantindo a fiabilidade do seu funcionamento.<\/p>\n","protected":false},"featured_media":7202,"template":"","meta":{"inline_featured_image":false,"footnotes":""},"products":[38],"class_list":["post-9905","product","type-product","status-publish","has-post-thumbnail","hentry","products-din-rail-actuators"],"acf":[],"yoast_head":"<!-- This site is optimized with the Yoast SEO Premium plugin v19.0.1 (Yoast SEO v19.12) - https:\/\/yoast.com\/wordpress\/plugins\/seo\/ -->\n<title>DW-LC10 - Larnitech<\/title>\n<meta name=\"robots\" content=\"index, follow, max-snippet:-1, max-image-preview:large, max-video-preview:-1\" \/>\n<meta property=\"og:locale\" content=\"pt_PT\" \/>\n<meta property=\"og:type\" content=\"article\" \/>\n<meta property=\"og:title\" content=\"DW-LC10\" \/>\n<meta property=\"og:description\" content=\"Este m\u00f3dulo foi concebido para a comuta\u00e7\u00e3o de circuitos AC\/DC de alta pot\u00eancia. Aplic\u00e1vel a luzes, tomadas de corrente, controlo de ventiloconvectores, fechaduras, estores\/port\u00f5es. Esta unidade universal \u00e9 capaz de controlar luzes, v\u00e1rios tipos de v\u00e1lvulas, estores, port\u00f5es, fechaduras e unidades de ventiloconvectores, etc. O rel\u00e9 \u00e9 pouco ruidoso e possui contactos especiais de alto...\" \/>\n<meta property=\"og:url\" content=\"https:\/\/www.larnitech.com\/pt-pt\/product\/dw-lc10\/\" \/>\n<meta property=\"og:site_name\" content=\"Larnitech\" \/>\n<meta property=\"article:modified_time\" content=\"2024-01-09T06:52:11+00:00\" \/>\n<meta property=\"og:image\" content=\"https:\/\/www.larnitech.com\/wp-content\/uploads\/2022\/08\/DW-LC10f.png\" \/>\n\t<meta property=\"og:image:width\" content=\"500\" \/>\n\t<meta property=\"og:image:height\" content=\"500\" \/>\n\t<meta property=\"og:image:type\" content=\"image\/png\" \/>\n<meta name=\"twitter:card\" content=\"summary_large_image\" \/>\n<meta name=\"twitter:label1\" content=\"Tempo estimado de leitura\" \/>\n\t<meta name=\"twitter:data1\" content=\"1 minuto\" \/>\n<script type=\"application\/ld+json\" class=\"yoast-schema-graph\">{\"@context\":\"https:\/\/schema.org\",\"@graph\":[{\"@type\":\"WebPage\",\"@id\":\"https:\/\/www.larnitech.com\/pt-pt\/product\/dw-lc10\/\",\"url\":\"https:\/\/www.larnitech.com\/pt-pt\/product\/dw-lc10\/\",\"name\":\"DW-LC10 - Larnitech\",\"isPartOf\":{\"@id\":\"https:\/\/www.larnitech.com\/#website\"},\"datePublished\":\"2022-08-05T14:57:07+00:00\",\"dateModified\":\"2024-01-09T06:52:11+00:00\",\"breadcrumb\":{\"@id\":\"https:\/\/www.larnitech.com\/pt-pt\/product\/dw-lc10\/#breadcrumb\"},\"inLanguage\":\"pt-PT\",\"potentialAction\":[{\"@type\":\"ReadAction\",\"target\":[\"https:\/\/www.larnitech.com\/pt-pt\/product\/dw-lc10\/\"]}]},{\"@type\":\"BreadcrumbList\",\"@id\":\"https:\/\/www.larnitech.com\/pt-pt\/product\/dw-lc10\/#breadcrumb\",\"itemListElement\":[{\"@type\":\"ListItem\",\"position\":1,\"name\":\"Home\",\"item\":\"https:\/\/www.larnitech.com\/pt-pt\/main\/\"},{\"@type\":\"ListItem\",\"position\":2,\"name\":\"Products\",\"item\":\"https:\/\/www.larnitech.com\/ua\/product\/\"},{\"@type\":\"ListItem\",\"position\":3,\"name\":\"DW-LC10\"}]},{\"@type\":\"WebSite\",\"@id\":\"https:\/\/www.larnitech.com\/#website\",\"url\":\"https:\/\/www.larnitech.com\/\",\"name\":\"Larnitech\",\"description\":\"\",\"publisher\":{\"@id\":\"https:\/\/www.larnitech.com\/#organization\"},\"potentialAction\":[{\"@type\":\"SearchAction\",\"target\":{\"@type\":\"EntryPoint\",\"urlTemplate\":\"https:\/\/www.larnitech.com\/?s={search_term_string}\"},\"query-input\":\"required name=search_term_string\"}],\"inLanguage\":\"pt-PT\"},{\"@type\":\"Organization\",\"@id\":\"https:\/\/www.larnitech.com\/#organization\",\"name\":\"Larnitech\",\"url\":\"https:\/\/www.larnitech.com\/\",\"logo\":{\"@type\":\"ImageObject\",\"inLanguage\":\"pt-PT\",\"@id\":\"https:\/\/www.larnitech.com\/#\/schema\/logo\/image\/\",\"url\":\"https:\/\/www.larnitech.com\/wp-content\/uploads\/2022\/01\/logo_white.png\",\"contentUrl\":\"https:\/\/www.larnitech.com\/wp-content\/uploads\/2022\/01\/logo_white.png\",\"width\":1262,\"height\":274,\"caption\":\"Larnitech\"},\"image\":{\"@id\":\"https:\/\/www.larnitech.com\/#\/schema\/logo\/image\/\"}}]}<\/script>\n<!-- \/ Yoast SEO Premium plugin. -->","yoast_head_json":{"title":"DW-LC10 - Larnitech","robots":{"index":"index","follow":"follow","max-snippet":"max-snippet:-1","max-image-preview":"max-image-preview:large","max-video-preview":"max-video-preview:-1"},"og_locale":"pt_PT","og_type":"article","og_title":"DW-LC10","og_description":"Este m\u00f3dulo foi concebido para a comuta\u00e7\u00e3o de circuitos AC\/DC de alta pot\u00eancia. Aplic\u00e1vel a luzes, tomadas de corrente, controlo de ventiloconvectores, fechaduras, estores\/port\u00f5es. Esta unidade universal \u00e9 capaz de controlar luzes, v\u00e1rios tipos de v\u00e1lvulas, estores, port\u00f5es, fechaduras e unidades de ventiloconvectores, etc. O rel\u00e9 \u00e9 pouco ruidoso e possui contactos especiais de alto...","og_url":"https:\/\/www.larnitech.com\/pt-pt\/product\/dw-lc10\/","og_site_name":"Larnitech","article_modified_time":"2024-01-09T06:52:11+00:00","og_image":[{"width":500,"height":500,"url":"https:\/\/www.larnitech.com\/wp-content\/uploads\/2022\/08\/DW-LC10f.png","type":"image\/png"}],"twitter_card":"summary_large_image","twitter_misc":{"Tempo estimado de leitura":"1 minuto"},"schema":{"@context":"https:\/\/schema.org","@graph":[{"@type":"WebPage","@id":"https:\/\/www.larnitech.com\/pt-pt\/product\/dw-lc10\/","url":"https:\/\/www.larnitech.com\/pt-pt\/product\/dw-lc10\/","name":"DW-LC10 - Larnitech","isPartOf":{"@id":"https:\/\/www.larnitech.com\/#website"},"datePublished":"2022-08-05T14:57:07+00:00","dateModified":"2024-01-09T06:52:11+00:00","breadcrumb":{"@id":"https:\/\/www.larnitech.com\/pt-pt\/product\/dw-lc10\/#breadcrumb"},"inLanguage":"pt-PT","potentialAction":[{"@type":"ReadAction","target":["https:\/\/www.larnitech.com\/pt-pt\/product\/dw-lc10\/"]}]},{"@type":"BreadcrumbList","@id":"https:\/\/www.larnitech.com\/pt-pt\/product\/dw-lc10\/#breadcrumb","itemListElement":[{"@type":"ListItem","position":1,"name":"Home","item":"https:\/\/www.larnitech.com\/pt-pt\/main\/"},{"@type":"ListItem","position":2,"name":"Products","item":"https:\/\/www.larnitech.com\/ua\/product\/"},{"@type":"ListItem","position":3,"name":"DW-LC10"}]},{"@type":"WebSite","@id":"https:\/\/www.larnitech.com\/#website","url":"https:\/\/www.larnitech.com\/","name":"Larnitech","description":"","publisher":{"@id":"https:\/\/www.larnitech.com\/#organization"},"potentialAction":[{"@type":"SearchAction","target":{"@type":"EntryPoint","urlTemplate":"https:\/\/www.larnitech.com\/?s={search_term_string}"},"query-input":"required name=search_term_string"}],"inLanguage":"pt-PT"},{"@type":"Organization","@id":"https:\/\/www.larnitech.com\/#organization","name":"Larnitech","url":"https:\/\/www.larnitech.com\/","logo":{"@type":"ImageObject","inLanguage":"pt-PT","@id":"https:\/\/www.larnitech.com\/#\/schema\/logo\/image\/","url":"https:\/\/www.larnitech.com\/wp-content\/uploads\/2022\/01\/logo_white.png","contentUrl":"https:\/\/www.larnitech.com\/wp-content\/uploads\/2022\/01\/logo_white.png","width":1262,"height":274,"caption":"Larnitech"},"image":{"@id":"https:\/\/www.larnitech.com\/#\/schema\/logo\/image\/"}}]}},"_links":{"self":[{"href":"https:\/\/www.larnitech.com\/pt-pt\/wp-json\/wp\/v2\/product\/9905","targetHints":{"allow":["GET"]}}],"collection":[{"href":"https:\/\/www.larnitech.com\/pt-pt\/wp-json\/wp\/v2\/product"}],"about":[{"href":"https:\/\/www.larnitech.com\/pt-pt\/wp-json\/wp\/v2\/types\/product"}],"version-history":[{"count":4,"href":"https:\/\/www.larnitech.com\/pt-pt\/wp-json\/wp\/v2\/product\/9905\/revisions"}],"predecessor-version":[{"id":12873,"href":"https:\/\/www.larnitech.com\/pt-pt\/wp-json\/wp\/v2\/product\/9905\/revisions\/12873"}],"wp:featuredmedia":[{"embeddable":true,"href":"https:\/\/www.larnitech.com\/pt-pt\/wp-json\/wp\/v2\/media\/7202"}],"wp:attachment":[{"href":"https:\/\/www.larnitech.com\/pt-pt\/wp-json\/wp\/v2\/media?parent=9905"}],"wp:term":[{"taxonomy":"products","embeddable":true,"href":"https:\/\/www.larnitech.com\/pt-pt\/wp-json\/wp\/v2\/products?post=9905"}],"curies":[{"name":"wp","href":"https:\/\/api.w.org\/{rel}","templated":true}]}}