{"id":9820,"date":"2022-08-09T21:40:24","date_gmt":"2022-08-09T18:40:24","guid":{"rendered":"https:\/\/www.larnitech.com\/?post_type=product&#038;p=9820"},"modified":"2024-01-10T10:19:33","modified_gmt":"2024-01-10T08:19:33","slug":"fe-ic","status":"publish","type":"product","link":"https:\/\/www.larnitech.com\/pt-pt\/product\/fe-ic\/","title":{"rendered":"FE-IC"},"content":{"rendered":"<div class=\"product_content\">\n<p>Painel de chamada por v\u00eddeo porteiro. Possui uma c\u00e2mara integrada de 1,3 MP com ilumina\u00e7\u00e3o infravermelha, um leitor de cart\u00f5es de proximidade, um rel\u00e9 para liga\u00e7\u00e3o da fechadura el\u00e9ctrica. Disp\u00f5e de uma mem\u00f3ria integrada de 2 Gb para gravar fotos\/v\u00eddeos. Suporta protocolos SIP, DLNA.<\/p>\n<\/div>\n","protected":false},"featured_media":7503,"template":"","meta":{"inline_featured_image":false,"footnotes":""},"products":[48],"class_list":["post-9820","product","type-product","status-publish","has-post-thumbnail","hentry","products-multiroom"],"acf":[],"yoast_head":"<!-- This site is optimized with the Yoast SEO Premium plugin v19.0.1 (Yoast SEO v19.12) - https:\/\/yoast.com\/wordpress\/plugins\/seo\/ -->\n<title>FE-IC - Larnitech<\/title>\n<meta name=\"robots\" content=\"index, follow, max-snippet:-1, max-image-preview:large, max-video-preview:-1\" \/>\n<meta property=\"og:locale\" content=\"pt_PT\" \/>\n<meta property=\"og:type\" content=\"article\" \/>\n<meta property=\"og:title\" content=\"FE-IC\" \/>\n<meta property=\"og:description\" content=\"Painel de chamada por v\u00eddeo porteiro. Possui uma c\u00e2mara integrada de 1,3 MP com ilumina\u00e7\u00e3o infravermelha, um leitor de cart\u00f5es de proximidade, um rel\u00e9 para liga\u00e7\u00e3o da fechadura el\u00e9ctrica. Disp\u00f5e de uma mem\u00f3ria integrada de 2 Gb para gravar fotos\/v\u00eddeos. Suporta protocolos SIP, DLNA.\" \/>\n<meta property=\"og:url\" content=\"https:\/\/www.larnitech.com\/pt-pt\/product\/fe-ic\/\" \/>\n<meta property=\"og:site_name\" content=\"Larnitech\" \/>\n<meta property=\"article:modified_time\" content=\"2024-01-10T08:19:33+00:00\" \/>\n<meta property=\"og:image\" content=\"https:\/\/www.larnitech.com\/wp-content\/uploads\/2022\/08\/FE-IC-1.png\" \/>\n\t<meta property=\"og:image:width\" content=\"1000\" \/>\n\t<meta property=\"og:image:height\" content=\"1000\" \/>\n\t<meta property=\"og:image:type\" content=\"image\/png\" \/>\n<meta name=\"twitter:card\" content=\"summary_large_image\" \/>\n<meta name=\"twitter:label1\" content=\"Tempo estimado de leitura\" \/>\n\t<meta name=\"twitter:data1\" content=\"1 minuto\" \/>\n<script type=\"application\/ld+json\" class=\"yoast-schema-graph\">{\"@context\":\"https:\/\/schema.org\",\"@graph\":[{\"@type\":\"WebPage\",\"@id\":\"https:\/\/www.larnitech.com\/pt-pt\/product\/fe-ic\/\",\"url\":\"https:\/\/www.larnitech.com\/pt-pt\/product\/fe-ic\/\",\"name\":\"FE-IC - Larnitech\",\"isPartOf\":{\"@id\":\"https:\/\/www.larnitech.com\/#website\"},\"datePublished\":\"2022-08-09T18:40:24+00:00\",\"dateModified\":\"2024-01-10T08:19:33+00:00\",\"breadcrumb\":{\"@id\":\"https:\/\/www.larnitech.com\/pt-pt\/product\/fe-ic\/#breadcrumb\"},\"inLanguage\":\"pt-PT\",\"potentialAction\":[{\"@type\":\"ReadAction\",\"target\":[\"https:\/\/www.larnitech.com\/pt-pt\/product\/fe-ic\/\"]}]},{\"@type\":\"BreadcrumbList\",\"@id\":\"https:\/\/www.larnitech.com\/pt-pt\/product\/fe-ic\/#breadcrumb\",\"itemListElement\":[{\"@type\":\"ListItem\",\"position\":1,\"name\":\"Home\",\"item\":\"https:\/\/www.larnitech.com\/pt-pt\/main\/\"},{\"@type\":\"ListItem\",\"position\":2,\"name\":\"Products\",\"item\":\"https:\/\/www.larnitech.com\/ua\/product\/\"},{\"@type\":\"ListItem\",\"position\":3,\"name\":\"FE-IC\"}]},{\"@type\":\"WebSite\",\"@id\":\"https:\/\/www.larnitech.com\/#website\",\"url\":\"https:\/\/www.larnitech.com\/\",\"name\":\"Larnitech\",\"description\":\"\",\"publisher\":{\"@id\":\"https:\/\/www.larnitech.com\/#organization\"},\"potentialAction\":[{\"@type\":\"SearchAction\",\"target\":{\"@type\":\"EntryPoint\",\"urlTemplate\":\"https:\/\/www.larnitech.com\/?s={search_term_string}\"},\"query-input\":\"required name=search_term_string\"}],\"inLanguage\":\"pt-PT\"},{\"@type\":\"Organization\",\"@id\":\"https:\/\/www.larnitech.com\/#organization\",\"name\":\"Larnitech\",\"url\":\"https:\/\/www.larnitech.com\/\",\"logo\":{\"@type\":\"ImageObject\",\"inLanguage\":\"pt-PT\",\"@id\":\"https:\/\/www.larnitech.com\/#\/schema\/logo\/image\/\",\"url\":\"https:\/\/www.larnitech.com\/wp-content\/uploads\/2022\/01\/logo_white.png\",\"contentUrl\":\"https:\/\/www.larnitech.com\/wp-content\/uploads\/2022\/01\/logo_white.png\",\"width\":1262,\"height\":274,\"caption\":\"Larnitech\"},\"image\":{\"@id\":\"https:\/\/www.larnitech.com\/#\/schema\/logo\/image\/\"}}]}<\/script>\n<!-- \/ Yoast SEO Premium plugin. -->","yoast_head_json":{"title":"FE-IC - Larnitech","robots":{"index":"index","follow":"follow","max-snippet":"max-snippet:-1","max-image-preview":"max-image-preview:large","max-video-preview":"max-video-preview:-1"},"og_locale":"pt_PT","og_type":"article","og_title":"FE-IC","og_description":"Painel de chamada por v\u00eddeo porteiro. Possui uma c\u00e2mara integrada de 1,3 MP com ilumina\u00e7\u00e3o infravermelha, um leitor de cart\u00f5es de proximidade, um rel\u00e9 para liga\u00e7\u00e3o da fechadura el\u00e9ctrica. Disp\u00f5e de uma mem\u00f3ria integrada de 2 Gb para gravar fotos\/v\u00eddeos. Suporta protocolos SIP, DLNA.","og_url":"https:\/\/www.larnitech.com\/pt-pt\/product\/fe-ic\/","og_site_name":"Larnitech","article_modified_time":"2024-01-10T08:19:33+00:00","og_image":[{"width":1000,"height":1000,"url":"https:\/\/www.larnitech.com\/wp-content\/uploads\/2022\/08\/FE-IC-1.png","type":"image\/png"}],"twitter_card":"summary_large_image","twitter_misc":{"Tempo estimado de leitura":"1 minuto"},"schema":{"@context":"https:\/\/schema.org","@graph":[{"@type":"WebPage","@id":"https:\/\/www.larnitech.com\/pt-pt\/product\/fe-ic\/","url":"https:\/\/www.larnitech.com\/pt-pt\/product\/fe-ic\/","name":"FE-IC - Larnitech","isPartOf":{"@id":"https:\/\/www.larnitech.com\/#website"},"datePublished":"2022-08-09T18:40:24+00:00","dateModified":"2024-01-10T08:19:33+00:00","breadcrumb":{"@id":"https:\/\/www.larnitech.com\/pt-pt\/product\/fe-ic\/#breadcrumb"},"inLanguage":"pt-PT","potentialAction":[{"@type":"ReadAction","target":["https:\/\/www.larnitech.com\/pt-pt\/product\/fe-ic\/"]}]},{"@type":"BreadcrumbList","@id":"https:\/\/www.larnitech.com\/pt-pt\/product\/fe-ic\/#breadcrumb","itemListElement":[{"@type":"ListItem","position":1,"name":"Home","item":"https:\/\/www.larnitech.com\/pt-pt\/main\/"},{"@type":"ListItem","position":2,"name":"Products","item":"https:\/\/www.larnitech.com\/ua\/product\/"},{"@type":"ListItem","position":3,"name":"FE-IC"}]},{"@type":"WebSite","@id":"https:\/\/www.larnitech.com\/#website","url":"https:\/\/www.larnitech.com\/","name":"Larnitech","description":"","publisher":{"@id":"https:\/\/www.larnitech.com\/#organization"},"potentialAction":[{"@type":"SearchAction","target":{"@type":"EntryPoint","urlTemplate":"https:\/\/www.larnitech.com\/?s={search_term_string}"},"query-input":"required name=search_term_string"}],"inLanguage":"pt-PT"},{"@type":"Organization","@id":"https:\/\/www.larnitech.com\/#organization","name":"Larnitech","url":"https:\/\/www.larnitech.com\/","logo":{"@type":"ImageObject","inLanguage":"pt-PT","@id":"https:\/\/www.larnitech.com\/#\/schema\/logo\/image\/","url":"https:\/\/www.larnitech.com\/wp-content\/uploads\/2022\/01\/logo_white.png","contentUrl":"https:\/\/www.larnitech.com\/wp-content\/uploads\/2022\/01\/logo_white.png","width":1262,"height":274,"caption":"Larnitech"},"image":{"@id":"https:\/\/www.larnitech.com\/#\/schema\/logo\/image\/"}}]}},"_links":{"self":[{"href":"https:\/\/www.larnitech.com\/pt-pt\/wp-json\/wp\/v2\/product\/9820","targetHints":{"allow":["GET"]}}],"collection":[{"href":"https:\/\/www.larnitech.com\/pt-pt\/wp-json\/wp\/v2\/product"}],"about":[{"href":"https:\/\/www.larnitech.com\/pt-pt\/wp-json\/wp\/v2\/types\/product"}],"version-history":[{"count":4,"href":"https:\/\/www.larnitech.com\/pt-pt\/wp-json\/wp\/v2\/product\/9820\/revisions"}],"predecessor-version":[{"id":13053,"href":"https:\/\/www.larnitech.com\/pt-pt\/wp-json\/wp\/v2\/product\/9820\/revisions\/13053"}],"wp:featuredmedia":[{"embeddable":true,"href":"https:\/\/www.larnitech.com\/pt-pt\/wp-json\/wp\/v2\/media\/7503"}],"wp:attachment":[{"href":"https:\/\/www.larnitech.com\/pt-pt\/wp-json\/wp\/v2\/media?parent=9820"}],"wp:term":[{"taxonomy":"products","embeddable":true,"href":"https:\/\/www.larnitech.com\/pt-pt\/wp-json\/wp\/v2\/products?post=9820"}],"curies":[{"name":"wp","href":"https:\/\/api.w.org\/{rel}","templated":true}]}}