{"id":9950,"date":"2023-10-24T13:19:48","date_gmt":"2023-10-24T10:19:48","guid":{"rendered":"https:\/\/www.larnitech.com\/?page_id=9950"},"modified":"2023-10-24T13:19:48","modified_gmt":"2023-10-24T10:19:48","slug":"garantia","status":"publish","type":"page","link":"https:\/\/www.larnitech.com\/pt-pt\/garantia\/","title":{"rendered":"Garantia"},"content":{"rendered":"<p>O equipamento do sistema de automatiza\u00e7\u00e3o da Larnitech \u00e9 fabricado com componentes de alta qualidade de marcas mundialmente famosas,<\/p>\n<p>e tamb\u00e9m tem um sistema de controlo de qualidade de v\u00e1rias fases em cada etapa da produ\u00e7\u00e3o,<\/p>\n<p>o que nos permite alcan\u00e7ar uma elevada toler\u00e2ncia a falhas do nosso equipamento.<\/p>\n<p>Para toda a linha do nosso equipamento, fornecemos uma garantia de 2 anos, suporte t\u00e9cnico, garantia e servi\u00e7o p\u00f3s-garantia.<\/p>\n","protected":false},"excerpt":{"rendered":"<p>O equipamento do sistema de automatiza\u00e7\u00e3o da Larnitech \u00e9 fabricado com componentes de alta qualidade de marcas mundialmente famosas, e tamb\u00e9m tem um sistema de controlo de qualidade de v\u00e1rias fases em cada etapa da produ\u00e7\u00e3o, o que nos permite alcan\u00e7ar uma elevada toler\u00e2ncia a falhas do nosso equipamento. Para toda a linha do nosso&#8230;<\/p>\n","protected":false},"author":5,"featured_media":0,"parent":0,"menu_order":0,"comment_status":"closed","ping_status":"closed","template":"","meta":{"inline_featured_image":false,"footnotes":""},"class_list":["post-9950","page","type-page","status-publish","hentry"],"acf":[],"yoast_head":"<!-- This site is optimized with the Yoast SEO Premium plugin v19.0.1 (Yoast SEO v19.12) - https:\/\/yoast.com\/wordpress\/plugins\/seo\/ -->\n<title>Garantia - Larnitech<\/title>\n<meta name=\"robots\" content=\"index, follow, max-snippet:-1, max-image-preview:large, max-video-preview:-1\" \/>\n<meta property=\"og:locale\" content=\"pt_PT\" \/>\n<meta property=\"og:type\" content=\"article\" \/>\n<meta property=\"og:title\" content=\"Garantia\" \/>\n<meta property=\"og:description\" content=\"O equipamento do sistema de automatiza\u00e7\u00e3o da Larnitech \u00e9 fabricado com componentes de alta qualidade de marcas mundialmente famosas, e tamb\u00e9m tem um sistema de controlo de qualidade de v\u00e1rias fases em cada etapa da produ\u00e7\u00e3o, o que nos permite alcan\u00e7ar uma elevada toler\u00e2ncia a falhas do nosso equipamento. Para toda a linha do nosso...\" \/>\n<meta property=\"og:url\" content=\"https:\/\/www.larnitech.com\/pt-pt\/garantia\/\" \/>\n<meta property=\"og:site_name\" content=\"Larnitech\" \/>\n<meta name=\"twitter:card\" content=\"summary_large_image\" \/>\n<script type=\"application\/ld+json\" class=\"yoast-schema-graph\">{\"@context\":\"https:\/\/schema.org\",\"@graph\":[{\"@type\":\"WebPage\",\"@id\":\"https:\/\/www.larnitech.com\/pt-pt\/garantia\/\",\"url\":\"https:\/\/www.larnitech.com\/pt-pt\/garantia\/\",\"name\":\"Garantia - Larnitech\",\"isPartOf\":{\"@id\":\"https:\/\/www.larnitech.com\/#website\"},\"datePublished\":\"2023-10-24T10:19:48+00:00\",\"dateModified\":\"2023-10-24T10:19:48+00:00\",\"breadcrumb\":{\"@id\":\"https:\/\/www.larnitech.com\/pt-pt\/garantia\/#breadcrumb\"},\"inLanguage\":\"pt-PT\",\"potentialAction\":[{\"@type\":\"ReadAction\",\"target\":[\"https:\/\/www.larnitech.com\/pt-pt\/garantia\/\"]}]},{\"@type\":\"BreadcrumbList\",\"@id\":\"https:\/\/www.larnitech.com\/pt-pt\/garantia\/#breadcrumb\",\"itemListElement\":[{\"@type\":\"ListItem\",\"position\":1,\"name\":\"Home\",\"item\":\"https:\/\/www.larnitech.com\/pt-pt\/main\/\"},{\"@type\":\"ListItem\",\"position\":2,\"name\":\"Garantia\"}]},{\"@type\":\"WebSite\",\"@id\":\"https:\/\/www.larnitech.com\/#website\",\"url\":\"https:\/\/www.larnitech.com\/\",\"name\":\"Larnitech\",\"description\":\"\",\"publisher\":{\"@id\":\"https:\/\/www.larnitech.com\/#organization\"},\"potentialAction\":[{\"@type\":\"SearchAction\",\"target\":{\"@type\":\"EntryPoint\",\"urlTemplate\":\"https:\/\/www.larnitech.com\/?s={search_term_string}\"},\"query-input\":\"required name=search_term_string\"}],\"inLanguage\":\"pt-PT\"},{\"@type\":\"Organization\",\"@id\":\"https:\/\/www.larnitech.com\/#organization\",\"name\":\"Larnitech\",\"url\":\"https:\/\/www.larnitech.com\/\",\"logo\":{\"@type\":\"ImageObject\",\"inLanguage\":\"pt-PT\",\"@id\":\"https:\/\/www.larnitech.com\/#\/schema\/logo\/image\/\",\"url\":\"https:\/\/www.larnitech.com\/wp-content\/uploads\/2022\/01\/logo_white.png\",\"contentUrl\":\"https:\/\/www.larnitech.com\/wp-content\/uploads\/2022\/01\/logo_white.png\",\"width\":1262,\"height\":274,\"caption\":\"Larnitech\"},\"image\":{\"@id\":\"https:\/\/www.larnitech.com\/#\/schema\/logo\/image\/\"}}]}<\/script>\n<!-- \/ Yoast SEO Premium plugin. -->","yoast_head_json":{"title":"Garantia - Larnitech","robots":{"index":"index","follow":"follow","max-snippet":"max-snippet:-1","max-image-preview":"max-image-preview:large","max-video-preview":"max-video-preview:-1"},"og_locale":"pt_PT","og_type":"article","og_title":"Garantia","og_description":"O equipamento do sistema de automatiza\u00e7\u00e3o da Larnitech \u00e9 fabricado com componentes de alta qualidade de marcas mundialmente famosas, e tamb\u00e9m tem um sistema de controlo de qualidade de v\u00e1rias fases em cada etapa da produ\u00e7\u00e3o, o que nos permite alcan\u00e7ar uma elevada toler\u00e2ncia a falhas do nosso equipamento. Para toda a linha do nosso...","og_url":"https:\/\/www.larnitech.com\/pt-pt\/garantia\/","og_site_name":"Larnitech","twitter_card":"summary_large_image","schema":{"@context":"https:\/\/schema.org","@graph":[{"@type":"WebPage","@id":"https:\/\/www.larnitech.com\/pt-pt\/garantia\/","url":"https:\/\/www.larnitech.com\/pt-pt\/garantia\/","name":"Garantia - Larnitech","isPartOf":{"@id":"https:\/\/www.larnitech.com\/#website"},"datePublished":"2023-10-24T10:19:48+00:00","dateModified":"2023-10-24T10:19:48+00:00","breadcrumb":{"@id":"https:\/\/www.larnitech.com\/pt-pt\/garantia\/#breadcrumb"},"inLanguage":"pt-PT","potentialAction":[{"@type":"ReadAction","target":["https:\/\/www.larnitech.com\/pt-pt\/garantia\/"]}]},{"@type":"BreadcrumbList","@id":"https:\/\/www.larnitech.com\/pt-pt\/garantia\/#breadcrumb","itemListElement":[{"@type":"ListItem","position":1,"name":"Home","item":"https:\/\/www.larnitech.com\/pt-pt\/main\/"},{"@type":"ListItem","position":2,"name":"Garantia"}]},{"@type":"WebSite","@id":"https:\/\/www.larnitech.com\/#website","url":"https:\/\/www.larnitech.com\/","name":"Larnitech","description":"","publisher":{"@id":"https:\/\/www.larnitech.com\/#organization"},"potentialAction":[{"@type":"SearchAction","target":{"@type":"EntryPoint","urlTemplate":"https:\/\/www.larnitech.com\/?s={search_term_string}"},"query-input":"required name=search_term_string"}],"inLanguage":"pt-PT"},{"@type":"Organization","@id":"https:\/\/www.larnitech.com\/#organization","name":"Larnitech","url":"https:\/\/www.larnitech.com\/","logo":{"@type":"ImageObject","inLanguage":"pt-PT","@id":"https:\/\/www.larnitech.com\/#\/schema\/logo\/image\/","url":"https:\/\/www.larnitech.com\/wp-content\/uploads\/2022\/01\/logo_white.png","contentUrl":"https:\/\/www.larnitech.com\/wp-content\/uploads\/2022\/01\/logo_white.png","width":1262,"height":274,"caption":"Larnitech"},"image":{"@id":"https:\/\/www.larnitech.com\/#\/schema\/logo\/image\/"}}]}},"_links":{"self":[{"href":"https:\/\/www.larnitech.com\/pt-pt\/wp-json\/wp\/v2\/pages\/9950","targetHints":{"allow":["GET"]}}],"collection":[{"href":"https:\/\/www.larnitech.com\/pt-pt\/wp-json\/wp\/v2\/pages"}],"about":[{"href":"https:\/\/www.larnitech.com\/pt-pt\/wp-json\/wp\/v2\/types\/page"}],"author":[{"embeddable":true,"href":"https:\/\/www.larnitech.com\/pt-pt\/wp-json\/wp\/v2\/users\/5"}],"replies":[{"embeddable":true,"href":"https:\/\/www.larnitech.com\/pt-pt\/wp-json\/wp\/v2\/comments?post=9950"}],"version-history":[{"count":1,"href":"https:\/\/www.larnitech.com\/pt-pt\/wp-json\/wp\/v2\/pages\/9950\/revisions"}],"predecessor-version":[{"id":10027,"href":"https:\/\/www.larnitech.com\/pt-pt\/wp-json\/wp\/v2\/pages\/9950\/revisions\/10027"}],"wp:attachment":[{"href":"https:\/\/www.larnitech.com\/pt-pt\/wp-json\/wp\/v2\/media?parent=9950"}],"curies":[{"name":"wp","href":"https:\/\/api.w.org\/{rel}","templated":true}]}}