{"id":9947,"date":"2022-06-24T11:42:53","date_gmt":"2022-06-24T08:42:53","guid":{"rendered":"https:\/\/www.larnitech.com\/?page_id=9947"},"modified":"2023-11-21T14:46:54","modified_gmt":"2023-11-21T12:46:54","slug":"smart-hotel","status":"publish","type":"page","link":"https:\/\/www.larnitech.com\/pt-pt\/smart-hotel\/","title":{"rendered":"Smart Hotel"},"content":{"rendered":"<p><strong>Um sistema Hotel Inteligente<\/strong> \u00e9 uma resposta moderna \u00e0s necessidades dos h\u00f3spedes mais exigentes do seu hotel, pousada ou resort. Trata-se de um novo n\u00edvel de seguran\u00e7a que garantir\u00e1 a seguran\u00e7a dos seus h\u00f3spedes e da sua propriedade.<\/p>\n<p>O sistema \u00a0Hotel Inteligente Larnitech baseia-se na sua pr\u00f3pria rede de dados. A unidade de controlo principal, ou seja, o servidor, permite o controlo total e a gest\u00e3o do hotel atrav\u00e9s da Internet. Portanto, basta ter um smartphone, tablet ou laptop com acesso \u00e0 Internet para controlar o status operacional de todo o hotel de qualquer lugar do mundo. Voc\u00ea pode verificar o que est\u00e1 acontecendo no local, bem como ligar \/ desligar qualquer dispositivo ou sistema conectado ao sistema.<\/p>\n<p>Uma casa inteligente num hotel \u00e9 um conceito que j\u00e1 existe h\u00e1 algum tempo, mas s\u00f3 agora est\u00e1 a ser implementado. S\u00e3o muitos os benef\u00edcios de ter este sistema instalado nos hot\u00e9is, incluindo comodidade e conforto para os h\u00f3spedes.<\/p>\n<p>O primeiro benef\u00edcio \u00e9 a conveni\u00eancia para os h\u00f3spedes. Os h\u00f3spedes podem controlar todos os aparelhos no quarto com o uso de um smartphone ou tablet, o que significa que eles n\u00e3o precisam se preocupar em carregar v\u00e1rios controles remotos com eles ou procurar atrav\u00e9s de pilhas de bot\u00f5es no pr\u00f3prio aparelho.<\/p>\n<p>Essa automa\u00e7\u00e3o tamb\u00e9m torna o processo muito mais eficiente e conveniente para os membros da equipe, pois eles n\u00e3o precisam mais ir a cada quarto para garantir que tudo seja desligado \u00e0 noite antes de ir para casa.<\/p>\n<p>O segundo benef\u00edcio \u00e9 o conforto para os h\u00f3spedes. Um sistema Smart Home pode proporcionar a atmosfera ideal, definindo o n\u00edvel adequado de ilumina\u00e7\u00e3o interior, fechamento autom\u00e1tico de cortinas, persianas e persianas, ligando m\u00fasica ou um filme para uma noite agrad\u00e1vel. Uma casa inteligente pode ser programada para ajustar o clima com base na esta\u00e7\u00e3o do ano, bem como regular a humidade do ar, ventila\u00e7\u00e3o e n\u00edvel de aquecimento. O terceiro benef\u00edcio \u00e9 a seguran\u00e7a: o sistema inteligente de seguran\u00e7a do edif\u00edcio reduz o risco de roubo e acidentes gra\u00e7as \u00e0 videovigil\u00e2ncia, alarme e sensores de movimento. O sistema Casa Inteligente tamb\u00e9m controla fugas, inc\u00eandio, n\u00edvel de CO2 e se as portas e janelas est\u00e3o fechadas. Claro, tudo \u00e9 feito automaticamente &#8211; o sistema \u00e9 calibrado e o painel de controle \u00e9 ajustado \u00e0s suas expectativas e requisitos. Se algo precisa ser feito manualmente, ent\u00e3o qualquer gerente a quem voc\u00ea concede acesso pode facilmente lidar com a interface intuitiva do aplicativo.<\/p>\n<p>A integra\u00e7\u00e3o do sistema smart hotel permite confiar a solu\u00e7\u00e3o da maioria dos problemas a sistemas eletr\u00f3nicos altamente eficientes, tendo em conta os pedidos e desejos de cada cliente. A partir de agora, voc\u00ea gastar\u00e1 sua aten\u00e7\u00e3o exclusivamente nos h\u00f3spedes do seu hotel e n\u00e3o nas tarefas rotineiras.<\/p>\n<p>&nbsp;<\/p>\n","protected":false},"excerpt":{"rendered":"<p>Um sistema Hotel Inteligente \u00e9 uma resposta moderna \u00e0s necessidades dos h\u00f3spedes mais exigentes do seu hotel, pousada ou resort. Trata-se de um novo n\u00edvel de seguran\u00e7a que garantir\u00e1 a seguran\u00e7a dos seus h\u00f3spedes e da sua propriedade. O sistema \u00a0Hotel Inteligente Larnitech baseia-se na sua pr\u00f3pria rede de dados. A unidade de controlo principal,&#8230;<\/p>\n","protected":false},"author":1,"featured_media":0,"parent":0,"menu_order":0,"comment_status":"closed","ping_status":"closed","template":"page-templates\/project.php","meta":{"inline_featured_image":false,"footnotes":""},"class_list":["post-9947","page","type-page","status-publish","hentry"],"acf":[],"yoast_head":"<!-- This site is optimized with the Yoast SEO Premium plugin v19.0.1 (Yoast SEO v19.12) - https:\/\/yoast.com\/wordpress\/plugins\/seo\/ -->\n<title>Smart hotel - smart home system from\u3010Larnitech\u3011<\/title>\n<meta name=\"description\" content=\"Smart hotel system from \u3010Larnitech\u3011\u23e9 Hardware \u26a1Software \u26a1Web services for comprehensive automation of your hotel. \u2b50Training and technical support\" \/>\n<meta name=\"robots\" content=\"index, follow, max-snippet:-1, max-image-preview:large, max-video-preview:-1\" \/>\n<meta property=\"og:locale\" content=\"pt_PT\" \/>\n<meta property=\"og:type\" content=\"article\" \/>\n<meta property=\"og:title\" content=\"Smart Hotel\" \/>\n<meta property=\"og:description\" content=\"Smart hotel system from \u3010Larnitech\u3011\u23e9 Hardware \u26a1Software \u26a1Web services for comprehensive automation of your hotel. \u2b50Training and technical support\" \/>\n<meta property=\"og:url\" content=\"https:\/\/www.larnitech.com\/pt-pt\/smart-hotel\/\" \/>\n<meta property=\"og:site_name\" content=\"Larnitech\" \/>\n<meta property=\"article:modified_time\" content=\"2023-11-21T12:46:54+00:00\" \/>\n<meta name=\"twitter:card\" content=\"summary_large_image\" \/>\n<meta name=\"twitter:label1\" content=\"Tempo estimado de leitura\" \/>\n\t<meta name=\"twitter:data1\" content=\"3 minutos\" \/>\n<script type=\"application\/ld+json\" class=\"yoast-schema-graph\">{\"@context\":\"https:\/\/schema.org\",\"@graph\":[{\"@type\":\"WebPage\",\"@id\":\"https:\/\/www.larnitech.com\/pt-pt\/smart-hotel\/\",\"url\":\"https:\/\/www.larnitech.com\/pt-pt\/smart-hotel\/\",\"name\":\"Smart hotel - smart home system from\u3010Larnitech\u3011\",\"isPartOf\":{\"@id\":\"https:\/\/www.larnitech.com\/#website\"},\"datePublished\":\"2022-06-24T08:42:53+00:00\",\"dateModified\":\"2023-11-21T12:46:54+00:00\",\"description\":\"Smart hotel system from \u3010Larnitech\u3011\u23e9 Hardware \u26a1Software \u26a1Web services for comprehensive automation of your hotel. \u2b50Training and technical support\",\"breadcrumb\":{\"@id\":\"https:\/\/www.larnitech.com\/pt-pt\/smart-hotel\/#breadcrumb\"},\"inLanguage\":\"pt-PT\",\"potentialAction\":[{\"@type\":\"ReadAction\",\"target\":[\"https:\/\/www.larnitech.com\/pt-pt\/smart-hotel\/\"]}]},{\"@type\":\"BreadcrumbList\",\"@id\":\"https:\/\/www.larnitech.com\/pt-pt\/smart-hotel\/#breadcrumb\",\"itemListElement\":[{\"@type\":\"ListItem\",\"position\":1,\"name\":\"Home\",\"item\":\"https:\/\/www.larnitech.com\/pt-pt\/main\/\"},{\"@type\":\"ListItem\",\"position\":2,\"name\":\"Smart Hotel\"}]},{\"@type\":\"WebSite\",\"@id\":\"https:\/\/www.larnitech.com\/#website\",\"url\":\"https:\/\/www.larnitech.com\/\",\"name\":\"Larnitech\",\"description\":\"\",\"publisher\":{\"@id\":\"https:\/\/www.larnitech.com\/#organization\"},\"potentialAction\":[{\"@type\":\"SearchAction\",\"target\":{\"@type\":\"EntryPoint\",\"urlTemplate\":\"https:\/\/www.larnitech.com\/?s={search_term_string}\"},\"query-input\":\"required name=search_term_string\"}],\"inLanguage\":\"pt-PT\"},{\"@type\":\"Organization\",\"@id\":\"https:\/\/www.larnitech.com\/#organization\",\"name\":\"Larnitech\",\"url\":\"https:\/\/www.larnitech.com\/\",\"logo\":{\"@type\":\"ImageObject\",\"inLanguage\":\"pt-PT\",\"@id\":\"https:\/\/www.larnitech.com\/#\/schema\/logo\/image\/\",\"url\":\"https:\/\/www.larnitech.com\/wp-content\/uploads\/2022\/01\/logo_white.png\",\"contentUrl\":\"https:\/\/www.larnitech.com\/wp-content\/uploads\/2022\/01\/logo_white.png\",\"width\":1262,\"height\":274,\"caption\":\"Larnitech\"},\"image\":{\"@id\":\"https:\/\/www.larnitech.com\/#\/schema\/logo\/image\/\"}}]}<\/script>\n<!-- \/ Yoast SEO Premium plugin. -->","yoast_head_json":{"title":"Smart hotel - smart home system from\u3010Larnitech\u3011","description":"Smart hotel system from \u3010Larnitech\u3011\u23e9 Hardware \u26a1Software \u26a1Web services for comprehensive automation of your hotel. \u2b50Training and technical support","robots":{"index":"index","follow":"follow","max-snippet":"max-snippet:-1","max-image-preview":"max-image-preview:large","max-video-preview":"max-video-preview:-1"},"og_locale":"pt_PT","og_type":"article","og_title":"Smart Hotel","og_description":"Smart hotel system from \u3010Larnitech\u3011\u23e9 Hardware \u26a1Software \u26a1Web services for comprehensive automation of your hotel. \u2b50Training and technical support","og_url":"https:\/\/www.larnitech.com\/pt-pt\/smart-hotel\/","og_site_name":"Larnitech","article_modified_time":"2023-11-21T12:46:54+00:00","twitter_card":"summary_large_image","twitter_misc":{"Tempo estimado de leitura":"3 minutos"},"schema":{"@context":"https:\/\/schema.org","@graph":[{"@type":"WebPage","@id":"https:\/\/www.larnitech.com\/pt-pt\/smart-hotel\/","url":"https:\/\/www.larnitech.com\/pt-pt\/smart-hotel\/","name":"Smart hotel - smart home system from\u3010Larnitech\u3011","isPartOf":{"@id":"https:\/\/www.larnitech.com\/#website"},"datePublished":"2022-06-24T08:42:53+00:00","dateModified":"2023-11-21T12:46:54+00:00","description":"Smart hotel system from \u3010Larnitech\u3011\u23e9 Hardware \u26a1Software \u26a1Web services for comprehensive automation of your hotel. \u2b50Training and technical support","breadcrumb":{"@id":"https:\/\/www.larnitech.com\/pt-pt\/smart-hotel\/#breadcrumb"},"inLanguage":"pt-PT","potentialAction":[{"@type":"ReadAction","target":["https:\/\/www.larnitech.com\/pt-pt\/smart-hotel\/"]}]},{"@type":"BreadcrumbList","@id":"https:\/\/www.larnitech.com\/pt-pt\/smart-hotel\/#breadcrumb","itemListElement":[{"@type":"ListItem","position":1,"name":"Home","item":"https:\/\/www.larnitech.com\/pt-pt\/main\/"},{"@type":"ListItem","position":2,"name":"Smart Hotel"}]},{"@type":"WebSite","@id":"https:\/\/www.larnitech.com\/#website","url":"https:\/\/www.larnitech.com\/","name":"Larnitech","description":"","publisher":{"@id":"https:\/\/www.larnitech.com\/#organization"},"potentialAction":[{"@type":"SearchAction","target":{"@type":"EntryPoint","urlTemplate":"https:\/\/www.larnitech.com\/?s={search_term_string}"},"query-input":"required name=search_term_string"}],"inLanguage":"pt-PT"},{"@type":"Organization","@id":"https:\/\/www.larnitech.com\/#organization","name":"Larnitech","url":"https:\/\/www.larnitech.com\/","logo":{"@type":"ImageObject","inLanguage":"pt-PT","@id":"https:\/\/www.larnitech.com\/#\/schema\/logo\/image\/","url":"https:\/\/www.larnitech.com\/wp-content\/uploads\/2022\/01\/logo_white.png","contentUrl":"https:\/\/www.larnitech.com\/wp-content\/uploads\/2022\/01\/logo_white.png","width":1262,"height":274,"caption":"Larnitech"},"image":{"@id":"https:\/\/www.larnitech.com\/#\/schema\/logo\/image\/"}}]}},"_links":{"self":[{"href":"https:\/\/www.larnitech.com\/pt-pt\/wp-json\/wp\/v2\/pages\/9947","targetHints":{"allow":["GET"]}}],"collection":[{"href":"https:\/\/www.larnitech.com\/pt-pt\/wp-json\/wp\/v2\/pages"}],"about":[{"href":"https:\/\/www.larnitech.com\/pt-pt\/wp-json\/wp\/v2\/types\/page"}],"author":[{"embeddable":true,"href":"https:\/\/www.larnitech.com\/pt-pt\/wp-json\/wp\/v2\/users\/1"}],"replies":[{"embeddable":true,"href":"https:\/\/www.larnitech.com\/pt-pt\/wp-json\/wp\/v2\/comments?post=9947"}],"version-history":[{"count":7,"href":"https:\/\/www.larnitech.com\/pt-pt\/wp-json\/wp\/v2\/pages\/9947\/revisions"}],"predecessor-version":[{"id":11321,"href":"https:\/\/www.larnitech.com\/pt-pt\/wp-json\/wp\/v2\/pages\/9947\/revisions\/11321"}],"wp:attachment":[{"href":"https:\/\/www.larnitech.com\/pt-pt\/wp-json\/wp\/v2\/media?parent=9947"}],"curies":[{"name":"wp","href":"https:\/\/api.w.org\/{rel}","templated":true}]}}