{"id":9946,"date":"2022-06-23T16:13:03","date_gmt":"2022-06-23T13:13:03","guid":{"rendered":"https:\/\/www.larnitech.com\/?page_id=9946"},"modified":"2023-11-21T17:53:48","modified_gmt":"2023-11-21T15:53:48","slug":"smart-home","status":"publish","type":"page","link":"https:\/\/www.larnitech.com\/pt-pt\/smart-home\/","title":{"rendered":"Casa Inteligente"},"content":{"rendered":"<p><strong>Larnitech &#8211; equipamento moderno para casas inteligentes<\/strong><\/p>\n<p>O que \u00e9 uma casa inteligente moderna do fabricante? Por que tais sistemas passaram da categoria de inacess\u00edvel e elite para o &#8220;must have&#8221; para todas as pessoas que apreciam conforto, confiabilidade e seguran\u00e7a?<\/p>\n<p>Smart Home \u00e9 um sistema de monitoriza\u00e7\u00e3o e gest\u00e3o da funcionalidade da sua casa, que est\u00e1 a ser ativamente implementado nas nossas vidas. Torna a vida muito mais f\u00e1cil, colocando todas as preocupa\u00e7\u00f5es sobre a sua casa e a sua seguran\u00e7a na eletr\u00f3nica.<\/p>\n<p>O que s\u00e3o equipamentos dom\u00e9sticos inteligentes? Trata-se de sensores de inc\u00eandio, fumo, di\u00f3xido de carbono, fugas, bem como sensores de movimento, sensores de abertura de janelas e portas, c\u00e2maras de videovigil\u00e2ncia e uma tecnologia de comunica\u00e7\u00e3o de portas inteligentes. Funcionam automaticamente ou de acordo com cen\u00e1rios prontos, integrados entre si e separadamente.<\/p>\n<p>Estes sistemas controlam o microclima, ilumina\u00e7\u00e3o, aquecimento, ventila\u00e7\u00e3o. Sob o controlo de uma casa inteligente est\u00e3o tamb\u00e9m todos os contadores el\u00e9tricos, bem como sistemas multim\u00e9dia dom\u00e9sticos e eletrodom\u00e9sticos (m\u00e1quinas de lavar roupa, fog\u00f5es, frigor\u00edficos, etc.).<\/p>\n<p>Voc\u00ea pode deixar sua casa sob a prote\u00e7\u00e3o confi\u00e1vel de uma casa inteligente: em caso de intrus\u00e3o, quaisquer sinais de inunda\u00e7\u00e3o ou fuma\u00e7a, nossos sensores de pequeno porte enviar\u00e3o um alarme para o seu telefone e para uma empresa de servi\u00e7os.<\/p>\n<p><strong>O que s\u00e3o sistemas de casa inteligente?<\/strong><\/p>\n<p>A variedade de sistemas de casa inteligente \u00e9 grande: com fio, sem fio, centralizado, descentralizado, h\u00edbrido, a Internet das coisas.<\/p>\n<p>Vejamos as principais diferen\u00e7as entre um sistema com fio e um sem fio. A funcionalidade dos sistemas sem fio \u00e9 muito menor em compara\u00e7\u00e3o com os sistemas com fio. Al\u00e9m disso, os sistemas sem fio s\u00e3o bastante pouco confi\u00e1veis em seu trabalho e, no momento mais crucial, eles podem facilmente falhar.<\/p>\n<p>O sistema com fio permite que voc\u00ea coloque uma ideia de engenharia no projeto quando o sistema sem fio tem que ser ajustado ao existente. A taxa de transfer\u00eancia de dados em um sistema com fio \u00e9 v\u00e1rias vezes maior do que em um sem fio.<\/p>\n<p>Um sistema com fio permite que voc\u00ea fa\u00e7a c\u00f3pias de backup do sistema. Com eles voc\u00ea sempre pode restaurar a vers\u00e3o anterior no caso de algo falhar, e n\u00e3o ter\u00e1 que definir tudo do zero.<\/p>\n<p>Uma grande vantagem de um sistema com fio \u00e9 que, se a Internet parar de funcionar, o sistema continuar\u00e1 a operar ao contr\u00e1rio do sistema sem fio.<\/p>\n<p>Devido ao fato de que a maior parte dos sensores pode ser &#8220;escondida&#8221; nas paredes da casa, um sistema com fio \u00e9 menos percet\u00edvel e n\u00e3o estraga o design em tudo.<\/p>\n<p>Assim, as principais vantagens de um sistema com fio sobre um sem fio s\u00e3o:<\/p>\n<ul>\n<li>Fiabilidade<\/li>\n<li>Estabilidade do trabalho<\/li>\n<li>Formato<\/li>\n<li>L\u00f3gica interna<\/li>\n<li>Taxa de transmiss\u00e3o<\/li>\n<li>Ecossistema \u00fanico<\/li>\n<\/ul>\n<p><strong>Quem pode estar interessado em um sistema de casa inteligente<\/strong><\/p>\n<p>Os potenciais compradores de sistemas de casa inteligente s\u00e3o pessoas que planejam fazer reparos em uma casa existente ou comprar um novo apartamento ou construir uma casa. Normalmente, estas pessoas est\u00e3o ativamente interessadas em novas tecnologias e prestam especial aten\u00e7\u00e3o ao conforto e ao design.<\/p>\n<p>Conforto e seguran\u00e7a absoluta em casa s\u00e3o cruciais para eles. Essas pessoas n\u00e3o querem gastar tempo pessoal em quaisquer a\u00e7\u00f5es que possam ser confiadas a uma casa inteligente. Eles se esfor\u00e7am para ser progressistas e acompanhar os tempos.<\/p>\n<p>Os potenciais clientes podem tamb\u00e9m ser:<\/p>\n<ul>\n<li>desenvolvedores<\/li>\n<li>projetistas<\/li>\n<li>arquitetos<\/li>\n<li>propriet\u00e1rios de restaurantes, cl\u00ednicas, centros de escrit\u00f3rios.<\/li>\n<\/ul>\n<p>Ao automatizar as instala\u00e7\u00f5es, otimizam o seu neg\u00f3cio e aumentam a rentabilidade. Estas pessoas valorizam a poupan\u00e7a de recursos, o controlo de custos e a otimiza\u00e7\u00e3o da gest\u00e3o.<\/p>\n<p><strong>Instala\u00e7\u00e3o de um sistema Smart Home<\/strong><\/p>\n<p>O sistema deve ser instalado na fase de constru\u00e7\u00e3o, pois o seu funcionamento fi\u00e1vel requer a instala\u00e7\u00e3o de fios nas paredes ou no ch\u00e3o. Inicialmente voc\u00ea pode configurar o sistema para fun\u00e7\u00f5es b\u00e1sicas (ilumina\u00e7\u00e3o, climatiza\u00e7\u00e3o, vazamentos, seguran\u00e7a) e posteriormente a funcionalidade pode ser melhorada e expandida.<\/p>\n<p>\u00c9 importante entender que apenas profissionais devem lidar com a instala\u00e7\u00e3o do sistema. Existem muitas nuances que \u00e0s vezes s\u00e3o dif\u00edceis de entender, mesmo para um eletricista qualificado, mas que n\u00e3o tem a experi\u00eancia necess\u00e1ria.<\/p>\n<p>Uma tentativa de instalar o sistema por conta pr\u00f3pria ou instal\u00e1-lo com o envolvimento de especialistas n\u00e3o certificados pode levar \u00e0 falha de todo o sistema.<\/p>\n<p>Antes de encomendar e instalar o sistema, voc\u00ea deve certificar-se de que a empresa tem centros de servi\u00e7o, fornece um per\u00edodo de garantia, e seus especialistas passaram por um treinamento especial com os certificados relevantes.<\/p>\n<p>Um projeto de alta qualidade de uma Casa Inteligente deve levar em conta as especificidades e caracter\u00edsticas da vida de cada cliente. Por exemplo, se voc\u00ea est\u00e1 muitas vezes longe de casa, a \u00eanfase deve ser feita em sistemas de seguran\u00e7a e vigil\u00e2ncia por v\u00eddeo.<\/p>\n<p><strong>Quem somos<\/strong><\/p>\n<p><a href=\"https:\/\/www.larnitech.com\/\">Larnitech <\/a>\u00e9 um reconhecido fabricante alem\u00e3o de equipamentos para automa\u00e7\u00e3o de instala\u00e7\u00f5es privadas e comerciais.<\/p>\n<p>As solu\u00e7\u00f5es de casa inteligente da nossa empresa s\u00e3o um \u00fanico sistema de controlo e gest\u00e3o com uma interface conveniente e acess\u00edvel. Usamos sistemas com e sem fio.<\/p>\n<p>Tamb\u00e9m desenvolvemos a nossa pr\u00f3pria aplica\u00e7\u00e3o Larnitech que controla:<\/p>\n<ul>\n<li>clima em todas as divis\u00f5es (temperatura, humidade, ventila\u00e7\u00e3o)<\/li>\n<li>sistemas de ilumina\u00e7\u00e3o<\/li>\n<li>abrir e fechar portas e janelas<\/li>\n<li>equipamento multim\u00e9dia<\/li>\n<li>eletrodom\u00e9sticos<\/li>\n<li>fugas de \u00e1gua<\/li>\n<li>n\u00edvel de di\u00f3xido de carbono<\/li>\n<li>fumo e muito mais<\/li>\n<\/ul>\n<p>Voc\u00ea controla tudo em sua casa com apenas um clique de qualquer lugar, n\u00e3o importa a dist\u00e2ncia!<\/p>\n<p><strong>Benef\u00edcios de trabalhar com Larnitech<\/strong><\/p>\n<p>Por que voc\u00ea deve instalar um sistema de casa inteligente da nossa empresa? Smart Home da Larnitech \u00e9:<\/p>\n<ul>\n<li>Um \u00fanico sistema perfeito, come\u00e7ando com o sensor mais simples e terminando com software e um servi\u00e7o web.<\/li>\n<li>Sistema de intelig\u00eancia distribu\u00edda: quando o controlador, m\u00f3dulo ou sensor congela, todos os outros dispositivos continuar\u00e3o a funcionar.<\/li>\n<li>Um aplicativo intuitivo com muitos recursos e capacidades que at\u00e9 mesmo uma crian\u00e7a pode usar.<\/li>\n<li>Acesso remoto para o instalador: todas as altera\u00e7\u00f5es podem ser feitas sem ir ao objeto.<\/li>\n<li>Poupar at\u00e9 30% dos recursos energ\u00e9ticos permite-lhe devolver rapidamente o investimento investido numa casa inteligente.<\/li>\n<li>Produtos de alta tecnologia e amigos do ambiente que n\u00e3o ocupam muito espa\u00e7o e n\u00e3o estragam o design.<\/li>\n<li>Aplica\u00e7\u00f5es para Android, IOS, Linux, Windows.<\/li>\n<li>Fiabilidade: os sistemas com fios s\u00e3o sempre mais fi\u00e1veis do que os sistemas sem fios.<\/li>\n<\/ul>\n<p>Somos respons\u00e1veis pela qualidade e fornecemos uma garantia de 2 anos para os nossos equipamentos.<\/p>\n<p>Vale a pena mencionar a nossa pol\u00edtica de pre\u00e7os: quando comparado com outras empresas, os nossos pre\u00e7os s\u00e3o mais baixos do que os pre\u00e7os m\u00e9dios de mercado, mas ao mesmo tempo voc\u00ea obt\u00e9m um produto da mais alta qualidade alem\u00e3. Por outras palavras, oferecemos a funcionalidade dos principais intervenientes no mercado aos pre\u00e7os mais acess\u00edveis.<\/p>\n<p>O sistema de casa inteligente da Larnitech ajuda a poupar recursos, aumenta a seguran\u00e7a da sua casa, proporciona controlo total sobre os sistemas de ilumina\u00e7\u00e3o, climatiza\u00e7\u00e3o, v\u00eddeo e som.<\/p>\n<p>V\u00e1rios cen\u00e1rios s\u00e3o f\u00e1ceis de implementar e executar automaticamente, cuidando da maioria das tarefas de rotina para voc\u00ea.<\/p>\n<p>A sua casa inteligente controla a temperatura em diferentes divis\u00f5es, ajusta o sistema de aquecimento para atender \u00e0s suas necessidades, rega as suas plantas, alimenta os seus animais, monitoriza os pain\u00e9is solares para garantir que est\u00e3o na sua m\u00e1xima efici\u00eancia, desliga as luzes em salas n\u00e3o utilizadas, toca a sua m\u00fasica favorita e at\u00e9 faz o seu caf\u00e9 da manh\u00e3!<\/p>\n<p>A sua casa est\u00e1 protegida em caso de fuga de \u00e1gua ou g\u00e1s. Ele se comunica com voc\u00ea via telefone, enviando-lhe notifica\u00e7\u00f5es sobre coisas que exigem sua aten\u00e7\u00e3o.<\/p>\n<p>Com a Larnitech obt\u00e9m solu\u00e7\u00f5es altamente eficientes e prontas a instalar que facilitam a gest\u00e3o da casa e aumentam o n\u00edvel de vida.<\/p>\n<p>&nbsp;<\/p>\n","protected":false},"excerpt":{"rendered":"<p>Larnitech &#8211; equipamento moderno para casas inteligentes O que \u00e9 uma casa inteligente moderna do fabricante? Por que tais sistemas passaram da categoria de inacess\u00edvel e elite para o &#8220;must have&#8221; para todas as pessoas que apreciam conforto, confiabilidade e seguran\u00e7a? Smart Home \u00e9 um sistema de monitoriza\u00e7\u00e3o e gest\u00e3o da funcionalidade da sua casa,&#8230;<\/p>\n","protected":false},"author":1,"featured_media":0,"parent":0,"menu_order":0,"comment_status":"closed","ping_status":"closed","template":"page-templates\/project.php","meta":{"inline_featured_image":false,"footnotes":""},"class_list":["post-9946","page","type-page","status-publish","hentry"],"acf":[],"yoast_head":"<!-- This site is optimized with the Yoast SEO Premium plugin v19.0.1 (Yoast SEO v19.12) - https:\/\/yoast.com\/wordpress\/plugins\/seo\/ -->\n<title>Smart home - automation systems from \u3010Larnitech\u3011<\/title>\n<meta name=\"description\" content=\"Smart home equipment from \u3010Larnitech\u3011\u23e9 Hardware \u26a1Software \u26a1Web services for comprehensive automation of a house, office or apartment. \u2b50Training and technical support\" \/>\n<meta name=\"robots\" content=\"index, follow, max-snippet:-1, max-image-preview:large, max-video-preview:-1\" \/>\n<meta property=\"og:locale\" content=\"pt_PT\" \/>\n<meta property=\"og:type\" content=\"article\" \/>\n<meta property=\"og:title\" content=\"Casa Inteligente\" \/>\n<meta property=\"og:description\" content=\"Smart home equipment from \u3010Larnitech\u3011\u23e9 Hardware \u26a1Software \u26a1Web services for comprehensive automation of a house, office or apartment. \u2b50Training and technical support\" \/>\n<meta property=\"og:url\" content=\"https:\/\/www.larnitech.com\/pt-pt\/smart-home\/\" \/>\n<meta property=\"og:site_name\" content=\"Larnitech\" \/>\n<meta property=\"article:modified_time\" content=\"2023-11-21T15:53:48+00:00\" \/>\n<meta name=\"twitter:card\" content=\"summary_large_image\" \/>\n<meta name=\"twitter:label1\" content=\"Tempo estimado de leitura\" \/>\n\t<meta name=\"twitter:data1\" content=\"6 minutos\" \/>\n<script type=\"application\/ld+json\" class=\"yoast-schema-graph\">{\"@context\":\"https:\/\/schema.org\",\"@graph\":[{\"@type\":\"WebPage\",\"@id\":\"https:\/\/www.larnitech.com\/pt-pt\/smart-home\/\",\"url\":\"https:\/\/www.larnitech.com\/pt-pt\/smart-home\/\",\"name\":\"Smart home - automation systems from \u3010Larnitech\u3011\",\"isPartOf\":{\"@id\":\"https:\/\/www.larnitech.com\/#website\"},\"datePublished\":\"2022-06-23T13:13:03+00:00\",\"dateModified\":\"2023-11-21T15:53:48+00:00\",\"description\":\"Smart home equipment from \u3010Larnitech\u3011\u23e9 Hardware \u26a1Software \u26a1Web services for comprehensive automation of a house, office or apartment. \u2b50Training and technical support\",\"breadcrumb\":{\"@id\":\"https:\/\/www.larnitech.com\/pt-pt\/smart-home\/#breadcrumb\"},\"inLanguage\":\"pt-PT\",\"potentialAction\":[{\"@type\":\"ReadAction\",\"target\":[\"https:\/\/www.larnitech.com\/pt-pt\/smart-home\/\"]}]},{\"@type\":\"BreadcrumbList\",\"@id\":\"https:\/\/www.larnitech.com\/pt-pt\/smart-home\/#breadcrumb\",\"itemListElement\":[{\"@type\":\"ListItem\",\"position\":1,\"name\":\"Home\",\"item\":\"https:\/\/www.larnitech.com\/pt-pt\/main\/\"},{\"@type\":\"ListItem\",\"position\":2,\"name\":\"Casa Inteligente\"}]},{\"@type\":\"WebSite\",\"@id\":\"https:\/\/www.larnitech.com\/#website\",\"url\":\"https:\/\/www.larnitech.com\/\",\"name\":\"Larnitech\",\"description\":\"\",\"publisher\":{\"@id\":\"https:\/\/www.larnitech.com\/#organization\"},\"potentialAction\":[{\"@type\":\"SearchAction\",\"target\":{\"@type\":\"EntryPoint\",\"urlTemplate\":\"https:\/\/www.larnitech.com\/?s={search_term_string}\"},\"query-input\":\"required name=search_term_string\"}],\"inLanguage\":\"pt-PT\"},{\"@type\":\"Organization\",\"@id\":\"https:\/\/www.larnitech.com\/#organization\",\"name\":\"Larnitech\",\"url\":\"https:\/\/www.larnitech.com\/\",\"logo\":{\"@type\":\"ImageObject\",\"inLanguage\":\"pt-PT\",\"@id\":\"https:\/\/www.larnitech.com\/#\/schema\/logo\/image\/\",\"url\":\"https:\/\/www.larnitech.com\/wp-content\/uploads\/2022\/01\/logo_white.png\",\"contentUrl\":\"https:\/\/www.larnitech.com\/wp-content\/uploads\/2022\/01\/logo_white.png\",\"width\":1262,\"height\":274,\"caption\":\"Larnitech\"},\"image\":{\"@id\":\"https:\/\/www.larnitech.com\/#\/schema\/logo\/image\/\"}}]}<\/script>\n<!-- \/ Yoast SEO Premium plugin. -->","yoast_head_json":{"title":"Smart home - automation systems from \u3010Larnitech\u3011","description":"Smart home equipment from \u3010Larnitech\u3011\u23e9 Hardware \u26a1Software \u26a1Web services for comprehensive automation of a house, office or apartment. \u2b50Training and technical support","robots":{"index":"index","follow":"follow","max-snippet":"max-snippet:-1","max-image-preview":"max-image-preview:large","max-video-preview":"max-video-preview:-1"},"og_locale":"pt_PT","og_type":"article","og_title":"Casa Inteligente","og_description":"Smart home equipment from \u3010Larnitech\u3011\u23e9 Hardware \u26a1Software \u26a1Web services for comprehensive automation of a house, office or apartment. \u2b50Training and technical support","og_url":"https:\/\/www.larnitech.com\/pt-pt\/smart-home\/","og_site_name":"Larnitech","article_modified_time":"2023-11-21T15:53:48+00:00","twitter_card":"summary_large_image","twitter_misc":{"Tempo estimado de leitura":"6 minutos"},"schema":{"@context":"https:\/\/schema.org","@graph":[{"@type":"WebPage","@id":"https:\/\/www.larnitech.com\/pt-pt\/smart-home\/","url":"https:\/\/www.larnitech.com\/pt-pt\/smart-home\/","name":"Smart home - automation systems from \u3010Larnitech\u3011","isPartOf":{"@id":"https:\/\/www.larnitech.com\/#website"},"datePublished":"2022-06-23T13:13:03+00:00","dateModified":"2023-11-21T15:53:48+00:00","description":"Smart home equipment from \u3010Larnitech\u3011\u23e9 Hardware \u26a1Software \u26a1Web services for comprehensive automation of a house, office or apartment. \u2b50Training and technical support","breadcrumb":{"@id":"https:\/\/www.larnitech.com\/pt-pt\/smart-home\/#breadcrumb"},"inLanguage":"pt-PT","potentialAction":[{"@type":"ReadAction","target":["https:\/\/www.larnitech.com\/pt-pt\/smart-home\/"]}]},{"@type":"BreadcrumbList","@id":"https:\/\/www.larnitech.com\/pt-pt\/smart-home\/#breadcrumb","itemListElement":[{"@type":"ListItem","position":1,"name":"Home","item":"https:\/\/www.larnitech.com\/pt-pt\/main\/"},{"@type":"ListItem","position":2,"name":"Casa Inteligente"}]},{"@type":"WebSite","@id":"https:\/\/www.larnitech.com\/#website","url":"https:\/\/www.larnitech.com\/","name":"Larnitech","description":"","publisher":{"@id":"https:\/\/www.larnitech.com\/#organization"},"potentialAction":[{"@type":"SearchAction","target":{"@type":"EntryPoint","urlTemplate":"https:\/\/www.larnitech.com\/?s={search_term_string}"},"query-input":"required name=search_term_string"}],"inLanguage":"pt-PT"},{"@type":"Organization","@id":"https:\/\/www.larnitech.com\/#organization","name":"Larnitech","url":"https:\/\/www.larnitech.com\/","logo":{"@type":"ImageObject","inLanguage":"pt-PT","@id":"https:\/\/www.larnitech.com\/#\/schema\/logo\/image\/","url":"https:\/\/www.larnitech.com\/wp-content\/uploads\/2022\/01\/logo_white.png","contentUrl":"https:\/\/www.larnitech.com\/wp-content\/uploads\/2022\/01\/logo_white.png","width":1262,"height":274,"caption":"Larnitech"},"image":{"@id":"https:\/\/www.larnitech.com\/#\/schema\/logo\/image\/"}}]}},"_links":{"self":[{"href":"https:\/\/www.larnitech.com\/pt-pt\/wp-json\/wp\/v2\/pages\/9946","targetHints":{"allow":["GET"]}}],"collection":[{"href":"https:\/\/www.larnitech.com\/pt-pt\/wp-json\/wp\/v2\/pages"}],"about":[{"href":"https:\/\/www.larnitech.com\/pt-pt\/wp-json\/wp\/v2\/types\/page"}],"author":[{"embeddable":true,"href":"https:\/\/www.larnitech.com\/pt-pt\/wp-json\/wp\/v2\/users\/1"}],"replies":[{"embeddable":true,"href":"https:\/\/www.larnitech.com\/pt-pt\/wp-json\/wp\/v2\/comments?post=9946"}],"version-history":[{"count":4,"href":"https:\/\/www.larnitech.com\/pt-pt\/wp-json\/wp\/v2\/pages\/9946\/revisions"}],"predecessor-version":[{"id":11329,"href":"https:\/\/www.larnitech.com\/pt-pt\/wp-json\/wp\/v2\/pages\/9946\/revisions\/11329"}],"wp:attachment":[{"href":"https:\/\/www.larnitech.com\/pt-pt\/wp-json\/wp\/v2\/media?parent=9946"}],"curies":[{"name":"wp","href":"https:\/\/api.w.org\/{rel}","templated":true}]}}