{"id":9930,"date":"2023-10-24T01:22:18","date_gmt":"2023-10-23T22:22:18","guid":{"rendered":"https:\/\/www.larnitech.com\/?page_id=9930"},"modified":"2023-10-24T01:22:47","modified_gmt":"2023-10-23T22:22:47","slug":"about","status":"publish","type":"page","link":"https:\/\/www.larnitech.com\/pt-pt\/about\/","title":{"rendered":"Sobre"},"content":{"rendered":"<p>O mundo moderno est\u00e1 experimentando um impulso sem precedentes na esfera de TI. N\u00f3s, na Larnitech, estamos plenamente conscientes desta tend\u00eancia e estamos a fazer tudo o que est\u00e1 ao nosso alcance para fornecer a nossa pr\u00f3pria quota de inova\u00e7\u00f5es no campo da tecnologia de casas inteligentes. Esfor\u00e7amo-nos para nos tornarmos l\u00edderes no nosso nicho de mercado. Atrav\u00e9s dos nossos produtos ecol\u00f3gicos de alta tecnologia, contribu\u00edmos para salvar os recursos naturais do mundo e cumprimos a nossa miss\u00e3o de desenvolver habita\u00e7\u00f5es modernas que combinam ideias progressistas, conforto e seguran\u00e7a.<\/p>\n<h2>Quem somos<\/h2>\n<p>Larnitech \u00e9 um fabricante alem\u00e3o de equipamentos para automa\u00e7\u00e3o de instala\u00e7\u00f5es privadas e comerciais. Temos a certeza que tudo o que \u00e9 feito manualmente na sua casa pode e deve ser automatizado.<\/p>\n<p>&nbsp;<\/p>\n<p>As solu\u00e7\u00f5es de casa &#8220;inteligente&#8221; da nossa empresa s\u00e3o um \u00fanico sistema de controlo e gest\u00e3o com uma interface conveniente e acess\u00edvel. Produzimos um sistema descentralizado de Smart Home com fios que funciona num autocarro CAN e se destaca entre outros pela sua velocidade de resposta. Tamb\u00e9m desenvolvemos a nossa pr\u00f3pria aplica\u00e7\u00e3o Larnitech, que lhe permite controlar o sistema a partir de dispositivos m\u00f3veis.<\/p>\n<p>O aplicativo \u00e9 adequado para iOS, Android, Linux e Windows e pode ser baixado da App Store e Play Market. A interface intuitiva do aplicativo com muitas fun\u00e7\u00f5es e recursos \u00e9 t\u00e3o f\u00e1cil de usar que at\u00e9 mesmo uma crian\u00e7a pode facilmente domin\u00e1-lo.<\/p>\n<p>As solu\u00e7\u00f5es da nossa empresa s\u00e3o eficazes e ao mesmo tempo simples, como o famoso construtor LEGO. Oferecemos um conjunto de elementos a partir dos quais voc\u00ea pode fazer uma automa\u00e7\u00e3o m\u00ednima com fun\u00e7\u00f5es b\u00e1sicas ou uma muito progressiva com a quantidade m\u00e1xima de recursos.<\/p>\n<p><strong>Larnitech Smart Home \u00e9:<\/strong><\/p>\n<ul>\n<li>Conforto em sua casa<\/li>\n<li>seguran\u00e7a contra penetra\u00e7\u00e3o, fugas e inc\u00eandios<\/li>\n<li>Poupar recursos e tempo<\/li>\n<\/ul>\n<p>Com Larnitech, voc\u00ea n\u00e3o cuida da casa, ela cuida de voc\u00ea!<\/p>\n<h2>A nossa hist\u00f3ria<\/h2>\n<p>A Larnitech foi fundada em 2014 em Col\u00f3nia, na Alemanha. Durante os primeiros anos da nossa atividade, produzimos equipamentos utilizando as nossas tecnologias, mas em f\u00e1bricas subcontratadas. Em 2019, lan\u00e7\u00e1mos a nossa pr\u00f3pria produ\u00e7\u00e3o, abrimos uma f\u00e1brica de ciclo completo e mud\u00e1mo-nos de Col\u00f3nia para Freudenberg.<\/p>\n<p>Durante este tempo, tr\u00eas gera\u00e7\u00f5es de equipamentos dom\u00e9sticos inteligentes foram desenvolvidas pelos nossos especialistas. Atualmente, nossos produtos s\u00e3o importados para mais de 20 pa\u00edses ao redor do mundo, e o n\u00famero de sistemas de casa inteligente instalados ultrapassou dezenas de milhares.<\/p>\n<h2>O que nos distingue dos nossos concorrentes?<\/h2>\n<p>O nosso equipamento \u00e9 simples, mas ao mesmo tempo &#8211; eficiente e f\u00e1cil de instalar. Os componentes do sistema funcionam no princ\u00edpio de Plug &amp;Play &#8211; configura\u00e7\u00e3o e lan\u00e7amento r\u00e1pidos, o que leva muito mais tempo para outros sistemas.<\/p>\n<p>Oferecemos:<\/p>\n<ul>\n<li>alta qualidade<\/li>\n<li>pre\u00e7o acess\u00edvel<\/li>\n<li>ampla funcionalidade<\/li>\n<li>Personaliza\u00e7\u00e3o para cada cliente<\/li>\n<li>sistema de programa\u00e7\u00e3o simples<\/li>\n<li>suporte on-line e a capacidade de configurar remotamente o sistema por nossos especialistas<\/li>\n<\/ul>\n<p>Outra caracter\u00edstica distintiva do nosso sistema \u00e9 que ele se monitora constantemente em busca de erros. Quando ocorre um problema, muitas vezes nem sequer o saber\u00e1, porque o nosso concession\u00e1rio ver\u00e1 uma notifica\u00e7\u00e3o de erro no painel do concession\u00e1rio e corrigi-lo-\u00e1 remotamente.<\/p>\n<p>Tamb\u00e9m oferecemos uma solu\u00e7\u00e3o \u00fanica no mercado &#8211; o kit Metaforsa. Este \u00e9 um conjunto universal com recursos b\u00e1sicos de automa\u00e7\u00e3o. \u00c9 f\u00e1cil de instalar e pronto a usar imediatamente.<\/p>\n<p>Usamos tanto um sistema de comunica\u00e7\u00e3o com fio, que \u00e9 mais confi\u00e1vel, dur\u00e1vel e n\u00e3o exposto a influ\u00eancias externas, quanto um sistema sem fio.<\/p>\n<h2>Sistema com fio<\/h2>\n<p>Todos os dispositivos s\u00e3o conectados atrav\u00e9s de barramentos de dados. As principais vantagens deste tipo de sistema s\u00e3o:<\/p>\n<ul>\n<li>Alta capacidade de resposta, uma forma r\u00e1pida e confi\u00e1vel de comunica\u00e7\u00e3o de dados<\/li>\n<li>F\u00e1cil instala\u00e7\u00e3o<\/li>\n<li>Vasta gama de equipamentos<\/li>\n<li>Elementos de seguran\u00e7a eficientes<\/li>\n<li>Longo per\u00edodo de servi\u00e7o<\/li>\n<li>O sistema n\u00e3o tem dispositivos alimentados por bateria que exijam a substitui\u00e7\u00e3o regular da bateria<\/li>\n<\/ul>\n<h2>Sistema Wireless<\/h2>\n<p>Este tipo de sistema utiliza um canal de r\u00e1dio utilizado para transferir os sinais do dispositivo controlador para as unidades executivas.<\/p>\n<p>As principais vantagens deste sistema s\u00e3o:<\/p>\n<ul>\n<li>Economia substancial \u2013 ao instalar o sistema n\u00e3o h\u00e1 necessidade de colocar fios, o que reduz o custo de consum\u00edveis e trabalho<\/li>\n<li>Instala\u00e7\u00e3o flex\u00edvel e f\u00e1cil do sistema<\/li>\n<li>Possibilidade de expandir facilmente o sistema atual<\/li>\n<\/ul>\n<h2>Benef\u00edcios de trabalhar com uma empresa<\/h2>\n<p>Por que voc\u00ea deve instalar nosso sistema de casa inteligente?<\/p>\n<p>Utilizamos no nosso trabalho os mais modernos equipamentos europeus, que produzimos na nossa pr\u00f3pria f\u00e1brica de ciclo completo.<\/p>\n<p>Os nossos concession\u00e1rios s\u00e3o profissionais com muitos anos de experi\u00eancia que ir\u00e3o instalar o sistema da forma mais r\u00e1pida e eficiente poss\u00edvel, tendo em conta todos os seus desejos.<\/p>\n<p>Acesso remoto para instala\u00e7\u00e3o: todas as altera\u00e7\u00f5es podem ser feitas sem ir ao site.<\/p>\n<p>A funcionalidade dos nossos dispositivos permite-lhe controlar todos os aspetos da gest\u00e3o da sua casa, apartamento ou escrit\u00f3rio. Os sensores dar\u00e3o um sinal quando for detetada uma fuga de \u00e1gua ou g\u00e1s, os sensores de movimento ligar\u00e3o as c\u00e2maras e receber\u00e1 uma imagem no seu smartphone ou tablet em caso de entrada n\u00e3o autorizada.<\/p>\n<p>O usu\u00e1rio tamb\u00e9m tem a capacidade de controlar o sistema de ilumina\u00e7\u00e3o em cada sala, ligar a engenharia el\u00e9trica, ar condicionado ou um centro de m\u00fasica de acordo com o hor\u00e1rio. Al\u00e9m disso, tudo isso pode ser feito tanto diretamente nas instala\u00e7\u00f5es quanto remotamente &#8211; por exemplo, no caminho para casa.<\/p>\n<p>O controlo de casa inteligente \u00e9 realizado a partir de qualquer dispositivo &#8211; voc\u00ea pode usar um smartphone, tablet, laptop ou at\u00e9 mesmo um rel\u00f3gio inteligente. Uma aplica\u00e7\u00e3o \u00fanica desenvolvida pela nossa empresa para controlar a funcionalidade da Casa Inteligente, bem como uma solu\u00e7\u00e3o pronta &#8220;fora da caixa&#8221; permitem transformar a sua casa num espa\u00e7o moderno, multifuncional e confort\u00e1vel para viver e trabalhar.<\/p>\n<h3>M\u00d3DULOS DE INTERFACE<\/h3>\n<p>Um \u00fanico sistema perfeito, desde o sensor mais simples at\u00e9 software e servi\u00e7o web.<\/p>\n<p>Os m\u00f3dulos de interface proporcionam a integra\u00e7\u00e3o de v\u00e1rios dispositivos num sistema unificado de automa\u00e7\u00e3o e controlo (pain\u00e9is solares, dispositivos de medi\u00e7\u00e3o, bombas de calor, etc.).<\/p>\n<h3>COMPONENTES MODERNOS DE ALTA QUALIDADE<\/h3>\n<p>Produtos de alta tecnologia e amigos do ambiente que n\u00e3o ocupam muito espa\u00e7o e n\u00e3o estragam o design.<\/p>\n<p>A utiliza\u00e7\u00e3o de componentes de qualidade permitiu-nos expandir a funcionalidade dos nossos equipamentos e reduzir ao m\u00ednimo o seu tamanho, peso e consumo de energia. O sistema utiliza micro-sensores e unidades de controlo compactas que n\u00e3o afetar\u00e3o o interior da sua casa.<\/p>\n<h3>FIABILIDADE<\/h3>\n<p>Qualidade alem\u00e3 e garantia de equipamento de 2 anos<\/p>\n<p>Com base no princ\u00edpio da &#8220;l\u00f3gica distribu\u00edda&#8221;, o nosso sistema n\u00e3o tem uma unidade central, o que aumenta a sua fiabilidade. Se um controlador, m\u00f3dulo ou sensor congelar, todos os outros dispositivos continuar\u00e3o a funcionar. Os componentes individuais da rede comunicam entre si e desempenham as suas pr\u00f3prias fun\u00e7\u00f5es com base nas informa\u00e7\u00f5es recebidas de outras unidades.<\/p>\n<p>A tecnologia MESH foi usada para criar o sistema sem fio. Todos os componentes do sistema interagem entre si para realizar o trabalho da maneira mais eficiente.<\/p>\n<h3>FLEXIBILIDADE DO SISTEMA<\/h3>\n<p>Devido \u00e0 l\u00f3gica distribu\u00edda, o sistema \u00e9 facilmente expans\u00edvel, e permite que voc\u00ea conecte muitos dispositivos diferentes, estendendo assim a funcionalidade do sistema. Os utilizadores podem alterar determinadas defini\u00e7\u00f5es do sistema sem assist\u00eancia especializada.<\/p>\n<h3>POUPAN\u00c7A DE RECURSOS<\/h3>\n<p>Poupar at\u00e9 30% dos recursos energ\u00e9ticos permite-lhe devolver rapidamente os investimentos numa casa inteligente.<\/p>\n<p>Smart Home integra todos os sistemas, garantindo um funcionamento ininterrupto e eficiente. A efici\u00eancia energ\u00e9tica \u00e9 conseguida principalmente atrav\u00e9s da automatiza\u00e7\u00e3o da ilumina\u00e7\u00e3o e do microclima. Existem v\u00e1rias op\u00e7\u00f5es para configurar o sistema, incluindo: usando sensores de movimento, dados de calend\u00e1rio, configura\u00e7\u00f5es especiais, individuais para diferentes \u00e1reas da casa, etc. As estat\u00edsticas dos sensores e o uso de aparelhos el\u00e9tricos podem ser usados para otimizar o consumo de eletricidade.<\/p>\n<p>A Larnitech oferece-lhe solu\u00e7\u00f5es de dom\u00f3tica de alta qualidade a pre\u00e7os acess\u00edveis! Torne a sua vida ainda mais confort\u00e1vel, c\u00f3moda e segura, com uma casa que cuidar\u00e1 de tudo isto por si!<\/p>\n<p><a href=\"https:\/\/drive.google.com\/file\/d\/15p1bVG-B2drAMqsyPXaKJ5jACVGR8MDg\/view?usp=sharing\">Descarregar a apresenta\u00e7\u00e3o<\/a><\/p>\n<p>&nbsp;<\/p>\n","protected":false},"excerpt":{"rendered":"<p>O mundo moderno est\u00e1 experimentando um impulso sem precedentes na esfera de TI. N\u00f3s, na Larnitech, estamos plenamente conscientes desta tend\u00eancia e estamos a fazer tudo o que est\u00e1 ao nosso alcance para fornecer a nossa pr\u00f3pria quota de inova\u00e7\u00f5es no campo da tecnologia de casas inteligentes. Esfor\u00e7amo-nos para nos tornarmos l\u00edderes no nosso nicho&#8230;<\/p>\n","protected":false},"author":5,"featured_media":0,"parent":0,"menu_order":0,"comment_status":"closed","ping_status":"closed","template":"","meta":{"inline_featured_image":false,"footnotes":""},"class_list":["post-9930","page","type-page","status-publish","hentry"],"acf":[],"yoast_head":"<!-- This site is optimized with the Yoast SEO Premium plugin v19.0.1 (Yoast SEO v19.12) - https:\/\/yoast.com\/wordpress\/plugins\/seo\/ -->\n<title>Sobre - Larnitech<\/title>\n<meta name=\"robots\" content=\"index, follow, max-snippet:-1, max-image-preview:large, max-video-preview:-1\" \/>\n<meta property=\"og:locale\" content=\"pt_PT\" \/>\n<meta property=\"og:type\" content=\"article\" \/>\n<meta property=\"og:title\" content=\"Sobre\" \/>\n<meta property=\"og:description\" content=\"O mundo moderno est\u00e1 experimentando um impulso sem precedentes na esfera de TI. N\u00f3s, na Larnitech, estamos plenamente conscientes desta tend\u00eancia e estamos a fazer tudo o que est\u00e1 ao nosso alcance para fornecer a nossa pr\u00f3pria quota de inova\u00e7\u00f5es no campo da tecnologia de casas inteligentes. Esfor\u00e7amo-nos para nos tornarmos l\u00edderes no nosso nicho...\" \/>\n<meta property=\"og:url\" content=\"https:\/\/www.larnitech.com\/pt-pt\/about\/\" \/>\n<meta property=\"og:site_name\" content=\"Larnitech\" \/>\n<meta property=\"article:modified_time\" content=\"2023-10-23T22:22:47+00:00\" \/>\n<meta name=\"twitter:card\" content=\"summary_large_image\" \/>\n<meta name=\"twitter:label1\" content=\"Tempo estimado de leitura\" \/>\n\t<meta name=\"twitter:data1\" content=\"7 minutos\" \/>\n<script type=\"application\/ld+json\" class=\"yoast-schema-graph\">{\"@context\":\"https:\/\/schema.org\",\"@graph\":[{\"@type\":\"WebPage\",\"@id\":\"https:\/\/www.larnitech.com\/pt-pt\/about\/\",\"url\":\"https:\/\/www.larnitech.com\/pt-pt\/about\/\",\"name\":\"Sobre - Larnitech\",\"isPartOf\":{\"@id\":\"https:\/\/www.larnitech.com\/#website\"},\"datePublished\":\"2023-10-23T22:22:18+00:00\",\"dateModified\":\"2023-10-23T22:22:47+00:00\",\"breadcrumb\":{\"@id\":\"https:\/\/www.larnitech.com\/pt-pt\/about\/#breadcrumb\"},\"inLanguage\":\"pt-PT\",\"potentialAction\":[{\"@type\":\"ReadAction\",\"target\":[\"https:\/\/www.larnitech.com\/pt-pt\/about\/\"]}]},{\"@type\":\"BreadcrumbList\",\"@id\":\"https:\/\/www.larnitech.com\/pt-pt\/about\/#breadcrumb\",\"itemListElement\":[{\"@type\":\"ListItem\",\"position\":1,\"name\":\"Home\",\"item\":\"https:\/\/www.larnitech.com\/pt-pt\/main\/\"},{\"@type\":\"ListItem\",\"position\":2,\"name\":\"Sobre\"}]},{\"@type\":\"WebSite\",\"@id\":\"https:\/\/www.larnitech.com\/#website\",\"url\":\"https:\/\/www.larnitech.com\/\",\"name\":\"Larnitech\",\"description\":\"\",\"publisher\":{\"@id\":\"https:\/\/www.larnitech.com\/#organization\"},\"potentialAction\":[{\"@type\":\"SearchAction\",\"target\":{\"@type\":\"EntryPoint\",\"urlTemplate\":\"https:\/\/www.larnitech.com\/?s={search_term_string}\"},\"query-input\":\"required name=search_term_string\"}],\"inLanguage\":\"pt-PT\"},{\"@type\":\"Organization\",\"@id\":\"https:\/\/www.larnitech.com\/#organization\",\"name\":\"Larnitech\",\"url\":\"https:\/\/www.larnitech.com\/\",\"logo\":{\"@type\":\"ImageObject\",\"inLanguage\":\"pt-PT\",\"@id\":\"https:\/\/www.larnitech.com\/#\/schema\/logo\/image\/\",\"url\":\"https:\/\/www.larnitech.com\/wp-content\/uploads\/2022\/01\/logo_white.png\",\"contentUrl\":\"https:\/\/www.larnitech.com\/wp-content\/uploads\/2022\/01\/logo_white.png\",\"width\":1262,\"height\":274,\"caption\":\"Larnitech\"},\"image\":{\"@id\":\"https:\/\/www.larnitech.com\/#\/schema\/logo\/image\/\"}}]}<\/script>\n<!-- \/ Yoast SEO Premium plugin. -->","yoast_head_json":{"title":"Sobre - Larnitech","robots":{"index":"index","follow":"follow","max-snippet":"max-snippet:-1","max-image-preview":"max-image-preview:large","max-video-preview":"max-video-preview:-1"},"og_locale":"pt_PT","og_type":"article","og_title":"Sobre","og_description":"O mundo moderno est\u00e1 experimentando um impulso sem precedentes na esfera de TI. N\u00f3s, na Larnitech, estamos plenamente conscientes desta tend\u00eancia e estamos a fazer tudo o que est\u00e1 ao nosso alcance para fornecer a nossa pr\u00f3pria quota de inova\u00e7\u00f5es no campo da tecnologia de casas inteligentes. Esfor\u00e7amo-nos para nos tornarmos l\u00edderes no nosso nicho...","og_url":"https:\/\/www.larnitech.com\/pt-pt\/about\/","og_site_name":"Larnitech","article_modified_time":"2023-10-23T22:22:47+00:00","twitter_card":"summary_large_image","twitter_misc":{"Tempo estimado de leitura":"7 minutos"},"schema":{"@context":"https:\/\/schema.org","@graph":[{"@type":"WebPage","@id":"https:\/\/www.larnitech.com\/pt-pt\/about\/","url":"https:\/\/www.larnitech.com\/pt-pt\/about\/","name":"Sobre - Larnitech","isPartOf":{"@id":"https:\/\/www.larnitech.com\/#website"},"datePublished":"2023-10-23T22:22:18+00:00","dateModified":"2023-10-23T22:22:47+00:00","breadcrumb":{"@id":"https:\/\/www.larnitech.com\/pt-pt\/about\/#breadcrumb"},"inLanguage":"pt-PT","potentialAction":[{"@type":"ReadAction","target":["https:\/\/www.larnitech.com\/pt-pt\/about\/"]}]},{"@type":"BreadcrumbList","@id":"https:\/\/www.larnitech.com\/pt-pt\/about\/#breadcrumb","itemListElement":[{"@type":"ListItem","position":1,"name":"Home","item":"https:\/\/www.larnitech.com\/pt-pt\/main\/"},{"@type":"ListItem","position":2,"name":"Sobre"}]},{"@type":"WebSite","@id":"https:\/\/www.larnitech.com\/#website","url":"https:\/\/www.larnitech.com\/","name":"Larnitech","description":"","publisher":{"@id":"https:\/\/www.larnitech.com\/#organization"},"potentialAction":[{"@type":"SearchAction","target":{"@type":"EntryPoint","urlTemplate":"https:\/\/www.larnitech.com\/?s={search_term_string}"},"query-input":"required name=search_term_string"}],"inLanguage":"pt-PT"},{"@type":"Organization","@id":"https:\/\/www.larnitech.com\/#organization","name":"Larnitech","url":"https:\/\/www.larnitech.com\/","logo":{"@type":"ImageObject","inLanguage":"pt-PT","@id":"https:\/\/www.larnitech.com\/#\/schema\/logo\/image\/","url":"https:\/\/www.larnitech.com\/wp-content\/uploads\/2022\/01\/logo_white.png","contentUrl":"https:\/\/www.larnitech.com\/wp-content\/uploads\/2022\/01\/logo_white.png","width":1262,"height":274,"caption":"Larnitech"},"image":{"@id":"https:\/\/www.larnitech.com\/#\/schema\/logo\/image\/"}}]}},"_links":{"self":[{"href":"https:\/\/www.larnitech.com\/pt-pt\/wp-json\/wp\/v2\/pages\/9930","targetHints":{"allow":["GET"]}}],"collection":[{"href":"https:\/\/www.larnitech.com\/pt-pt\/wp-json\/wp\/v2\/pages"}],"about":[{"href":"https:\/\/www.larnitech.com\/pt-pt\/wp-json\/wp\/v2\/types\/page"}],"author":[{"embeddable":true,"href":"https:\/\/www.larnitech.com\/pt-pt\/wp-json\/wp\/v2\/users\/5"}],"replies":[{"embeddable":true,"href":"https:\/\/www.larnitech.com\/pt-pt\/wp-json\/wp\/v2\/comments?post=9930"}],"version-history":[{"count":2,"href":"https:\/\/www.larnitech.com\/pt-pt\/wp-json\/wp\/v2\/pages\/9930\/revisions"}],"predecessor-version":[{"id":9932,"href":"https:\/\/www.larnitech.com\/pt-pt\/wp-json\/wp\/v2\/pages\/9930\/revisions\/9932"}],"wp:attachment":[{"href":"https:\/\/www.larnitech.com\/pt-pt\/wp-json\/wp\/v2\/media?parent=9930"}],"curies":[{"name":"wp","href":"https:\/\/api.w.org\/{rel}","templated":true}]}}