{"id":11997,"date":"2023-12-25T16:25:12","date_gmt":"2023-12-25T14:25:12","guid":{"rendered":"https:\/\/www.larnitech.com\/escritorio-inteligente\/"},"modified":"2023-12-25T16:25:12","modified_gmt":"2023-12-25T14:25:12","slug":"escritorio-inteligente","status":"publish","type":"page","link":"https:\/\/www.larnitech.com\/pt-pt\/escritorio-inteligente\/","title":{"rendered":"Escrit\u00f3rio inteligente"},"content":{"rendered":"<p><strong>Sistema de escrit\u00f3rio inteligente<\/strong><\/p>\n<p>Hoje em dia <strong>sistema de escrit\u00f3rio inteligente<\/strong> est\u00e1 a tornar-se um dos sinais de uma empresa verdadeiramente progressista e prestigiada que acompanha os tempos. J\u00e1 n\u00e3o \u00e9 um &#8220;brinquedo para os ricos&#8221;, mas uma solu\u00e7\u00e3o funcional, fi\u00e1vel e segura que \u00e9 procurada em todo o mundo.<\/p>\n<p><strong>Sistema dom\u00e9stico inteligente para escrit\u00f3rio<\/strong> d\u00e1-lhe a oportunidade de gerir a sua empresa de forma extremamente eficiente, poupando tempo nas tarefas de rotina. Voc\u00ea e os seus empregados trabalhar\u00e3o sempre nas condi\u00e7\u00f5es mais confort\u00e1veis.<\/p>\n<p><strong>Automatiza\u00e7\u00e3o do escrit\u00f3rio<\/strong><\/p>\n<p>De que elementos pode ser composto um sistema deste tipo? Em primeiro lugar, os que refor\u00e7am a seguran\u00e7a: sensores de movimento, de abertura, de proximidade e outros integrados em sistemas de alarme e de videovigil\u00e2ncia. Estes podem tamb\u00e9m incluir sensores de fugas, CO2, fumo, qualidade do ar, inc\u00eandio, temperatura, chuva exterior e vento.<\/p>\n<p>O sistema inclui tamb\u00e9m elementos que aumentam o conforto da utiliza\u00e7\u00e3o de aparelhos e equipamentos dom\u00e9sticos b\u00e1sicos (ligar e desligar aparelhos el\u00e9ctricos \u00e0 dist\u00e2ncia).<\/p>\n<p>O terceiro grupo de automatiza\u00e7\u00e3o inclui elementos como o controlo autom\u00e1tico da climatiza\u00e7\u00e3o, o desligar e ligar remotamente a ilumina\u00e7\u00e3o, o aquecimento, a determinadas horas de acordo com um hor\u00e1rio pr\u00e9-determinado, a resposta autom\u00e1tica \u00e0 presen\u00e7a de pessoas.<\/p>\n<p>O quarto grupo visa realizar economias espec\u00edficas, por exemplo, no consumo de eletricidade e calor (controlo da ilumina\u00e7\u00e3o e da temperatura ambiente em fun\u00e7\u00e3o da hora do dia e do n\u00famero de pessoas presentes, bem como das condi\u00e7\u00f5es meteorol\u00f3gicas externas).<\/p>\n<p>O quinto grupo de automa\u00e7\u00e3o \u00e9 constitu\u00eddo pelos sistemas de automa\u00e7\u00e3o multim\u00e9dia, cada vez mais procurados (sistemas de ilumina\u00e7\u00e3o RGB, controlo complexo de equipamento \u00e1udio-v\u00eddeo, projectores, televisores, receptores de sat\u00e9lite).<\/p>\n<p>Sexto &#8211; sistemas de comunica\u00e7\u00e3o via Internet e GSM (controlo via Internet ou telem\u00f3vel a partir de qualquer parte do mundo, notifica\u00e7\u00e3o de eventos, etc.).<\/p>\n","protected":false},"excerpt":{"rendered":"<p>Sistema de escrit\u00f3rio inteligente Hoje em dia sistema de escrit\u00f3rio inteligente est\u00e1 a tornar-se um dos sinais de uma empresa verdadeiramente progressista e prestigiada que acompanha os tempos. J\u00e1 n\u00e3o \u00e9 um &#8220;brinquedo para os ricos&#8221;, mas uma solu\u00e7\u00e3o funcional, fi\u00e1vel e segura que \u00e9 procurada em todo o mundo. Sistema dom\u00e9stico inteligente para escrit\u00f3rio&#8230;<\/p>\n","protected":false},"author":1,"featured_media":0,"parent":0,"menu_order":0,"comment_status":"closed","ping_status":"closed","template":"page-templates\/project.php","meta":{"inline_featured_image":false,"footnotes":""},"class_list":["post-11997","page","type-page","status-publish","hentry"],"acf":[],"yoast_head":"<!-- This site is optimized with the Yoast SEO Premium plugin v19.0.1 (Yoast SEO v19.12) - https:\/\/yoast.com\/wordpress\/plugins\/seo\/ -->\n<title>Escrit\u00f3rio inteligente - sistemas dom\u00e9sticos inteligentes da\u3010Larnitech\u3011<\/title>\n<meta name=\"description\" content=\"Sistema de casa inteligente para escrit\u00f3rio da\u3010Larnitech\u3011\u23e9 Hardware \u26a1 Software \u26a1Servi\u00e7os Web para uma automatiza\u00e7\u00e3o completa do seu escrit\u00f3rio. \u2b50Forma\u00e7\u00e3o e apoio t\u00e9cnico\" \/>\n<meta name=\"robots\" content=\"index, follow, max-snippet:-1, max-image-preview:large, max-video-preview:-1\" \/>\n<meta property=\"og:locale\" content=\"pt_PT\" \/>\n<meta property=\"og:type\" content=\"article\" \/>\n<meta property=\"og:title\" content=\"Escrit\u00f3rio inteligente\" \/>\n<meta property=\"og:description\" content=\"Sistema de casa inteligente para escrit\u00f3rio da\u3010Larnitech\u3011\u23e9 Hardware \u26a1 Software \u26a1Servi\u00e7os Web para uma automatiza\u00e7\u00e3o completa do seu escrit\u00f3rio. \u2b50Forma\u00e7\u00e3o e apoio t\u00e9cnico\" \/>\n<meta property=\"og:url\" content=\"https:\/\/www.larnitech.com\/pt-pt\/escritorio-inteligente\/\" \/>\n<meta property=\"og:site_name\" content=\"Larnitech\" \/>\n<meta name=\"twitter:card\" content=\"summary_large_image\" \/>\n<meta name=\"twitter:label1\" content=\"Tempo estimado de leitura\" \/>\n\t<meta name=\"twitter:data1\" content=\"2 minutos\" \/>\n<script type=\"application\/ld+json\" class=\"yoast-schema-graph\">{\"@context\":\"https:\/\/schema.org\",\"@graph\":[{\"@type\":\"WebPage\",\"@id\":\"https:\/\/www.larnitech.com\/pt-pt\/escritorio-inteligente\/\",\"url\":\"https:\/\/www.larnitech.com\/pt-pt\/escritorio-inteligente\/\",\"name\":\"Escrit\u00f3rio inteligente - sistemas dom\u00e9sticos inteligentes da\u3010Larnitech\u3011\",\"isPartOf\":{\"@id\":\"https:\/\/www.larnitech.com\/#website\"},\"datePublished\":\"2023-12-25T14:25:12+00:00\",\"dateModified\":\"2023-12-25T14:25:12+00:00\",\"description\":\"Sistema de casa inteligente para escrit\u00f3rio da\u3010Larnitech\u3011\u23e9 Hardware \u26a1 Software \u26a1Servi\u00e7os Web para uma automatiza\u00e7\u00e3o completa do seu escrit\u00f3rio. \u2b50Forma\u00e7\u00e3o e apoio t\u00e9cnico\",\"breadcrumb\":{\"@id\":\"https:\/\/www.larnitech.com\/pt-pt\/escritorio-inteligente\/#breadcrumb\"},\"inLanguage\":\"pt-PT\",\"potentialAction\":[{\"@type\":\"ReadAction\",\"target\":[\"https:\/\/www.larnitech.com\/pt-pt\/escritorio-inteligente\/\"]}]},{\"@type\":\"BreadcrumbList\",\"@id\":\"https:\/\/www.larnitech.com\/pt-pt\/escritorio-inteligente\/#breadcrumb\",\"itemListElement\":[{\"@type\":\"ListItem\",\"position\":1,\"name\":\"Home\",\"item\":\"https:\/\/www.larnitech.com\/pt-pt\/main\/\"},{\"@type\":\"ListItem\",\"position\":2,\"name\":\"Escrit\u00f3rio inteligente\"}]},{\"@type\":\"WebSite\",\"@id\":\"https:\/\/www.larnitech.com\/#website\",\"url\":\"https:\/\/www.larnitech.com\/\",\"name\":\"Larnitech\",\"description\":\"\",\"publisher\":{\"@id\":\"https:\/\/www.larnitech.com\/#organization\"},\"potentialAction\":[{\"@type\":\"SearchAction\",\"target\":{\"@type\":\"EntryPoint\",\"urlTemplate\":\"https:\/\/www.larnitech.com\/?s={search_term_string}\"},\"query-input\":\"required name=search_term_string\"}],\"inLanguage\":\"pt-PT\"},{\"@type\":\"Organization\",\"@id\":\"https:\/\/www.larnitech.com\/#organization\",\"name\":\"Larnitech\",\"url\":\"https:\/\/www.larnitech.com\/\",\"logo\":{\"@type\":\"ImageObject\",\"inLanguage\":\"pt-PT\",\"@id\":\"https:\/\/www.larnitech.com\/#\/schema\/logo\/image\/\",\"url\":\"https:\/\/www.larnitech.com\/wp-content\/uploads\/2022\/01\/logo_white.png\",\"contentUrl\":\"https:\/\/www.larnitech.com\/wp-content\/uploads\/2022\/01\/logo_white.png\",\"width\":1262,\"height\":274,\"caption\":\"Larnitech\"},\"image\":{\"@id\":\"https:\/\/www.larnitech.com\/#\/schema\/logo\/image\/\"}}]}<\/script>\n<!-- \/ Yoast SEO Premium plugin. -->","yoast_head_json":{"title":"Escrit\u00f3rio inteligente - sistemas dom\u00e9sticos inteligentes da\u3010Larnitech\u3011","description":"Sistema de casa inteligente para escrit\u00f3rio da\u3010Larnitech\u3011\u23e9 Hardware \u26a1 Software \u26a1Servi\u00e7os Web para uma automatiza\u00e7\u00e3o completa do seu escrit\u00f3rio. \u2b50Forma\u00e7\u00e3o e apoio t\u00e9cnico","robots":{"index":"index","follow":"follow","max-snippet":"max-snippet:-1","max-image-preview":"max-image-preview:large","max-video-preview":"max-video-preview:-1"},"og_locale":"pt_PT","og_type":"article","og_title":"Escrit\u00f3rio inteligente","og_description":"Sistema de casa inteligente para escrit\u00f3rio da\u3010Larnitech\u3011\u23e9 Hardware \u26a1 Software \u26a1Servi\u00e7os Web para uma automatiza\u00e7\u00e3o completa do seu escrit\u00f3rio. \u2b50Forma\u00e7\u00e3o e apoio t\u00e9cnico","og_url":"https:\/\/www.larnitech.com\/pt-pt\/escritorio-inteligente\/","og_site_name":"Larnitech","twitter_card":"summary_large_image","twitter_misc":{"Tempo estimado de leitura":"2 minutos"},"schema":{"@context":"https:\/\/schema.org","@graph":[{"@type":"WebPage","@id":"https:\/\/www.larnitech.com\/pt-pt\/escritorio-inteligente\/","url":"https:\/\/www.larnitech.com\/pt-pt\/escritorio-inteligente\/","name":"Escrit\u00f3rio inteligente - sistemas dom\u00e9sticos inteligentes da\u3010Larnitech\u3011","isPartOf":{"@id":"https:\/\/www.larnitech.com\/#website"},"datePublished":"2023-12-25T14:25:12+00:00","dateModified":"2023-12-25T14:25:12+00:00","description":"Sistema de casa inteligente para escrit\u00f3rio da\u3010Larnitech\u3011\u23e9 Hardware \u26a1 Software \u26a1Servi\u00e7os Web para uma automatiza\u00e7\u00e3o completa do seu escrit\u00f3rio. \u2b50Forma\u00e7\u00e3o e apoio t\u00e9cnico","breadcrumb":{"@id":"https:\/\/www.larnitech.com\/pt-pt\/escritorio-inteligente\/#breadcrumb"},"inLanguage":"pt-PT","potentialAction":[{"@type":"ReadAction","target":["https:\/\/www.larnitech.com\/pt-pt\/escritorio-inteligente\/"]}]},{"@type":"BreadcrumbList","@id":"https:\/\/www.larnitech.com\/pt-pt\/escritorio-inteligente\/#breadcrumb","itemListElement":[{"@type":"ListItem","position":1,"name":"Home","item":"https:\/\/www.larnitech.com\/pt-pt\/main\/"},{"@type":"ListItem","position":2,"name":"Escrit\u00f3rio inteligente"}]},{"@type":"WebSite","@id":"https:\/\/www.larnitech.com\/#website","url":"https:\/\/www.larnitech.com\/","name":"Larnitech","description":"","publisher":{"@id":"https:\/\/www.larnitech.com\/#organization"},"potentialAction":[{"@type":"SearchAction","target":{"@type":"EntryPoint","urlTemplate":"https:\/\/www.larnitech.com\/?s={search_term_string}"},"query-input":"required name=search_term_string"}],"inLanguage":"pt-PT"},{"@type":"Organization","@id":"https:\/\/www.larnitech.com\/#organization","name":"Larnitech","url":"https:\/\/www.larnitech.com\/","logo":{"@type":"ImageObject","inLanguage":"pt-PT","@id":"https:\/\/www.larnitech.com\/#\/schema\/logo\/image\/","url":"https:\/\/www.larnitech.com\/wp-content\/uploads\/2022\/01\/logo_white.png","contentUrl":"https:\/\/www.larnitech.com\/wp-content\/uploads\/2022\/01\/logo_white.png","width":1262,"height":274,"caption":"Larnitech"},"image":{"@id":"https:\/\/www.larnitech.com\/#\/schema\/logo\/image\/"}}]}},"_links":{"self":[{"href":"https:\/\/www.larnitech.com\/pt-pt\/wp-json\/wp\/v2\/pages\/11997","targetHints":{"allow":["GET"]}}],"collection":[{"href":"https:\/\/www.larnitech.com\/pt-pt\/wp-json\/wp\/v2\/pages"}],"about":[{"href":"https:\/\/www.larnitech.com\/pt-pt\/wp-json\/wp\/v2\/types\/page"}],"author":[{"embeddable":true,"href":"https:\/\/www.larnitech.com\/pt-pt\/wp-json\/wp\/v2\/users\/1"}],"replies":[{"embeddable":true,"href":"https:\/\/www.larnitech.com\/pt-pt\/wp-json\/wp\/v2\/comments?post=11997"}],"version-history":[{"count":0,"href":"https:\/\/www.larnitech.com\/pt-pt\/wp-json\/wp\/v2\/pages\/11997\/revisions"}],"wp:attachment":[{"href":"https:\/\/www.larnitech.com\/pt-pt\/wp-json\/wp\/v2\/media?parent=11997"}],"curies":[{"name":"wp","href":"https:\/\/api.w.org\/{rel}","templated":true}]}}