{"id":9751,"date":"2024-01-10T13:24:45","date_gmt":"2024-01-10T11:24:45","guid":{"rendered":"https:\/\/www.larnitech.com\/?post_type=product&#038;p=9751"},"modified":"2024-01-10T13:24:45","modified_gmt":"2024-01-10T11:24:45","slug":"de-mg-plus","status":"publish","type":"product","link":"https:\/\/www.larnitech.com\/pl\/product\/de-mg-plus\/","title":{"rendered":"DE-MG.PLUS"},"content":{"rendered":"<p>S\u0142u\u017cy do gromadzenia i przechowywania danych systemowych. Urz\u0105dzenie okre\u015bla schemat logiczny systemu i umo\u017cliwia autoryzowany dost\u0119p do systemu przez Internet. Konwertuje r\u00f3wnie\u017c Ethernet na magistral\u0119 CAN i odwrotnie. DE-MG posiada wbudowany odbiornik podczerwieni.<\/p>\n<p>DE-MG mo\u017ce by\u0107 sterowany przez chmur\u0119 za pomoc\u0105 bezpiecznie zaszyfrowanego sygna\u0142u. Historia systemu ze wszystkich innych urz\u0105dze\u0144 i czujnik\u00f3w jest przechowywana w DE-MG przez rok. Jego funkcja plug and play oznacza, \u017ce automatycznie wykrywa i konfiguruje nowe urz\u0105dzenia Larnitech, kt\u00f3re s\u0105 dodawane do systemu. Du\u017ca i stale aktualizowana baza gotowych skrypt\u00f3w zapewnia, \u017ce Tw\u00f3j dom zrobi wszystko, czego tylko zapragniesz. Zacznij dzia\u0142a\u0107, m\u00f3wi\u0105c swojemu domowi, co ma robi\u0107, za pomoc\u0105 Siri, Alexa lub Google Home. Otrzymuj powiadomienia push na sw\u00f3j telefon za ka\u017cdym razem, gdy system ma Ci co\u015b do powiedzenia i ciesz si\u0119 najwy\u017csz\u0105 kontrol\u0105 na wyci\u0105gni\u0119cie r\u0119ki.<\/p>\n","protected":false},"featured_media":7159,"template":"","meta":{"inline_featured_image":false,"footnotes":""},"products":[37],"class_list":["post-9751","product","type-product","status-publish","has-post-thumbnail","hentry","products-din-rail-gateways"],"acf":[],"yoast_head":"<!-- This site is optimized with the Yoast SEO Premium plugin v19.0.1 (Yoast SEO v19.12) - https:\/\/yoast.com\/wordpress\/plugins\/seo\/ -->\n<title>DE-MG.PLUS - Larnitech<\/title>\n<meta name=\"robots\" content=\"index, follow, max-snippet:-1, max-image-preview:large, max-video-preview:-1\" \/>\n<meta property=\"og:locale\" content=\"pl_PL\" \/>\n<meta property=\"og:type\" content=\"article\" \/>\n<meta property=\"og:title\" content=\"DE-MG.PLUS\" \/>\n<meta property=\"og:description\" content=\"S\u0142u\u017cy do gromadzenia i przechowywania danych systemowych. Urz\u0105dzenie okre\u015bla schemat logiczny systemu i umo\u017cliwia autoryzowany dost\u0119p do systemu przez Internet. Konwertuje r\u00f3wnie\u017c Ethernet na magistral\u0119 CAN i odwrotnie. DE-MG posiada wbudowany odbiornik podczerwieni. DE-MG mo\u017ce by\u0107 sterowany przez chmur\u0119 za pomoc\u0105 bezpiecznie zaszyfrowanego sygna\u0142u. Historia systemu ze wszystkich innych urz\u0105dze\u0144 i czujnik\u00f3w jest przechowywana w...\" \/>\n<meta property=\"og:url\" content=\"https:\/\/www.larnitech.com\/pl\/product\/de-mg-plus\/\" \/>\n<meta property=\"og:site_name\" content=\"Larnitech\" \/>\n<meta property=\"og:image\" content=\"https:\/\/www.larnitech.com\/wp-content\/uploads\/2022\/07\/DE-MG.plus_.png\" \/>\n\t<meta property=\"og:image:width\" content=\"1500\" \/>\n\t<meta property=\"og:image:height\" content=\"1500\" \/>\n\t<meta property=\"og:image:type\" content=\"image\/png\" \/>\n<meta name=\"twitter:card\" content=\"summary_large_image\" \/>\n<meta name=\"twitter:label1\" content=\"Szacowany czas czytania\" \/>\n\t<meta name=\"twitter:data1\" content=\"1 minuta\" \/>\n<script type=\"application\/ld+json\" class=\"yoast-schema-graph\">{\"@context\":\"https:\/\/schema.org\",\"@graph\":[{\"@type\":\"WebPage\",\"@id\":\"https:\/\/www.larnitech.com\/pl\/product\/de-mg-plus\/\",\"url\":\"https:\/\/www.larnitech.com\/pl\/product\/de-mg-plus\/\",\"name\":\"DE-MG.PLUS - Larnitech\",\"isPartOf\":{\"@id\":\"https:\/\/www.larnitech.com\/#website\"},\"datePublished\":\"2024-01-10T11:24:45+00:00\",\"dateModified\":\"2024-01-10T11:24:45+00:00\",\"breadcrumb\":{\"@id\":\"https:\/\/www.larnitech.com\/pl\/product\/de-mg-plus\/#breadcrumb\"},\"inLanguage\":\"pl-PL\",\"potentialAction\":[{\"@type\":\"ReadAction\",\"target\":[\"https:\/\/www.larnitech.com\/pl\/product\/de-mg-plus\/\"]}]},{\"@type\":\"BreadcrumbList\",\"@id\":\"https:\/\/www.larnitech.com\/pl\/product\/de-mg-plus\/#breadcrumb\",\"itemListElement\":[{\"@type\":\"ListItem\",\"position\":1,\"name\":\"Home\",\"item\":\"https:\/\/www.larnitech.com\/pl\/\"},{\"@type\":\"ListItem\",\"position\":2,\"name\":\"Products\",\"item\":\"https:\/\/www.larnitech.com\/ua\/product\/\"},{\"@type\":\"ListItem\",\"position\":3,\"name\":\"DE-MG.PLUS\"}]},{\"@type\":\"WebSite\",\"@id\":\"https:\/\/www.larnitech.com\/#website\",\"url\":\"https:\/\/www.larnitech.com\/\",\"name\":\"Larnitech\",\"description\":\"\",\"publisher\":{\"@id\":\"https:\/\/www.larnitech.com\/#organization\"},\"potentialAction\":[{\"@type\":\"SearchAction\",\"target\":{\"@type\":\"EntryPoint\",\"urlTemplate\":\"https:\/\/www.larnitech.com\/?s={search_term_string}\"},\"query-input\":\"required name=search_term_string\"}],\"inLanguage\":\"pl-PL\"},{\"@type\":\"Organization\",\"@id\":\"https:\/\/www.larnitech.com\/#organization\",\"name\":\"Larnitech\",\"url\":\"https:\/\/www.larnitech.com\/\",\"logo\":{\"@type\":\"ImageObject\",\"inLanguage\":\"pl-PL\",\"@id\":\"https:\/\/www.larnitech.com\/#\/schema\/logo\/image\/\",\"url\":\"https:\/\/www.larnitech.com\/wp-content\/uploads\/2022\/01\/logo_white.png\",\"contentUrl\":\"https:\/\/www.larnitech.com\/wp-content\/uploads\/2022\/01\/logo_white.png\",\"width\":1262,\"height\":274,\"caption\":\"Larnitech\"},\"image\":{\"@id\":\"https:\/\/www.larnitech.com\/#\/schema\/logo\/image\/\"}}]}<\/script>\n<!-- \/ Yoast SEO Premium plugin. -->","yoast_head_json":{"title":"DE-MG.PLUS - Larnitech","robots":{"index":"index","follow":"follow","max-snippet":"max-snippet:-1","max-image-preview":"max-image-preview:large","max-video-preview":"max-video-preview:-1"},"og_locale":"pl_PL","og_type":"article","og_title":"DE-MG.PLUS","og_description":"S\u0142u\u017cy do gromadzenia i przechowywania danych systemowych. Urz\u0105dzenie okre\u015bla schemat logiczny systemu i umo\u017cliwia autoryzowany dost\u0119p do systemu przez Internet. Konwertuje r\u00f3wnie\u017c Ethernet na magistral\u0119 CAN i odwrotnie. DE-MG posiada wbudowany odbiornik podczerwieni. DE-MG mo\u017ce by\u0107 sterowany przez chmur\u0119 za pomoc\u0105 bezpiecznie zaszyfrowanego sygna\u0142u. Historia systemu ze wszystkich innych urz\u0105dze\u0144 i czujnik\u00f3w jest przechowywana w...","og_url":"https:\/\/www.larnitech.com\/pl\/product\/de-mg-plus\/","og_site_name":"Larnitech","og_image":[{"width":1500,"height":1500,"url":"https:\/\/www.larnitech.com\/wp-content\/uploads\/2022\/07\/DE-MG.plus_.png","type":"image\/png"}],"twitter_card":"summary_large_image","twitter_misc":{"Szacowany czas czytania":"1 minuta"},"schema":{"@context":"https:\/\/schema.org","@graph":[{"@type":"WebPage","@id":"https:\/\/www.larnitech.com\/pl\/product\/de-mg-plus\/","url":"https:\/\/www.larnitech.com\/pl\/product\/de-mg-plus\/","name":"DE-MG.PLUS - Larnitech","isPartOf":{"@id":"https:\/\/www.larnitech.com\/#website"},"datePublished":"2024-01-10T11:24:45+00:00","dateModified":"2024-01-10T11:24:45+00:00","breadcrumb":{"@id":"https:\/\/www.larnitech.com\/pl\/product\/de-mg-plus\/#breadcrumb"},"inLanguage":"pl-PL","potentialAction":[{"@type":"ReadAction","target":["https:\/\/www.larnitech.com\/pl\/product\/de-mg-plus\/"]}]},{"@type":"BreadcrumbList","@id":"https:\/\/www.larnitech.com\/pl\/product\/de-mg-plus\/#breadcrumb","itemListElement":[{"@type":"ListItem","position":1,"name":"Home","item":"https:\/\/www.larnitech.com\/pl\/"},{"@type":"ListItem","position":2,"name":"Products","item":"https:\/\/www.larnitech.com\/ua\/product\/"},{"@type":"ListItem","position":3,"name":"DE-MG.PLUS"}]},{"@type":"WebSite","@id":"https:\/\/www.larnitech.com\/#website","url":"https:\/\/www.larnitech.com\/","name":"Larnitech","description":"","publisher":{"@id":"https:\/\/www.larnitech.com\/#organization"},"potentialAction":[{"@type":"SearchAction","target":{"@type":"EntryPoint","urlTemplate":"https:\/\/www.larnitech.com\/?s={search_term_string}"},"query-input":"required name=search_term_string"}],"inLanguage":"pl-PL"},{"@type":"Organization","@id":"https:\/\/www.larnitech.com\/#organization","name":"Larnitech","url":"https:\/\/www.larnitech.com\/","logo":{"@type":"ImageObject","inLanguage":"pl-PL","@id":"https:\/\/www.larnitech.com\/#\/schema\/logo\/image\/","url":"https:\/\/www.larnitech.com\/wp-content\/uploads\/2022\/01\/logo_white.png","contentUrl":"https:\/\/www.larnitech.com\/wp-content\/uploads\/2022\/01\/logo_white.png","width":1262,"height":274,"caption":"Larnitech"},"image":{"@id":"https:\/\/www.larnitech.com\/#\/schema\/logo\/image\/"}}]}},"_links":{"self":[{"href":"https:\/\/www.larnitech.com\/pl\/wp-json\/wp\/v2\/product\/9751","targetHints":{"allow":["GET"]}}],"collection":[{"href":"https:\/\/www.larnitech.com\/pl\/wp-json\/wp\/v2\/product"}],"about":[{"href":"https:\/\/www.larnitech.com\/pl\/wp-json\/wp\/v2\/types\/product"}],"version-history":[{"count":4,"href":"https:\/\/www.larnitech.com\/pl\/wp-json\/wp\/v2\/product\/9751\/revisions"}],"predecessor-version":[{"id":13157,"href":"https:\/\/www.larnitech.com\/pl\/wp-json\/wp\/v2\/product\/9751\/revisions\/13157"}],"wp:featuredmedia":[{"embeddable":true,"href":"https:\/\/www.larnitech.com\/pl\/wp-json\/wp\/v2\/media\/7159"}],"wp:attachment":[{"href":"https:\/\/www.larnitech.com\/pl\/wp-json\/wp\/v2\/media?parent=9751"}],"wp:term":[{"taxonomy":"products","embeddable":true,"href":"https:\/\/www.larnitech.com\/pl\/wp-json\/wp\/v2\/products?post=9751"}],"curies":[{"name":"wp","href":"https:\/\/api.w.org\/{rel}","templated":true}]}}