{"id":9743,"date":"2024-01-13T07:40:48","date_gmt":"2024-01-13T05:40:48","guid":{"rendered":"https:\/\/www.larnitech.com\/?post_type=product&#038;p=9743"},"modified":"2024-01-13T07:40:48","modified_gmt":"2024-01-13T05:40:48","slug":"metaforsa2-cloud","status":"publish","type":"product","link":"https:\/\/www.larnitech.com\/pl\/product\/metaforsa2-cloud\/","title":{"rendered":"METAFORSA2.CLOUD"},"content":{"rendered":"<p>METAFORSA SMART HOUSE to gotowe rozwi\u0105zanie do automatyzacji pomieszcze\u0144 mieszkalnych i komercyjnych, kompleks\u00f3w hotelowych, kt\u00f3re zawiera najbardziej po\u017c\u0105dane funkcje inteligentnego domu.<\/p>\n<p>Urz\u0105dzenie posiada 10 kana\u0142\u00f3w sterowania, 4 kana\u0142y \u015bciemniania, 24 kana\u0142y czujnik\u00f3w przychodz\u0105cych oraz port pod\u0142\u0105czenia czujnik\u00f3w cyfrowych.<\/p>\n<p>Metaforsa mo\u017ce by\u0107 sterowana przez chmur\u0119 za pomoc\u0105 bezpiecznie zaszyfrowanego sygna\u0142u. Historia systemu ze wszystkich innych urz\u0105dze\u0144 i czujnik\u00f3w jest przechowywana na urz\u0105dzeniu przez rok. Jego funkcja plug and play oznacza, \u017ce automatycznie wykrywa i konfiguruje nowe urz\u0105dzenia Larnitech, kt\u00f3re s\u0105 dodawane do systemu. Du\u017ca i stale aktualizowana baza gotowych skrypt\u00f3w zapewnia, \u017ce Tw\u00f3j dom jest w stanie spe\u0142ni\u0107 najbardziej z\u0142o\u017cone \u017c\u0105dania. To uniwersalne urz\u0105dzenie jest w stanie sterowa\u0107 o\u015bwietleniem, r\u00f3\u017cnego rodzaju zaworami, roletami, bramami, zamkami i klimakonwektorami (pe\u0142na lista poni\u017cej). Zacznij dzia\u0142a\u0107, m\u00f3wi\u0105c swojemu domowi, co ma robi\u0107, za pomoc\u0105 Siri, Alexa lub Google Home. Otrzymuj powiadomienia push na sw\u00f3j telefon za ka\u017cdym razem, gdy system ma Ci co\u015b do powiedzenia i ciesz si\u0119 najwy\u017csz\u0105 kontrol\u0105 na wyci\u0105gni\u0119cie r\u0119ki. Zestaw Metaforsa jest gotowy do instalacji i zaspokajania potrzeb zaraz po wyj\u0119ciu z pude\u0142ka!<\/p>\n","protected":false},"featured_media":7187,"template":"","meta":{"inline_featured_image":false,"footnotes":""},"products":[37,49],"class_list":["post-9743","product","type-product","status-publish","has-post-thumbnail","hentry","products-din-rail-gateways","products-metaforsa-series"],"acf":[],"yoast_head":"<!-- This site is optimized with the Yoast SEO Premium plugin v19.0.1 (Yoast SEO v19.12) - https:\/\/yoast.com\/wordpress\/plugins\/seo\/ -->\n<title>METAFORSA2.CLOUD - Larnitech<\/title>\n<meta name=\"robots\" content=\"index, follow, max-snippet:-1, max-image-preview:large, max-video-preview:-1\" \/>\n<meta property=\"og:locale\" content=\"pl_PL\" \/>\n<meta property=\"og:type\" content=\"article\" \/>\n<meta property=\"og:title\" content=\"METAFORSA2.CLOUD\" \/>\n<meta property=\"og:description\" content=\"METAFORSA SMART HOUSE to gotowe rozwi\u0105zanie do automatyzacji pomieszcze\u0144 mieszkalnych i komercyjnych, kompleks\u00f3w hotelowych, kt\u00f3re zawiera najbardziej po\u017c\u0105dane funkcje inteligentnego domu. Urz\u0105dzenie posiada 10 kana\u0142\u00f3w sterowania, 4 kana\u0142y \u015bciemniania, 24 kana\u0142y czujnik\u00f3w przychodz\u0105cych oraz port pod\u0142\u0105czenia czujnik\u00f3w cyfrowych. Metaforsa mo\u017ce by\u0107 sterowana przez chmur\u0119 za pomoc\u0105 bezpiecznie zaszyfrowanego sygna\u0142u. Historia systemu ze wszystkich innych urz\u0105dze\u0144...\" \/>\n<meta property=\"og:url\" content=\"https:\/\/www.larnitech.com\/pl\/product\/metaforsa2-cloud\/\" \/>\n<meta property=\"og:site_name\" content=\"Larnitech\" \/>\n<meta property=\"og:image\" content=\"https:\/\/www.larnitech.com\/wp-content\/uploads\/2022\/08\/MFC.png\" \/>\n\t<meta property=\"og:image:width\" content=\"1556\" \/>\n\t<meta property=\"og:image:height\" content=\"1556\" \/>\n\t<meta property=\"og:image:type\" content=\"image\/png\" \/>\n<meta name=\"twitter:card\" content=\"summary_large_image\" \/>\n<meta name=\"twitter:label1\" content=\"Szacowany czas czytania\" \/>\n\t<meta name=\"twitter:data1\" content=\"2 minuty\" \/>\n<script type=\"application\/ld+json\" class=\"yoast-schema-graph\">{\"@context\":\"https:\/\/schema.org\",\"@graph\":[{\"@type\":\"WebPage\",\"@id\":\"https:\/\/www.larnitech.com\/pl\/product\/metaforsa2-cloud\/\",\"url\":\"https:\/\/www.larnitech.com\/pl\/product\/metaforsa2-cloud\/\",\"name\":\"METAFORSA2.CLOUD - Larnitech\",\"isPartOf\":{\"@id\":\"https:\/\/www.larnitech.com\/#website\"},\"datePublished\":\"2024-01-13T05:40:48+00:00\",\"dateModified\":\"2024-01-13T05:40:48+00:00\",\"breadcrumb\":{\"@id\":\"https:\/\/www.larnitech.com\/pl\/product\/metaforsa2-cloud\/#breadcrumb\"},\"inLanguage\":\"pl-PL\",\"potentialAction\":[{\"@type\":\"ReadAction\",\"target\":[\"https:\/\/www.larnitech.com\/pl\/product\/metaforsa2-cloud\/\"]}]},{\"@type\":\"BreadcrumbList\",\"@id\":\"https:\/\/www.larnitech.com\/pl\/product\/metaforsa2-cloud\/#breadcrumb\",\"itemListElement\":[{\"@type\":\"ListItem\",\"position\":1,\"name\":\"Home\",\"item\":\"https:\/\/www.larnitech.com\/pl\/\"},{\"@type\":\"ListItem\",\"position\":2,\"name\":\"Products\",\"item\":\"https:\/\/www.larnitech.com\/ua\/product\/\"},{\"@type\":\"ListItem\",\"position\":3,\"name\":\"METAFORSA2.CLOUD\"}]},{\"@type\":\"WebSite\",\"@id\":\"https:\/\/www.larnitech.com\/#website\",\"url\":\"https:\/\/www.larnitech.com\/\",\"name\":\"Larnitech\",\"description\":\"\",\"publisher\":{\"@id\":\"https:\/\/www.larnitech.com\/#organization\"},\"potentialAction\":[{\"@type\":\"SearchAction\",\"target\":{\"@type\":\"EntryPoint\",\"urlTemplate\":\"https:\/\/www.larnitech.com\/?s={search_term_string}\"},\"query-input\":\"required name=search_term_string\"}],\"inLanguage\":\"pl-PL\"},{\"@type\":\"Organization\",\"@id\":\"https:\/\/www.larnitech.com\/#organization\",\"name\":\"Larnitech\",\"url\":\"https:\/\/www.larnitech.com\/\",\"logo\":{\"@type\":\"ImageObject\",\"inLanguage\":\"pl-PL\",\"@id\":\"https:\/\/www.larnitech.com\/#\/schema\/logo\/image\/\",\"url\":\"https:\/\/www.larnitech.com\/wp-content\/uploads\/2022\/01\/logo_white.png\",\"contentUrl\":\"https:\/\/www.larnitech.com\/wp-content\/uploads\/2022\/01\/logo_white.png\",\"width\":1262,\"height\":274,\"caption\":\"Larnitech\"},\"image\":{\"@id\":\"https:\/\/www.larnitech.com\/#\/schema\/logo\/image\/\"}}]}<\/script>\n<!-- \/ Yoast SEO Premium plugin. -->","yoast_head_json":{"title":"METAFORSA2.CLOUD - Larnitech","robots":{"index":"index","follow":"follow","max-snippet":"max-snippet:-1","max-image-preview":"max-image-preview:large","max-video-preview":"max-video-preview:-1"},"og_locale":"pl_PL","og_type":"article","og_title":"METAFORSA2.CLOUD","og_description":"METAFORSA SMART HOUSE to gotowe rozwi\u0105zanie do automatyzacji pomieszcze\u0144 mieszkalnych i komercyjnych, kompleks\u00f3w hotelowych, kt\u00f3re zawiera najbardziej po\u017c\u0105dane funkcje inteligentnego domu. Urz\u0105dzenie posiada 10 kana\u0142\u00f3w sterowania, 4 kana\u0142y \u015bciemniania, 24 kana\u0142y czujnik\u00f3w przychodz\u0105cych oraz port pod\u0142\u0105czenia czujnik\u00f3w cyfrowych. Metaforsa mo\u017ce by\u0107 sterowana przez chmur\u0119 za pomoc\u0105 bezpiecznie zaszyfrowanego sygna\u0142u. Historia systemu ze wszystkich innych urz\u0105dze\u0144...","og_url":"https:\/\/www.larnitech.com\/pl\/product\/metaforsa2-cloud\/","og_site_name":"Larnitech","og_image":[{"width":1556,"height":1556,"url":"https:\/\/www.larnitech.com\/wp-content\/uploads\/2022\/08\/MFC.png","type":"image\/png"}],"twitter_card":"summary_large_image","twitter_misc":{"Szacowany czas czytania":"2 minuty"},"schema":{"@context":"https:\/\/schema.org","@graph":[{"@type":"WebPage","@id":"https:\/\/www.larnitech.com\/pl\/product\/metaforsa2-cloud\/","url":"https:\/\/www.larnitech.com\/pl\/product\/metaforsa2-cloud\/","name":"METAFORSA2.CLOUD - Larnitech","isPartOf":{"@id":"https:\/\/www.larnitech.com\/#website"},"datePublished":"2024-01-13T05:40:48+00:00","dateModified":"2024-01-13T05:40:48+00:00","breadcrumb":{"@id":"https:\/\/www.larnitech.com\/pl\/product\/metaforsa2-cloud\/#breadcrumb"},"inLanguage":"pl-PL","potentialAction":[{"@type":"ReadAction","target":["https:\/\/www.larnitech.com\/pl\/product\/metaforsa2-cloud\/"]}]},{"@type":"BreadcrumbList","@id":"https:\/\/www.larnitech.com\/pl\/product\/metaforsa2-cloud\/#breadcrumb","itemListElement":[{"@type":"ListItem","position":1,"name":"Home","item":"https:\/\/www.larnitech.com\/pl\/"},{"@type":"ListItem","position":2,"name":"Products","item":"https:\/\/www.larnitech.com\/ua\/product\/"},{"@type":"ListItem","position":3,"name":"METAFORSA2.CLOUD"}]},{"@type":"WebSite","@id":"https:\/\/www.larnitech.com\/#website","url":"https:\/\/www.larnitech.com\/","name":"Larnitech","description":"","publisher":{"@id":"https:\/\/www.larnitech.com\/#organization"},"potentialAction":[{"@type":"SearchAction","target":{"@type":"EntryPoint","urlTemplate":"https:\/\/www.larnitech.com\/?s={search_term_string}"},"query-input":"required name=search_term_string"}],"inLanguage":"pl-PL"},{"@type":"Organization","@id":"https:\/\/www.larnitech.com\/#organization","name":"Larnitech","url":"https:\/\/www.larnitech.com\/","logo":{"@type":"ImageObject","inLanguage":"pl-PL","@id":"https:\/\/www.larnitech.com\/#\/schema\/logo\/image\/","url":"https:\/\/www.larnitech.com\/wp-content\/uploads\/2022\/01\/logo_white.png","contentUrl":"https:\/\/www.larnitech.com\/wp-content\/uploads\/2022\/01\/logo_white.png","width":1262,"height":274,"caption":"Larnitech"},"image":{"@id":"https:\/\/www.larnitech.com\/#\/schema\/logo\/image\/"}}]}},"_links":{"self":[{"href":"https:\/\/www.larnitech.com\/pl\/wp-json\/wp\/v2\/product\/9743","targetHints":{"allow":["GET"]}}],"collection":[{"href":"https:\/\/www.larnitech.com\/pl\/wp-json\/wp\/v2\/product"}],"about":[{"href":"https:\/\/www.larnitech.com\/pl\/wp-json\/wp\/v2\/types\/product"}],"version-history":[{"count":3,"href":"https:\/\/www.larnitech.com\/pl\/wp-json\/wp\/v2\/product\/9743\/revisions"}],"predecessor-version":[{"id":13253,"href":"https:\/\/www.larnitech.com\/pl\/wp-json\/wp\/v2\/product\/9743\/revisions\/13253"}],"wp:featuredmedia":[{"embeddable":true,"href":"https:\/\/www.larnitech.com\/pl\/wp-json\/wp\/v2\/media\/7187"}],"wp:attachment":[{"href":"https:\/\/www.larnitech.com\/pl\/wp-json\/wp\/v2\/media?parent=9743"}],"wp:term":[{"taxonomy":"products","embeddable":true,"href":"https:\/\/www.larnitech.com\/pl\/wp-json\/wp\/v2\/products?post=9743"}],"curies":[{"name":"wp","href":"https:\/\/api.w.org\/{rel}","templated":true}]}}