{"id":9733,"date":"2024-01-13T07:59:45","date_gmt":"2024-01-13T05:59:45","guid":{"rendered":"https:\/\/www.larnitech.com\/?post_type=product&#038;p=9733"},"modified":"2024-01-13T07:59:45","modified_gmt":"2024-01-13T05:59:45","slug":"dw-lc07","status":"publish","type":"product","link":"https:\/\/www.larnitech.com\/pl\/product\/dw-lc07\/","title":{"rendered":"DW-LC07"},"content":{"rendered":"<p>Modu\u0142 ten jest przeznaczony do komutacji obwod\u00f3w AC\/DC o du\u017cej mocy.<br \/>\nS\u0142u\u017cy do sterowania o\u015bwietleniem, gniazdami zasilania i innymi urz\u0105dzeniami elektrycznymi.<\/p>\n<p>To uniwersalne urz\u0105dzenie jest w stanie sterowa\u0107 o\u015bwietleniem, r\u00f3\u017cnego rodzaju zaworami, roletami, bramami, zamkami i klimakonwektorami itp. Przeka\u017anik jest cichy i posiada specjalne wysokowydajne styki o pr\u0105dzie rozruchowym 120A 20ms. Podobnie jak wszystkie urz\u0105dzenia Larnitech, ta jednostka steruj\u0105ca jest automatycznie wykrywana i konfigurowana po dodaniu do systemu. DW-LC zawiera jednostk\u0119 logiczn\u0105, kt\u00f3ra umo\u017cliwia jednostce wykonywanie skrypt\u00f3w z du\u017cej i stale aktualizowanej bazy danych Larnitech oraz dzia\u0142anie na logice rozproszonej, zapewniaj\u0105c niezawodno\u015b\u0107 jej dzia\u0142ania.<\/p>\n","protected":false},"featured_media":7208,"template":"","meta":{"inline_featured_image":false,"footnotes":""},"products":[38],"class_list":["post-9733","product","type-product","status-publish","has-post-thumbnail","hentry","products-din-rail-actuators"],"acf":[],"yoast_head":"<!-- This site is optimized with the Yoast SEO Premium plugin v19.0.1 (Yoast SEO v19.12) - https:\/\/yoast.com\/wordpress\/plugins\/seo\/ -->\n<title>DW-LC07 - Larnitech<\/title>\n<meta name=\"robots\" content=\"index, follow, max-snippet:-1, max-image-preview:large, max-video-preview:-1\" \/>\n<meta property=\"og:locale\" content=\"pl_PL\" \/>\n<meta property=\"og:type\" content=\"article\" \/>\n<meta property=\"og:title\" content=\"DW-LC07\" \/>\n<meta property=\"og:description\" content=\"Modu\u0142 ten jest przeznaczony do komutacji obwod\u00f3w AC\/DC o du\u017cej mocy. S\u0142u\u017cy do sterowania o\u015bwietleniem, gniazdami zasilania i innymi urz\u0105dzeniami elektrycznymi. To uniwersalne urz\u0105dzenie jest w stanie sterowa\u0107 o\u015bwietleniem, r\u00f3\u017cnego rodzaju zaworami, roletami, bramami, zamkami i klimakonwektorami itp. Przeka\u017anik jest cichy i posiada specjalne wysokowydajne styki o pr\u0105dzie rozruchowym 120A 20ms. Podobnie jak wszystkie urz\u0105dzenia...\" \/>\n<meta property=\"og:url\" content=\"https:\/\/www.larnitech.com\/pl\/product\/dw-lc07\/\" \/>\n<meta property=\"og:site_name\" content=\"Larnitech\" \/>\n<meta property=\"og:image\" content=\"https:\/\/www.larnitech.com\/wp-content\/uploads\/2022\/08\/DW-LC07.png\" \/>\n\t<meta property=\"og:image:width\" content=\"800\" \/>\n\t<meta property=\"og:image:height\" content=\"800\" \/>\n\t<meta property=\"og:image:type\" content=\"image\/png\" \/>\n<meta name=\"twitter:card\" content=\"summary_large_image\" \/>\n<meta name=\"twitter:label1\" content=\"Szacowany czas czytania\" \/>\n\t<meta name=\"twitter:data1\" content=\"1 minuta\" \/>\n<script type=\"application\/ld+json\" class=\"yoast-schema-graph\">{\"@context\":\"https:\/\/schema.org\",\"@graph\":[{\"@type\":\"WebPage\",\"@id\":\"https:\/\/www.larnitech.com\/pl\/product\/dw-lc07\/\",\"url\":\"https:\/\/www.larnitech.com\/pl\/product\/dw-lc07\/\",\"name\":\"DW-LC07 - Larnitech\",\"isPartOf\":{\"@id\":\"https:\/\/www.larnitech.com\/#website\"},\"datePublished\":\"2024-01-13T05:59:45+00:00\",\"dateModified\":\"2024-01-13T05:59:45+00:00\",\"breadcrumb\":{\"@id\":\"https:\/\/www.larnitech.com\/pl\/product\/dw-lc07\/#breadcrumb\"},\"inLanguage\":\"pl-PL\",\"potentialAction\":[{\"@type\":\"ReadAction\",\"target\":[\"https:\/\/www.larnitech.com\/pl\/product\/dw-lc07\/\"]}]},{\"@type\":\"BreadcrumbList\",\"@id\":\"https:\/\/www.larnitech.com\/pl\/product\/dw-lc07\/#breadcrumb\",\"itemListElement\":[{\"@type\":\"ListItem\",\"position\":1,\"name\":\"Home\",\"item\":\"https:\/\/www.larnitech.com\/pl\/\"},{\"@type\":\"ListItem\",\"position\":2,\"name\":\"Products\",\"item\":\"https:\/\/www.larnitech.com\/ua\/product\/\"},{\"@type\":\"ListItem\",\"position\":3,\"name\":\"DW-LC07\"}]},{\"@type\":\"WebSite\",\"@id\":\"https:\/\/www.larnitech.com\/#website\",\"url\":\"https:\/\/www.larnitech.com\/\",\"name\":\"Larnitech\",\"description\":\"\",\"publisher\":{\"@id\":\"https:\/\/www.larnitech.com\/#organization\"},\"potentialAction\":[{\"@type\":\"SearchAction\",\"target\":{\"@type\":\"EntryPoint\",\"urlTemplate\":\"https:\/\/www.larnitech.com\/?s={search_term_string}\"},\"query-input\":\"required name=search_term_string\"}],\"inLanguage\":\"pl-PL\"},{\"@type\":\"Organization\",\"@id\":\"https:\/\/www.larnitech.com\/#organization\",\"name\":\"Larnitech\",\"url\":\"https:\/\/www.larnitech.com\/\",\"logo\":{\"@type\":\"ImageObject\",\"inLanguage\":\"pl-PL\",\"@id\":\"https:\/\/www.larnitech.com\/#\/schema\/logo\/image\/\",\"url\":\"https:\/\/www.larnitech.com\/wp-content\/uploads\/2022\/01\/logo_white.png\",\"contentUrl\":\"https:\/\/www.larnitech.com\/wp-content\/uploads\/2022\/01\/logo_white.png\",\"width\":1262,\"height\":274,\"caption\":\"Larnitech\"},\"image\":{\"@id\":\"https:\/\/www.larnitech.com\/#\/schema\/logo\/image\/\"}}]}<\/script>\n<!-- \/ Yoast SEO Premium plugin. -->","yoast_head_json":{"title":"DW-LC07 - Larnitech","robots":{"index":"index","follow":"follow","max-snippet":"max-snippet:-1","max-image-preview":"max-image-preview:large","max-video-preview":"max-video-preview:-1"},"og_locale":"pl_PL","og_type":"article","og_title":"DW-LC07","og_description":"Modu\u0142 ten jest przeznaczony do komutacji obwod\u00f3w AC\/DC o du\u017cej mocy. S\u0142u\u017cy do sterowania o\u015bwietleniem, gniazdami zasilania i innymi urz\u0105dzeniami elektrycznymi. To uniwersalne urz\u0105dzenie jest w stanie sterowa\u0107 o\u015bwietleniem, r\u00f3\u017cnego rodzaju zaworami, roletami, bramami, zamkami i klimakonwektorami itp. Przeka\u017anik jest cichy i posiada specjalne wysokowydajne styki o pr\u0105dzie rozruchowym 120A 20ms. Podobnie jak wszystkie urz\u0105dzenia...","og_url":"https:\/\/www.larnitech.com\/pl\/product\/dw-lc07\/","og_site_name":"Larnitech","og_image":[{"width":800,"height":800,"url":"https:\/\/www.larnitech.com\/wp-content\/uploads\/2022\/08\/DW-LC07.png","type":"image\/png"}],"twitter_card":"summary_large_image","twitter_misc":{"Szacowany czas czytania":"1 minuta"},"schema":{"@context":"https:\/\/schema.org","@graph":[{"@type":"WebPage","@id":"https:\/\/www.larnitech.com\/pl\/product\/dw-lc07\/","url":"https:\/\/www.larnitech.com\/pl\/product\/dw-lc07\/","name":"DW-LC07 - Larnitech","isPartOf":{"@id":"https:\/\/www.larnitech.com\/#website"},"datePublished":"2024-01-13T05:59:45+00:00","dateModified":"2024-01-13T05:59:45+00:00","breadcrumb":{"@id":"https:\/\/www.larnitech.com\/pl\/product\/dw-lc07\/#breadcrumb"},"inLanguage":"pl-PL","potentialAction":[{"@type":"ReadAction","target":["https:\/\/www.larnitech.com\/pl\/product\/dw-lc07\/"]}]},{"@type":"BreadcrumbList","@id":"https:\/\/www.larnitech.com\/pl\/product\/dw-lc07\/#breadcrumb","itemListElement":[{"@type":"ListItem","position":1,"name":"Home","item":"https:\/\/www.larnitech.com\/pl\/"},{"@type":"ListItem","position":2,"name":"Products","item":"https:\/\/www.larnitech.com\/ua\/product\/"},{"@type":"ListItem","position":3,"name":"DW-LC07"}]},{"@type":"WebSite","@id":"https:\/\/www.larnitech.com\/#website","url":"https:\/\/www.larnitech.com\/","name":"Larnitech","description":"","publisher":{"@id":"https:\/\/www.larnitech.com\/#organization"},"potentialAction":[{"@type":"SearchAction","target":{"@type":"EntryPoint","urlTemplate":"https:\/\/www.larnitech.com\/?s={search_term_string}"},"query-input":"required name=search_term_string"}],"inLanguage":"pl-PL"},{"@type":"Organization","@id":"https:\/\/www.larnitech.com\/#organization","name":"Larnitech","url":"https:\/\/www.larnitech.com\/","logo":{"@type":"ImageObject","inLanguage":"pl-PL","@id":"https:\/\/www.larnitech.com\/#\/schema\/logo\/image\/","url":"https:\/\/www.larnitech.com\/wp-content\/uploads\/2022\/01\/logo_white.png","contentUrl":"https:\/\/www.larnitech.com\/wp-content\/uploads\/2022\/01\/logo_white.png","width":1262,"height":274,"caption":"Larnitech"},"image":{"@id":"https:\/\/www.larnitech.com\/#\/schema\/logo\/image\/"}}]}},"_links":{"self":[{"href":"https:\/\/www.larnitech.com\/pl\/wp-json\/wp\/v2\/product\/9733","targetHints":{"allow":["GET"]}}],"collection":[{"href":"https:\/\/www.larnitech.com\/pl\/wp-json\/wp\/v2\/product"}],"about":[{"href":"https:\/\/www.larnitech.com\/pl\/wp-json\/wp\/v2\/types\/product"}],"version-history":[{"count":4,"href":"https:\/\/www.larnitech.com\/pl\/wp-json\/wp\/v2\/product\/9733\/revisions"}],"predecessor-version":[{"id":13262,"href":"https:\/\/www.larnitech.com\/pl\/wp-json\/wp\/v2\/product\/9733\/revisions\/13262"}],"wp:featuredmedia":[{"embeddable":true,"href":"https:\/\/www.larnitech.com\/pl\/wp-json\/wp\/v2\/media\/7208"}],"wp:attachment":[{"href":"https:\/\/www.larnitech.com\/pl\/wp-json\/wp\/v2\/media?parent=9733"}],"wp:term":[{"taxonomy":"products","embeddable":true,"href":"https:\/\/www.larnitech.com\/pl\/wp-json\/wp\/v2\/products?post=9733"}],"curies":[{"name":"wp","href":"https:\/\/api.w.org\/{rel}","templated":true}]}}