{"id":9657,"date":"2024-01-13T12:55:27","date_gmt":"2024-01-13T10:55:27","guid":{"rendered":"https:\/\/www.larnitech.com\/?post_type=product&#038;p=9657"},"modified":"2024-01-13T12:55:27","modified_gmt":"2024-01-13T10:55:27","slug":"ew-wl","status":"publish","type":"product","link":"https:\/\/www.larnitech.com\/pl\/product\/ew-wl\/","title":{"rendered":"EW-WL"},"content":{"rendered":"<p>Czujnik wycieku wody z lampk\u0105 alarmow\u0105, montowany w powierzchni pod\u0142ogi. U\u017cywany razem z modu\u0142ami DW-WL lub BW-LSA.<\/p>\n","protected":false},"featured_media":7453,"template":"","meta":{"inline_featured_image":false,"footnotes":""},"products":[47],"class_list":["post-9657","product","type-product","status-publish","has-post-thumbnail","hentry","products-sensors"],"acf":[],"yoast_head":"<!-- This site is optimized with the Yoast SEO Premium plugin v19.0.1 (Yoast SEO v19.12) - https:\/\/yoast.com\/wordpress\/plugins\/seo\/ -->\n<title>EW-WL - Larnitech<\/title>\n<meta name=\"robots\" content=\"index, follow, max-snippet:-1, max-image-preview:large, max-video-preview:-1\" \/>\n<meta property=\"og:locale\" content=\"pl_PL\" \/>\n<meta property=\"og:type\" content=\"article\" \/>\n<meta property=\"og:title\" content=\"EW-WL\" \/>\n<meta property=\"og:description\" content=\"Czujnik wycieku wody z lampk\u0105 alarmow\u0105, montowany w powierzchni pod\u0142ogi. U\u017cywany razem z modu\u0142ami DW-WL lub BW-LSA.\" \/>\n<meta property=\"og:url\" content=\"https:\/\/www.larnitech.com\/pl\/product\/ew-wl\/\" \/>\n<meta property=\"og:site_name\" content=\"Larnitech\" \/>\n<meta property=\"og:image\" content=\"https:\/\/www.larnitech.com\/wp-content\/uploads\/2022\/08\/EW-WL.png\" \/>\n\t<meta property=\"og:image:width\" content=\"850\" \/>\n\t<meta property=\"og:image:height\" content=\"543\" \/>\n\t<meta property=\"og:image:type\" content=\"image\/png\" \/>\n<meta name=\"twitter:card\" content=\"summary_large_image\" \/>\n<meta name=\"twitter:label1\" content=\"Szacowany czas czytania\" \/>\n\t<meta name=\"twitter:data1\" content=\"1 minuta\" \/>\n<script type=\"application\/ld+json\" class=\"yoast-schema-graph\">{\"@context\":\"https:\/\/schema.org\",\"@graph\":[{\"@type\":\"WebPage\",\"@id\":\"https:\/\/www.larnitech.com\/pl\/product\/ew-wl\/\",\"url\":\"https:\/\/www.larnitech.com\/pl\/product\/ew-wl\/\",\"name\":\"EW-WL - Larnitech\",\"isPartOf\":{\"@id\":\"https:\/\/www.larnitech.com\/#website\"},\"datePublished\":\"2024-01-13T10:55:27+00:00\",\"dateModified\":\"2024-01-13T10:55:27+00:00\",\"breadcrumb\":{\"@id\":\"https:\/\/www.larnitech.com\/pl\/product\/ew-wl\/#breadcrumb\"},\"inLanguage\":\"pl-PL\",\"potentialAction\":[{\"@type\":\"ReadAction\",\"target\":[\"https:\/\/www.larnitech.com\/pl\/product\/ew-wl\/\"]}]},{\"@type\":\"BreadcrumbList\",\"@id\":\"https:\/\/www.larnitech.com\/pl\/product\/ew-wl\/#breadcrumb\",\"itemListElement\":[{\"@type\":\"ListItem\",\"position\":1,\"name\":\"Home\",\"item\":\"https:\/\/www.larnitech.com\/pl\/\"},{\"@type\":\"ListItem\",\"position\":2,\"name\":\"Products\",\"item\":\"https:\/\/www.larnitech.com\/ua\/product\/\"},{\"@type\":\"ListItem\",\"position\":3,\"name\":\"EW-WL\"}]},{\"@type\":\"WebSite\",\"@id\":\"https:\/\/www.larnitech.com\/#website\",\"url\":\"https:\/\/www.larnitech.com\/\",\"name\":\"Larnitech\",\"description\":\"\",\"publisher\":{\"@id\":\"https:\/\/www.larnitech.com\/#organization\"},\"potentialAction\":[{\"@type\":\"SearchAction\",\"target\":{\"@type\":\"EntryPoint\",\"urlTemplate\":\"https:\/\/www.larnitech.com\/?s={search_term_string}\"},\"query-input\":\"required name=search_term_string\"}],\"inLanguage\":\"pl-PL\"},{\"@type\":\"Organization\",\"@id\":\"https:\/\/www.larnitech.com\/#organization\",\"name\":\"Larnitech\",\"url\":\"https:\/\/www.larnitech.com\/\",\"logo\":{\"@type\":\"ImageObject\",\"inLanguage\":\"pl-PL\",\"@id\":\"https:\/\/www.larnitech.com\/#\/schema\/logo\/image\/\",\"url\":\"https:\/\/www.larnitech.com\/wp-content\/uploads\/2022\/01\/logo_white.png\",\"contentUrl\":\"https:\/\/www.larnitech.com\/wp-content\/uploads\/2022\/01\/logo_white.png\",\"width\":1262,\"height\":274,\"caption\":\"Larnitech\"},\"image\":{\"@id\":\"https:\/\/www.larnitech.com\/#\/schema\/logo\/image\/\"}}]}<\/script>\n<!-- \/ Yoast SEO Premium plugin. -->","yoast_head_json":{"title":"EW-WL - Larnitech","robots":{"index":"index","follow":"follow","max-snippet":"max-snippet:-1","max-image-preview":"max-image-preview:large","max-video-preview":"max-video-preview:-1"},"og_locale":"pl_PL","og_type":"article","og_title":"EW-WL","og_description":"Czujnik wycieku wody z lampk\u0105 alarmow\u0105, montowany w powierzchni pod\u0142ogi. U\u017cywany razem z modu\u0142ami DW-WL lub BW-LSA.","og_url":"https:\/\/www.larnitech.com\/pl\/product\/ew-wl\/","og_site_name":"Larnitech","og_image":[{"width":850,"height":543,"url":"https:\/\/www.larnitech.com\/wp-content\/uploads\/2022\/08\/EW-WL.png","type":"image\/png"}],"twitter_card":"summary_large_image","twitter_misc":{"Szacowany czas czytania":"1 minuta"},"schema":{"@context":"https:\/\/schema.org","@graph":[{"@type":"WebPage","@id":"https:\/\/www.larnitech.com\/pl\/product\/ew-wl\/","url":"https:\/\/www.larnitech.com\/pl\/product\/ew-wl\/","name":"EW-WL - Larnitech","isPartOf":{"@id":"https:\/\/www.larnitech.com\/#website"},"datePublished":"2024-01-13T10:55:27+00:00","dateModified":"2024-01-13T10:55:27+00:00","breadcrumb":{"@id":"https:\/\/www.larnitech.com\/pl\/product\/ew-wl\/#breadcrumb"},"inLanguage":"pl-PL","potentialAction":[{"@type":"ReadAction","target":["https:\/\/www.larnitech.com\/pl\/product\/ew-wl\/"]}]},{"@type":"BreadcrumbList","@id":"https:\/\/www.larnitech.com\/pl\/product\/ew-wl\/#breadcrumb","itemListElement":[{"@type":"ListItem","position":1,"name":"Home","item":"https:\/\/www.larnitech.com\/pl\/"},{"@type":"ListItem","position":2,"name":"Products","item":"https:\/\/www.larnitech.com\/ua\/product\/"},{"@type":"ListItem","position":3,"name":"EW-WL"}]},{"@type":"WebSite","@id":"https:\/\/www.larnitech.com\/#website","url":"https:\/\/www.larnitech.com\/","name":"Larnitech","description":"","publisher":{"@id":"https:\/\/www.larnitech.com\/#organization"},"potentialAction":[{"@type":"SearchAction","target":{"@type":"EntryPoint","urlTemplate":"https:\/\/www.larnitech.com\/?s={search_term_string}"},"query-input":"required name=search_term_string"}],"inLanguage":"pl-PL"},{"@type":"Organization","@id":"https:\/\/www.larnitech.com\/#organization","name":"Larnitech","url":"https:\/\/www.larnitech.com\/","logo":{"@type":"ImageObject","inLanguage":"pl-PL","@id":"https:\/\/www.larnitech.com\/#\/schema\/logo\/image\/","url":"https:\/\/www.larnitech.com\/wp-content\/uploads\/2022\/01\/logo_white.png","contentUrl":"https:\/\/www.larnitech.com\/wp-content\/uploads\/2022\/01\/logo_white.png","width":1262,"height":274,"caption":"Larnitech"},"image":{"@id":"https:\/\/www.larnitech.com\/#\/schema\/logo\/image\/"}}]}},"_links":{"self":[{"href":"https:\/\/www.larnitech.com\/pl\/wp-json\/wp\/v2\/product\/9657","targetHints":{"allow":["GET"]}}],"collection":[{"href":"https:\/\/www.larnitech.com\/pl\/wp-json\/wp\/v2\/product"}],"about":[{"href":"https:\/\/www.larnitech.com\/pl\/wp-json\/wp\/v2\/types\/product"}],"version-history":[{"count":4,"href":"https:\/\/www.larnitech.com\/pl\/wp-json\/wp\/v2\/product\/9657\/revisions"}],"predecessor-version":[{"id":13361,"href":"https:\/\/www.larnitech.com\/pl\/wp-json\/wp\/v2\/product\/9657\/revisions\/13361"}],"wp:featuredmedia":[{"embeddable":true,"href":"https:\/\/www.larnitech.com\/pl\/wp-json\/wp\/v2\/media\/7453"}],"wp:attachment":[{"href":"https:\/\/www.larnitech.com\/pl\/wp-json\/wp\/v2\/media?parent=9657"}],"wp:term":[{"taxonomy":"products","embeddable":true,"href":"https:\/\/www.larnitech.com\/pl\/wp-json\/wp\/v2\/products?post=9657"}],"curies":[{"name":"wp","href":"https:\/\/api.w.org\/{rel}","templated":true}]}}