{"id":9622,"date":"2023-12-23T19:18:10","date_gmt":"2023-12-23T17:18:10","guid":{"rendered":"https:\/\/www.larnitech.com\/?page_id=9622"},"modified":"2023-12-23T19:20:28","modified_gmt":"2023-12-23T17:20:28","slug":"smart-office","status":"publish","type":"page","link":"https:\/\/www.larnitech.com\/pl\/smart-office\/","title":{"rendered":"Inteligentne biuro"},"content":{"rendered":"<h2>Inteligentny system biurowy<\/h2>\n<p>W dzisiejszych czasach inteligentny system biurowy staje si\u0119 oznak\u0105 prawdziwie post\u0119powej i presti\u017cowej firmy, kt\u00f3ra idzie z duchem czasu. To ju\u017c nie \u201ekaprys dla bogatych\u201d, ale funkcjonalne, niezawodne i bezpieczne rozwi\u0105zanie, na kt\u00f3re jest zapotrzebowanie na ca\u0142ym \u015bwiecie.<\/p>\n<p>System inteligentnego domu dla biura pozwoli Ci maksymalnie efektywnie zarz\u0105dza\u0107 firm\u0105, oszcz\u0119dzaj\u0105c czas na rutynowych zadaniach. Tymczasem Ty i Twoi pracownicy b\u0119dziecie pracowa\u0107 w najbardziej komfortowych warunkach i przestrzeni przypominaj\u0105cej dom.<\/p>\n<h3>Automatyzacja biura<\/h3>\n<p>Z jakich element\u00f3w sk\u0142ada si\u0119 taki system? Przede wszystkim zawiera r\u00f3\u017cne czujniki zwi\u0119kszaj\u0105ce bezpiecze\u0144stwo: ruchu, otwarcia, wycieku, poziomu CO2, dymu, jako\u015bci powietrza, po\u017caru, temperatury i zewn\u0119trzne czujniki pogodowe.<\/p>\n<p>W systemie znajduj\u0105 si\u0119 tak\u017ce elementy podnosz\u0105ce komfort u\u017cytkowania urz\u0105dze\u0144 i urz\u0105dze\u0144 elektrycznych umo\u017cliwiaj\u0105ce ich zdalne w\u0142\u0105czanie i wy\u0142\u0105czanie.<\/p>\n<p>Trzecia grupa automatyki obejmuje takie elementy, jak klimatyzacja, zdalne sterowanie o\u015bwietleniem i ogrzewaniem \u2013 o okre\u015blonej godzinie lub wed\u0142ug ustalonego harmonogramu lub jako automatyczna reakcja na obecno\u015b\u0107 ludzi. System automatyki biurowej pozwala zaoszcz\u0119dzi\u0107 pieni\u0105dze firmy, zmniejszaj\u0105c zu\u017cycie energii elektrycznej i ciep\u0142a. Poprawia tak\u017ce o\u015bwietlenie w miejscu pracy, zapewniaj\u0105c naturalne \u015bwiat\u0142o wtedy, gdy jest ono potrzebne w ci\u0105gu dnia.<\/p>\n<p>Czwarta grupa automatyki zajmuje si\u0119 coraz popularniejszymi systemami automatyki multimedialnej (scenariusze \u015bwietlne RGB, zintegrowane sterowanie sprz\u0119tem audio-video, projektorami, telewizorami, odbiornikami satelitarnymi).<\/p>\n<p>Pi\u0105ta grupa to systemy komunikacji internetowej i GSM (sterowanie przez Internet lub telefon kom\u00f3rkowy z dowolnego miejsca na \u015bwiecie, powiadamianie o zdarzeniach itp.).<br \/>\nBiuro to miejsce, w kt\u00f3rym sp\u0119dzamy najwi\u0119cej czasu. Za pomoc\u0105 automatyzacji mo\u017cesz stworzy\u0107 najbardziej wydajn\u0105 przestrze\u0144 biurow\u0105 i zwi\u0119kszy\u0107 produktywno\u015b\u0107 swoich pracownik\u00f3w!<\/p>\n","protected":false},"excerpt":{"rendered":"<p>Inteligentny system biurowy W dzisiejszych czasach inteligentny system biurowy staje si\u0119 oznak\u0105 prawdziwie post\u0119powej i presti\u017cowej firmy, kt\u00f3ra idzie z duchem czasu. To ju\u017c nie \u201ekaprys dla bogatych\u201d, ale funkcjonalne, niezawodne i bezpieczne rozwi\u0105zanie, na kt\u00f3re jest zapotrzebowanie na ca\u0142ym \u015bwiecie. System inteligentnego domu dla biura pozwoli Ci maksymalnie efektywnie zarz\u0105dza\u0107 firm\u0105, oszcz\u0119dzaj\u0105c czas na&#8230;<\/p>\n","protected":false},"author":5,"featured_media":0,"parent":0,"menu_order":0,"comment_status":"closed","ping_status":"closed","template":"page-templates\/project.php","meta":{"inline_featured_image":false,"footnotes":""},"class_list":["post-9622","page","type-page","status-publish","hentry"],"acf":[],"yoast_head":"<!-- This site is optimized with the Yoast SEO Premium plugin v19.0.1 (Yoast SEO v19.12) - https:\/\/yoast.com\/wordpress\/plugins\/seo\/ -->\n<title>Inteligentne biuro - Larnitech<\/title>\n<meta name=\"robots\" content=\"index, follow, max-snippet:-1, max-image-preview:large, max-video-preview:-1\" \/>\n<meta property=\"og:locale\" content=\"pl_PL\" \/>\n<meta property=\"og:type\" content=\"article\" \/>\n<meta property=\"og:title\" content=\"Inteligentne biuro\" \/>\n<meta property=\"og:description\" content=\"Inteligentny system biurowy W dzisiejszych czasach inteligentny system biurowy staje si\u0119 oznak\u0105 prawdziwie post\u0119powej i presti\u017cowej firmy, kt\u00f3ra idzie z duchem czasu. To ju\u017c nie \u201ekaprys dla bogatych\u201d, ale funkcjonalne, niezawodne i bezpieczne rozwi\u0105zanie, na kt\u00f3re jest zapotrzebowanie na ca\u0142ym \u015bwiecie. System inteligentnego domu dla biura pozwoli Ci maksymalnie efektywnie zarz\u0105dza\u0107 firm\u0105, oszcz\u0119dzaj\u0105c czas na...\" \/>\n<meta property=\"og:url\" content=\"https:\/\/www.larnitech.com\/pl\/smart-office\/\" \/>\n<meta property=\"og:site_name\" content=\"Larnitech\" \/>\n<meta property=\"article:modified_time\" content=\"2023-12-23T17:20:28+00:00\" \/>\n<meta name=\"twitter:card\" content=\"summary_large_image\" \/>\n<meta name=\"twitter:label1\" content=\"Szacowany czas czytania\" \/>\n\t<meta name=\"twitter:data1\" content=\"1 minuta\" \/>\n<script type=\"application\/ld+json\" class=\"yoast-schema-graph\">{\"@context\":\"https:\/\/schema.org\",\"@graph\":[{\"@type\":\"WebPage\",\"@id\":\"https:\/\/www.larnitech.com\/pl\/smart-office\/\",\"url\":\"https:\/\/www.larnitech.com\/pl\/smart-office\/\",\"name\":\"Inteligentne biuro - Larnitech\",\"isPartOf\":{\"@id\":\"https:\/\/www.larnitech.com\/#website\"},\"datePublished\":\"2023-12-23T17:18:10+00:00\",\"dateModified\":\"2023-12-23T17:20:28+00:00\",\"breadcrumb\":{\"@id\":\"https:\/\/www.larnitech.com\/pl\/smart-office\/#breadcrumb\"},\"inLanguage\":\"pl-PL\",\"potentialAction\":[{\"@type\":\"ReadAction\",\"target\":[\"https:\/\/www.larnitech.com\/pl\/smart-office\/\"]}]},{\"@type\":\"BreadcrumbList\",\"@id\":\"https:\/\/www.larnitech.com\/pl\/smart-office\/#breadcrumb\",\"itemListElement\":[{\"@type\":\"ListItem\",\"position\":1,\"name\":\"Home\",\"item\":\"https:\/\/www.larnitech.com\/pl\/\"},{\"@type\":\"ListItem\",\"position\":2,\"name\":\"Inteligentne biuro\"}]},{\"@type\":\"WebSite\",\"@id\":\"https:\/\/www.larnitech.com\/#website\",\"url\":\"https:\/\/www.larnitech.com\/\",\"name\":\"Larnitech\",\"description\":\"\",\"publisher\":{\"@id\":\"https:\/\/www.larnitech.com\/#organization\"},\"potentialAction\":[{\"@type\":\"SearchAction\",\"target\":{\"@type\":\"EntryPoint\",\"urlTemplate\":\"https:\/\/www.larnitech.com\/?s={search_term_string}\"},\"query-input\":\"required name=search_term_string\"}],\"inLanguage\":\"pl-PL\"},{\"@type\":\"Organization\",\"@id\":\"https:\/\/www.larnitech.com\/#organization\",\"name\":\"Larnitech\",\"url\":\"https:\/\/www.larnitech.com\/\",\"logo\":{\"@type\":\"ImageObject\",\"inLanguage\":\"pl-PL\",\"@id\":\"https:\/\/www.larnitech.com\/#\/schema\/logo\/image\/\",\"url\":\"https:\/\/www.larnitech.com\/wp-content\/uploads\/2022\/01\/logo_white.png\",\"contentUrl\":\"https:\/\/www.larnitech.com\/wp-content\/uploads\/2022\/01\/logo_white.png\",\"width\":1262,\"height\":274,\"caption\":\"Larnitech\"},\"image\":{\"@id\":\"https:\/\/www.larnitech.com\/#\/schema\/logo\/image\/\"}}]}<\/script>\n<!-- \/ Yoast SEO Premium plugin. -->","yoast_head_json":{"title":"Inteligentne biuro - Larnitech","robots":{"index":"index","follow":"follow","max-snippet":"max-snippet:-1","max-image-preview":"max-image-preview:large","max-video-preview":"max-video-preview:-1"},"og_locale":"pl_PL","og_type":"article","og_title":"Inteligentne biuro","og_description":"Inteligentny system biurowy W dzisiejszych czasach inteligentny system biurowy staje si\u0119 oznak\u0105 prawdziwie post\u0119powej i presti\u017cowej firmy, kt\u00f3ra idzie z duchem czasu. To ju\u017c nie \u201ekaprys dla bogatych\u201d, ale funkcjonalne, niezawodne i bezpieczne rozwi\u0105zanie, na kt\u00f3re jest zapotrzebowanie na ca\u0142ym \u015bwiecie. System inteligentnego domu dla biura pozwoli Ci maksymalnie efektywnie zarz\u0105dza\u0107 firm\u0105, oszcz\u0119dzaj\u0105c czas na...","og_url":"https:\/\/www.larnitech.com\/pl\/smart-office\/","og_site_name":"Larnitech","article_modified_time":"2023-12-23T17:20:28+00:00","twitter_card":"summary_large_image","twitter_misc":{"Szacowany czas czytania":"1 minuta"},"schema":{"@context":"https:\/\/schema.org","@graph":[{"@type":"WebPage","@id":"https:\/\/www.larnitech.com\/pl\/smart-office\/","url":"https:\/\/www.larnitech.com\/pl\/smart-office\/","name":"Inteligentne biuro - Larnitech","isPartOf":{"@id":"https:\/\/www.larnitech.com\/#website"},"datePublished":"2023-12-23T17:18:10+00:00","dateModified":"2023-12-23T17:20:28+00:00","breadcrumb":{"@id":"https:\/\/www.larnitech.com\/pl\/smart-office\/#breadcrumb"},"inLanguage":"pl-PL","potentialAction":[{"@type":"ReadAction","target":["https:\/\/www.larnitech.com\/pl\/smart-office\/"]}]},{"@type":"BreadcrumbList","@id":"https:\/\/www.larnitech.com\/pl\/smart-office\/#breadcrumb","itemListElement":[{"@type":"ListItem","position":1,"name":"Home","item":"https:\/\/www.larnitech.com\/pl\/"},{"@type":"ListItem","position":2,"name":"Inteligentne biuro"}]},{"@type":"WebSite","@id":"https:\/\/www.larnitech.com\/#website","url":"https:\/\/www.larnitech.com\/","name":"Larnitech","description":"","publisher":{"@id":"https:\/\/www.larnitech.com\/#organization"},"potentialAction":[{"@type":"SearchAction","target":{"@type":"EntryPoint","urlTemplate":"https:\/\/www.larnitech.com\/?s={search_term_string}"},"query-input":"required name=search_term_string"}],"inLanguage":"pl-PL"},{"@type":"Organization","@id":"https:\/\/www.larnitech.com\/#organization","name":"Larnitech","url":"https:\/\/www.larnitech.com\/","logo":{"@type":"ImageObject","inLanguage":"pl-PL","@id":"https:\/\/www.larnitech.com\/#\/schema\/logo\/image\/","url":"https:\/\/www.larnitech.com\/wp-content\/uploads\/2022\/01\/logo_white.png","contentUrl":"https:\/\/www.larnitech.com\/wp-content\/uploads\/2022\/01\/logo_white.png","width":1262,"height":274,"caption":"Larnitech"},"image":{"@id":"https:\/\/www.larnitech.com\/#\/schema\/logo\/image\/"}}]}},"_links":{"self":[{"href":"https:\/\/www.larnitech.com\/pl\/wp-json\/wp\/v2\/pages\/9622","targetHints":{"allow":["GET"]}}],"collection":[{"href":"https:\/\/www.larnitech.com\/pl\/wp-json\/wp\/v2\/pages"}],"about":[{"href":"https:\/\/www.larnitech.com\/pl\/wp-json\/wp\/v2\/types\/page"}],"author":[{"embeddable":true,"href":"https:\/\/www.larnitech.com\/pl\/wp-json\/wp\/v2\/users\/5"}],"replies":[{"embeddable":true,"href":"https:\/\/www.larnitech.com\/pl\/wp-json\/wp\/v2\/comments?post=9622"}],"version-history":[{"count":3,"href":"https:\/\/www.larnitech.com\/pl\/wp-json\/wp\/v2\/pages\/9622\/revisions"}],"predecessor-version":[{"id":11801,"href":"https:\/\/www.larnitech.com\/pl\/wp-json\/wp\/v2\/pages\/9622\/revisions\/11801"}],"wp:attachment":[{"href":"https:\/\/www.larnitech.com\/pl\/wp-json\/wp\/v2\/media?parent=9622"}],"curies":[{"name":"wp","href":"https:\/\/api.w.org\/{rel}","templated":true}]}}