{"id":9620,"date":"2022-06-24T11:42:53","date_gmt":"2022-06-24T08:42:53","guid":{"rendered":"https:\/\/www.larnitech.com\/?page_id=9620"},"modified":"2024-01-22T15:05:52","modified_gmt":"2024-01-22T13:05:52","slug":"smart-hotel","status":"publish","type":"page","link":"https:\/\/www.larnitech.com\/pl\/smart-hotel\/","title":{"rendered":"Inteligentny Hotel"},"content":{"rendered":"<p><strong>System Smart Hotel<\/strong> to nowoczesna odpowied\u017a na potrzeby najbardziej wymagaj\u0105cych go\u015bci Twojego hotelu, zajazdu czy kurortu. To nowy poziom bezpiecze\u0144stwa, kt\u00f3ry zadba o bezpiecze\u0144stwo Twoich go\u015bci i ich mienia.<\/p>\n<p>System Larnitech Smart Hotel opiera si\u0119 na w\u0142asnej sieci danych. G\u0142\u00f3wna jednostka steruj\u0105ca, czyli serwer, pozwala na pe\u0142n\u0105 kontrol\u0119 i zarz\u0105dzanie hotelem poprzez Internet. Dlatego wystarczy smartfon, tablet lub laptop z dost\u0119pem do Internetu, aby z dowolnego miejsca na \u015bwiecie kontrolowa\u0107 stan pracy ca\u0142ego hotelu. Mo\u017cesz sprawdzi\u0107 co si\u0119 dzieje na miejscu, a tak\u017ce w\u0142\u0105czy\u0107\/wy\u0142\u0105czy\u0107 dowolne urz\u0105dzenie lub system pod\u0142\u0105czony do systemu.<\/p>\n<p>Inteligentny dom w hotelu to koncepcja, kt\u00f3ra istnieje ju\u017c od jakiego\u015b czasu, ale dopiero teraz zosta\u0142a wdro\u017cona. Instalacja tego systemu w hotelach niesie ze sob\u0105 wiele korzy\u015bci, w tym wygod\u0119 i komfort go\u015bci.<\/p>\n<p>Pierwsz\u0105 korzy\u015bci\u0105 jest wygoda dla go\u015bci. Go\u015bcie mog\u0105 sterowa\u0107 wszystkimi urz\u0105dzeniami znajduj\u0105cymi si\u0119 w pokoju za pomoc\u0105 smartfona lub tabletu, dzi\u0119ki czemu nie musz\u0105 si\u0119 martwi\u0107 noszeniem ze sob\u0105 kilku pilot\u00f3w czy przeszukiwaniem stos\u00f3w przycisk\u00f3w na samym urz\u0105dzeniu.<\/p>\n<p>Automatyzacja sprawia r\u00f3wnie\u017c, \u017ce proces ten jest znacznie wydajniejszy i wygodniejszy tak\u017ce dla pracownik\u00f3w, poniewa\u017c nie musz\u0105 ju\u017c chodzi\u0107 do ka\u017cdego pokoju, aby upewni\u0107 si\u0119, \u017ce wszystko jest wy\u0142\u0105czone w nocy przed p\u00f3j\u015bciem do domu.<\/p>\n<p>Drug\u0105 korzy\u015bci\u0105 jest komfort dla go\u015bci. System Smart Home potrafi zapewni\u0107 idealn\u0105 atmosfer\u0119 poprzez ustawienie odpowiedniego poziomu o\u015bwietlenia wn\u0119trza, automatyczne domykanie zas\u0142on, \u017caluzji i rolet, w\u0142\u0105czenie muzyki lub filmu na mi\u0142y wiecz\u00f3r.<br \/>\nInteligentny dom mo\u017cna zaprogramowa\u0107 tak, aby dostosowywa\u0142 klimat w zale\u017cno\u015bci od pory roku, a tak\u017ce regulowa\u0142 wilgotno\u015b\u0107 powietrza, wentylacj\u0119 i poziom ogrzewania.<br \/>\nTrzecia korzy\u015b\u0107 to bezpiecze\u0144stwo: inteligentny system bezpiecze\u0144stwa budynku zmniejsza ryzyko w\u0142ama\u0144 i wypadk\u00f3w dzi\u0119ki monitoringowi wideo, alarmom i czujnikom ruchu. System Smart Home kontroluje tak\u017ce wycieki, po\u017car, poziom CO2 oraz to, czy drzwi i okna s\u0105 zamkni\u0119te.<br \/>\nOczywi\u015bcie wszystko odbywa si\u0119 automatycznie \u2013 system jest kalibrowany, a centrala sterowana dostosowywana do Twoich oczekiwa\u0144 i wymaga\u0144. Je\u015bli trzeba co\u015b zrobi\u0107 r\u0119cznie, ka\u017cdy menad\u017cer, kt\u00f3remu przyznasz dost\u0119p, bez problemu poradzi sobie z intuicyjnym interfejsem aplikacji.<\/p>\n<p>Integracja inteligentnego systemu hotelowego pozwala powierzy\u0107 rozwi\u0105zanie wi\u0119kszo\u015bci problem\u00f3w wysokowydajnym systemom elektronicznym, uwzgl\u0119dniaj\u0105cym \u017cyczenia i \u017cyczenia ka\u017cdego klienta. Od tej chwili b\u0119dziesz skupia\u0142 uwag\u0119 wy\u0142\u0105cznie na go\u015bciach swojego hotelu, a nie na rutynowych zadaniach.<\/p>\n","protected":false},"excerpt":{"rendered":"<p>System Smart Hotel to nowoczesna odpowied\u017a na potrzeby najbardziej wymagaj\u0105cych go\u015bci Twojego hotelu, zajazdu czy kurortu. To nowy poziom bezpiecze\u0144stwa, kt\u00f3ry zadba o bezpiecze\u0144stwo Twoich go\u015bci i ich mienia. System Larnitech Smart Hotel opiera si\u0119 na w\u0142asnej sieci danych. G\u0142\u00f3wna jednostka steruj\u0105ca, czyli serwer, pozwala na pe\u0142n\u0105 kontrol\u0119 i zarz\u0105dzanie hotelem poprzez Internet. Dlatego wystarczy&#8230;<\/p>\n","protected":false},"author":1,"featured_media":0,"parent":0,"menu_order":0,"comment_status":"closed","ping_status":"closed","template":"page-templates\/project.php","meta":{"inline_featured_image":false,"footnotes":""},"class_list":["post-9620","page","type-page","status-publish","hentry"],"acf":[],"yoast_head":"<!-- This site is optimized with the Yoast SEO Premium plugin v19.0.1 (Yoast SEO v19.12) - https:\/\/yoast.com\/wordpress\/plugins\/seo\/ -->\n<title>Smart hotel - smart home system from\u3010Larnitech\u3011<\/title>\n<meta name=\"description\" content=\"Smart hotel system from \u3010Larnitech\u3011\u23e9 Hardware \u26a1Software \u26a1Web services for comprehensive automation of your hotel. \u2b50Training and technical support\" \/>\n<meta name=\"robots\" content=\"index, follow, max-snippet:-1, max-image-preview:large, max-video-preview:-1\" \/>\n<meta property=\"og:locale\" content=\"pl_PL\" \/>\n<meta property=\"og:type\" content=\"article\" \/>\n<meta property=\"og:title\" content=\"Inteligentny Hotel\" \/>\n<meta property=\"og:description\" content=\"Smart hotel system from \u3010Larnitech\u3011\u23e9 Hardware \u26a1Software \u26a1Web services for comprehensive automation of your hotel. \u2b50Training and technical support\" \/>\n<meta property=\"og:url\" content=\"https:\/\/www.larnitech.com\/pl\/smart-hotel\/\" \/>\n<meta property=\"og:site_name\" content=\"Larnitech\" \/>\n<meta property=\"article:modified_time\" content=\"2024-01-22T13:05:52+00:00\" \/>\n<meta name=\"twitter:card\" content=\"summary_large_image\" \/>\n<meta name=\"twitter:label1\" content=\"Szacowany czas czytania\" \/>\n\t<meta name=\"twitter:data1\" content=\"3 minuty\" \/>\n<script type=\"application\/ld+json\" class=\"yoast-schema-graph\">{\"@context\":\"https:\/\/schema.org\",\"@graph\":[{\"@type\":\"WebPage\",\"@id\":\"https:\/\/www.larnitech.com\/pl\/smart-hotel\/\",\"url\":\"https:\/\/www.larnitech.com\/pl\/smart-hotel\/\",\"name\":\"Smart hotel - smart home system from\u3010Larnitech\u3011\",\"isPartOf\":{\"@id\":\"https:\/\/www.larnitech.com\/#website\"},\"datePublished\":\"2022-06-24T08:42:53+00:00\",\"dateModified\":\"2024-01-22T13:05:52+00:00\",\"description\":\"Smart hotel system from \u3010Larnitech\u3011\u23e9 Hardware \u26a1Software \u26a1Web services for comprehensive automation of your hotel. \u2b50Training and technical support\",\"breadcrumb\":{\"@id\":\"https:\/\/www.larnitech.com\/pl\/smart-hotel\/#breadcrumb\"},\"inLanguage\":\"pl-PL\",\"potentialAction\":[{\"@type\":\"ReadAction\",\"target\":[\"https:\/\/www.larnitech.com\/pl\/smart-hotel\/\"]}]},{\"@type\":\"BreadcrumbList\",\"@id\":\"https:\/\/www.larnitech.com\/pl\/smart-hotel\/#breadcrumb\",\"itemListElement\":[{\"@type\":\"ListItem\",\"position\":1,\"name\":\"Home\",\"item\":\"https:\/\/www.larnitech.com\/pl\/\"},{\"@type\":\"ListItem\",\"position\":2,\"name\":\"Inteligentny Hotel\"}]},{\"@type\":\"WebSite\",\"@id\":\"https:\/\/www.larnitech.com\/#website\",\"url\":\"https:\/\/www.larnitech.com\/\",\"name\":\"Larnitech\",\"description\":\"\",\"publisher\":{\"@id\":\"https:\/\/www.larnitech.com\/#organization\"},\"potentialAction\":[{\"@type\":\"SearchAction\",\"target\":{\"@type\":\"EntryPoint\",\"urlTemplate\":\"https:\/\/www.larnitech.com\/?s={search_term_string}\"},\"query-input\":\"required name=search_term_string\"}],\"inLanguage\":\"pl-PL\"},{\"@type\":\"Organization\",\"@id\":\"https:\/\/www.larnitech.com\/#organization\",\"name\":\"Larnitech\",\"url\":\"https:\/\/www.larnitech.com\/\",\"logo\":{\"@type\":\"ImageObject\",\"inLanguage\":\"pl-PL\",\"@id\":\"https:\/\/www.larnitech.com\/#\/schema\/logo\/image\/\",\"url\":\"https:\/\/www.larnitech.com\/wp-content\/uploads\/2022\/01\/logo_white.png\",\"contentUrl\":\"https:\/\/www.larnitech.com\/wp-content\/uploads\/2022\/01\/logo_white.png\",\"width\":1262,\"height\":274,\"caption\":\"Larnitech\"},\"image\":{\"@id\":\"https:\/\/www.larnitech.com\/#\/schema\/logo\/image\/\"}}]}<\/script>\n<!-- \/ Yoast SEO Premium plugin. -->","yoast_head_json":{"title":"Smart hotel - smart home system from\u3010Larnitech\u3011","description":"Smart hotel system from \u3010Larnitech\u3011\u23e9 Hardware \u26a1Software \u26a1Web services for comprehensive automation of your hotel. \u2b50Training and technical support","robots":{"index":"index","follow":"follow","max-snippet":"max-snippet:-1","max-image-preview":"max-image-preview:large","max-video-preview":"max-video-preview:-1"},"og_locale":"pl_PL","og_type":"article","og_title":"Inteligentny Hotel","og_description":"Smart hotel system from \u3010Larnitech\u3011\u23e9 Hardware \u26a1Software \u26a1Web services for comprehensive automation of your hotel. \u2b50Training and technical support","og_url":"https:\/\/www.larnitech.com\/pl\/smart-hotel\/","og_site_name":"Larnitech","article_modified_time":"2024-01-22T13:05:52+00:00","twitter_card":"summary_large_image","twitter_misc":{"Szacowany czas czytania":"3 minuty"},"schema":{"@context":"https:\/\/schema.org","@graph":[{"@type":"WebPage","@id":"https:\/\/www.larnitech.com\/pl\/smart-hotel\/","url":"https:\/\/www.larnitech.com\/pl\/smart-hotel\/","name":"Smart hotel - smart home system from\u3010Larnitech\u3011","isPartOf":{"@id":"https:\/\/www.larnitech.com\/#website"},"datePublished":"2022-06-24T08:42:53+00:00","dateModified":"2024-01-22T13:05:52+00:00","description":"Smart hotel system from \u3010Larnitech\u3011\u23e9 Hardware \u26a1Software \u26a1Web services for comprehensive automation of your hotel. \u2b50Training and technical support","breadcrumb":{"@id":"https:\/\/www.larnitech.com\/pl\/smart-hotel\/#breadcrumb"},"inLanguage":"pl-PL","potentialAction":[{"@type":"ReadAction","target":["https:\/\/www.larnitech.com\/pl\/smart-hotel\/"]}]},{"@type":"BreadcrumbList","@id":"https:\/\/www.larnitech.com\/pl\/smart-hotel\/#breadcrumb","itemListElement":[{"@type":"ListItem","position":1,"name":"Home","item":"https:\/\/www.larnitech.com\/pl\/"},{"@type":"ListItem","position":2,"name":"Inteligentny Hotel"}]},{"@type":"WebSite","@id":"https:\/\/www.larnitech.com\/#website","url":"https:\/\/www.larnitech.com\/","name":"Larnitech","description":"","publisher":{"@id":"https:\/\/www.larnitech.com\/#organization"},"potentialAction":[{"@type":"SearchAction","target":{"@type":"EntryPoint","urlTemplate":"https:\/\/www.larnitech.com\/?s={search_term_string}"},"query-input":"required name=search_term_string"}],"inLanguage":"pl-PL"},{"@type":"Organization","@id":"https:\/\/www.larnitech.com\/#organization","name":"Larnitech","url":"https:\/\/www.larnitech.com\/","logo":{"@type":"ImageObject","inLanguage":"pl-PL","@id":"https:\/\/www.larnitech.com\/#\/schema\/logo\/image\/","url":"https:\/\/www.larnitech.com\/wp-content\/uploads\/2022\/01\/logo_white.png","contentUrl":"https:\/\/www.larnitech.com\/wp-content\/uploads\/2022\/01\/logo_white.png","width":1262,"height":274,"caption":"Larnitech"},"image":{"@id":"https:\/\/www.larnitech.com\/#\/schema\/logo\/image\/"}}]}},"_links":{"self":[{"href":"https:\/\/www.larnitech.com\/pl\/wp-json\/wp\/v2\/pages\/9620","targetHints":{"allow":["GET"]}}],"collection":[{"href":"https:\/\/www.larnitech.com\/pl\/wp-json\/wp\/v2\/pages"}],"about":[{"href":"https:\/\/www.larnitech.com\/pl\/wp-json\/wp\/v2\/types\/page"}],"author":[{"embeddable":true,"href":"https:\/\/www.larnitech.com\/pl\/wp-json\/wp\/v2\/users\/1"}],"replies":[{"embeddable":true,"href":"https:\/\/www.larnitech.com\/pl\/wp-json\/wp\/v2\/comments?post=9620"}],"version-history":[{"count":5,"href":"https:\/\/www.larnitech.com\/pl\/wp-json\/wp\/v2\/pages\/9620\/revisions"}],"predecessor-version":[{"id":13873,"href":"https:\/\/www.larnitech.com\/pl\/wp-json\/wp\/v2\/pages\/9620\/revisions\/13873"}],"wp:attachment":[{"href":"https:\/\/www.larnitech.com\/pl\/wp-json\/wp\/v2\/media?parent=9620"}],"curies":[{"name":"wp","href":"https:\/\/api.w.org\/{rel}","templated":true}]}}