{"id":9618,"date":"2023-12-23T19:10:02","date_gmt":"2023-12-23T17:10:02","guid":{"rendered":"https:\/\/www.larnitech.com\/?page_id=9618"},"modified":"2023-12-23T19:10:02","modified_gmt":"2023-12-23T17:10:02","slug":"smart-home","status":"publish","type":"page","link":"https:\/\/www.larnitech.com\/pl\/smart-home\/","title":{"rendered":"Inteligentny dom"},"content":{"rendered":"<h2>Larnitech &#8211; nowoczesne wyposa\u017cenie inteligentnego domu<\/h2>\n<p>Czym jest nowoczesny Inteligentny dom od producenta? Dlaczego tego typu systemy przesz\u0142y z kategorii niedost\u0119pnych i elitarnych do \u201emust have\u201d ka\u017cdej osoby ceni\u0105cej wygod\u0119, niezawodno\u015b\u0107 i bezpiecze\u0144stwo?<\/p>\n<p>Smart Home to system monitorowania i zarz\u0105dzania funkcjonalno\u015bci\u0105 Twojego domu, kt\u00f3ry aktywnie wdra\u017camy w nasze \u017cycie. Znacznie u\u0142atwia \u017cycie, przerzucaj\u0105c wszystkie troski o dom i jego bezpiecze\u0144stwo na elektronik\u0119.<\/p>\n<p>Czym jest sprz\u0119t inteligentnego domu? S\u0105 to czujniki ognia, dymu, dwutlenku w\u0119gla, wyciek\u00f3w, a tak\u017ce czujniki ruchu, czujniki otwarcia okien i drzwi, kamery monitoringu wizyjnego oraz technologia inteligentnej komunikacji domofonowej. Dzia\u0142aj\u0105 automatycznie lub wed\u0142ug gotowych scenariuszy zar\u00f3wno zintegrowane ze sob\u0105, jak i osobno.<\/p>\n<p>Systemy te kontroluj\u0105 mikroklimat, o\u015bwietlenie, ogrzewanie, wentylacj\u0119. Pod kontrol\u0105 inteligentnego domu znajduj\u0105 si\u0119 tak\u017ce wszelkie liczniki energii elektrycznej oraz domowe systemy multimedialne i sprz\u0119t AGD (pralki, kuchenki, lod\u00f3wki itp.).<\/p>\n<p>Mo\u017cesz wyj\u015b\u0107 z domu pod niezawodn\u0105 ochron\u0119 inteligentnego domu: w przypadku w\u0142amania, jakichkolwiek oznak zalania lub zadymienia, nasze niewielkie czujniki wy\u015bl\u0105 alarm na Tw\u00f3j telefon i do firmy serwisowej.<\/p>\n<h2>Co to s\u0105 systemy inteligentnego domu?<\/h2>\n<p>R\u00f3\u017cnorodno\u015b\u0107 system\u00f3w inteligentnego domu jest ogromna: przewodowe, bezprzewodowe, scentralizowane, zdecentralizowane, hybrydowe, Internet rzeczy.<\/p>\n<p>Przyjrzyjmy si\u0119 g\u0142\u00f3wnym r\u00f3\u017cnicom mi\u0119dzy systemem przewodowym a bezprzewodowym. Funkcjonalno\u015b\u0107 system\u00f3w bezprzewodowych jest znacznie mniejsza w por\u00f3wnaniu z systemami przewodowymi. R\u00f3wnie\u017c systemy bezprzewodowe s\u0105 do\u015b\u0107 zawodne w swojej pracy i w najbardziej krytycznym momencie mog\u0105 \u0142atwo zawie\u015b\u0107.<\/p>\n<p>System przewodowy pozwala na wprowadzenie pomys\u0142u in\u017cynierskiego do projektu, gdy trzeba dostosowa\u0107 system bezprzewodowy do istniej\u0105cego. Szybko\u015b\u0107 przesy\u0142ania danych w systemie przewodowym jest kilkukrotnie wi\u0119ksza ni\u017c w systemie bezprzewodowym.<\/p>\n<p>System przewodowy umo\u017cliwia tworzenie kopii zapasowych systemu. Dzi\u0119ki nim zawsze mo\u017cesz przywr\u00f3ci\u0107 poprzedni\u0105 wersj\u0119 na wypadek, gdyby co\u015b si\u0119 nie uda\u0142o i nie b\u0119dziesz musia\u0142 ustawia\u0107 wszystkiego od zera.<\/p>\n<p>Ogromn\u0105 zalet\u0105 systemu przewodowego jest to, \u017ce je\u015bli Internet przestanie dzia\u0142a\u0107, system b\u0119dzie nadal dzia\u0142a\u0142 w odr\u00f3\u017cnieniu od bezprzewodowego.<\/p>\n<p>Dzi\u0119ki temu, \u017ce wi\u0119kszo\u015b\u0107 czujnik\u00f3w mo\u017cna \u201eukry\u0107\u201d w \u015bcianach domu, system przewodowy jest mniej zauwa\u017calny i wcale nie psuje projektu.<\/p>\n<p>Zatem g\u0142\u00f3wne zalety systemu przewodowego w por\u00f3wnaniu z bezprzewodowym to:<\/p>\n<ul>\n<li>Niezawodno\u015b\u0107<\/li>\n<li>Stabilno\u015b\u0107 pracy<\/li>\n<li>Forma<\/li>\n<li>Wewn\u0119trzna logika<\/li>\n<li>Szybko\u015b\u0107 transmisji<\/li>\n<li>Jeden ekosystem <\/li>\n<\/ul>\n<h3>Kto mo\u017ce by\u0107 zainteresowany systemem Inteligentnego Domu<\/h3>\n<p>Potencjalnymi nabywcami system\u00f3w inteligentnego domu s\u0105 osoby, kt\u00f3re planuj\u0105 remont w istniej\u0105cym domu lub kupno nowego mieszkania b\u0105d\u017a budow\u0119 domu. Zwykle osoby te aktywnie interesuj\u0105 si\u0119 nowymi technologiami i zwracaj\u0105 szczeg\u00f3ln\u0105 uwag\u0119 na wygod\u0119 i design.<\/p>\n<p>Komfort i absolutne bezpiecze\u0144stwo w domu s\u0105 dla nich najwa\u017cniejsze. Takie osoby nie chc\u0105 po\u015bwi\u0119ca\u0107 czasu osobistego na jakiekolwiek czynno\u015bci, kt\u00f3re mo\u017cna powierzy\u0107 inteligentnemu domowi. Staraj\u0105 si\u0119 by\u0107 post\u0119powi i nad\u0105\u017ca\u0107 za duchem czasu.<\/p>\n<p>Potencjalnymi klientami mog\u0105 by\u0107 tak\u017ce:<\/p>\n<ul>\n<li>programi\u015bci<\/li>\n<li>projektanci<\/li>\n<li>architekci<\/li>\n<li>w\u0142a\u015bciciele restauracji, przychodni, centr\u00f3w biurowych.<\/li>\n<\/ul>\n<p>Automatyzuj\u0105c lokale, optymalizuj\u0105 sw\u00f3j biznes i zwi\u0119kszaj\u0105 rentowno\u015b\u0107. Osoby te ceni\u0105 oszcz\u0119dno\u015b\u0107 zasob\u00f3w, kontrol\u0119 koszt\u00f3w i optymalizacj\u0119 zarz\u0105dzania.<\/p>\n<h3>Instalacja systemu Inteligentnego Domu<\/h3>\n<p>Monta\u017c systemu nale\u017cy przeprowadzi\u0107 na etapie budowy, gdy\u017c jego niezawodne dzia\u0142anie wymaga u\u0142o\u017cenia przewod\u00f3w w \u015bcianach lub pod\u0142odze. Pocz\u0105tkowo mo\u017cna skonfigurowa\u0107 system pod k\u0105tem podstawowych funkcji (o\u015bwietlenie, klimatyzacja, nieszczelno\u015bci, bezpiecze\u0144stwo), a p\u00f3\u017aniej funkcjonalno\u015b\u0107 mo\u017cna ulepszy\u0107 i rozszerzy\u0107.<\/p>\n<p>Wa\u017cne jest, aby zrozumie\u0107, \u017ce instalacj\u0105 systemu powinni zajmowa\u0107 si\u0119 wy\u0142\u0105cznie profesjonali\u015bci. Istnieje wiele niuans\u00f3w, kt\u00f3re czasami s\u0105 trudne do zrozumienia nawet dla wykwalifikowanego elektryka, kt\u00f3ry nie ma potrzebnego do\u015bwiadczenia.<\/p>\n<p>Pr\u00f3ba monta\u017cu systemu samodzielnie lub przy zaanga\u017cowaniu niecertyfikowanych specjalist\u00f3w mo\u017ce zako\u0144czy\u0107 si\u0119 awari\u0105 ca\u0142ego systemu.<\/p>\n<p>Przed zam\u00f3wieniem i instalacj\u0105 systemu nale\u017cy upewni\u0107 si\u0119, \u017ce firma posiada serwis, zapewnia okres gwarancji, a jej specjali\u015bci przeszli specjalne szkolenie posiadaj\u0105ce odpowiednie certyfikaty.<\/p>\n<p>Wysokiej jako\u015bci projekt Inteligentnego Domu powinien uwzgl\u0119dnia\u0107 specyfik\u0119 i cechy \u017cycia ka\u017cdego Klienta. Na przyk\u0142ad, je\u015bli cz\u0119sto jeste\u015b poza domem, nale\u017cy po\u0142o\u017cy\u0107 nacisk na systemy bezpiecze\u0144stwa i nadzoru wideo.<\/p>\n<h3>Kim jeste\u015bmy<\/h3>\n<p><a href=\"https:\/\/www.larnitech.com\/\">Larnitech<\/a>jest uznanym niemieckim producentem sprz\u0119tu do automatyzacji obiekt\u00f3w prywatnych i komercyjnych.<\/p>\n<p>Rozwi\u0105zania inteligentnego domu naszej firmy to pojedynczy system sterowania i zarz\u0105dzania z wygodnym i przyst\u0119pnym interfejsem. Korzystamy zar\u00f3wno z system\u00f3w przewodowych, jak i bezprzewodowych.<\/p>\n<p>Opracowali\u015bmy tak\u017ce w\u0142asn\u0105 aplikacj\u0119 Larnitech, kt\u00f3ra kontroluje:<\/p>\n<ul>\n<li>klimat we wszystkich pomieszczeniach (temperatura, wilgotno\u015b\u0107, wentylacja)<\/li>\n<li>systemy o\u015bwietleniowe<\/li>\n<li>otwieranie i zamykanie drzwi i okien<\/li>\n<li>sprz\u0119t multimedialny<\/li>\n<li>elektryczny sprz\u0119t gospodarstwa domowego<\/li>\n<li>wycieki wody<\/li>\n<li>poziom dwutlenku w\u0119gla<\/li>\n<li>dym i wiele wi\u0119cej<\/li>\n<\/ul>\n<p>Kontrolujesz wszystko w swoim domu za pomoc\u0105 jednego klikni\u0119cia z dowolnego miejsca, bez wzgl\u0119du na odleg\u0142o\u015b\u0107!<\/p>\n<h3>Korzy\u015bci ze wsp\u00f3\u0142pracy z Larnitech<\/h3>\n<p>Dlaczego warto zainstalowa\u0107 system inteligentnego domu naszej firmy? Inteligentny Dom od Larnitech to:<\/p>\n<ul>\n<li>Jeden doskona\u0142y system, zaczynaj\u0105c od najprostszego czujnika, a ko\u0144cz\u0105c na oprogramowaniu i serwisie internetowym.<\/li>\n<li>Rozproszony system inteligencji: gdy kontroler, modu\u0142 lub czujnik ulegnie zawieszeniu, wszystkie pozosta\u0142e urz\u0105dzenia b\u0119d\u0105 nadal dzia\u0142a\u0107.<\/li>\n<li>Intuicyjna aplikacja z wieloma funkcjami i mo\u017cliwo\u015bciami, z kt\u00f3rych mo\u017ce korzysta\u0107 nawet dziecko.<\/li>\n<li>Zdalny dost\u0119p dla instalatora: wszelkich zmian mo\u017cna dokona\u0107 bez konieczno\u015bci zbli\u017cania si\u0119 do obiektu.<\/li>\n<li>Oszcz\u0119dno\u015b\u0107 do 30% zasob\u00f3w energii pozwala szybko zwr\u00f3ci\u0107 inwestycj\u0119 w inteligentny dom.<\/li>\n<li>Zaawansowane technologicznie i przyjazne dla \u015brodowiska produkty, kt\u00f3re nie zajmuj\u0105 du\u017co miejsca i nie psuj\u0105 designu.<\/li>\n<li>Aplikacje na Androida, IOS, Linux, Windows.<\/li>\n<li>Niezawodno\u015b\u0107: systemy przewodowe s\u0105 zawsze bardziej niezawodne ni\u017c systemy bezprzewodowe.<\/li>\n<\/ul>\n<p>Jeste\u015bmy odpowiedzialni za jako\u015b\u0107 i udzielamy 2-letniej gwarancji na nasz sprz\u0119t.<\/p>\n<p>Warto wspomnie\u0107 o naszej polityce cenowej: w por\u00f3wnaniu z innymi firmami nasze ceny s\u0105 ni\u017csze od \u015brednich cen rynkowych, ale jednocze\u015bnie otrzymuj\u0105 Pa\u0144stwo produkt najwy\u017cszej niemieckiej jako\u015bci. Innymi s\u0142owy, oferujemy funkcjonalno\u015b\u0107 wiod\u0105cych graczy na rynku w najbardziej przyst\u0119pnych cenach.<\/p>\n<p>System inteligentnego domu firmy Larnitech pomaga oszcz\u0119dza\u0107 zasoby, zwi\u0119ksza bezpiecze\u0144stwo Twojego domu, zapewnia pe\u0142n\u0105 kontrol\u0119 nad o\u015bwietleniem, klimatem, systemami wideo i d\u017awi\u0119kowymi.<\/p>\n<p>R\u00f3\u017cne scenariusze s\u0105 \u0142atwe do wdro\u017cenia i uruchamiane automatycznie, wykonuj\u0105c za Ciebie wi\u0119kszo\u015b\u0107 rutynowych zada\u0144.<\/p>\n<p>Tw\u00f3j inteligentny dom kontroluje temperatur\u0119 w r\u00f3\u017cnych pomieszczeniach, dostosowuje system ogrzewania do Twoich potrzeb, podlewa ro\u015bliny, karmi zwierz\u0119ta, monitoruje panele s\u0142oneczne, aby zapewni\u0107 ich maksymaln\u0105 wydajno\u015b\u0107, wy\u0142\u0105cza \u015bwiat\u0142o w nieu\u017cywanych pomieszczeniach, odtwarza ulubione tre\u015bci muzyk\u0119, a nawet parzy porann\u0105 kaw\u0119!<\/p>\n<p>Tw\u00f3j dom b\u0119dzie chroniony na wypadek wycieku wody lub gazu. Komunikuje si\u0119 z Tob\u0105 przez telefon, wysy\u0142aj\u0105c powiadomienia o sprawach wymagaj\u0105cych Twojej uwagi.<\/p>\n<p>Dzi\u0119ki Larnitech otrzymujesz wysoce wydajne i gotowe do monta\u017cu rozwi\u0105zania, kt\u00f3re u\u0142atwiaj\u0105 zarz\u0105dzanie domem i podnosz\u0105 standard \u017cycia.<\/p>\n","protected":false},"excerpt":{"rendered":"<p>Larnitech &#8211; nowoczesne wyposa\u017cenie inteligentnego domu Czym jest nowoczesny Inteligentny dom od producenta? Dlaczego tego typu systemy przesz\u0142y z kategorii niedost\u0119pnych i elitarnych do \u201emust have\u201d ka\u017cdej osoby ceni\u0105cej wygod\u0119, niezawodno\u015b\u0107 i bezpiecze\u0144stwo? Smart Home to system monitorowania i zarz\u0105dzania funkcjonalno\u015bci\u0105 Twojego domu, kt\u00f3ry aktywnie wdra\u017camy w nasze \u017cycie. Znacznie u\u0142atwia \u017cycie, przerzucaj\u0105c wszystkie troski&#8230;<\/p>\n","protected":false},"author":1,"featured_media":0,"parent":0,"menu_order":0,"comment_status":"closed","ping_status":"closed","template":"page-templates\/project.php","meta":{"inline_featured_image":false,"footnotes":""},"class_list":["post-9618","page","type-page","status-publish","hentry"],"acf":[],"yoast_head":"<!-- This site is optimized with the Yoast SEO Premium plugin v19.0.1 (Yoast SEO v19.12) - https:\/\/yoast.com\/wordpress\/plugins\/seo\/ -->\n<title>Smart home - automation systems from \u3010Larnitech\u3011<\/title>\n<meta name=\"description\" content=\"Smart home equipment from \u3010Larnitech\u3011\u23e9 Hardware \u26a1Software \u26a1Web services for comprehensive automation of a house, office or apartment. \u2b50Training and technical support\" \/>\n<meta name=\"robots\" content=\"index, follow, max-snippet:-1, max-image-preview:large, max-video-preview:-1\" \/>\n<meta property=\"og:locale\" content=\"pl_PL\" \/>\n<meta property=\"og:type\" content=\"article\" \/>\n<meta property=\"og:title\" content=\"Inteligentny dom\" \/>\n<meta property=\"og:description\" content=\"Smart home equipment from \u3010Larnitech\u3011\u23e9 Hardware \u26a1Software \u26a1Web services for comprehensive automation of a house, office or apartment. \u2b50Training and technical support\" \/>\n<meta property=\"og:url\" content=\"https:\/\/www.larnitech.com\/pl\/smart-home\/\" \/>\n<meta property=\"og:site_name\" content=\"Larnitech\" \/>\n<meta name=\"twitter:card\" content=\"summary_large_image\" \/>\n<meta name=\"twitter:label1\" content=\"Szacowany czas czytania\" \/>\n\t<meta name=\"twitter:data1\" content=\"6 minut\" \/>\n<script type=\"application\/ld+json\" class=\"yoast-schema-graph\">{\"@context\":\"https:\/\/schema.org\",\"@graph\":[{\"@type\":\"WebPage\",\"@id\":\"https:\/\/www.larnitech.com\/pl\/smart-home\/\",\"url\":\"https:\/\/www.larnitech.com\/pl\/smart-home\/\",\"name\":\"Smart home - automation systems from \u3010Larnitech\u3011\",\"isPartOf\":{\"@id\":\"https:\/\/www.larnitech.com\/#website\"},\"datePublished\":\"2023-12-23T17:10:02+00:00\",\"dateModified\":\"2023-12-23T17:10:02+00:00\",\"description\":\"Smart home equipment from \u3010Larnitech\u3011\u23e9 Hardware \u26a1Software \u26a1Web services for comprehensive automation of a house, office or apartment. \u2b50Training and technical support\",\"breadcrumb\":{\"@id\":\"https:\/\/www.larnitech.com\/pl\/smart-home\/#breadcrumb\"},\"inLanguage\":\"pl-PL\",\"potentialAction\":[{\"@type\":\"ReadAction\",\"target\":[\"https:\/\/www.larnitech.com\/pl\/smart-home\/\"]}]},{\"@type\":\"BreadcrumbList\",\"@id\":\"https:\/\/www.larnitech.com\/pl\/smart-home\/#breadcrumb\",\"itemListElement\":[{\"@type\":\"ListItem\",\"position\":1,\"name\":\"Home\",\"item\":\"https:\/\/www.larnitech.com\/pl\/\"},{\"@type\":\"ListItem\",\"position\":2,\"name\":\"Inteligentny dom\"}]},{\"@type\":\"WebSite\",\"@id\":\"https:\/\/www.larnitech.com\/#website\",\"url\":\"https:\/\/www.larnitech.com\/\",\"name\":\"Larnitech\",\"description\":\"\",\"publisher\":{\"@id\":\"https:\/\/www.larnitech.com\/#organization\"},\"potentialAction\":[{\"@type\":\"SearchAction\",\"target\":{\"@type\":\"EntryPoint\",\"urlTemplate\":\"https:\/\/www.larnitech.com\/?s={search_term_string}\"},\"query-input\":\"required name=search_term_string\"}],\"inLanguage\":\"pl-PL\"},{\"@type\":\"Organization\",\"@id\":\"https:\/\/www.larnitech.com\/#organization\",\"name\":\"Larnitech\",\"url\":\"https:\/\/www.larnitech.com\/\",\"logo\":{\"@type\":\"ImageObject\",\"inLanguage\":\"pl-PL\",\"@id\":\"https:\/\/www.larnitech.com\/#\/schema\/logo\/image\/\",\"url\":\"https:\/\/www.larnitech.com\/wp-content\/uploads\/2022\/01\/logo_white.png\",\"contentUrl\":\"https:\/\/www.larnitech.com\/wp-content\/uploads\/2022\/01\/logo_white.png\",\"width\":1262,\"height\":274,\"caption\":\"Larnitech\"},\"image\":{\"@id\":\"https:\/\/www.larnitech.com\/#\/schema\/logo\/image\/\"}}]}<\/script>\n<!-- \/ Yoast SEO Premium plugin. -->","yoast_head_json":{"title":"Smart home - automation systems from \u3010Larnitech\u3011","description":"Smart home equipment from \u3010Larnitech\u3011\u23e9 Hardware \u26a1Software \u26a1Web services for comprehensive automation of a house, office or apartment. \u2b50Training and technical support","robots":{"index":"index","follow":"follow","max-snippet":"max-snippet:-1","max-image-preview":"max-image-preview:large","max-video-preview":"max-video-preview:-1"},"og_locale":"pl_PL","og_type":"article","og_title":"Inteligentny dom","og_description":"Smart home equipment from \u3010Larnitech\u3011\u23e9 Hardware \u26a1Software \u26a1Web services for comprehensive automation of a house, office or apartment. \u2b50Training and technical support","og_url":"https:\/\/www.larnitech.com\/pl\/smart-home\/","og_site_name":"Larnitech","twitter_card":"summary_large_image","twitter_misc":{"Szacowany czas czytania":"6 minut"},"schema":{"@context":"https:\/\/schema.org","@graph":[{"@type":"WebPage","@id":"https:\/\/www.larnitech.com\/pl\/smart-home\/","url":"https:\/\/www.larnitech.com\/pl\/smart-home\/","name":"Smart home - automation systems from \u3010Larnitech\u3011","isPartOf":{"@id":"https:\/\/www.larnitech.com\/#website"},"datePublished":"2023-12-23T17:10:02+00:00","dateModified":"2023-12-23T17:10:02+00:00","description":"Smart home equipment from \u3010Larnitech\u3011\u23e9 Hardware \u26a1Software \u26a1Web services for comprehensive automation of a house, office or apartment. \u2b50Training and technical support","breadcrumb":{"@id":"https:\/\/www.larnitech.com\/pl\/smart-home\/#breadcrumb"},"inLanguage":"pl-PL","potentialAction":[{"@type":"ReadAction","target":["https:\/\/www.larnitech.com\/pl\/smart-home\/"]}]},{"@type":"BreadcrumbList","@id":"https:\/\/www.larnitech.com\/pl\/smart-home\/#breadcrumb","itemListElement":[{"@type":"ListItem","position":1,"name":"Home","item":"https:\/\/www.larnitech.com\/pl\/"},{"@type":"ListItem","position":2,"name":"Inteligentny dom"}]},{"@type":"WebSite","@id":"https:\/\/www.larnitech.com\/#website","url":"https:\/\/www.larnitech.com\/","name":"Larnitech","description":"","publisher":{"@id":"https:\/\/www.larnitech.com\/#organization"},"potentialAction":[{"@type":"SearchAction","target":{"@type":"EntryPoint","urlTemplate":"https:\/\/www.larnitech.com\/?s={search_term_string}"},"query-input":"required name=search_term_string"}],"inLanguage":"pl-PL"},{"@type":"Organization","@id":"https:\/\/www.larnitech.com\/#organization","name":"Larnitech","url":"https:\/\/www.larnitech.com\/","logo":{"@type":"ImageObject","inLanguage":"pl-PL","@id":"https:\/\/www.larnitech.com\/#\/schema\/logo\/image\/","url":"https:\/\/www.larnitech.com\/wp-content\/uploads\/2022\/01\/logo_white.png","contentUrl":"https:\/\/www.larnitech.com\/wp-content\/uploads\/2022\/01\/logo_white.png","width":1262,"height":274,"caption":"Larnitech"},"image":{"@id":"https:\/\/www.larnitech.com\/#\/schema\/logo\/image\/"}}]}},"_links":{"self":[{"href":"https:\/\/www.larnitech.com\/pl\/wp-json\/wp\/v2\/pages\/9618","targetHints":{"allow":["GET"]}}],"collection":[{"href":"https:\/\/www.larnitech.com\/pl\/wp-json\/wp\/v2\/pages"}],"about":[{"href":"https:\/\/www.larnitech.com\/pl\/wp-json\/wp\/v2\/types\/page"}],"author":[{"embeddable":true,"href":"https:\/\/www.larnitech.com\/pl\/wp-json\/wp\/v2\/users\/1"}],"replies":[{"embeddable":true,"href":"https:\/\/www.larnitech.com\/pl\/wp-json\/wp\/v2\/comments?post=9618"}],"version-history":[{"count":5,"href":"https:\/\/www.larnitech.com\/pl\/wp-json\/wp\/v2\/pages\/9618\/revisions"}],"predecessor-version":[{"id":11799,"href":"https:\/\/www.larnitech.com\/pl\/wp-json\/wp\/v2\/pages\/9618\/revisions\/11799"}],"wp:attachment":[{"href":"https:\/\/www.larnitech.com\/pl\/wp-json\/wp\/v2\/media?parent=9618"}],"curies":[{"name":"wp","href":"https:\/\/api.w.org\/{rel}","templated":true}]}}