{"id":9589,"date":"2023-10-27T14:17:01","date_gmt":"2023-10-27T11:17:01","guid":{"rendered":"https:\/\/www.larnitech.com\/?page_id=9589"},"modified":"2023-12-02T13:41:54","modified_gmt":"2023-12-02T11:41:54","slug":"about","status":"publish","type":"page","link":"https:\/\/www.larnitech.com\/pl\/about\/","title":{"rendered":"O nas"},"content":{"rendered":"<p>Wsp\u00f3\u0142czesny \u015bwiat prze\u017cywa niespotykany dot\u0105d rozkwit w sferze IT. My w Larnitech jeste\u015bmy w pe\u0142ni \u015bwiadomi tego trendu i robimy wszystko, co w naszej mocy, aby zapewni\u0107 w\u0142asny udzia\u0142 w innowacjach z zakresu technologii inteligentnych dom\u00f3w. D\u0105\u017cymy do tego, aby sta\u0107 si\u0119 liderem w swojej niszy rynkowej. Poprzez nasze zaawansowane technologicznie produkty przyjazne dla \u015brodowiska przyczyniamy si\u0119 do oszcz\u0119dzania zasob\u00f3w naturalnych \u015bwiata i realizujemy nasz\u0105 misj\u0119 tworzenia nowoczesnego budownictwa mieszkaniowego, kt\u00f3re \u0142\u0105czy w sobie post\u0119powe pomys\u0142y, komfort i bezpiecze\u0144stwo.<\/p>\n<h2>Kim jeste\u015bmy<\/h2>\n<p>Larnitech to niemiecki producent urz\u0105dze\u0144 do automatyzacji obiekt\u00f3w prywatnych i komercyjnych. Jeste\u015bmy pewni, \u017ce wszystko, co w Twoim domu odbywa si\u0119 r\u0119cznie, mo\u017ce i powinno zosta\u0107 zautomatyzowane.<\/p>\n<p><img decoding=\"async\" class=\"aligncenter wp-image-3080 size-large\" src=\"\/wp-content\/uploads\/2022\/09\/TWOJ-DOM-MO\u017bE-BY\u0106-SMART--1024x768.png\" alt=\"\" \/><\/p>\n<p>&nbsp;<\/p>\n<p><span style=\"font-weight: 400;\">Rozwi\u0105zania \u201einteligentnego\u201d domu naszej firmy to pojedynczy system sterowania i zarz\u0105dzania z wygodnym i przyst\u0119pnym interfejsem. Produkujemy zdecentralizowany przewodowy system Smart Home, kt\u00f3ry dzia\u0142a na magistrali CAN i wyr\u00f3\u017cnia si\u0119 mi\u0119dzy innymi szybko\u015bci\u0105 reakcji. Opracowali\u015bmy tak\u017ce autorsk\u0105 aplikacj\u0119 Larnitech, kt\u00f3ra umo\u017cliwia sterowanie systemem z urz\u0105dze\u0144 mobilnych.<\/span><\/p>\n<p><span style=\"font-weight: 400;\">Aplikacja jest przeznaczona dla system\u00f3w iOS, Android, Linux i Windows i mo\u017cna j\u0105 pobra\u0107 z App Store i Play Market. Intuicyjny interfejs aplikacji z wieloma funkcjami i mo\u017cliwo\u015bciami jest na tyle prosty w obs\u0142udze, \u017ce nawet dziecko z \u0142atwo\u015bci\u0105 poradzi sobie z jego obs\u0142ug\u0105.<\/span><\/p>\n<p>Rozwi\u0105zania naszej firmy s\u0105 skuteczne i jednocze\u015bnie proste, niczym s\u0142ynny konstruktor LEGO. Oferujemy zestaw element\u00f3w, z kt\u00f3rych mo\u017cna wykona\u0107 minimaln\u0105 automatyzacj\u0119 z podstawowymi funkcjami lub bardzo progresywn\u0105 z maksymaln\u0105 ilo\u015bci\u0105 funkcji.<\/p>\n<p><b>Inteligentny dom Larnitech to:<\/b><\/p>\n<ul>\n<li>komfort w Twoim domu<\/li>\n<li>bezpiecze\u0144stwo przed penetracj\u0105, wyciekami i po\u017carami<\/li>\n<li>oszcz\u0119dno\u015b\u0107 zasob\u00f3w i czasu<\/li>\n<\/ul>\n<p>Z Larnitech to nie Ty dbasz o dom, to on dba o Ciebie!<\/p>\n<h2>Nasza historia<\/h2>\n<p>Firma Larnitech zosta\u0142a za\u0142o\u017cona w 2014 roku w Kolonii w Niemczech. Przez pierwsze lata naszej dzia\u0142alno\u015bci produkowali\u015bmy urz\u0105dzenia w oparciu o nasze technologie, ale w fabrykach zewn\u0119trznych. W 2019 roku uruchomili\u015bmy w\u0142asn\u0105 produkcj\u0119, otworzyli\u015bmy zak\u0142ad pe\u0142nocyklowy i przenie\u015bli\u015bmy si\u0119 z Kolonii do Freudenberg.<\/p>\n<p>W tym czasie nasi specjali\u015bci opracowali trzy generacje sprz\u0119tu inteligentnego domu. Obecnie nasze produkty importujemy do ponad 20 kraj\u00f3w na ca\u0142ym \u015bwiecie, a liczba zainstalowanych system\u00f3w inteligentnego domu przekroczy\u0142a kilkadziesi\u0105t tysi\u0119cy.<\/p>\n<h2>Co wyr\u00f3\u017cnia nas na tle konkurencji?<\/h2>\n<p>Nasze urz\u0105dzenia s\u0105 proste, ale jednocze\u015bnie wydajne i \u0142atwe w monta\u017cu. Elementy systemu dzia\u0142aj\u0105 na zasadzie Plug&amp;Play \u2013 szybka konfiguracja i uruchomienie, co w przypadku innych system\u00f3w zajmuje znacznie wi\u0119cej czasu.<\/p>\n<p>Oferujemy:<\/p>\n<ul>\n<li>wysoka jako\u015b\u0107<\/li>\n<li>przyst\u0119pna cena<\/li>\n<li>szeroka funkcjonalno\u015b\u0107<\/li>\n<li>dostosowanie do ka\u017cdego klienta<\/li>\n<li>prosty system programowania<\/li>\n<li>wsparcie online i mo\u017cliwo\u015b\u0107 zdalnej konfiguracji systemu przez naszych specjalist\u00f3w<\/li>\n<\/ul>\n<p>Kolejn\u0105 cech\u0105 wyr\u00f3\u017cniaj\u0105c\u0105 nasz system jest to, \u017ce stale monitoruje si\u0119 on pod k\u0105tem b\u0142\u0119d\u00f3w. Gdy pojawi si\u0119 problem, cz\u0119sto nawet o nim nie b\u0119dziesz wiedzia\u0142, poniewa\u017c nasz dealer zobaczy w panelu dealera powiadomienie o b\u0142\u0119dzie i zdalnie go naprawi.<\/p>\n<p>Oferujemy r\u00f3wnie\u017c unikalne na rynku rozwi\u0105zanie \u2013 zestaw Metaforsa. Jest to zestaw uniwersalny z podstawowymi funkcjami automatyki. Jest \u0142atwy w instalacji i gotowy do u\u017cycia od razu po wyj\u0119ciu z pude\u0142ka.<\/p>\n<p>Stosujemy zar\u00f3wno system komunikacji przewodowej, kt\u00f3ry jest bardziej niezawodny, trwa\u0142y i nienara\u017cony na wp\u0142ywy zewn\u0119trzne, jak i bezprzewodowy.<\/p>\n<h2>System przewodowy<\/h2>\n<p>Wszystkie urz\u0105dzenia po\u0142\u0105czone s\u0105 magistralami danych. G\u0142\u00f3wne zalety tego typu systemu to:<\/p>\n<ul>\n<li>Wysoka responsywno\u015b\u0107, szybki i niezawodny spos\u00f3b przesy\u0142ania danych<\/li>\n<li>\u0141atwa instalacja<\/li>\n<li>Szeroka gama wyposa\u017cenia<\/li>\n<li>Skuteczne funkcje bezpiecze\u0144stwa<\/li>\n<li>D\u0142ugi okres \u015bwiadczenia us\u0142ugi<\/li>\n<li>W systemie nie ma urz\u0105dze\u0144 zasilanych bateryjnie, kt\u00f3re wymagaj\u0105 regularnej wymiany baterii<\/li>\n<\/ul>\n<h2>System bezprzewodowy<\/h2>\n<p>System tego typu wykorzystuje kana\u0142 radiowy s\u0142u\u017c\u0105cy do przesy\u0142ania sygna\u0142\u00f3w z urz\u0105dzenia steruj\u0105cego do jednostek wykonawczych.<\/p>\n<p>G\u0142\u00f3wne zalety tego systemu to:<\/p>\n<ul>\n<li>Znaczna oszcz\u0119dno\u015b\u0107 \u2013 przy monta\u017cu systemu nie ma konieczno\u015bci uk\u0142adania przewod\u00f3w, co zmniejsza koszty materia\u0142\u00f3w eksploatacyjnych i pracy<\/li>\n<li>Elastyczna i \u0142atwa instalacja systemu<\/li>\n<li>Mo\u017cliwo\u015b\u0107 \u0142atwej rozbudowy obecnego systemu<\/li>\n<\/ul>\n<h2>Korzy\u015bci ze wsp\u00f3\u0142pracy z firm\u0105<\/h2>\n<p>Dlaczego warto zainstalowa\u0107 nasz system inteligentnego domu?<\/p>\n<p>W naszej pracy wykorzystujemy najnowocze\u015bniejszy europejski sprz\u0119t, kt\u00f3ry produkujemy we w\u0142asnej fabryce pe\u0142nocyklowej.<\/p>\n<p>Nasi dealerzy to profesjonali\u015bci z wieloletnim do\u015bwiadczeniem, kt\u00f3rzy zainstaluj\u0105 system tak szybko i sprawnie, jak to mo\u017cliwe, bior\u0105c pod uwag\u0119 wszystkie Twoje \u017cyczenia.<\/p>\n<p>Zdalny dost\u0119p do instalacji: wszelkich zmian mo\u017cna dokona\u0107 bez wchodzenia na stron\u0119.<\/p>\n<p>Funkcjonalno\u015b\u0107 naszych urz\u0105dze\u0144 pozwala zapanowa\u0107 nad wszystkimi aspektami zarz\u0105dzania w Twoim domu, mieszkaniu czy biurze. Czujniki dadz\u0105 sygna\u0142 w przypadku wykrycia wycieku wody lub gazu, czujniki ruchu w\u0142\u0105cz\u0105 kamery, a w przypadku nieupowa\u017cnionego wej\u015bcia otrzymasz zdj\u0119cie na smartfonie lub tablecie.<\/p>\n<p>U\u017cytkownik ma tak\u017ce mo\u017cliwo\u015b\u0107 sterowania o\u015bwietleniem w ka\u017cdym pomieszczeniu, w\u0142\u0105czania elektryki, klimatyzacji czy te\u017c centrum muzycznego zgodnie z harmonogramem. Co wi\u0119cej, wszystko to mo\u017cna zrobi\u0107 zar\u00f3wno bezpo\u015brednio w lokalu, jak i zdalnie \u2013 na przyk\u0142ad w drodze do domu.<\/p>\n<p>Sterowanie inteligentnym domem odbywa si\u0119 z dowolnego urz\u0105dzenia \u2013 mo\u017cesz skorzysta\u0107 ze smartfona, tabletu, laptopa, a nawet inteligentnego zegarka. Opracowana przez nasz\u0105 firm\u0119 unikalna aplikacja do sterowania funkcjonalno\u015bci\u0105 Inteligentnego Domu, a tak\u017ce gotowe rozwi\u0105zanie \u201eod razu po wyj\u0119ciu z pude\u0142ka\u201d pozwalaj\u0105 zamieni\u0107 Tw\u00f3j dom w nowoczesn\u0105, wielofunkcyjn\u0105 i wygodn\u0105 przestrze\u0144 do \u017cycia i pracy.<\/p>\n<p><img loading=\"lazy\" decoding=\"async\" width=\"1024\" height=\"768\" class=\"size-large wp-image-3473 wyr\u00f3wnaniecenter\" src=\"\/wp-content\/uploads\/2022\/09\/metaforsa-larnitech_en-1024x768.jpg\" alt=\"\" srcset=\"https:\/\/www.larnitech.com\/wp-content\/uploads\/2022\/09\/metaforsa-larnitech_en-1024x768.jpg 1024w, https:\/\/www.larnitech.com\/wp-content\/uploads\/2022\/09\/metaforsa-larnitech_en-300x225.jpg 300w, https:\/\/www.larnitech.com\/wp-content\/uploads\/2022\/09\/metaforsa-larnitech_en-768x576.jpg 768w, https:\/\/www.larnitech.com\/wp-content\/uploads\/2022\/09\/metaforsa-larnitech_en-1536x1152.jpg 1536w, https:\/\/www.larnitech.com\/wp-content\/uploads\/2022\/09\/metaforsa-larnitech_en.jpg 2048w\" sizes=\"auto, (max-width: 1024px) 100vw, 1024px\" \/><\/p>\n<h3>MODU\u0141Y INTERFEJSU<\/h3>\n<p>Jeden doskona\u0142y system, od najprostszego czujnika po oprogramowanie i us\u0142ug\u0119 internetow\u0105.<\/p>\n<p>Modu\u0142y interfejs\u00f3w zapewniaj\u0105 integracj\u0119 r\u00f3\u017cnych urz\u0105dze\u0144 w jednolity system automatyki i sterowania (panele s\u0142oneczne, urz\u0105dzenia pomiarowe, pompy ciep\u0142a itp.).<\/p>\n<h3>WYSOKIEJ JAKO\u015aCI NOWOCZESNE KOMPONENTY<\/h3>\n<p>Zaawansowane technologicznie i przyjazne dla \u015brodowiska produkty, kt\u00f3re nie zajmuj\u0105 du\u017co miejsca i nie psuj\u0105 designu.<\/p>\n<p>Zastosowanie wysokiej jako\u015bci komponent\u00f3w pozwoli\u0142o nam rozszerzy\u0107 funkcjonalno\u015b\u0107 naszych urz\u0105dze\u0144 oraz zmniejszy\u0107 do minimum jego wymiary, wag\u0119 i pob\u00f3r mocy. W systemie zastosowano mikroczujniki i kompaktowe jednostki steruj\u0105ce, kt\u00f3re nie b\u0119d\u0105 mia\u0142y wp\u0142ywu na wn\u0119trze Twojego domu.<\/p>\n<h3>NIEZAWODNO\u015a\u0106<\/h3>\n<p>Niemiecka jako\u015b\u0107 i 2-letnia gwarancja na sprz\u0119t<\/p>\n<p>Bazuj\u0105c na zasadzie \u201elogiki rozproszonej\u201d, nasz system nie posiada jednostki centralnej, co zwi\u0119ksza jego niezawodno\u015b\u0107. Je\u015bli kontroler, modu\u0142 lub czujnik ulegnie zawieszeniu, wszystkie pozosta\u0142e urz\u0105dzenia b\u0119d\u0105 nadal dzia\u0142a\u0107. Poszczeg\u00f3lne elementy sieci komunikuj\u0105 si\u0119 ze sob\u0105 i realizuj\u0105 w\u0142asne funkcje w oparciu o informacje otrzymywane od innych jednostek.<\/p>\n<p>Do stworzenia systemu bezprzewodowego wykorzystano technologi\u0119 MESH. Wszystkie elementy systemu wsp\u00f3\u0142dzia\u0142aj\u0105 ze sob\u0105, aby wykona\u0107 zadanie w najbardziej efektywny spos\u00f3b.<\/p>\n<h3>ELASTYCZNO\u015a\u0106 SYSTEMU<\/h3>\n<p>Dzi\u0119ki rozproszonej logice system jest \u0142atwy w rozbudowie i pozwala na pod\u0142\u0105czenie wielu r\u00f3\u017cnych urz\u0105dze\u0144, rozszerzaj\u0105c tym samym funkcjonalno\u015b\u0107 systemu. U\u017cytkownicy mog\u0105 zmienia\u0107 niekt\u00f3re ustawienia systemu bez pomocy specjalisty.<\/p>\n<h3>OSZCZ\u0118DZANIE ZASOB\u00d3W<\/h3>\n<p>Oszcz\u0119dno\u015b\u0107 do 30% zasob\u00f3w energii pozwala na szybki zwrot inwestycji w inteligentny dom.<\/p>\n<p>Inteligentny Dom integruje wszystkie systemy, zapewniaj\u0105c nieprzerwan\u0105 i wydajn\u0105 prac\u0119. Efektywno\u015b\u0107 energetyczn\u0105 osi\u0105ga si\u0119 przede wszystkim poprzez automatyzacj\u0119 o\u015bwietlenia i mikroklimatu. Istnieje kilka mo\u017cliwo\u015bci konfiguracji systemu, m.in.: wykorzystanie czujnik\u00f3w ruchu, dane kalendarza, ustawienia specjalne, indywidualne dla r\u00f3\u017cnych obszar\u00f3w domu itp. Statystyki czujnik\u00f3w i wykorzystanie urz\u0105dze\u0144 elektrycznych mo\u017cna wykorzysta\u0107 do optymalizacji zu\u017cycia energii elektrycznej.<\/p>\n<p>Larnitech oferuje wysokiej jako\u015bci rozwi\u0105zania automatyki domowej w przyst\u0119pnych cenach! Uczy\u0144 swoje \u017cycie jeszcze bardziej komfortowym, wygodnym i bezpiecznym, dzi\u0119ki domowi, kt\u00f3ry zadba o to wszystko za Ciebie!<\/p>\n<div class=\" partner_auth_button pt-5 pb-5 centrum tekstowe\"><a class=\" btn btn -primary\" href=\"https:\/\/drive.google.com\/file\/d\/15p1bVG-B2drAMqsyPXaKJ5jACVGR8MDg\/view?usp=sharing\" target=\"_blank\" rel=\"nofollow noopener\">Pobierz prezentacj\u0119<\/a><\/div>\n","protected":false},"excerpt":{"rendered":"<p>Wsp\u00f3\u0142czesny \u015bwiat prze\u017cywa niespotykany dot\u0105d rozkwit w sferze IT. My w Larnitech jeste\u015bmy w pe\u0142ni \u015bwiadomi tego trendu i robimy wszystko, co w naszej mocy, aby zapewni\u0107 w\u0142asny udzia\u0142 w innowacjach z zakresu technologii inteligentnych dom\u00f3w. D\u0105\u017cymy do tego, aby sta\u0107 si\u0119 liderem w swojej niszy rynkowej. Poprzez nasze zaawansowane technologicznie produkty przyjazne dla \u015brodowiska&#8230;<\/p>\n","protected":false},"author":1,"featured_media":0,"parent":0,"menu_order":0,"comment_status":"closed","ping_status":"closed","template":"","meta":{"inline_featured_image":false,"footnotes":""},"class_list":["post-9589","page","type-page","status-publish","hentry"],"acf":[],"yoast_head":"<!-- This site is optimized with the Yoast SEO Premium plugin v19.0.1 (Yoast SEO v19.12) - https:\/\/yoast.com\/wordpress\/plugins\/seo\/ -->\n<title>O nas - Larnitech<\/title>\n<meta name=\"description\" content=\"O Larnitech \u23e9 Sprz\u0119t \u26a1 Oprogramowanie \u26a1 Us\u0142ugi internetowe dla inteligentnego domu, biura lub mieszkania. Szkolenia i wsparcie techniczne\" \/>\n<meta name=\"robots\" content=\"index, follow, max-snippet:-1, max-image-preview:large, max-video-preview:-1\" \/>\n<meta property=\"og:locale\" content=\"pl_PL\" \/>\n<meta property=\"og:type\" content=\"article\" \/>\n<meta property=\"og:title\" content=\"O nas\" \/>\n<meta property=\"og:description\" content=\"O Larnitech \u23e9 Sprz\u0119t \u26a1 Oprogramowanie \u26a1 Us\u0142ugi internetowe dla inteligentnego domu, biura lub mieszkania. Szkolenia i wsparcie techniczne\" \/>\n<meta property=\"og:url\" content=\"https:\/\/www.larnitech.com\/about\/\" \/>\n<meta property=\"og:site_name\" content=\"Larnitech\" \/>\n<meta property=\"article:modified_time\" content=\"2023-12-02T11:41:54+00:00\" \/>\n<meta name=\"twitter:card\" content=\"summary_large_image\" \/>\n<meta name=\"twitter:label1\" content=\"Szacowany czas czytania\" \/>\n\t<meta name=\"twitter:data1\" content=\"6 minut\" \/>\n<script type=\"application\/ld+json\" class=\"yoast-schema-graph\">{\"@context\":\"https:\/\/schema.org\",\"@graph\":[{\"@type\":\"WebPage\",\"@id\":\"https:\/\/www.larnitech.com\/about\/\",\"url\":\"https:\/\/www.larnitech.com\/about\/\",\"name\":\"O nas - Larnitech\",\"isPartOf\":{\"@id\":\"https:\/\/www.larnitech.com\/#website\"},\"datePublished\":\"2023-10-27T11:17:01+00:00\",\"dateModified\":\"2023-12-02T11:41:54+00:00\",\"description\":\"O Larnitech \u23e9 Sprz\u0119t \u26a1 Oprogramowanie \u26a1 Us\u0142ugi internetowe dla inteligentnego domu, biura lub mieszkania. Szkolenia i wsparcie techniczne\",\"breadcrumb\":{\"@id\":\"https:\/\/www.larnitech.com\/about\/#breadcrumb\"},\"inLanguage\":\"pl-PL\",\"potentialAction\":[{\"@type\":\"ReadAction\",\"target\":[\"https:\/\/www.larnitech.com\/about\/\"]}]},{\"@type\":\"BreadcrumbList\",\"@id\":\"https:\/\/www.larnitech.com\/about\/#breadcrumb\",\"itemListElement\":[{\"@type\":\"ListItem\",\"position\":1,\"name\":\"Home\",\"item\":\"https:\/\/www.larnitech.com\/pl\/\"},{\"@type\":\"ListItem\",\"position\":2,\"name\":\"O nas\"}]},{\"@type\":\"WebSite\",\"@id\":\"https:\/\/www.larnitech.com\/#website\",\"url\":\"https:\/\/www.larnitech.com\/\",\"name\":\"Larnitech\",\"description\":\"\",\"publisher\":{\"@id\":\"https:\/\/www.larnitech.com\/#organization\"},\"potentialAction\":[{\"@type\":\"SearchAction\",\"target\":{\"@type\":\"EntryPoint\",\"urlTemplate\":\"https:\/\/www.larnitech.com\/?s={search_term_string}\"},\"query-input\":\"required name=search_term_string\"}],\"inLanguage\":\"pl-PL\"},{\"@type\":\"Organization\",\"@id\":\"https:\/\/www.larnitech.com\/#organization\",\"name\":\"Larnitech\",\"url\":\"https:\/\/www.larnitech.com\/\",\"logo\":{\"@type\":\"ImageObject\",\"inLanguage\":\"pl-PL\",\"@id\":\"https:\/\/www.larnitech.com\/#\/schema\/logo\/image\/\",\"url\":\"https:\/\/www.larnitech.com\/wp-content\/uploads\/2022\/01\/logo_white.png\",\"contentUrl\":\"https:\/\/www.larnitech.com\/wp-content\/uploads\/2022\/01\/logo_white.png\",\"width\":1262,\"height\":274,\"caption\":\"Larnitech\"},\"image\":{\"@id\":\"https:\/\/www.larnitech.com\/#\/schema\/logo\/image\/\"}}]}<\/script>\n<!-- \/ Yoast SEO Premium plugin. -->","yoast_head_json":{"title":"O nas - Larnitech","description":"O Larnitech \u23e9 Sprz\u0119t \u26a1 Oprogramowanie \u26a1 Us\u0142ugi internetowe dla inteligentnego domu, biura lub mieszkania. Szkolenia i wsparcie techniczne","robots":{"index":"index","follow":"follow","max-snippet":"max-snippet:-1","max-image-preview":"max-image-preview:large","max-video-preview":"max-video-preview:-1"},"og_locale":"pl_PL","og_type":"article","og_title":"O nas","og_description":"O Larnitech \u23e9 Sprz\u0119t \u26a1 Oprogramowanie \u26a1 Us\u0142ugi internetowe dla inteligentnego domu, biura lub mieszkania. Szkolenia i wsparcie techniczne","og_url":"https:\/\/www.larnitech.com\/about\/","og_site_name":"Larnitech","article_modified_time":"2023-12-02T11:41:54+00:00","twitter_card":"summary_large_image","twitter_misc":{"Szacowany czas czytania":"6 minut"},"schema":{"@context":"https:\/\/schema.org","@graph":[{"@type":"WebPage","@id":"https:\/\/www.larnitech.com\/about\/","url":"https:\/\/www.larnitech.com\/about\/","name":"O nas - Larnitech","isPartOf":{"@id":"https:\/\/www.larnitech.com\/#website"},"datePublished":"2023-10-27T11:17:01+00:00","dateModified":"2023-12-02T11:41:54+00:00","description":"O Larnitech \u23e9 Sprz\u0119t \u26a1 Oprogramowanie \u26a1 Us\u0142ugi internetowe dla inteligentnego domu, biura lub mieszkania. Szkolenia i wsparcie techniczne","breadcrumb":{"@id":"https:\/\/www.larnitech.com\/about\/#breadcrumb"},"inLanguage":"pl-PL","potentialAction":[{"@type":"ReadAction","target":["https:\/\/www.larnitech.com\/about\/"]}]},{"@type":"BreadcrumbList","@id":"https:\/\/www.larnitech.com\/about\/#breadcrumb","itemListElement":[{"@type":"ListItem","position":1,"name":"Home","item":"https:\/\/www.larnitech.com\/pl\/"},{"@type":"ListItem","position":2,"name":"O nas"}]},{"@type":"WebSite","@id":"https:\/\/www.larnitech.com\/#website","url":"https:\/\/www.larnitech.com\/","name":"Larnitech","description":"","publisher":{"@id":"https:\/\/www.larnitech.com\/#organization"},"potentialAction":[{"@type":"SearchAction","target":{"@type":"EntryPoint","urlTemplate":"https:\/\/www.larnitech.com\/?s={search_term_string}"},"query-input":"required name=search_term_string"}],"inLanguage":"pl-PL"},{"@type":"Organization","@id":"https:\/\/www.larnitech.com\/#organization","name":"Larnitech","url":"https:\/\/www.larnitech.com\/","logo":{"@type":"ImageObject","inLanguage":"pl-PL","@id":"https:\/\/www.larnitech.com\/#\/schema\/logo\/image\/","url":"https:\/\/www.larnitech.com\/wp-content\/uploads\/2022\/01\/logo_white.png","contentUrl":"https:\/\/www.larnitech.com\/wp-content\/uploads\/2022\/01\/logo_white.png","width":1262,"height":274,"caption":"Larnitech"},"image":{"@id":"https:\/\/www.larnitech.com\/#\/schema\/logo\/image\/"}}]}},"_links":{"self":[{"href":"https:\/\/www.larnitech.com\/pl\/wp-json\/wp\/v2\/pages\/9589","targetHints":{"allow":["GET"]}}],"collection":[{"href":"https:\/\/www.larnitech.com\/pl\/wp-json\/wp\/v2\/pages"}],"about":[{"href":"https:\/\/www.larnitech.com\/pl\/wp-json\/wp\/v2\/types\/page"}],"author":[{"embeddable":true,"href":"https:\/\/www.larnitech.com\/pl\/wp-json\/wp\/v2\/users\/1"}],"replies":[{"embeddable":true,"href":"https:\/\/www.larnitech.com\/pl\/wp-json\/wp\/v2\/comments?post=9589"}],"version-history":[{"count":3,"href":"https:\/\/www.larnitech.com\/pl\/wp-json\/wp\/v2\/pages\/9589\/revisions"}],"predecessor-version":[{"id":10270,"href":"https:\/\/www.larnitech.com\/pl\/wp-json\/wp\/v2\/pages\/9589\/revisions\/10270"}],"wp:attachment":[{"href":"https:\/\/www.larnitech.com\/pl\/wp-json\/wp\/v2\/media?parent=9589"}],"curies":[{"name":"wp","href":"https:\/\/api.w.org\/{rel}","templated":true}]}}