{"id":10688,"date":"2022-07-19T12:04:38","date_gmt":"2022-07-19T09:04:38","guid":{"rendered":"https:\/\/www.larnitech.com\/?post_type=product&#038;p=10688"},"modified":"2024-01-09T03:53:26","modified_gmt":"2024-01-09T01:53:26","slug":"de-mg","status":"publish","type":"product","link":"https:\/\/www.larnitech.com\/lt\/product\/de-mg\/","title":{"rendered":"DE-MG"},"content":{"rendered":"<p>Jis naudojamas sistemos duomenims kaupti ir saugoti. \u012erenginys nustato login\u0119 sistemos schem\u0105 ir leid\u017eia autorizuotai prisijungti prie sistemos per internet\u0105. Jis taip pat konvertuoja Ethernet \u012f CAN magistral\u0119 ir atvirk\u0161\u010diai. DE-MG turi \u012fmontuot\u0105 infraraudon\u0173j\u0173 spinduli\u0173 imtuv\u0105.<\/p>\n<p>DE-MG galima valdyti per debesij\u0105 saugiai u\u017e\u0161ifruotu signalu. DE-MG vienerius metus saugoma vis\u0173 kit\u0173 prietais\u0173 ir jutikli\u0173 sistemos istorija. Jo Plug and Play funkcija rei\u0161kia, kad jis automati\u0161kai atpa\u017e\u012fsta ir konfig\u016bruoja naujus \u012f sistem\u0105 \u012ftrauktus Larnitech \u012frenginius. Didel\u0117 ir nuolat atnaujinama paruo\u0161t\u0173 scenarij\u0173 duomen\u0173 baz\u0117 u\u017etikrina, kad j\u016bs\u0173 namuose b\u016bt\u0173 daroma viskas, ko tik \u0161irdis geid\u017eia. Prad\u0117kite nurodydami savo namams, k\u0105 daryti, naudodamiesi Siri, Alexa arba Google Home. Gaukite prane\u0161imus \u012f savo telefon\u0105, kai tik sistema turi k\u0105 jums prane\u0161ti, ir m\u0117gaukit\u0117s maksimaliu valdymu, pasiekiamu ranka.<\/p>\n","protected":false},"featured_media":7165,"template":"","meta":{"inline_featured_image":false,"footnotes":""},"products":[37],"class_list":["post-10688","product","type-product","status-publish","has-post-thumbnail","hentry","products-din-rail-gateways"],"acf":[],"yoast_head":"<!-- This site is optimized with the Yoast SEO Premium plugin v19.0.1 (Yoast SEO v19.12) - https:\/\/yoast.com\/wordpress\/plugins\/seo\/ -->\n<title>DE-MG - Larnitech<\/title>\n<meta name=\"robots\" content=\"index, follow, max-snippet:-1, max-image-preview:large, max-video-preview:-1\" \/>\n<meta property=\"og:locale\" content=\"lt_LT\" \/>\n<meta property=\"og:type\" content=\"article\" \/>\n<meta property=\"og:title\" content=\"DE-MG\" \/>\n<meta property=\"og:description\" content=\"Jis naudojamas sistemos duomenims kaupti ir saugoti. \u012erenginys nustato login\u0119 sistemos schem\u0105 ir leid\u017eia autorizuotai prisijungti prie sistemos per internet\u0105. Jis taip pat konvertuoja Ethernet \u012f CAN magistral\u0119 ir atvirk\u0161\u010diai. DE-MG turi \u012fmontuot\u0105 infraraudon\u0173j\u0173 spinduli\u0173 imtuv\u0105. DE-MG galima valdyti per debesij\u0105 saugiai u\u017e\u0161ifruotu signalu. DE-MG vienerius metus saugoma vis\u0173 kit\u0173 prietais\u0173 ir jutikli\u0173 sistemos istorija....\" \/>\n<meta property=\"og:url\" content=\"https:\/\/www.larnitech.com\/lt\/product\/de-mg\/\" \/>\n<meta property=\"og:site_name\" content=\"Larnitech\" \/>\n<meta property=\"article:modified_time\" content=\"2024-01-09T01:53:26+00:00\" \/>\n<meta property=\"og:image\" content=\"https:\/\/www.larnitech.com\/wp-content\/uploads\/2022\/07\/DE-MG-1.png\" \/>\n\t<meta property=\"og:image:width\" content=\"1500\" \/>\n\t<meta property=\"og:image:height\" content=\"1500\" \/>\n\t<meta property=\"og:image:type\" content=\"image\/png\" \/>\n<meta name=\"twitter:card\" content=\"summary_large_image\" \/>\n<meta name=\"twitter:label1\" content=\"Est. reading time\" \/>\n\t<meta name=\"twitter:data1\" content=\"1 minut\u0117\" \/>\n<script type=\"application\/ld+json\" class=\"yoast-schema-graph\">{\"@context\":\"https:\/\/schema.org\",\"@graph\":[{\"@type\":\"WebPage\",\"@id\":\"https:\/\/www.larnitech.com\/lt\/product\/de-mg\/\",\"url\":\"https:\/\/www.larnitech.com\/lt\/product\/de-mg\/\",\"name\":\"DE-MG - Larnitech\",\"isPartOf\":{\"@id\":\"https:\/\/www.larnitech.com\/#website\"},\"datePublished\":\"2022-07-19T09:04:38+00:00\",\"dateModified\":\"2024-01-09T01:53:26+00:00\",\"breadcrumb\":{\"@id\":\"https:\/\/www.larnitech.com\/lt\/product\/de-mg\/#breadcrumb\"},\"inLanguage\":\"lt-LT\",\"potentialAction\":[{\"@type\":\"ReadAction\",\"target\":[\"https:\/\/www.larnitech.com\/lt\/product\/de-mg\/\"]}]},{\"@type\":\"BreadcrumbList\",\"@id\":\"https:\/\/www.larnitech.com\/lt\/product\/de-mg\/#breadcrumb\",\"itemListElement\":[{\"@type\":\"ListItem\",\"position\":1,\"name\":\"Home\",\"item\":\"https:\/\/www.larnitech.com\/lt\/main\/\"},{\"@type\":\"ListItem\",\"position\":2,\"name\":\"Products\",\"item\":\"https:\/\/www.larnitech.com\/ua\/product\/\"},{\"@type\":\"ListItem\",\"position\":3,\"name\":\"DE-MG\"}]},{\"@type\":\"WebSite\",\"@id\":\"https:\/\/www.larnitech.com\/#website\",\"url\":\"https:\/\/www.larnitech.com\/\",\"name\":\"Larnitech\",\"description\":\"\",\"publisher\":{\"@id\":\"https:\/\/www.larnitech.com\/#organization\"},\"potentialAction\":[{\"@type\":\"SearchAction\",\"target\":{\"@type\":\"EntryPoint\",\"urlTemplate\":\"https:\/\/www.larnitech.com\/?s={search_term_string}\"},\"query-input\":\"required name=search_term_string\"}],\"inLanguage\":\"lt-LT\"},{\"@type\":\"Organization\",\"@id\":\"https:\/\/www.larnitech.com\/#organization\",\"name\":\"Larnitech\",\"url\":\"https:\/\/www.larnitech.com\/\",\"logo\":{\"@type\":\"ImageObject\",\"inLanguage\":\"lt-LT\",\"@id\":\"https:\/\/www.larnitech.com\/#\/schema\/logo\/image\/\",\"url\":\"https:\/\/www.larnitech.com\/wp-content\/uploads\/2022\/01\/logo_white.png\",\"contentUrl\":\"https:\/\/www.larnitech.com\/wp-content\/uploads\/2022\/01\/logo_white.png\",\"width\":1262,\"height\":274,\"caption\":\"Larnitech\"},\"image\":{\"@id\":\"https:\/\/www.larnitech.com\/#\/schema\/logo\/image\/\"}}]}<\/script>\n<!-- \/ Yoast SEO Premium plugin. -->","yoast_head_json":{"title":"DE-MG - Larnitech","robots":{"index":"index","follow":"follow","max-snippet":"max-snippet:-1","max-image-preview":"max-image-preview:large","max-video-preview":"max-video-preview:-1"},"og_locale":"lt_LT","og_type":"article","og_title":"DE-MG","og_description":"Jis naudojamas sistemos duomenims kaupti ir saugoti. \u012erenginys nustato login\u0119 sistemos schem\u0105 ir leid\u017eia autorizuotai prisijungti prie sistemos per internet\u0105. Jis taip pat konvertuoja Ethernet \u012f CAN magistral\u0119 ir atvirk\u0161\u010diai. DE-MG turi \u012fmontuot\u0105 infraraudon\u0173j\u0173 spinduli\u0173 imtuv\u0105. DE-MG galima valdyti per debesij\u0105 saugiai u\u017e\u0161ifruotu signalu. DE-MG vienerius metus saugoma vis\u0173 kit\u0173 prietais\u0173 ir jutikli\u0173 sistemos istorija....","og_url":"https:\/\/www.larnitech.com\/lt\/product\/de-mg\/","og_site_name":"Larnitech","article_modified_time":"2024-01-09T01:53:26+00:00","og_image":[{"width":1500,"height":1500,"url":"https:\/\/www.larnitech.com\/wp-content\/uploads\/2022\/07\/DE-MG-1.png","type":"image\/png"}],"twitter_card":"summary_large_image","twitter_misc":{"Est. reading time":"1 minut\u0117"},"schema":{"@context":"https:\/\/schema.org","@graph":[{"@type":"WebPage","@id":"https:\/\/www.larnitech.com\/lt\/product\/de-mg\/","url":"https:\/\/www.larnitech.com\/lt\/product\/de-mg\/","name":"DE-MG - Larnitech","isPartOf":{"@id":"https:\/\/www.larnitech.com\/#website"},"datePublished":"2022-07-19T09:04:38+00:00","dateModified":"2024-01-09T01:53:26+00:00","breadcrumb":{"@id":"https:\/\/www.larnitech.com\/lt\/product\/de-mg\/#breadcrumb"},"inLanguage":"lt-LT","potentialAction":[{"@type":"ReadAction","target":["https:\/\/www.larnitech.com\/lt\/product\/de-mg\/"]}]},{"@type":"BreadcrumbList","@id":"https:\/\/www.larnitech.com\/lt\/product\/de-mg\/#breadcrumb","itemListElement":[{"@type":"ListItem","position":1,"name":"Home","item":"https:\/\/www.larnitech.com\/lt\/main\/"},{"@type":"ListItem","position":2,"name":"Products","item":"https:\/\/www.larnitech.com\/ua\/product\/"},{"@type":"ListItem","position":3,"name":"DE-MG"}]},{"@type":"WebSite","@id":"https:\/\/www.larnitech.com\/#website","url":"https:\/\/www.larnitech.com\/","name":"Larnitech","description":"","publisher":{"@id":"https:\/\/www.larnitech.com\/#organization"},"potentialAction":[{"@type":"SearchAction","target":{"@type":"EntryPoint","urlTemplate":"https:\/\/www.larnitech.com\/?s={search_term_string}"},"query-input":"required name=search_term_string"}],"inLanguage":"lt-LT"},{"@type":"Organization","@id":"https:\/\/www.larnitech.com\/#organization","name":"Larnitech","url":"https:\/\/www.larnitech.com\/","logo":{"@type":"ImageObject","inLanguage":"lt-LT","@id":"https:\/\/www.larnitech.com\/#\/schema\/logo\/image\/","url":"https:\/\/www.larnitech.com\/wp-content\/uploads\/2022\/01\/logo_white.png","contentUrl":"https:\/\/www.larnitech.com\/wp-content\/uploads\/2022\/01\/logo_white.png","width":1262,"height":274,"caption":"Larnitech"},"image":{"@id":"https:\/\/www.larnitech.com\/#\/schema\/logo\/image\/"}}]}},"_links":{"self":[{"href":"https:\/\/www.larnitech.com\/lt\/wp-json\/wp\/v2\/product\/10688","targetHints":{"allow":["GET"]}}],"collection":[{"href":"https:\/\/www.larnitech.com\/lt\/wp-json\/wp\/v2\/product"}],"about":[{"href":"https:\/\/www.larnitech.com\/lt\/wp-json\/wp\/v2\/types\/product"}],"version-history":[{"count":6,"href":"https:\/\/www.larnitech.com\/lt\/wp-json\/wp\/v2\/product\/10688\/revisions"}],"predecessor-version":[{"id":12830,"href":"https:\/\/www.larnitech.com\/lt\/wp-json\/wp\/v2\/product\/10688\/revisions\/12830"}],"wp:featuredmedia":[{"embeddable":true,"href":"https:\/\/www.larnitech.com\/lt\/wp-json\/wp\/v2\/media\/7165"}],"wp:attachment":[{"href":"https:\/\/www.larnitech.com\/lt\/wp-json\/wp\/v2\/media?parent=10688"}],"wp:term":[{"taxonomy":"products","embeddable":true,"href":"https:\/\/www.larnitech.com\/lt\/wp-json\/wp\/v2\/products?post=10688"}],"curies":[{"name":"wp","href":"https:\/\/api.w.org\/{rel}","templated":true}]}}