{"id":10684,"date":"2022-08-05T17:38:53","date_gmt":"2022-08-05T14:38:53","guid":{"rendered":"https:\/\/www.larnitech.com\/?post_type=product&#038;p=10684"},"modified":"2024-01-20T00:27:12","modified_gmt":"2024-01-19T22:27:12","slug":"metaforsa2-cloud","status":"publish","type":"product","link":"https:\/\/www.larnitech.com\/lt\/product\/metaforsa2-cloud\/","title":{"rendered":"METAFORSA2.CLOUD"},"content":{"rendered":"<p>METAFORSA SMART HOUSE yra paruo\u0161tas sprendimas gyvenam\u0173j\u0173 ir komercini\u0173 patalp\u0173, vie\u0161bu\u010di\u0173 kompleks\u0173 automatizavimui, apimantis labiausiai pageidaujamas Smart Home funkcijas.<\/p>\n<p>\u012erenginys turi 10 valdymo kanal\u0173, 4 ap\u0161vietimo kanalus, 24 \u012feinan\u010di\u0173 jutikli\u0173 kanalus ir skaitmenini\u0173 jutikli\u0173 prijungimo prievad\u0105.<\/p>\n<p>Metaforsa galima valdyti per debesij\u0105 saugiai \u0161ifruotu signalu. Sistemos istorija i\u0161 vis\u0173 kit\u0173 \u012frengini\u0173 ir jutikli\u0173 \u012frenginyje saugoma vienerius metus. Jo plug and play funkcija rei\u0161kia, kad jis automati\u0161kai atpa\u017e\u012fsta ir konfig\u016bruoja naujus \u012f sistem\u0105 \u012ftrauktus Larnitech \u012frenginius. Didel\u0117 ir nuolat atnaujinama paruo\u0161t\u0173 scenarij\u0173 duomen\u0173 baz\u0117 u\u017etikrina, kad j\u016bs\u0173 namuose b\u016bt\u0173 galima patenkinti sud\u0117tingiausius j\u016bs\u0173 pageidavimus. \u0160is universalus \u012frenginys gali valdyti ap\u0161vietim\u0105, \u012fvairi\u0173 tip\u0173 vo\u017etuvus, \u017ealiuzes, vartus, u\u017eraktus ir ventiliatoriaus rit\u0119s \u012frenginius (\u017er. vis\u0105 s\u0105ra\u0161\u0105 toliau). Prad\u0117kite nurodydami savo namams, k\u0105 daryti, naudodamiesi Siri, Alexa arba Google Home. Gaukite prane\u0161imus \u012f savo telefon\u0105, kai sistema turi k\u0105 jums pasakyti, ir m\u0117gaukit\u0117s maksimaliu valdymu, pasiekiamu ranka. Metaforsa rinkinys yra paruo\u0161tas \u012fdiegimui ir tarnavimui j\u016bs\u0173 poreikiams vos tik j\u012f i\u0161\u0117mus i\u0161 d\u0117\u017e\u0117s!<\/p>\n","protected":false},"featured_media":7186,"template":"","meta":{"inline_featured_image":false,"footnotes":""},"products":[37,49],"class_list":["post-10684","product","type-product","status-publish","has-post-thumbnail","hentry","products-din-rail-gateways","products-metaforsa-series"],"acf":[],"yoast_head":"<!-- This site is optimized with the Yoast SEO Premium plugin v19.0.1 (Yoast SEO v19.12) - https:\/\/yoast.com\/wordpress\/plugins\/seo\/ -->\n<title>METAFORSA2.CLOUD - Larnitech<\/title>\n<meta name=\"robots\" content=\"index, follow, max-snippet:-1, max-image-preview:large, max-video-preview:-1\" \/>\n<meta property=\"og:locale\" content=\"lt_LT\" \/>\n<meta property=\"og:type\" content=\"article\" \/>\n<meta property=\"og:title\" content=\"METAFORSA2.CLOUD\" \/>\n<meta property=\"og:description\" content=\"METAFORSA SMART HOUSE yra paruo\u0161tas sprendimas gyvenam\u0173j\u0173 ir komercini\u0173 patalp\u0173, vie\u0161bu\u010di\u0173 kompleks\u0173 automatizavimui, apimantis labiausiai pageidaujamas Smart Home funkcijas. \u012erenginys turi 10 valdymo kanal\u0173, 4 ap\u0161vietimo kanalus, 24 \u012feinan\u010di\u0173 jutikli\u0173 kanalus ir skaitmenini\u0173 jutikli\u0173 prijungimo prievad\u0105. Metaforsa galima valdyti per debesij\u0105 saugiai \u0161ifruotu signalu. Sistemos istorija i\u0161 vis\u0173 kit\u0173 \u012frengini\u0173 ir jutikli\u0173 \u012frenginyje saugoma vienerius...\" \/>\n<meta property=\"og:url\" content=\"https:\/\/www.larnitech.com\/lt\/product\/metaforsa2-cloud\/\" \/>\n<meta property=\"og:site_name\" content=\"Larnitech\" \/>\n<meta property=\"article:modified_time\" content=\"2024-01-19T22:27:12+00:00\" \/>\n<meta property=\"og:image\" content=\"https:\/\/www.larnitech.com\/wp-content\/uploads\/2022\/08\/MFC.png\" \/>\n\t<meta property=\"og:image:width\" content=\"1556\" \/>\n\t<meta property=\"og:image:height\" content=\"1556\" \/>\n\t<meta property=\"og:image:type\" content=\"image\/png\" \/>\n<meta name=\"twitter:card\" content=\"summary_large_image\" \/>\n<meta name=\"twitter:label1\" content=\"Est. reading time\" \/>\n\t<meta name=\"twitter:data1\" content=\"2 minut\u0117s\" \/>\n<script type=\"application\/ld+json\" class=\"yoast-schema-graph\">{\"@context\":\"https:\/\/schema.org\",\"@graph\":[{\"@type\":\"WebPage\",\"@id\":\"https:\/\/www.larnitech.com\/lt\/product\/metaforsa2-cloud\/\",\"url\":\"https:\/\/www.larnitech.com\/lt\/product\/metaforsa2-cloud\/\",\"name\":\"METAFORSA2.CLOUD - Larnitech\",\"isPartOf\":{\"@id\":\"https:\/\/www.larnitech.com\/#website\"},\"datePublished\":\"2022-08-05T14:38:53+00:00\",\"dateModified\":\"2024-01-19T22:27:12+00:00\",\"breadcrumb\":{\"@id\":\"https:\/\/www.larnitech.com\/lt\/product\/metaforsa2-cloud\/#breadcrumb\"},\"inLanguage\":\"lt-LT\",\"potentialAction\":[{\"@type\":\"ReadAction\",\"target\":[\"https:\/\/www.larnitech.com\/lt\/product\/metaforsa2-cloud\/\"]}]},{\"@type\":\"BreadcrumbList\",\"@id\":\"https:\/\/www.larnitech.com\/lt\/product\/metaforsa2-cloud\/#breadcrumb\",\"itemListElement\":[{\"@type\":\"ListItem\",\"position\":1,\"name\":\"Home\",\"item\":\"https:\/\/www.larnitech.com\/lt\/main\/\"},{\"@type\":\"ListItem\",\"position\":2,\"name\":\"Products\",\"item\":\"https:\/\/www.larnitech.com\/ua\/product\/\"},{\"@type\":\"ListItem\",\"position\":3,\"name\":\"METAFORSA2.CLOUD\"}]},{\"@type\":\"WebSite\",\"@id\":\"https:\/\/www.larnitech.com\/#website\",\"url\":\"https:\/\/www.larnitech.com\/\",\"name\":\"Larnitech\",\"description\":\"\",\"publisher\":{\"@id\":\"https:\/\/www.larnitech.com\/#organization\"},\"potentialAction\":[{\"@type\":\"SearchAction\",\"target\":{\"@type\":\"EntryPoint\",\"urlTemplate\":\"https:\/\/www.larnitech.com\/?s={search_term_string}\"},\"query-input\":\"required name=search_term_string\"}],\"inLanguage\":\"lt-LT\"},{\"@type\":\"Organization\",\"@id\":\"https:\/\/www.larnitech.com\/#organization\",\"name\":\"Larnitech\",\"url\":\"https:\/\/www.larnitech.com\/\",\"logo\":{\"@type\":\"ImageObject\",\"inLanguage\":\"lt-LT\",\"@id\":\"https:\/\/www.larnitech.com\/#\/schema\/logo\/image\/\",\"url\":\"https:\/\/www.larnitech.com\/wp-content\/uploads\/2022\/01\/logo_white.png\",\"contentUrl\":\"https:\/\/www.larnitech.com\/wp-content\/uploads\/2022\/01\/logo_white.png\",\"width\":1262,\"height\":274,\"caption\":\"Larnitech\"},\"image\":{\"@id\":\"https:\/\/www.larnitech.com\/#\/schema\/logo\/image\/\"}}]}<\/script>\n<!-- \/ Yoast SEO Premium plugin. -->","yoast_head_json":{"title":"METAFORSA2.CLOUD - Larnitech","robots":{"index":"index","follow":"follow","max-snippet":"max-snippet:-1","max-image-preview":"max-image-preview:large","max-video-preview":"max-video-preview:-1"},"og_locale":"lt_LT","og_type":"article","og_title":"METAFORSA2.CLOUD","og_description":"METAFORSA SMART HOUSE yra paruo\u0161tas sprendimas gyvenam\u0173j\u0173 ir komercini\u0173 patalp\u0173, vie\u0161bu\u010di\u0173 kompleks\u0173 automatizavimui, apimantis labiausiai pageidaujamas Smart Home funkcijas. \u012erenginys turi 10 valdymo kanal\u0173, 4 ap\u0161vietimo kanalus, 24 \u012feinan\u010di\u0173 jutikli\u0173 kanalus ir skaitmenini\u0173 jutikli\u0173 prijungimo prievad\u0105. Metaforsa galima valdyti per debesij\u0105 saugiai \u0161ifruotu signalu. Sistemos istorija i\u0161 vis\u0173 kit\u0173 \u012frengini\u0173 ir jutikli\u0173 \u012frenginyje saugoma vienerius...","og_url":"https:\/\/www.larnitech.com\/lt\/product\/metaforsa2-cloud\/","og_site_name":"Larnitech","article_modified_time":"2024-01-19T22:27:12+00:00","og_image":[{"width":1556,"height":1556,"url":"https:\/\/www.larnitech.com\/wp-content\/uploads\/2022\/08\/MFC.png","type":"image\/png"}],"twitter_card":"summary_large_image","twitter_misc":{"Est. reading time":"2 minut\u0117s"},"schema":{"@context":"https:\/\/schema.org","@graph":[{"@type":"WebPage","@id":"https:\/\/www.larnitech.com\/lt\/product\/metaforsa2-cloud\/","url":"https:\/\/www.larnitech.com\/lt\/product\/metaforsa2-cloud\/","name":"METAFORSA2.CLOUD - Larnitech","isPartOf":{"@id":"https:\/\/www.larnitech.com\/#website"},"datePublished":"2022-08-05T14:38:53+00:00","dateModified":"2024-01-19T22:27:12+00:00","breadcrumb":{"@id":"https:\/\/www.larnitech.com\/lt\/product\/metaforsa2-cloud\/#breadcrumb"},"inLanguage":"lt-LT","potentialAction":[{"@type":"ReadAction","target":["https:\/\/www.larnitech.com\/lt\/product\/metaforsa2-cloud\/"]}]},{"@type":"BreadcrumbList","@id":"https:\/\/www.larnitech.com\/lt\/product\/metaforsa2-cloud\/#breadcrumb","itemListElement":[{"@type":"ListItem","position":1,"name":"Home","item":"https:\/\/www.larnitech.com\/lt\/main\/"},{"@type":"ListItem","position":2,"name":"Products","item":"https:\/\/www.larnitech.com\/ua\/product\/"},{"@type":"ListItem","position":3,"name":"METAFORSA2.CLOUD"}]},{"@type":"WebSite","@id":"https:\/\/www.larnitech.com\/#website","url":"https:\/\/www.larnitech.com\/","name":"Larnitech","description":"","publisher":{"@id":"https:\/\/www.larnitech.com\/#organization"},"potentialAction":[{"@type":"SearchAction","target":{"@type":"EntryPoint","urlTemplate":"https:\/\/www.larnitech.com\/?s={search_term_string}"},"query-input":"required name=search_term_string"}],"inLanguage":"lt-LT"},{"@type":"Organization","@id":"https:\/\/www.larnitech.com\/#organization","name":"Larnitech","url":"https:\/\/www.larnitech.com\/","logo":{"@type":"ImageObject","inLanguage":"lt-LT","@id":"https:\/\/www.larnitech.com\/#\/schema\/logo\/image\/","url":"https:\/\/www.larnitech.com\/wp-content\/uploads\/2022\/01\/logo_white.png","contentUrl":"https:\/\/www.larnitech.com\/wp-content\/uploads\/2022\/01\/logo_white.png","width":1262,"height":274,"caption":"Larnitech"},"image":{"@id":"https:\/\/www.larnitech.com\/#\/schema\/logo\/image\/"}}]}},"_links":{"self":[{"href":"https:\/\/www.larnitech.com\/lt\/wp-json\/wp\/v2\/product\/10684","targetHints":{"allow":["GET"]}}],"collection":[{"href":"https:\/\/www.larnitech.com\/lt\/wp-json\/wp\/v2\/product"}],"about":[{"href":"https:\/\/www.larnitech.com\/lt\/wp-json\/wp\/v2\/types\/product"}],"version-history":[{"count":6,"href":"https:\/\/www.larnitech.com\/lt\/wp-json\/wp\/v2\/product\/10684\/revisions"}],"predecessor-version":[{"id":13812,"href":"https:\/\/www.larnitech.com\/lt\/wp-json\/wp\/v2\/product\/10684\/revisions\/13812"}],"wp:featuredmedia":[{"embeddable":true,"href":"https:\/\/www.larnitech.com\/lt\/wp-json\/wp\/v2\/media\/7186"}],"wp:attachment":[{"href":"https:\/\/www.larnitech.com\/lt\/wp-json\/wp\/v2\/media?parent=10684"}],"wp:term":[{"taxonomy":"products","embeddable":true,"href":"https:\/\/www.larnitech.com\/lt\/wp-json\/wp\/v2\/products?post=10684"}],"curies":[{"name":"wp","href":"https:\/\/api.w.org\/{rel}","templated":true}]}}