{"id":10682,"date":"2022-08-05T17:57:07","date_gmt":"2022-08-05T14:57:07","guid":{"rendered":"https:\/\/www.larnitech.com\/?post_type=product&#038;p=10682"},"modified":"2024-01-20T00:32:45","modified_gmt":"2024-01-19T22:32:45","slug":"dw-lc10","status":"publish","type":"product","link":"https:\/\/www.larnitech.com\/lt\/product\/dw-lc10\/","title":{"rendered":"DW-LC10"},"content":{"rendered":"<p>\u0160is modulis skirtas didel\u0117s galios kintamosios ir nuolatin\u0117s srov\u0117s grandin\u0117ms komutuoti.<br \/>\nTaikomas ap\u0161vietimui, maitinimo lizdams, ventiliatori\u0173 rit\u0117ms, spynoms, \u017ealiuz\u0117ms ir (arba) vartams valdyti.<\/p>\n<p>\u0160is universalus modulis gali valdyti \u0161viesas, \u012fvairi\u0173 tip\u0173 vo\u017etuvus, \u017ealiuzes, vartus, u\u017eraktus, ventiliatoriaus rit\u0117s \u012frenginius ir kt. Rel\u0117 yra ma\u017eai triuk\u0161minga ir turi specialius didelio na\u0161umo kontaktus, pritaikytus 120 A 20 ms \u012fjungimo srovei. Kaip ir visi Larnitech \u012frenginiai, \u0161is valdymo blokas automati\u0161kai aptinkamas ir sukonfig\u016bruojamas j\u012f prid\u0117jus prie sistemos. DW-LC yra loginis blokas, tod\u0117l \u012frenginys gali atlikti scenarijus i\u0161 didel\u0117s ir nuolat atnaujinamos Larnitech duomen\u0173 baz\u0117s ir veikti pagal paskirstyt\u0105j\u0105 logik\u0105, taip u\u017etikrinant jo veikimo patikimum\u0105.<\/p>\n","protected":false},"featured_media":7200,"template":"","meta":{"inline_featured_image":false,"footnotes":""},"products":[38],"class_list":["post-10682","product","type-product","status-publish","has-post-thumbnail","hentry","products-din-rail-actuators"],"acf":[],"yoast_head":"<!-- This site is optimized with the Yoast SEO Premium plugin v19.0.1 (Yoast SEO v19.12) - https:\/\/yoast.com\/wordpress\/plugins\/seo\/ -->\n<title>DW-LC10 - Larnitech<\/title>\n<meta name=\"robots\" content=\"index, follow, max-snippet:-1, max-image-preview:large, max-video-preview:-1\" \/>\n<meta property=\"og:locale\" content=\"lt_LT\" \/>\n<meta property=\"og:type\" content=\"article\" \/>\n<meta property=\"og:title\" content=\"DW-LC10\" \/>\n<meta property=\"og:description\" content=\"\u0160is modulis skirtas didel\u0117s galios kintamosios ir nuolatin\u0117s srov\u0117s grandin\u0117ms komutuoti. Taikomas ap\u0161vietimui, maitinimo lizdams, ventiliatori\u0173 rit\u0117ms, spynoms, \u017ealiuz\u0117ms ir (arba) vartams valdyti. \u0160is universalus modulis gali valdyti \u0161viesas, \u012fvairi\u0173 tip\u0173 vo\u017etuvus, \u017ealiuzes, vartus, u\u017eraktus, ventiliatoriaus rit\u0117s \u012frenginius ir kt. Rel\u0117 yra ma\u017eai triuk\u0161minga ir turi specialius didelio na\u0161umo kontaktus, pritaikytus 120 A 20 ms...\" \/>\n<meta property=\"og:url\" content=\"https:\/\/www.larnitech.com\/lt\/product\/dw-lc10\/\" \/>\n<meta property=\"og:site_name\" content=\"Larnitech\" \/>\n<meta property=\"article:modified_time\" content=\"2024-01-19T22:32:45+00:00\" \/>\n<meta property=\"og:image\" content=\"https:\/\/www.larnitech.com\/wp-content\/uploads\/2022\/08\/DW-LC10f.png\" \/>\n\t<meta property=\"og:image:width\" content=\"500\" \/>\n\t<meta property=\"og:image:height\" content=\"500\" \/>\n\t<meta property=\"og:image:type\" content=\"image\/png\" \/>\n<meta name=\"twitter:card\" content=\"summary_large_image\" \/>\n<meta name=\"twitter:label1\" content=\"Est. reading time\" \/>\n\t<meta name=\"twitter:data1\" content=\"1 minut\u0117\" \/>\n<script type=\"application\/ld+json\" class=\"yoast-schema-graph\">{\"@context\":\"https:\/\/schema.org\",\"@graph\":[{\"@type\":\"WebPage\",\"@id\":\"https:\/\/www.larnitech.com\/lt\/product\/dw-lc10\/\",\"url\":\"https:\/\/www.larnitech.com\/lt\/product\/dw-lc10\/\",\"name\":\"DW-LC10 - Larnitech\",\"isPartOf\":{\"@id\":\"https:\/\/www.larnitech.com\/#website\"},\"datePublished\":\"2022-08-05T14:57:07+00:00\",\"dateModified\":\"2024-01-19T22:32:45+00:00\",\"breadcrumb\":{\"@id\":\"https:\/\/www.larnitech.com\/lt\/product\/dw-lc10\/#breadcrumb\"},\"inLanguage\":\"lt-LT\",\"potentialAction\":[{\"@type\":\"ReadAction\",\"target\":[\"https:\/\/www.larnitech.com\/lt\/product\/dw-lc10\/\"]}]},{\"@type\":\"BreadcrumbList\",\"@id\":\"https:\/\/www.larnitech.com\/lt\/product\/dw-lc10\/#breadcrumb\",\"itemListElement\":[{\"@type\":\"ListItem\",\"position\":1,\"name\":\"Home\",\"item\":\"https:\/\/www.larnitech.com\/lt\/main\/\"},{\"@type\":\"ListItem\",\"position\":2,\"name\":\"Products\",\"item\":\"https:\/\/www.larnitech.com\/ua\/product\/\"},{\"@type\":\"ListItem\",\"position\":3,\"name\":\"DW-LC10\"}]},{\"@type\":\"WebSite\",\"@id\":\"https:\/\/www.larnitech.com\/#website\",\"url\":\"https:\/\/www.larnitech.com\/\",\"name\":\"Larnitech\",\"description\":\"\",\"publisher\":{\"@id\":\"https:\/\/www.larnitech.com\/#organization\"},\"potentialAction\":[{\"@type\":\"SearchAction\",\"target\":{\"@type\":\"EntryPoint\",\"urlTemplate\":\"https:\/\/www.larnitech.com\/?s={search_term_string}\"},\"query-input\":\"required name=search_term_string\"}],\"inLanguage\":\"lt-LT\"},{\"@type\":\"Organization\",\"@id\":\"https:\/\/www.larnitech.com\/#organization\",\"name\":\"Larnitech\",\"url\":\"https:\/\/www.larnitech.com\/\",\"logo\":{\"@type\":\"ImageObject\",\"inLanguage\":\"lt-LT\",\"@id\":\"https:\/\/www.larnitech.com\/#\/schema\/logo\/image\/\",\"url\":\"https:\/\/www.larnitech.com\/wp-content\/uploads\/2022\/01\/logo_white.png\",\"contentUrl\":\"https:\/\/www.larnitech.com\/wp-content\/uploads\/2022\/01\/logo_white.png\",\"width\":1262,\"height\":274,\"caption\":\"Larnitech\"},\"image\":{\"@id\":\"https:\/\/www.larnitech.com\/#\/schema\/logo\/image\/\"}}]}<\/script>\n<!-- \/ Yoast SEO Premium plugin. -->","yoast_head_json":{"title":"DW-LC10 - Larnitech","robots":{"index":"index","follow":"follow","max-snippet":"max-snippet:-1","max-image-preview":"max-image-preview:large","max-video-preview":"max-video-preview:-1"},"og_locale":"lt_LT","og_type":"article","og_title":"DW-LC10","og_description":"\u0160is modulis skirtas didel\u0117s galios kintamosios ir nuolatin\u0117s srov\u0117s grandin\u0117ms komutuoti. Taikomas ap\u0161vietimui, maitinimo lizdams, ventiliatori\u0173 rit\u0117ms, spynoms, \u017ealiuz\u0117ms ir (arba) vartams valdyti. \u0160is universalus modulis gali valdyti \u0161viesas, \u012fvairi\u0173 tip\u0173 vo\u017etuvus, \u017ealiuzes, vartus, u\u017eraktus, ventiliatoriaus rit\u0117s \u012frenginius ir kt. Rel\u0117 yra ma\u017eai triuk\u0161minga ir turi specialius didelio na\u0161umo kontaktus, pritaikytus 120 A 20 ms...","og_url":"https:\/\/www.larnitech.com\/lt\/product\/dw-lc10\/","og_site_name":"Larnitech","article_modified_time":"2024-01-19T22:32:45+00:00","og_image":[{"width":500,"height":500,"url":"https:\/\/www.larnitech.com\/wp-content\/uploads\/2022\/08\/DW-LC10f.png","type":"image\/png"}],"twitter_card":"summary_large_image","twitter_misc":{"Est. reading time":"1 minut\u0117"},"schema":{"@context":"https:\/\/schema.org","@graph":[{"@type":"WebPage","@id":"https:\/\/www.larnitech.com\/lt\/product\/dw-lc10\/","url":"https:\/\/www.larnitech.com\/lt\/product\/dw-lc10\/","name":"DW-LC10 - Larnitech","isPartOf":{"@id":"https:\/\/www.larnitech.com\/#website"},"datePublished":"2022-08-05T14:57:07+00:00","dateModified":"2024-01-19T22:32:45+00:00","breadcrumb":{"@id":"https:\/\/www.larnitech.com\/lt\/product\/dw-lc10\/#breadcrumb"},"inLanguage":"lt-LT","potentialAction":[{"@type":"ReadAction","target":["https:\/\/www.larnitech.com\/lt\/product\/dw-lc10\/"]}]},{"@type":"BreadcrumbList","@id":"https:\/\/www.larnitech.com\/lt\/product\/dw-lc10\/#breadcrumb","itemListElement":[{"@type":"ListItem","position":1,"name":"Home","item":"https:\/\/www.larnitech.com\/lt\/main\/"},{"@type":"ListItem","position":2,"name":"Products","item":"https:\/\/www.larnitech.com\/ua\/product\/"},{"@type":"ListItem","position":3,"name":"DW-LC10"}]},{"@type":"WebSite","@id":"https:\/\/www.larnitech.com\/#website","url":"https:\/\/www.larnitech.com\/","name":"Larnitech","description":"","publisher":{"@id":"https:\/\/www.larnitech.com\/#organization"},"potentialAction":[{"@type":"SearchAction","target":{"@type":"EntryPoint","urlTemplate":"https:\/\/www.larnitech.com\/?s={search_term_string}"},"query-input":"required name=search_term_string"}],"inLanguage":"lt-LT"},{"@type":"Organization","@id":"https:\/\/www.larnitech.com\/#organization","name":"Larnitech","url":"https:\/\/www.larnitech.com\/","logo":{"@type":"ImageObject","inLanguage":"lt-LT","@id":"https:\/\/www.larnitech.com\/#\/schema\/logo\/image\/","url":"https:\/\/www.larnitech.com\/wp-content\/uploads\/2022\/01\/logo_white.png","contentUrl":"https:\/\/www.larnitech.com\/wp-content\/uploads\/2022\/01\/logo_white.png","width":1262,"height":274,"caption":"Larnitech"},"image":{"@id":"https:\/\/www.larnitech.com\/#\/schema\/logo\/image\/"}}]}},"_links":{"self":[{"href":"https:\/\/www.larnitech.com\/lt\/wp-json\/wp\/v2\/product\/10682","targetHints":{"allow":["GET"]}}],"collection":[{"href":"https:\/\/www.larnitech.com\/lt\/wp-json\/wp\/v2\/product"}],"about":[{"href":"https:\/\/www.larnitech.com\/lt\/wp-json\/wp\/v2\/types\/product"}],"version-history":[{"count":5,"href":"https:\/\/www.larnitech.com\/lt\/wp-json\/wp\/v2\/product\/10682\/revisions"}],"predecessor-version":[{"id":13814,"href":"https:\/\/www.larnitech.com\/lt\/wp-json\/wp\/v2\/product\/10682\/revisions\/13814"}],"wp:featuredmedia":[{"embeddable":true,"href":"https:\/\/www.larnitech.com\/lt\/wp-json\/wp\/v2\/media\/7200"}],"wp:attachment":[{"href":"https:\/\/www.larnitech.com\/lt\/wp-json\/wp\/v2\/media?parent=10682"}],"wp:term":[{"taxonomy":"products","embeddable":true,"href":"https:\/\/www.larnitech.com\/lt\/wp-json\/wp\/v2\/products?post=10682"}],"curies":[{"name":"wp","href":"https:\/\/api.w.org\/{rel}","templated":true}]}}