{"id":10679,"date":"2022-08-05T23:18:45","date_gmt":"2022-08-05T20:18:45","guid":{"rendered":"https:\/\/www.larnitech.com\/?post_type=product&#038;p=10679"},"modified":"2024-01-20T00:34:29","modified_gmt":"2024-01-19T22:34:29","slug":"dw-dm04","status":"publish","type":"product","link":"https:\/\/www.larnitech.com\/lt\/product\/dw-dm04\/","title":{"rendered":"DW-DM04"},"content":{"rendered":"<p>\u0160is modulis skirtas skland\u017eiai reguliuoti ap\u0161vietimo prietais\u0173 (nereaktyviosios apkrovos) ry\u0161kum\u0105. Reguliatoriaus tipas &#8211; MOSFET su reguliuojamuoju \u0161viesos srauto ma\u017einimu.<\/p>\n<p>Kaip ir visi &#8220;Larnitech&#8221; prietaisai, \u0161is reguliatorius automati\u0161kai aptinkamas ir sukonfig\u016bruojamas j\u012f prid\u0117jus prie sistemos. D\u0117l viduje esan\u010dio loginio bloko \u012frenginys gali atlikti scenarijus i\u0161 didel\u0117s ir nuolat atnaujinamos &#8220;Larnitech&#8221; duomen\u0173 baz\u0117s ir veikti pagal paskirstyt\u0105j\u0105 logik\u0105, taip u\u017etikrinant jo veikimo patikimum\u0105. I\u0161pl\u0117stiniai LED \u0161viesos diod\u0173 nustatymai leid\u017eia tiksliau atlikti nustatymus, o \u0161velnaus paleidimo re\u017eimas prailgina lempos tarnavimo laik\u0105. Be to, pasi\u017eymi \u012fvairi\u0173 parametr\u0173 apsauga.<\/p>\n","protected":false},"featured_media":7221,"template":"","meta":{"inline_featured_image":false,"footnotes":""},"products":[38],"class_list":["post-10679","product","type-product","status-publish","has-post-thumbnail","hentry","products-din-rail-actuators"],"acf":[],"yoast_head":"<!-- This site is optimized with the Yoast SEO Premium plugin v19.0.1 (Yoast SEO v19.12) - https:\/\/yoast.com\/wordpress\/plugins\/seo\/ -->\n<title>DW-DM04 - Larnitech<\/title>\n<meta name=\"robots\" content=\"index, follow, max-snippet:-1, max-image-preview:large, max-video-preview:-1\" \/>\n<meta property=\"og:locale\" content=\"lt_LT\" \/>\n<meta property=\"og:type\" content=\"article\" \/>\n<meta property=\"og:title\" content=\"DW-DM04\" \/>\n<meta property=\"og:description\" content=\"\u0160is modulis skirtas skland\u017eiai reguliuoti ap\u0161vietimo prietais\u0173 (nereaktyviosios apkrovos) ry\u0161kum\u0105. Reguliatoriaus tipas &#8211; MOSFET su reguliuojamuoju \u0161viesos srauto ma\u017einimu. Kaip ir visi &#8220;Larnitech&#8221; prietaisai, \u0161is reguliatorius automati\u0161kai aptinkamas ir sukonfig\u016bruojamas j\u012f prid\u0117jus prie sistemos. D\u0117l viduje esan\u010dio loginio bloko \u012frenginys gali atlikti scenarijus i\u0161 didel\u0117s ir nuolat atnaujinamos &#8220;Larnitech&#8221; duomen\u0173 baz\u0117s ir veikti pagal paskirstyt\u0105j\u0105...\" \/>\n<meta property=\"og:url\" content=\"https:\/\/www.larnitech.com\/lt\/product\/dw-dm04\/\" \/>\n<meta property=\"og:site_name\" content=\"Larnitech\" \/>\n<meta property=\"article:modified_time\" content=\"2024-01-19T22:34:29+00:00\" \/>\n<meta property=\"og:image\" content=\"https:\/\/www.larnitech.com\/wp-content\/uploads\/2022\/08\/DW-DM04-1.png\" \/>\n\t<meta property=\"og:image:width\" content=\"1408\" \/>\n\t<meta property=\"og:image:height\" content=\"1408\" \/>\n\t<meta property=\"og:image:type\" content=\"image\/png\" \/>\n<meta name=\"twitter:card\" content=\"summary_large_image\" \/>\n<meta name=\"twitter:label1\" content=\"Est. reading time\" \/>\n\t<meta name=\"twitter:data1\" content=\"1 minut\u0117\" \/>\n<script type=\"application\/ld+json\" class=\"yoast-schema-graph\">{\"@context\":\"https:\/\/schema.org\",\"@graph\":[{\"@type\":\"WebPage\",\"@id\":\"https:\/\/www.larnitech.com\/lt\/product\/dw-dm04\/\",\"url\":\"https:\/\/www.larnitech.com\/lt\/product\/dw-dm04\/\",\"name\":\"DW-DM04 - Larnitech\",\"isPartOf\":{\"@id\":\"https:\/\/www.larnitech.com\/#website\"},\"datePublished\":\"2022-08-05T20:18:45+00:00\",\"dateModified\":\"2024-01-19T22:34:29+00:00\",\"breadcrumb\":{\"@id\":\"https:\/\/www.larnitech.com\/lt\/product\/dw-dm04\/#breadcrumb\"},\"inLanguage\":\"lt-LT\",\"potentialAction\":[{\"@type\":\"ReadAction\",\"target\":[\"https:\/\/www.larnitech.com\/lt\/product\/dw-dm04\/\"]}]},{\"@type\":\"BreadcrumbList\",\"@id\":\"https:\/\/www.larnitech.com\/lt\/product\/dw-dm04\/#breadcrumb\",\"itemListElement\":[{\"@type\":\"ListItem\",\"position\":1,\"name\":\"Home\",\"item\":\"https:\/\/www.larnitech.com\/lt\/main\/\"},{\"@type\":\"ListItem\",\"position\":2,\"name\":\"Products\",\"item\":\"https:\/\/www.larnitech.com\/ua\/product\/\"},{\"@type\":\"ListItem\",\"position\":3,\"name\":\"DW-DM04\"}]},{\"@type\":\"WebSite\",\"@id\":\"https:\/\/www.larnitech.com\/#website\",\"url\":\"https:\/\/www.larnitech.com\/\",\"name\":\"Larnitech\",\"description\":\"\",\"publisher\":{\"@id\":\"https:\/\/www.larnitech.com\/#organization\"},\"potentialAction\":[{\"@type\":\"SearchAction\",\"target\":{\"@type\":\"EntryPoint\",\"urlTemplate\":\"https:\/\/www.larnitech.com\/?s={search_term_string}\"},\"query-input\":\"required name=search_term_string\"}],\"inLanguage\":\"lt-LT\"},{\"@type\":\"Organization\",\"@id\":\"https:\/\/www.larnitech.com\/#organization\",\"name\":\"Larnitech\",\"url\":\"https:\/\/www.larnitech.com\/\",\"logo\":{\"@type\":\"ImageObject\",\"inLanguage\":\"lt-LT\",\"@id\":\"https:\/\/www.larnitech.com\/#\/schema\/logo\/image\/\",\"url\":\"https:\/\/www.larnitech.com\/wp-content\/uploads\/2022\/01\/logo_white.png\",\"contentUrl\":\"https:\/\/www.larnitech.com\/wp-content\/uploads\/2022\/01\/logo_white.png\",\"width\":1262,\"height\":274,\"caption\":\"Larnitech\"},\"image\":{\"@id\":\"https:\/\/www.larnitech.com\/#\/schema\/logo\/image\/\"}}]}<\/script>\n<!-- \/ Yoast SEO Premium plugin. -->","yoast_head_json":{"title":"DW-DM04 - Larnitech","robots":{"index":"index","follow":"follow","max-snippet":"max-snippet:-1","max-image-preview":"max-image-preview:large","max-video-preview":"max-video-preview:-1"},"og_locale":"lt_LT","og_type":"article","og_title":"DW-DM04","og_description":"\u0160is modulis skirtas skland\u017eiai reguliuoti ap\u0161vietimo prietais\u0173 (nereaktyviosios apkrovos) ry\u0161kum\u0105. Reguliatoriaus tipas &#8211; MOSFET su reguliuojamuoju \u0161viesos srauto ma\u017einimu. Kaip ir visi &#8220;Larnitech&#8221; prietaisai, \u0161is reguliatorius automati\u0161kai aptinkamas ir sukonfig\u016bruojamas j\u012f prid\u0117jus prie sistemos. D\u0117l viduje esan\u010dio loginio bloko \u012frenginys gali atlikti scenarijus i\u0161 didel\u0117s ir nuolat atnaujinamos &#8220;Larnitech&#8221; duomen\u0173 baz\u0117s ir veikti pagal paskirstyt\u0105j\u0105...","og_url":"https:\/\/www.larnitech.com\/lt\/product\/dw-dm04\/","og_site_name":"Larnitech","article_modified_time":"2024-01-19T22:34:29+00:00","og_image":[{"width":1408,"height":1408,"url":"https:\/\/www.larnitech.com\/wp-content\/uploads\/2022\/08\/DW-DM04-1.png","type":"image\/png"}],"twitter_card":"summary_large_image","twitter_misc":{"Est. reading time":"1 minut\u0117"},"schema":{"@context":"https:\/\/schema.org","@graph":[{"@type":"WebPage","@id":"https:\/\/www.larnitech.com\/lt\/product\/dw-dm04\/","url":"https:\/\/www.larnitech.com\/lt\/product\/dw-dm04\/","name":"DW-DM04 - Larnitech","isPartOf":{"@id":"https:\/\/www.larnitech.com\/#website"},"datePublished":"2022-08-05T20:18:45+00:00","dateModified":"2024-01-19T22:34:29+00:00","breadcrumb":{"@id":"https:\/\/www.larnitech.com\/lt\/product\/dw-dm04\/#breadcrumb"},"inLanguage":"lt-LT","potentialAction":[{"@type":"ReadAction","target":["https:\/\/www.larnitech.com\/lt\/product\/dw-dm04\/"]}]},{"@type":"BreadcrumbList","@id":"https:\/\/www.larnitech.com\/lt\/product\/dw-dm04\/#breadcrumb","itemListElement":[{"@type":"ListItem","position":1,"name":"Home","item":"https:\/\/www.larnitech.com\/lt\/main\/"},{"@type":"ListItem","position":2,"name":"Products","item":"https:\/\/www.larnitech.com\/ua\/product\/"},{"@type":"ListItem","position":3,"name":"DW-DM04"}]},{"@type":"WebSite","@id":"https:\/\/www.larnitech.com\/#website","url":"https:\/\/www.larnitech.com\/","name":"Larnitech","description":"","publisher":{"@id":"https:\/\/www.larnitech.com\/#organization"},"potentialAction":[{"@type":"SearchAction","target":{"@type":"EntryPoint","urlTemplate":"https:\/\/www.larnitech.com\/?s={search_term_string}"},"query-input":"required name=search_term_string"}],"inLanguage":"lt-LT"},{"@type":"Organization","@id":"https:\/\/www.larnitech.com\/#organization","name":"Larnitech","url":"https:\/\/www.larnitech.com\/","logo":{"@type":"ImageObject","inLanguage":"lt-LT","@id":"https:\/\/www.larnitech.com\/#\/schema\/logo\/image\/","url":"https:\/\/www.larnitech.com\/wp-content\/uploads\/2022\/01\/logo_white.png","contentUrl":"https:\/\/www.larnitech.com\/wp-content\/uploads\/2022\/01\/logo_white.png","width":1262,"height":274,"caption":"Larnitech"},"image":{"@id":"https:\/\/www.larnitech.com\/#\/schema\/logo\/image\/"}}]}},"_links":{"self":[{"href":"https:\/\/www.larnitech.com\/lt\/wp-json\/wp\/v2\/product\/10679","targetHints":{"allow":["GET"]}}],"collection":[{"href":"https:\/\/www.larnitech.com\/lt\/wp-json\/wp\/v2\/product"}],"about":[{"href":"https:\/\/www.larnitech.com\/lt\/wp-json\/wp\/v2\/types\/product"}],"version-history":[{"count":6,"href":"https:\/\/www.larnitech.com\/lt\/wp-json\/wp\/v2\/product\/10679\/revisions"}],"predecessor-version":[{"id":13817,"href":"https:\/\/www.larnitech.com\/lt\/wp-json\/wp\/v2\/product\/10679\/revisions\/13817"}],"wp:featuredmedia":[{"embeddable":true,"href":"https:\/\/www.larnitech.com\/lt\/wp-json\/wp\/v2\/media\/7221"}],"wp:attachment":[{"href":"https:\/\/www.larnitech.com\/lt\/wp-json\/wp\/v2\/media?parent=10679"}],"wp:term":[{"taxonomy":"products","embeddable":true,"href":"https:\/\/www.larnitech.com\/lt\/wp-json\/wp\/v2\/products?post=10679"}],"curies":[{"name":"wp","href":"https:\/\/api.w.org\/{rel}","templated":true}]}}