{"id":10650,"date":"2022-08-08T22:50:37","date_gmt":"2022-08-08T19:50:37","guid":{"rendered":"https:\/\/www.larnitech.com\/?post_type=product&#038;p=10650"},"modified":"2024-01-20T00:00:47","modified_gmt":"2024-01-19T22:00:47","slug":"dw-rs485","status":"publish","type":"product","link":"https:\/\/www.larnitech.com\/lt\/product\/dw-rs485\/","title":{"rendered":"DW-RS485"},"content":{"rendered":"<div class=\"product_content\">\n<p>\u0160is modulis skirtas s\u0105sajos tarp \u012frengini\u0173, turin\u010di\u0173 RS485 s\u0105saj\u0105, ir Smart Home sistemos reguliavimui. \u0160is modulis turi vidin\u012f 120 \u03a9 terminatoriaus rezistori\u0173.<\/p>\n<\/div>\n","protected":false},"featured_media":7284,"template":"","meta":{"inline_featured_image":false,"footnotes":""},"products":[39],"class_list":["post-10650","product","type-product","status-publish","has-post-thumbnail","hentry","products-din-rail-io-units"],"acf":[],"yoast_head":"<!-- This site is optimized with the Yoast SEO Premium plugin v19.0.1 (Yoast SEO v19.12) - https:\/\/yoast.com\/wordpress\/plugins\/seo\/ -->\n<title>DW-RS485 - Larnitech<\/title>\n<meta name=\"robots\" content=\"index, follow, max-snippet:-1, max-image-preview:large, max-video-preview:-1\" \/>\n<meta property=\"og:locale\" content=\"lt_LT\" \/>\n<meta property=\"og:type\" content=\"article\" \/>\n<meta property=\"og:title\" content=\"DW-RS485\" \/>\n<meta property=\"og:description\" content=\"\u0160is modulis skirtas s\u0105sajos tarp \u012frengini\u0173, turin\u010di\u0173 RS485 s\u0105saj\u0105, ir Smart Home sistemos reguliavimui. \u0160is modulis turi vidin\u012f 120 \u03a9 terminatoriaus rezistori\u0173.\" \/>\n<meta property=\"og:url\" content=\"https:\/\/www.larnitech.com\/lt\/product\/dw-rs485\/\" \/>\n<meta property=\"og:site_name\" content=\"Larnitech\" \/>\n<meta property=\"article:modified_time\" content=\"2024-01-19T22:00:47+00:00\" \/>\n<meta property=\"og:image\" content=\"https:\/\/www.larnitech.com\/wp-content\/uploads\/2022\/08\/DW-RS485-1.png\" \/>\n\t<meta property=\"og:image:width\" content=\"1408\" \/>\n\t<meta property=\"og:image:height\" content=\"1408\" \/>\n\t<meta property=\"og:image:type\" content=\"image\/png\" \/>\n<meta name=\"twitter:card\" content=\"summary_large_image\" \/>\n<meta name=\"twitter:label1\" content=\"Est. reading time\" \/>\n\t<meta name=\"twitter:data1\" content=\"1 minut\u0117\" \/>\n<script type=\"application\/ld+json\" class=\"yoast-schema-graph\">{\"@context\":\"https:\/\/schema.org\",\"@graph\":[{\"@type\":\"WebPage\",\"@id\":\"https:\/\/www.larnitech.com\/lt\/product\/dw-rs485\/\",\"url\":\"https:\/\/www.larnitech.com\/lt\/product\/dw-rs485\/\",\"name\":\"DW-RS485 - Larnitech\",\"isPartOf\":{\"@id\":\"https:\/\/www.larnitech.com\/#website\"},\"datePublished\":\"2022-08-08T19:50:37+00:00\",\"dateModified\":\"2024-01-19T22:00:47+00:00\",\"breadcrumb\":{\"@id\":\"https:\/\/www.larnitech.com\/lt\/product\/dw-rs485\/#breadcrumb\"},\"inLanguage\":\"lt-LT\",\"potentialAction\":[{\"@type\":\"ReadAction\",\"target\":[\"https:\/\/www.larnitech.com\/lt\/product\/dw-rs485\/\"]}]},{\"@type\":\"BreadcrumbList\",\"@id\":\"https:\/\/www.larnitech.com\/lt\/product\/dw-rs485\/#breadcrumb\",\"itemListElement\":[{\"@type\":\"ListItem\",\"position\":1,\"name\":\"Home\",\"item\":\"https:\/\/www.larnitech.com\/lt\/main\/\"},{\"@type\":\"ListItem\",\"position\":2,\"name\":\"Products\",\"item\":\"https:\/\/www.larnitech.com\/ua\/product\/\"},{\"@type\":\"ListItem\",\"position\":3,\"name\":\"DW-RS485\"}]},{\"@type\":\"WebSite\",\"@id\":\"https:\/\/www.larnitech.com\/#website\",\"url\":\"https:\/\/www.larnitech.com\/\",\"name\":\"Larnitech\",\"description\":\"\",\"publisher\":{\"@id\":\"https:\/\/www.larnitech.com\/#organization\"},\"potentialAction\":[{\"@type\":\"SearchAction\",\"target\":{\"@type\":\"EntryPoint\",\"urlTemplate\":\"https:\/\/www.larnitech.com\/?s={search_term_string}\"},\"query-input\":\"required name=search_term_string\"}],\"inLanguage\":\"lt-LT\"},{\"@type\":\"Organization\",\"@id\":\"https:\/\/www.larnitech.com\/#organization\",\"name\":\"Larnitech\",\"url\":\"https:\/\/www.larnitech.com\/\",\"logo\":{\"@type\":\"ImageObject\",\"inLanguage\":\"lt-LT\",\"@id\":\"https:\/\/www.larnitech.com\/#\/schema\/logo\/image\/\",\"url\":\"https:\/\/www.larnitech.com\/wp-content\/uploads\/2022\/01\/logo_white.png\",\"contentUrl\":\"https:\/\/www.larnitech.com\/wp-content\/uploads\/2022\/01\/logo_white.png\",\"width\":1262,\"height\":274,\"caption\":\"Larnitech\"},\"image\":{\"@id\":\"https:\/\/www.larnitech.com\/#\/schema\/logo\/image\/\"}}]}<\/script>\n<!-- \/ Yoast SEO Premium plugin. -->","yoast_head_json":{"title":"DW-RS485 - Larnitech","robots":{"index":"index","follow":"follow","max-snippet":"max-snippet:-1","max-image-preview":"max-image-preview:large","max-video-preview":"max-video-preview:-1"},"og_locale":"lt_LT","og_type":"article","og_title":"DW-RS485","og_description":"\u0160is modulis skirtas s\u0105sajos tarp \u012frengini\u0173, turin\u010di\u0173 RS485 s\u0105saj\u0105, ir Smart Home sistemos reguliavimui. \u0160is modulis turi vidin\u012f 120 \u03a9 terminatoriaus rezistori\u0173.","og_url":"https:\/\/www.larnitech.com\/lt\/product\/dw-rs485\/","og_site_name":"Larnitech","article_modified_time":"2024-01-19T22:00:47+00:00","og_image":[{"width":1408,"height":1408,"url":"https:\/\/www.larnitech.com\/wp-content\/uploads\/2022\/08\/DW-RS485-1.png","type":"image\/png"}],"twitter_card":"summary_large_image","twitter_misc":{"Est. reading time":"1 minut\u0117"},"schema":{"@context":"https:\/\/schema.org","@graph":[{"@type":"WebPage","@id":"https:\/\/www.larnitech.com\/lt\/product\/dw-rs485\/","url":"https:\/\/www.larnitech.com\/lt\/product\/dw-rs485\/","name":"DW-RS485 - Larnitech","isPartOf":{"@id":"https:\/\/www.larnitech.com\/#website"},"datePublished":"2022-08-08T19:50:37+00:00","dateModified":"2024-01-19T22:00:47+00:00","breadcrumb":{"@id":"https:\/\/www.larnitech.com\/lt\/product\/dw-rs485\/#breadcrumb"},"inLanguage":"lt-LT","potentialAction":[{"@type":"ReadAction","target":["https:\/\/www.larnitech.com\/lt\/product\/dw-rs485\/"]}]},{"@type":"BreadcrumbList","@id":"https:\/\/www.larnitech.com\/lt\/product\/dw-rs485\/#breadcrumb","itemListElement":[{"@type":"ListItem","position":1,"name":"Home","item":"https:\/\/www.larnitech.com\/lt\/main\/"},{"@type":"ListItem","position":2,"name":"Products","item":"https:\/\/www.larnitech.com\/ua\/product\/"},{"@type":"ListItem","position":3,"name":"DW-RS485"}]},{"@type":"WebSite","@id":"https:\/\/www.larnitech.com\/#website","url":"https:\/\/www.larnitech.com\/","name":"Larnitech","description":"","publisher":{"@id":"https:\/\/www.larnitech.com\/#organization"},"potentialAction":[{"@type":"SearchAction","target":{"@type":"EntryPoint","urlTemplate":"https:\/\/www.larnitech.com\/?s={search_term_string}"},"query-input":"required name=search_term_string"}],"inLanguage":"lt-LT"},{"@type":"Organization","@id":"https:\/\/www.larnitech.com\/#organization","name":"Larnitech","url":"https:\/\/www.larnitech.com\/","logo":{"@type":"ImageObject","inLanguage":"lt-LT","@id":"https:\/\/www.larnitech.com\/#\/schema\/logo\/image\/","url":"https:\/\/www.larnitech.com\/wp-content\/uploads\/2022\/01\/logo_white.png","contentUrl":"https:\/\/www.larnitech.com\/wp-content\/uploads\/2022\/01\/logo_white.png","width":1262,"height":274,"caption":"Larnitech"},"image":{"@id":"https:\/\/www.larnitech.com\/#\/schema\/logo\/image\/"}}]}},"_links":{"self":[{"href":"https:\/\/www.larnitech.com\/lt\/wp-json\/wp\/v2\/product\/10650","targetHints":{"allow":["GET"]}}],"collection":[{"href":"https:\/\/www.larnitech.com\/lt\/wp-json\/wp\/v2\/product"}],"about":[{"href":"https:\/\/www.larnitech.com\/lt\/wp-json\/wp\/v2\/types\/product"}],"version-history":[{"count":5,"href":"https:\/\/www.larnitech.com\/lt\/wp-json\/wp\/v2\/product\/10650\/revisions"}],"predecessor-version":[{"id":13792,"href":"https:\/\/www.larnitech.com\/lt\/wp-json\/wp\/v2\/product\/10650\/revisions\/13792"}],"wp:featuredmedia":[{"embeddable":true,"href":"https:\/\/www.larnitech.com\/lt\/wp-json\/wp\/v2\/media\/7284"}],"wp:attachment":[{"href":"https:\/\/www.larnitech.com\/lt\/wp-json\/wp\/v2\/media?parent=10650"}],"wp:term":[{"taxonomy":"products","embeddable":true,"href":"https:\/\/www.larnitech.com\/lt\/wp-json\/wp\/v2\/products?post=10650"}],"curies":[{"name":"wp","href":"https:\/\/api.w.org\/{rel}","templated":true}]}}