{"id":10458,"date":"2022-08-09T22:05:51","date_gmt":"2022-08-09T19:05:51","guid":{"rendered":"https:\/\/www.larnitech.com\/?post_type=product&#038;p=10458"},"modified":"2024-01-19T23:55:31","modified_gmt":"2024-01-19T21:55:31","slug":"dw-ht05","status":"publish","type":"product","link":"https:\/\/www.larnitech.com\/lt\/product\/dw-ht05\/","title":{"rendered":"DW-HT05"},"content":{"rendered":"<ul>\n<li>Palaikomi 5 universal\u016bs i\u0161\u0117jimai:\n<ul>\n<li>\u0160viesos<\/li>\n<li>NC\/NO \u0161ildymo vo\u017etuvai<\/li>\n<li>\u017daliuz\u0117s<\/li>\n<li>1 arba 2 poli\u0173 vartai<\/li>\n<li>1 arba 2 poli\u0173 vo\u017etuvai<\/li>\n<li>NC\/NO spynos<\/li>\n<li>Ventiliatori\u0173 ri\u010di\u0173 \u012frenginiai<\/li>\n<\/ul>\n<\/li>\n<li>12 diskreti\u0161k\u0173 iejim\u0173, kurios palaiko:\n<ul>\n<li>Mygtukus<\/li>\n<li>Jungiklius<\/li>\n<li>Herkonus<\/li>\n<li>Nuot\u0117kio jutiklius<\/li>\n<li>Judesio jutiklius<\/li>\n<\/ul>\n<\/li>\n<\/ul>\n","protected":false},"featured_media":7529,"template":"","meta":{"inline_featured_image":false,"footnotes":""},"products":[49],"class_list":["post-10458","product","type-product","status-publish","has-post-thumbnail","hentry","products-metaforsa-series"],"acf":[],"yoast_head":"<!-- This site is optimized with the Yoast SEO Premium plugin v19.0.1 (Yoast SEO v19.12) - https:\/\/yoast.com\/wordpress\/plugins\/seo\/ -->\n<title>DW-HT05 - Larnitech<\/title>\n<meta name=\"robots\" content=\"index, follow, max-snippet:-1, max-image-preview:large, max-video-preview:-1\" \/>\n<meta property=\"og:locale\" content=\"lt_LT\" \/>\n<meta property=\"og:type\" content=\"article\" \/>\n<meta property=\"og:title\" content=\"DW-HT05\" \/>\n<meta property=\"og:description\" content=\"Palaikomi 5 universal\u016bs i\u0161\u0117jimai: \u0160viesos NC\/NO \u0161ildymo vo\u017etuvai \u017daliuz\u0117s 1 arba 2 poli\u0173 vartai 1 arba 2 poli\u0173 vo\u017etuvai NC\/NO spynos Ventiliatori\u0173 ri\u010di\u0173 \u012frenginiai 12 diskreti\u0161k\u0173 iejim\u0173, kurios palaiko: Mygtukus Jungiklius Herkonus Nuot\u0117kio jutiklius Judesio jutiklius\" \/>\n<meta property=\"og:url\" content=\"https:\/\/www.larnitech.com\/lt\/product\/dw-ht05\/\" \/>\n<meta property=\"og:site_name\" content=\"Larnitech\" \/>\n<meta property=\"article:modified_time\" content=\"2024-01-19T21:55:31+00:00\" \/>\n<meta property=\"og:image\" content=\"https:\/\/www.larnitech.com\/wp-content\/uploads\/2022\/08\/DW-HT05.png\" \/>\n\t<meta property=\"og:image:width\" content=\"1408\" \/>\n\t<meta property=\"og:image:height\" content=\"1408\" \/>\n\t<meta property=\"og:image:type\" content=\"image\/png\" \/>\n<meta name=\"twitter:card\" content=\"summary_large_image\" \/>\n<meta name=\"twitter:label1\" content=\"Est. reading time\" \/>\n\t<meta name=\"twitter:data1\" content=\"1 minut\u0117\" \/>\n<script type=\"application\/ld+json\" class=\"yoast-schema-graph\">{\"@context\":\"https:\/\/schema.org\",\"@graph\":[{\"@type\":\"WebPage\",\"@id\":\"https:\/\/www.larnitech.com\/lt\/product\/dw-ht05\/\",\"url\":\"https:\/\/www.larnitech.com\/lt\/product\/dw-ht05\/\",\"name\":\"DW-HT05 - Larnitech\",\"isPartOf\":{\"@id\":\"https:\/\/www.larnitech.com\/#website\"},\"datePublished\":\"2022-08-09T19:05:51+00:00\",\"dateModified\":\"2024-01-19T21:55:31+00:00\",\"breadcrumb\":{\"@id\":\"https:\/\/www.larnitech.com\/lt\/product\/dw-ht05\/#breadcrumb\"},\"inLanguage\":\"lt-LT\",\"potentialAction\":[{\"@type\":\"ReadAction\",\"target\":[\"https:\/\/www.larnitech.com\/lt\/product\/dw-ht05\/\"]}]},{\"@type\":\"BreadcrumbList\",\"@id\":\"https:\/\/www.larnitech.com\/lt\/product\/dw-ht05\/#breadcrumb\",\"itemListElement\":[{\"@type\":\"ListItem\",\"position\":1,\"name\":\"Home\",\"item\":\"https:\/\/www.larnitech.com\/lt\/main\/\"},{\"@type\":\"ListItem\",\"position\":2,\"name\":\"Products\",\"item\":\"https:\/\/www.larnitech.com\/ua\/product\/\"},{\"@type\":\"ListItem\",\"position\":3,\"name\":\"DW-HT05\"}]},{\"@type\":\"WebSite\",\"@id\":\"https:\/\/www.larnitech.com\/#website\",\"url\":\"https:\/\/www.larnitech.com\/\",\"name\":\"Larnitech\",\"description\":\"\",\"publisher\":{\"@id\":\"https:\/\/www.larnitech.com\/#organization\"},\"potentialAction\":[{\"@type\":\"SearchAction\",\"target\":{\"@type\":\"EntryPoint\",\"urlTemplate\":\"https:\/\/www.larnitech.com\/?s={search_term_string}\"},\"query-input\":\"required name=search_term_string\"}],\"inLanguage\":\"lt-LT\"},{\"@type\":\"Organization\",\"@id\":\"https:\/\/www.larnitech.com\/#organization\",\"name\":\"Larnitech\",\"url\":\"https:\/\/www.larnitech.com\/\",\"logo\":{\"@type\":\"ImageObject\",\"inLanguage\":\"lt-LT\",\"@id\":\"https:\/\/www.larnitech.com\/#\/schema\/logo\/image\/\",\"url\":\"https:\/\/www.larnitech.com\/wp-content\/uploads\/2022\/01\/logo_white.png\",\"contentUrl\":\"https:\/\/www.larnitech.com\/wp-content\/uploads\/2022\/01\/logo_white.png\",\"width\":1262,\"height\":274,\"caption\":\"Larnitech\"},\"image\":{\"@id\":\"https:\/\/www.larnitech.com\/#\/schema\/logo\/image\/\"}}]}<\/script>\n<!-- \/ Yoast SEO Premium plugin. -->","yoast_head_json":{"title":"DW-HT05 - Larnitech","robots":{"index":"index","follow":"follow","max-snippet":"max-snippet:-1","max-image-preview":"max-image-preview:large","max-video-preview":"max-video-preview:-1"},"og_locale":"lt_LT","og_type":"article","og_title":"DW-HT05","og_description":"Palaikomi 5 universal\u016bs i\u0161\u0117jimai: \u0160viesos NC\/NO \u0161ildymo vo\u017etuvai \u017daliuz\u0117s 1 arba 2 poli\u0173 vartai 1 arba 2 poli\u0173 vo\u017etuvai NC\/NO spynos Ventiliatori\u0173 ri\u010di\u0173 \u012frenginiai 12 diskreti\u0161k\u0173 iejim\u0173, kurios palaiko: Mygtukus Jungiklius Herkonus Nuot\u0117kio jutiklius Judesio jutiklius","og_url":"https:\/\/www.larnitech.com\/lt\/product\/dw-ht05\/","og_site_name":"Larnitech","article_modified_time":"2024-01-19T21:55:31+00:00","og_image":[{"width":1408,"height":1408,"url":"https:\/\/www.larnitech.com\/wp-content\/uploads\/2022\/08\/DW-HT05.png","type":"image\/png"}],"twitter_card":"summary_large_image","twitter_misc":{"Est. reading time":"1 minut\u0117"},"schema":{"@context":"https:\/\/schema.org","@graph":[{"@type":"WebPage","@id":"https:\/\/www.larnitech.com\/lt\/product\/dw-ht05\/","url":"https:\/\/www.larnitech.com\/lt\/product\/dw-ht05\/","name":"DW-HT05 - Larnitech","isPartOf":{"@id":"https:\/\/www.larnitech.com\/#website"},"datePublished":"2022-08-09T19:05:51+00:00","dateModified":"2024-01-19T21:55:31+00:00","breadcrumb":{"@id":"https:\/\/www.larnitech.com\/lt\/product\/dw-ht05\/#breadcrumb"},"inLanguage":"lt-LT","potentialAction":[{"@type":"ReadAction","target":["https:\/\/www.larnitech.com\/lt\/product\/dw-ht05\/"]}]},{"@type":"BreadcrumbList","@id":"https:\/\/www.larnitech.com\/lt\/product\/dw-ht05\/#breadcrumb","itemListElement":[{"@type":"ListItem","position":1,"name":"Home","item":"https:\/\/www.larnitech.com\/lt\/main\/"},{"@type":"ListItem","position":2,"name":"Products","item":"https:\/\/www.larnitech.com\/ua\/product\/"},{"@type":"ListItem","position":3,"name":"DW-HT05"}]},{"@type":"WebSite","@id":"https:\/\/www.larnitech.com\/#website","url":"https:\/\/www.larnitech.com\/","name":"Larnitech","description":"","publisher":{"@id":"https:\/\/www.larnitech.com\/#organization"},"potentialAction":[{"@type":"SearchAction","target":{"@type":"EntryPoint","urlTemplate":"https:\/\/www.larnitech.com\/?s={search_term_string}"},"query-input":"required name=search_term_string"}],"inLanguage":"lt-LT"},{"@type":"Organization","@id":"https:\/\/www.larnitech.com\/#organization","name":"Larnitech","url":"https:\/\/www.larnitech.com\/","logo":{"@type":"ImageObject","inLanguage":"lt-LT","@id":"https:\/\/www.larnitech.com\/#\/schema\/logo\/image\/","url":"https:\/\/www.larnitech.com\/wp-content\/uploads\/2022\/01\/logo_white.png","contentUrl":"https:\/\/www.larnitech.com\/wp-content\/uploads\/2022\/01\/logo_white.png","width":1262,"height":274,"caption":"Larnitech"},"image":{"@id":"https:\/\/www.larnitech.com\/#\/schema\/logo\/image\/"}}]}},"_links":{"self":[{"href":"https:\/\/www.larnitech.com\/lt\/wp-json\/wp\/v2\/product\/10458","targetHints":{"allow":["GET"]}}],"collection":[{"href":"https:\/\/www.larnitech.com\/lt\/wp-json\/wp\/v2\/product"}],"about":[{"href":"https:\/\/www.larnitech.com\/lt\/wp-json\/wp\/v2\/types\/product"}],"version-history":[{"count":7,"href":"https:\/\/www.larnitech.com\/lt\/wp-json\/wp\/v2\/product\/10458\/revisions"}],"predecessor-version":[{"id":13789,"href":"https:\/\/www.larnitech.com\/lt\/wp-json\/wp\/v2\/product\/10458\/revisions\/13789"}],"wp:featuredmedia":[{"embeddable":true,"href":"https:\/\/www.larnitech.com\/lt\/wp-json\/wp\/v2\/media\/7529"}],"wp:attachment":[{"href":"https:\/\/www.larnitech.com\/lt\/wp-json\/wp\/v2\/media?parent=10458"}],"wp:term":[{"taxonomy":"products","embeddable":true,"href":"https:\/\/www.larnitech.com\/lt\/wp-json\/wp\/v2\/products?post=10458"}],"curies":[{"name":"wp","href":"https:\/\/api.w.org\/{rel}","templated":true}]}}