{"id":10317,"date":"2023-10-27T16:13:29","date_gmt":"2023-10-27T13:13:29","guid":{"rendered":"https:\/\/www.larnitech.com\/?page_id=10317"},"modified":"2023-10-27T16:13:29","modified_gmt":"2023-10-27T13:13:29","slug":"apie","status":"publish","type":"page","link":"https:\/\/www.larnitech.com\/lt\/apie\/","title":{"rendered":"Apie"},"content":{"rendered":"<p>\u0160iuolaikinis pasaulis patiria precedento neturint\u012f pagyv\u0117jim\u0105 IT srityje. Mes, Larnitech, puikiai suprantame \u0161i\u0105 tendencij\u0105 ir darome visk\u0105, kas nuo m\u016bs\u0173 priklauso, kad i\u0161mani\u0173j\u0173 nam\u0173 technologij\u0173 srityje \u012fdiegtume savo dal\u012f naujovi\u0173. Siekiame tapti savo rinkos ni\u0161os lyderiais. Savo auk\u0161t\u0173j\u0173 technologij\u0173 ekologi\u0161kais gaminiais prisidedame prie pasaulio gamtos i\u0161tekli\u0173 tausojimo ir \u012fgyvendiname savo misij\u0105 &#8211; kurti modernius b\u016bstus, kuriuose dera pa\u017eangios id\u0117jos, komfortas ir saugumas.<\/p>\n<h2>Kas mes esame<\/h2>\n<p>Larnitech yra Vokietijos priva\u010di\u0173 ir komercini\u0173 patalp\u0173 automatizavimo \u012frangos gamintoja. Esame \u012fsitikin\u0119, kad viskas, kas j\u016bs\u0173 namuose atliekama rankiniu b\u016bdu, gali ir turi b\u016bti automatizuota.<\/p>\n<p><img loading=\"lazy\" decoding=\"async\" class=\"aligncenter wp-image-3080 size-large\" src=\"\/wp-content\/uploads\/2022\/09\/YOUR-HOME-CAN-BE-SMART--1024x768.png\" alt=\"\" width=\"800\" height=\"600\" srcset=\"https:\/\/www.larnitech.com\/wp-content\/uploads\/2022\/09\/YOUR-HOME-CAN-BE-SMART--1024x768.png 1024w, https:\/\/www.larnitech.com\/wp-content\/uploads\/2022\/09\/YOUR-HOME-CAN-BE-SMART--300x225.png 300w, https:\/\/www.larnitech.com\/wp-content\/uploads\/2022\/09\/YOUR-HOME-CAN-BE-SMART--768x576.png 768w, https:\/\/www.larnitech.com\/wp-content\/uploads\/2022\/09\/YOUR-HOME-CAN-BE-SMART-.png 1284w\" sizes=\"auto, (max-width: 800px) 100vw, 800px\" \/><\/p>\n<p>&nbsp;<\/p>\n<p>M\u016bs\u0173 bendrov\u0117s &#8220;i\u0161mani\u0173&#8221; nam\u0173 sprendimai \u2013 tai vieninga kontrol\u0117s ir valdymo sistema su patogia ir prieinama s\u0105saja. Gaminame decentralizuot\u0105 laidin\u0119 Smart Home sistem\u0105, veikian\u010di\u0105 CAN magistral\u0117s pagrindu ir i\u0161siskirian\u010di\u0105 i\u0161 kit\u0173 savo reakcijos grei\u010diu. Taip pat suk\u016br\u0117me savo Larnitech program\u0117l\u0119, kuri leid\u017eia valdyti sistem\u0105 i\u0161 mobili\u0173j\u0173 \u012frengini\u0173.<\/p>\n<p>Program\u0117l\u0117 tinka iOS, Android, Linux ir Windows sistemoms, j\u0105 galima atsisi\u0173sti i\u0161 App Store ir Play Market. Intuityvi program\u0117l\u0117s s\u0105saja su daugybe funkcij\u0173 ir ypatybi\u0173 yra tokia paprasta naudoti, kad j\u0105 lengvai \u012fvaldo net vaikas.<\/p>\n<p>M\u016bs\u0173 bendrov\u0117s sprendimai yra veiksmingi ir kartu paprasti, kaip garsusis LEGO konstruktorius. Si\u016blome element\u0173 rinkin\u012f, i\u0161 kurio galite sukurti minimali\u0105 automatik\u0105 su pagrindin\u0117mis funkcijomis arba labai progresyvi\u0105 su maksimaliu funkcij\u0173 kiekiu.<\/p>\n<p><strong>Larnitech Smart Home yra:<\/strong><\/p>\n<ul>\n<li>komfortas j\u016bs\u0173 namuose<\/li>\n<li>saugumas nuo \u012fsilau\u017eimo, nuot\u0117kio ir gaisro<\/li>\n<li>i\u0161tekli\u0173 ir laiko taupymas<\/li>\n<\/ul>\n<p>Su Larnitech ne j\u016bs r\u016bpinat\u0117s namais, o jie r\u016bpinasi jumis!<\/p>\n<h2>M\u016bs\u0173 istorija<\/h2>\n<p>Bendrov\u0117 Larnitech buvo \u012fkurta 2014 m. Kelne, Vokietijoje. Pirmaisiais veiklos metais \u012frang\u0105 gaminome naudodami savo technologijas, ta\u010diau u\u017esakomosiose gamyklose. 2019 m. prad\u0117jome nuosav\u0105 gamyb\u0105, atidar\u0117me viso ciklo gamykl\u0105 ir persik\u0117l\u0117me i\u0161 Kelno \u012f Freudenberg\u0105.<\/p>\n<p>Per \u0161\u012f laik\u0105 m\u016bs\u0173 specialistai suk\u016br\u0117 tris i\u0161mani\u0173j\u0173 nam\u0173 \u012frangos kartas. \u0160iuo metu m\u016bs\u0173 gaminiai importuojami \u012f daugiau nei 20 pasaulio \u0161ali\u0173, o \u012fdiegt\u0173 i\u0161mani\u0173j\u0173 nam\u0173 sistem\u0173 skai\u010dius vir\u0161ijo de\u0161imtis t\u016bkstan\u010di\u0173.<\/p>\n<h2>Kuo i\u0161siskiriame i\u0161 konkurent\u0173?<\/h2>\n<p>M\u016bs\u0173 \u012franga paprasta, bet kartu \u2013 efektyvi ir lengvai \u012fdiegiama. Sistemos sudedamosios dalys veikia Plug&amp;Play principu &#8211; greitas nustatymas ir paleidimas, kuris kitoms sistemoms u\u017eima daug daugiau laiko.<\/p>\n<p>Mes si\u016blome:<\/p>\n<ul>\n<li>auk\u0161t\u0105 kokyb\u0119<\/li>\n<li>prieinam\u0105 kain\u0105<\/li>\n<li>plat\u0173 funkcionalum\u0105<\/li>\n<li>pritaikym\u0105 kiekvienam klientui<\/li>\n<li>paprast\u0105 programavimo sistem\u0105<\/li>\n<li>internetin\u0117 pagalba ir galimyb\u0117 nuotoliniu b\u016bdu konfig\u016bruoti sistem\u0105, kuri\u0105 atlieka m\u016bs\u0173 specialistai<\/li>\n<\/ul>\n<p>Dar vienas i\u0161skirtinis m\u016bs\u0173 sistemos bruo\u017eas yra tas, kad ji nuolat stebi, ar n\u0117ra klaid\u0173. I\u0161kilus problemai, da\u017enai apie j\u0105 net nesu\u017einosite, nes m\u016bs\u0173 pardav\u0117jas pamatys prane\u0161im\u0105 apie klaid\u0105 pardav\u0117jo skydelyje ir nuotoliniu b\u016bdu j\u0105 i\u0161taisys.<\/p>\n<p>Taip pat si\u016blome rinkoje unikal\u0173 sprendim\u0105 \u2013 Metaforsa rinkin\u012f. Tai universalus rinkinys su pagrindin\u0117mis automatikos funkcijomis. J\u012f lengva sumontuoti ir jis paruo\u0161tas naudoti i\u0161 karto po i\u0161pakavimo.<\/p>\n<p>Naudojame tiek laidinio ry\u0161io sistem\u0105, kuri yra patikimesn\u0117, patvaresn\u0117 ir n\u0117ra veikiama i\u0161orini\u0173 veiksni\u0173, tiek belaid\u0119.<\/p>\n<h2>Laidin\u0117 sistema<\/h2>\n<p>Visi \u012frenginiai sujungti duomen\u0173 magistral\u0117mis. Pagrindiniai \u0161io tipo sistemos privalumai yra \u0161ie:<\/p>\n<ul>\n<li>didelis reagavimo greitis, greitas ir patikimas duomen\u0173 perdavimo b\u016bdas<\/li>\n<li>paprastas \u012frengimas<\/li>\n<li>platus \u012frangos asortimentas<\/li>\n<li>Efektyvios saugumo funkcijos<\/li>\n<li>Ilgas eksploatacijos laikotarpis<\/li>\n<li>Sistemoje n\u0117ra baterijomis maitinam\u0173 \u012frengini\u0173, kuriuos reikia reguliariai keisti baterijomis<\/li>\n<\/ul>\n<h2>Belaid\u0117 sistema<\/h2>\n<p>\u0160io tipo sistemoje naudojamas radijo kanalas, kuriuo signalai i\u0161 valdiklio \u012frenginio perduodami \u012f vykdomuosius \u012frenginius.<\/p>\n<p>Pagrindiniai \u0161ios sistemos privalumai:<\/p>\n<ul>\n<li>Reik\u0161mingas taupymas &#8211; \u012frengiant sistem\u0105 nereikia tiesti laid\u0173, tod\u0117l suma\u017e\u0117ja eksploatacini\u0173 med\u017eiag\u0173 ir darbo s\u0105naudos<\/li>\n<li>Lankstus ir paprastas sistemos \u012frengimas<\/li>\n<li>Galimyb\u0117 lengvai i\u0161pl\u0117sti esam\u0105 sistem\u0105<\/li>\n<\/ul>\n<h2>Bendradarbiavimo su \u012fmone privalumai<\/h2>\n<p>Kod\u0117l tur\u0117tum\u0117te \u012fsidiegti m\u016bs\u0173 i\u0161mani\u0173j\u0173 nam\u0173 sistem\u0105?<\/p>\n<p>Savo darbe naudojame moderniausi\u0105 europieti\u0161k\u0105 \u012frang\u0105, kuri\u0105 gaminame savo pilno ciklo gamykloje.<\/p>\n<p>M\u016bs\u0173 pardav\u0117jai \u2013 ilgamet\u0119 patirt\u012f turintys profesionalai, kurie sistem\u0105 \u012fdiegs kuo grei\u010diau ir efektyviau, atsi\u017evelgdami \u012f visus j\u016bs\u0173 pageidavimus.<\/p>\n<p>Nuotolin\u0117 prieiga prie \u012frengimo: visus pakeitimus galima atlikti neatvykstant \u012f viet\u0105.<\/p>\n<p>M\u016bs\u0173 \u012frengini\u0173 funkcionalumas leid\u017eia valdyti visus valdymo aspektus j\u016bs\u0173 namuose, bute ar biure. Aptikus vandens ar duj\u0173 nuot\u0117k\u012f, jutikliai duos signal\u0105, judesio jutikliai \u012fjungs kameras, o nesankcionuoto patekimo atveju gausite nuotrauk\u0105 \u012f savo i\u0161man\u0173j\u012f telefon\u0105 ar plan\u0161etin\u012f kompiuter\u012f.<\/p>\n<p>Vartotojas taip pat turi galimyb\u0119 valdyti ap\u0161vietimo sistem\u0105 kiekviename kambaryje, pagal tvarkara\u0161t\u012f \u012fjungti elektros in\u017einerij\u0105, oro kondicionieri\u0173 ar muzikos centr\u0105. Be to, visa tai galima atlikti ir tiesiogiai patalpose, ir nuotoliniu b\u016bdu \u2013 pavyzd\u017eiui, pakeliui namo.<\/p>\n<p>I\u0161mani\u0173j\u0173 nam\u0173 valdymas atliekamas i\u0161 bet kurio \u012frenginio \u2013 galite naudoti i\u0161man\u0173j\u012f telefon\u0105, plan\u0161etin\u012f kompiuter\u012f, ne\u0161iojam\u0105j\u012f kompiuter\u012f ar net i\u0161man\u0173j\u012f laikrod\u012f. M\u016bs\u0173 bendrov\u0117s sukurta unikali programa, skirta Smart Home funkcijoms valdyti, ir paruo\u0161tas sprendimas &#8220;i\u0161 karto, tiesiai i\u0161 de\u017e\u0117s&#8221; leid\u017eia paversti namus modernia, daugiafunkcine ir patogia gyvenimo ir darbo erdve.<\/p>\n<p><img loading=\"lazy\" decoding=\"async\" class=\"size-large wp-image-3473 aligncenter\" src=\"\/wp-content\/uploads\/2022\/09\/metaforsa-larnitech_en-1024x768.jpg\" alt=\"\" width=\"800\" height=\"600\" srcset=\"https:\/\/www.larnitech.com\/wp-content\/uploads\/2022\/09\/metaforsa-larnitech_en-1024x768.jpg 1024w, https:\/\/www.larnitech.com\/wp-content\/uploads\/2022\/09\/metaforsa-larnitech_en-300x225.jpg 300w, https:\/\/www.larnitech.com\/wp-content\/uploads\/2022\/09\/metaforsa-larnitech_en-768x576.jpg 768w, https:\/\/www.larnitech.com\/wp-content\/uploads\/2022\/09\/metaforsa-larnitech_en-1536x1152.jpg 1536w, https:\/\/www.larnitech.com\/wp-content\/uploads\/2022\/09\/metaforsa-larnitech_en.jpg 2048w\" sizes=\"auto, (max-width: 800px) 100vw, 800px\" \/><\/p>\n<h3>S\u0104SAJOS MODULIAI<\/h3>\n<p>Vieninga tobula sistema \u2013 nuo papras\u010diausio jutiklio iki programin\u0117s \u012frangos ir \u017einiatinklio paslaugos.<\/p>\n<p>S\u0105sajos moduliai u\u017etikrina \u012fvairi\u0173 \u012frengini\u0173 integravim\u0105 \u012f viening\u0105 automatizavimo ir valdymo sistem\u0105 (saul\u0117s kolektoriai, apskaitos prietaisai, \u0161ilumos siurbliai ir t. t.).<\/p>\n<h3>AUK\u0160TOS KOKYB\u0116S MODERN\u016aS KOMPONENTAI<\/h3>\n<p>Auk\u0161t\u0173j\u0173 technologij\u0173 ir ekologi\u0161ki gaminiai, kurie neu\u017eima daug vietos ir negadina dizaino.<\/p>\n<p>Kokybi\u0161k\u0173 komponent\u0173 naudojimas leido i\u0161pl\u0117sti \u012frangos funkcionalum\u0105 ir iki minimumo suma\u017einti jos dyd\u012f, svor\u012f ir energijos s\u0105naudas. Sistemoje naudojami mikrojutikliai ir kompakti\u0161ki valdymo blokai, kurie nedarys \u012ftakos j\u016bs\u0173 nam\u0173 interjerui.<\/p>\n<h3>PATIKIMUMAS<\/h3>\n<p>Voki\u0161ka kokyb\u0117 ir 2 met\u0173 \u012frangos garantija<\/p>\n<p>M\u016bs\u0173 sistema pagr\u012fsta &#8220;paskirstytosios logikos&#8221; principu, tod\u0117l joje n\u0117ra centrinio bloko, o tai padidina jos patikimum\u0105. Jei u\u017e\u0161\u0105la valdiklis, modulis ar jutiklis, visi kiti \u012frenginiai veiks toliau. Atskiri tinklo komponentai bendrauja tarpusavyje ir atlieka savo funkcijas remdamiesi i\u0161 kit\u0173 \u012frengini\u0173 gaunama informacija.<\/p>\n<p>Belaid\u017eio ry\u0161io sistemai sukurti buvo naudojama MESH technologija. Visi sistemos komponentai s\u0105veikauja tarpusavyje, kad darbas b\u016bt\u0173 atliktas efektyviausiu b\u016bdu.<\/p>\n<h3>SISTEMOS LANKSTUMAS<\/h3>\n<p>D\u0117l paskirstytosios logikos sistema yra lengvai i\u0161ple\u010diama, prie jos galima prijungti daug skirting\u0173 \u012frengini\u0173 ir taip i\u0161pl\u0117sti sistemos funkcionalum\u0105. Vartotojai gali keisti tam tikrus sistemos nustatymus be specialist\u0173 pagalbos.<\/p>\n<h3>I\u0160TEKLI\u0172 TAUPYMAS<\/h3>\n<p>Sutaupoma iki 30 % energijos i\u0161tekli\u0173, tod\u0117l investicijos \u012f i\u0161man\u0173j\u012f nam\u0105 gali greitai atsipirkti.<\/p>\n<p>Smart Home integruoja visas sistemas, u\u017etikrindamas nepertraukiam\u0105 ir efektyv\u0173 veikim\u0105. Energijos vartojimo efektyvumas pirmiausia pasiekiamas automatizuojant ap\u0161vietim\u0105 ir mikroklimat\u0105. Yra kelios sistemos nustatymo galimyb\u0117s, \u012fskaitant: naudojant judesio jutiklius, kalendoriaus duomenis, specialius nustatymus, individualius skirtingoms namo sritims ir kt. Elektros energijos suvartojimui optimizuoti galima naudoti jutikli\u0173 statistik\u0105 ir elektros prietais\u0173 naudojim\u0105.<\/p>\n<p>Larnitech si\u016blo jums auk\u0161tos kokyb\u0117s nam\u0173 automatizavimo sprendimus u\u017e prieinam\u0105 kain\u0105! Padarykite savo gyvenim\u0105 dar komforti\u0161kesn\u012f, patogesn\u012f ir saugesn\u012f su namais, kurie visu tuo pasir\u016bpins u\u017e jus!<\/p>\n<div><a href=\"https:\/\/drive.google.com\/file\/d\/15p1bVG-B2drAMqsyPXaKJ5jACVGR8MDg\/view?usp=sharing\">Atsisi\u0173sti prezentacij\u0105<\/a><\/div>\n","protected":false},"excerpt":{"rendered":"<p>\u0160iuolaikinis pasaulis patiria precedento neturint\u012f pagyv\u0117jim\u0105 IT srityje. Mes, Larnitech, puikiai suprantame \u0161i\u0105 tendencij\u0105 ir darome visk\u0105, kas nuo m\u016bs\u0173 priklauso, kad i\u0161mani\u0173j\u0173 nam\u0173 technologij\u0173 srityje \u012fdiegtume savo dal\u012f naujovi\u0173. Siekiame tapti savo rinkos ni\u0161os lyderiais. Savo auk\u0161t\u0173j\u0173 technologij\u0173 ekologi\u0161kais gaminiais prisidedame prie pasaulio gamtos i\u0161tekli\u0173 tausojimo ir \u012fgyvendiname savo misij\u0105 &#8211; kurti modernius b\u016bstus,&#8230;<\/p>\n","protected":false},"author":5,"featured_media":0,"parent":0,"menu_order":0,"comment_status":"closed","ping_status":"closed","template":"","meta":{"inline_featured_image":false,"footnotes":""},"class_list":["post-10317","page","type-page","status-publish","hentry"],"acf":[],"yoast_head":"<!-- This site is optimized with the Yoast SEO Premium plugin v19.0.1 (Yoast SEO v19.12) - https:\/\/yoast.com\/wordpress\/plugins\/seo\/ -->\n<title>Apie - Larnitech<\/title>\n<meta name=\"robots\" content=\"index, follow, max-snippet:-1, max-image-preview:large, max-video-preview:-1\" \/>\n<meta property=\"og:locale\" content=\"lt_LT\" \/>\n<meta property=\"og:type\" content=\"article\" \/>\n<meta property=\"og:title\" content=\"Apie\" \/>\n<meta property=\"og:description\" content=\"\u0160iuolaikinis pasaulis patiria precedento neturint\u012f pagyv\u0117jim\u0105 IT srityje. Mes, Larnitech, puikiai suprantame \u0161i\u0105 tendencij\u0105 ir darome visk\u0105, kas nuo m\u016bs\u0173 priklauso, kad i\u0161mani\u0173j\u0173 nam\u0173 technologij\u0173 srityje \u012fdiegtume savo dal\u012f naujovi\u0173. Siekiame tapti savo rinkos ni\u0161os lyderiais. Savo auk\u0161t\u0173j\u0173 technologij\u0173 ekologi\u0161kais gaminiais prisidedame prie pasaulio gamtos i\u0161tekli\u0173 tausojimo ir \u012fgyvendiname savo misij\u0105 &#8211; kurti modernius b\u016bstus,...\" \/>\n<meta property=\"og:url\" content=\"https:\/\/www.larnitech.com\/lt\/apie\/\" \/>\n<meta property=\"og:site_name\" content=\"Larnitech\" \/>\n<meta name=\"twitter:card\" content=\"summary_large_image\" \/>\n<meta name=\"twitter:label1\" content=\"Est. reading time\" \/>\n\t<meta name=\"twitter:data1\" content=\"6 minut\u0117s\" \/>\n<script type=\"application\/ld+json\" class=\"yoast-schema-graph\">{\"@context\":\"https:\/\/schema.org\",\"@graph\":[{\"@type\":\"WebPage\",\"@id\":\"https:\/\/www.larnitech.com\/lt\/apie\/\",\"url\":\"https:\/\/www.larnitech.com\/lt\/apie\/\",\"name\":\"Apie - Larnitech\",\"isPartOf\":{\"@id\":\"https:\/\/www.larnitech.com\/#website\"},\"datePublished\":\"2023-10-27T13:13:29+00:00\",\"dateModified\":\"2023-10-27T13:13:29+00:00\",\"breadcrumb\":{\"@id\":\"https:\/\/www.larnitech.com\/lt\/apie\/#breadcrumb\"},\"inLanguage\":\"lt-LT\",\"potentialAction\":[{\"@type\":\"ReadAction\",\"target\":[\"https:\/\/www.larnitech.com\/lt\/apie\/\"]}]},{\"@type\":\"BreadcrumbList\",\"@id\":\"https:\/\/www.larnitech.com\/lt\/apie\/#breadcrumb\",\"itemListElement\":[{\"@type\":\"ListItem\",\"position\":1,\"name\":\"Home\",\"item\":\"https:\/\/www.larnitech.com\/lt\/main\/\"},{\"@type\":\"ListItem\",\"position\":2,\"name\":\"Apie\"}]},{\"@type\":\"WebSite\",\"@id\":\"https:\/\/www.larnitech.com\/#website\",\"url\":\"https:\/\/www.larnitech.com\/\",\"name\":\"Larnitech\",\"description\":\"\",\"publisher\":{\"@id\":\"https:\/\/www.larnitech.com\/#organization\"},\"potentialAction\":[{\"@type\":\"SearchAction\",\"target\":{\"@type\":\"EntryPoint\",\"urlTemplate\":\"https:\/\/www.larnitech.com\/?s={search_term_string}\"},\"query-input\":\"required name=search_term_string\"}],\"inLanguage\":\"lt-LT\"},{\"@type\":\"Organization\",\"@id\":\"https:\/\/www.larnitech.com\/#organization\",\"name\":\"Larnitech\",\"url\":\"https:\/\/www.larnitech.com\/\",\"logo\":{\"@type\":\"ImageObject\",\"inLanguage\":\"lt-LT\",\"@id\":\"https:\/\/www.larnitech.com\/#\/schema\/logo\/image\/\",\"url\":\"https:\/\/www.larnitech.com\/wp-content\/uploads\/2022\/01\/logo_white.png\",\"contentUrl\":\"https:\/\/www.larnitech.com\/wp-content\/uploads\/2022\/01\/logo_white.png\",\"width\":1262,\"height\":274,\"caption\":\"Larnitech\"},\"image\":{\"@id\":\"https:\/\/www.larnitech.com\/#\/schema\/logo\/image\/\"}}]}<\/script>\n<!-- \/ Yoast SEO Premium plugin. -->","yoast_head_json":{"title":"Apie - Larnitech","robots":{"index":"index","follow":"follow","max-snippet":"max-snippet:-1","max-image-preview":"max-image-preview:large","max-video-preview":"max-video-preview:-1"},"og_locale":"lt_LT","og_type":"article","og_title":"Apie","og_description":"\u0160iuolaikinis pasaulis patiria precedento neturint\u012f pagyv\u0117jim\u0105 IT srityje. Mes, Larnitech, puikiai suprantame \u0161i\u0105 tendencij\u0105 ir darome visk\u0105, kas nuo m\u016bs\u0173 priklauso, kad i\u0161mani\u0173j\u0173 nam\u0173 technologij\u0173 srityje \u012fdiegtume savo dal\u012f naujovi\u0173. Siekiame tapti savo rinkos ni\u0161os lyderiais. Savo auk\u0161t\u0173j\u0173 technologij\u0173 ekologi\u0161kais gaminiais prisidedame prie pasaulio gamtos i\u0161tekli\u0173 tausojimo ir \u012fgyvendiname savo misij\u0105 &#8211; kurti modernius b\u016bstus,...","og_url":"https:\/\/www.larnitech.com\/lt\/apie\/","og_site_name":"Larnitech","twitter_card":"summary_large_image","twitter_misc":{"Est. reading time":"6 minut\u0117s"},"schema":{"@context":"https:\/\/schema.org","@graph":[{"@type":"WebPage","@id":"https:\/\/www.larnitech.com\/lt\/apie\/","url":"https:\/\/www.larnitech.com\/lt\/apie\/","name":"Apie - Larnitech","isPartOf":{"@id":"https:\/\/www.larnitech.com\/#website"},"datePublished":"2023-10-27T13:13:29+00:00","dateModified":"2023-10-27T13:13:29+00:00","breadcrumb":{"@id":"https:\/\/www.larnitech.com\/lt\/apie\/#breadcrumb"},"inLanguage":"lt-LT","potentialAction":[{"@type":"ReadAction","target":["https:\/\/www.larnitech.com\/lt\/apie\/"]}]},{"@type":"BreadcrumbList","@id":"https:\/\/www.larnitech.com\/lt\/apie\/#breadcrumb","itemListElement":[{"@type":"ListItem","position":1,"name":"Home","item":"https:\/\/www.larnitech.com\/lt\/main\/"},{"@type":"ListItem","position":2,"name":"Apie"}]},{"@type":"WebSite","@id":"https:\/\/www.larnitech.com\/#website","url":"https:\/\/www.larnitech.com\/","name":"Larnitech","description":"","publisher":{"@id":"https:\/\/www.larnitech.com\/#organization"},"potentialAction":[{"@type":"SearchAction","target":{"@type":"EntryPoint","urlTemplate":"https:\/\/www.larnitech.com\/?s={search_term_string}"},"query-input":"required name=search_term_string"}],"inLanguage":"lt-LT"},{"@type":"Organization","@id":"https:\/\/www.larnitech.com\/#organization","name":"Larnitech","url":"https:\/\/www.larnitech.com\/","logo":{"@type":"ImageObject","inLanguage":"lt-LT","@id":"https:\/\/www.larnitech.com\/#\/schema\/logo\/image\/","url":"https:\/\/www.larnitech.com\/wp-content\/uploads\/2022\/01\/logo_white.png","contentUrl":"https:\/\/www.larnitech.com\/wp-content\/uploads\/2022\/01\/logo_white.png","width":1262,"height":274,"caption":"Larnitech"},"image":{"@id":"https:\/\/www.larnitech.com\/#\/schema\/logo\/image\/"}}]}},"_links":{"self":[{"href":"https:\/\/www.larnitech.com\/lt\/wp-json\/wp\/v2\/pages\/10317","targetHints":{"allow":["GET"]}}],"collection":[{"href":"https:\/\/www.larnitech.com\/lt\/wp-json\/wp\/v2\/pages"}],"about":[{"href":"https:\/\/www.larnitech.com\/lt\/wp-json\/wp\/v2\/types\/page"}],"author":[{"embeddable":true,"href":"https:\/\/www.larnitech.com\/lt\/wp-json\/wp\/v2\/users\/5"}],"replies":[{"embeddable":true,"href":"https:\/\/www.larnitech.com\/lt\/wp-json\/wp\/v2\/comments?post=10317"}],"version-history":[{"count":1,"href":"https:\/\/www.larnitech.com\/lt\/wp-json\/wp\/v2\/pages\/10317\/revisions"}],"predecessor-version":[{"id":10318,"href":"https:\/\/www.larnitech.com\/lt\/wp-json\/wp\/v2\/pages\/10317\/revisions\/10318"}],"wp:attachment":[{"href":"https:\/\/www.larnitech.com\/lt\/wp-json\/wp\/v2\/media?parent=10317"}],"curies":[{"name":"wp","href":"https:\/\/api.w.org\/{rel}","templated":true}]}}