{"id":10301,"date":"2023-10-27T15:41:43","date_gmt":"2023-10-27T12:41:43","guid":{"rendered":"https:\/\/www.larnitech.com\/?page_id=10301"},"modified":"2023-10-27T15:41:43","modified_gmt":"2023-10-27T12:41:43","slug":"ismanusis-biuras","status":"publish","type":"page","link":"https:\/\/www.larnitech.com\/lt\/ismanusis-biuras\/","title":{"rendered":"I\u0161manusis biuras"},"content":{"rendered":"<h2>I\u0161manioji biuro sistema<\/h2>\n<p>\u0160iandien i\u0161manioji biuro sistema tampa tikrai pa\u017eangios ir presti\u017ein\u0117s \u012fmon\u0117s, kuri \u017eengia koja kojon su laiku, po\u017eymiu. Tai jau nebe &#8220;turting\u0173j\u0173 u\u017egaida&#8221;, o funkcionalus, patikimas ir saugus sprendimas, paklausus visame pasaulyje.<\/p>\n<p>I\u0161manioji Smart Home sistema suteiks jums galimyb\u0119 kuo efektyviau valdyti savo versl\u0105, sutaupyti laiko \u012fprastin\u0117ms u\u017eduotims atlikti. Tuo tarpu j\u016bs ir j\u016bs\u0173 darbuotojai dirbs patogiausiomis s\u0105lygomis ir nam\u0173 erdv\u0117je.<\/p>\n<h3>Biuro automatizavimas<\/h3>\n<p>I\u0161 koki\u0173 element\u0173 susideda tokia sistema? Vis\u0173 pirma, j\u0105 sudaro \u012fvair\u016bs saugum\u0105 didinantys jutikliai: judesio, atidarymo, nuot\u0117kio, CO2 lygio, d\u016bm\u0173, oro kokyb\u0117s, gaisro, temperat\u016bros ir i\u0161orini\u0173 oro s\u0105lyg\u0173 jutikliai.<\/p>\n<p>\u012e sistem\u0105 taip pat \u012feina patogum\u0105 naudojantis prietaisais ir elektros \u012franga didinantys elementai, skirti j\u0173 \u012fjungimui ir i\u0161jungimui nuotoliniu b\u016bdu.<\/p>\n<p>Tre\u010diajai automatizavimo grupei priklauso tokie elementai kaip klimato kontrol\u0117, nuotolinis ap\u0161vietimo ir \u0161ildymo valdymas \u2013 tam tikru laiku arba pagal nustatyt\u0105 grafik\u0105, arba kaip automatinis atsakas \u012f \u017emoni\u0173 buvim\u0105. Biur\u0173 automatizavimo sistema taupo \u012fmon\u0117s pinigus, nes suma\u017eina elektros energijos ir \u0161ilumos suvartojim\u0105. Ji taip pat pagerina darbo vietos ap\u0161vietim\u0105, suteikdama nat\u016bralios \u0161viesos, kai jos reikia dienos metu.<\/p>\n<p>Ketvirtoji automatikos grup\u0117 susijusi su vis populiaresn\u0117mis multimedijos automatikos sistemomis (RGB ap\u0161vietimo scenarijai, integruotas garso ir vaizdo \u012frangos, projektori\u0173, televizori\u0173, palydovini\u0173 imtuv\u0173 valdymas).<\/p>\n<p>Penktoji grup\u0117 \u2013 tai interneto ir GSM ry\u0161io sistemos (valdymas internetu arba mobiliuoju telefonu i\u0161 bet kurios pasaulio vietos, prane\u0161imai apie \u012fvykius ir t. t.).<br \/>\nBiuras yra vieta, kurioje praleid\u017eiame daugiausia laiko. Automatikos pagalba galite sukurti efektyviausi\u0105 biuro erdv\u0119 ir padidinti darbuotoj\u0173 produktyvum\u0105!<\/p>\n","protected":false},"excerpt":{"rendered":"<p>I\u0161manioji biuro sistema \u0160iandien i\u0161manioji biuro sistema tampa tikrai pa\u017eangios ir presti\u017ein\u0117s \u012fmon\u0117s, kuri \u017eengia koja kojon su laiku, po\u017eymiu. Tai jau nebe &#8220;turting\u0173j\u0173 u\u017egaida&#8221;, o funkcionalus, patikimas ir saugus sprendimas, paklausus visame pasaulyje. I\u0161manioji Smart Home sistema suteiks jums galimyb\u0119 kuo efektyviau valdyti savo versl\u0105, sutaupyti laiko \u012fprastin\u0117ms u\u017eduotims atlikti. Tuo tarpu j\u016bs ir&#8230;<\/p>\n","protected":false},"author":5,"featured_media":0,"parent":0,"menu_order":0,"comment_status":"closed","ping_status":"closed","template":"page-templates\/project.php","meta":{"inline_featured_image":false,"footnotes":""},"class_list":["post-10301","page","type-page","status-publish","hentry"],"acf":[],"yoast_head":"<!-- This site is optimized with the Yoast SEO Premium plugin v19.0.1 (Yoast SEO v19.12) - https:\/\/yoast.com\/wordpress\/plugins\/seo\/ -->\n<title>I\u0161manusis biuras - Larnitech<\/title>\n<meta name=\"robots\" content=\"index, follow, max-snippet:-1, max-image-preview:large, max-video-preview:-1\" \/>\n<meta property=\"og:locale\" content=\"lt_LT\" \/>\n<meta property=\"og:type\" content=\"article\" \/>\n<meta property=\"og:title\" content=\"I\u0161manusis biuras\" \/>\n<meta property=\"og:description\" content=\"I\u0161manioji biuro sistema \u0160iandien i\u0161manioji biuro sistema tampa tikrai pa\u017eangios ir presti\u017ein\u0117s \u012fmon\u0117s, kuri \u017eengia koja kojon su laiku, po\u017eymiu. Tai jau nebe &#8220;turting\u0173j\u0173 u\u017egaida&#8221;, o funkcionalus, patikimas ir saugus sprendimas, paklausus visame pasaulyje. I\u0161manioji Smart Home sistema suteiks jums galimyb\u0119 kuo efektyviau valdyti savo versl\u0105, sutaupyti laiko \u012fprastin\u0117ms u\u017eduotims atlikti. Tuo tarpu j\u016bs ir...\" \/>\n<meta property=\"og:url\" content=\"https:\/\/www.larnitech.com\/lt\/ismanusis-biuras\/\" \/>\n<meta property=\"og:site_name\" content=\"Larnitech\" \/>\n<meta name=\"twitter:card\" content=\"summary_large_image\" \/>\n<meta name=\"twitter:label1\" content=\"Est. reading time\" \/>\n\t<meta name=\"twitter:data1\" content=\"1 minut\u0117\" \/>\n<script type=\"application\/ld+json\" class=\"yoast-schema-graph\">{\"@context\":\"https:\/\/schema.org\",\"@graph\":[{\"@type\":\"WebPage\",\"@id\":\"https:\/\/www.larnitech.com\/lt\/ismanusis-biuras\/\",\"url\":\"https:\/\/www.larnitech.com\/lt\/ismanusis-biuras\/\",\"name\":\"I\u0161manusis biuras - Larnitech\",\"isPartOf\":{\"@id\":\"https:\/\/www.larnitech.com\/#website\"},\"datePublished\":\"2023-10-27T12:41:43+00:00\",\"dateModified\":\"2023-10-27T12:41:43+00:00\",\"breadcrumb\":{\"@id\":\"https:\/\/www.larnitech.com\/lt\/ismanusis-biuras\/#breadcrumb\"},\"inLanguage\":\"lt-LT\",\"potentialAction\":[{\"@type\":\"ReadAction\",\"target\":[\"https:\/\/www.larnitech.com\/lt\/ismanusis-biuras\/\"]}]},{\"@type\":\"BreadcrumbList\",\"@id\":\"https:\/\/www.larnitech.com\/lt\/ismanusis-biuras\/#breadcrumb\",\"itemListElement\":[{\"@type\":\"ListItem\",\"position\":1,\"name\":\"Home\",\"item\":\"https:\/\/www.larnitech.com\/lt\/main\/\"},{\"@type\":\"ListItem\",\"position\":2,\"name\":\"I\u0161manusis biuras\"}]},{\"@type\":\"WebSite\",\"@id\":\"https:\/\/www.larnitech.com\/#website\",\"url\":\"https:\/\/www.larnitech.com\/\",\"name\":\"Larnitech\",\"description\":\"\",\"publisher\":{\"@id\":\"https:\/\/www.larnitech.com\/#organization\"},\"potentialAction\":[{\"@type\":\"SearchAction\",\"target\":{\"@type\":\"EntryPoint\",\"urlTemplate\":\"https:\/\/www.larnitech.com\/?s={search_term_string}\"},\"query-input\":\"required name=search_term_string\"}],\"inLanguage\":\"lt-LT\"},{\"@type\":\"Organization\",\"@id\":\"https:\/\/www.larnitech.com\/#organization\",\"name\":\"Larnitech\",\"url\":\"https:\/\/www.larnitech.com\/\",\"logo\":{\"@type\":\"ImageObject\",\"inLanguage\":\"lt-LT\",\"@id\":\"https:\/\/www.larnitech.com\/#\/schema\/logo\/image\/\",\"url\":\"https:\/\/www.larnitech.com\/wp-content\/uploads\/2022\/01\/logo_white.png\",\"contentUrl\":\"https:\/\/www.larnitech.com\/wp-content\/uploads\/2022\/01\/logo_white.png\",\"width\":1262,\"height\":274,\"caption\":\"Larnitech\"},\"image\":{\"@id\":\"https:\/\/www.larnitech.com\/#\/schema\/logo\/image\/\"}}]}<\/script>\n<!-- \/ Yoast SEO Premium plugin. -->","yoast_head_json":{"title":"I\u0161manusis biuras - Larnitech","robots":{"index":"index","follow":"follow","max-snippet":"max-snippet:-1","max-image-preview":"max-image-preview:large","max-video-preview":"max-video-preview:-1"},"og_locale":"lt_LT","og_type":"article","og_title":"I\u0161manusis biuras","og_description":"I\u0161manioji biuro sistema \u0160iandien i\u0161manioji biuro sistema tampa tikrai pa\u017eangios ir presti\u017ein\u0117s \u012fmon\u0117s, kuri \u017eengia koja kojon su laiku, po\u017eymiu. Tai jau nebe &#8220;turting\u0173j\u0173 u\u017egaida&#8221;, o funkcionalus, patikimas ir saugus sprendimas, paklausus visame pasaulyje. I\u0161manioji Smart Home sistema suteiks jums galimyb\u0119 kuo efektyviau valdyti savo versl\u0105, sutaupyti laiko \u012fprastin\u0117ms u\u017eduotims atlikti. Tuo tarpu j\u016bs ir...","og_url":"https:\/\/www.larnitech.com\/lt\/ismanusis-biuras\/","og_site_name":"Larnitech","twitter_card":"summary_large_image","twitter_misc":{"Est. reading time":"1 minut\u0117"},"schema":{"@context":"https:\/\/schema.org","@graph":[{"@type":"WebPage","@id":"https:\/\/www.larnitech.com\/lt\/ismanusis-biuras\/","url":"https:\/\/www.larnitech.com\/lt\/ismanusis-biuras\/","name":"I\u0161manusis biuras - Larnitech","isPartOf":{"@id":"https:\/\/www.larnitech.com\/#website"},"datePublished":"2023-10-27T12:41:43+00:00","dateModified":"2023-10-27T12:41:43+00:00","breadcrumb":{"@id":"https:\/\/www.larnitech.com\/lt\/ismanusis-biuras\/#breadcrumb"},"inLanguage":"lt-LT","potentialAction":[{"@type":"ReadAction","target":["https:\/\/www.larnitech.com\/lt\/ismanusis-biuras\/"]}]},{"@type":"BreadcrumbList","@id":"https:\/\/www.larnitech.com\/lt\/ismanusis-biuras\/#breadcrumb","itemListElement":[{"@type":"ListItem","position":1,"name":"Home","item":"https:\/\/www.larnitech.com\/lt\/main\/"},{"@type":"ListItem","position":2,"name":"I\u0161manusis biuras"}]},{"@type":"WebSite","@id":"https:\/\/www.larnitech.com\/#website","url":"https:\/\/www.larnitech.com\/","name":"Larnitech","description":"","publisher":{"@id":"https:\/\/www.larnitech.com\/#organization"},"potentialAction":[{"@type":"SearchAction","target":{"@type":"EntryPoint","urlTemplate":"https:\/\/www.larnitech.com\/?s={search_term_string}"},"query-input":"required name=search_term_string"}],"inLanguage":"lt-LT"},{"@type":"Organization","@id":"https:\/\/www.larnitech.com\/#organization","name":"Larnitech","url":"https:\/\/www.larnitech.com\/","logo":{"@type":"ImageObject","inLanguage":"lt-LT","@id":"https:\/\/www.larnitech.com\/#\/schema\/logo\/image\/","url":"https:\/\/www.larnitech.com\/wp-content\/uploads\/2022\/01\/logo_white.png","contentUrl":"https:\/\/www.larnitech.com\/wp-content\/uploads\/2022\/01\/logo_white.png","width":1262,"height":274,"caption":"Larnitech"},"image":{"@id":"https:\/\/www.larnitech.com\/#\/schema\/logo\/image\/"}}]}},"_links":{"self":[{"href":"https:\/\/www.larnitech.com\/lt\/wp-json\/wp\/v2\/pages\/10301","targetHints":{"allow":["GET"]}}],"collection":[{"href":"https:\/\/www.larnitech.com\/lt\/wp-json\/wp\/v2\/pages"}],"about":[{"href":"https:\/\/www.larnitech.com\/lt\/wp-json\/wp\/v2\/types\/page"}],"author":[{"embeddable":true,"href":"https:\/\/www.larnitech.com\/lt\/wp-json\/wp\/v2\/users\/5"}],"replies":[{"embeddable":true,"href":"https:\/\/www.larnitech.com\/lt\/wp-json\/wp\/v2\/comments?post=10301"}],"version-history":[{"count":1,"href":"https:\/\/www.larnitech.com\/lt\/wp-json\/wp\/v2\/pages\/10301\/revisions"}],"predecessor-version":[{"id":10303,"href":"https:\/\/www.larnitech.com\/lt\/wp-json\/wp\/v2\/pages\/10301\/revisions\/10303"}],"wp:attachment":[{"href":"https:\/\/www.larnitech.com\/lt\/wp-json\/wp\/v2\/media?parent=10301"}],"curies":[{"name":"wp","href":"https:\/\/api.w.org\/{rel}","templated":true}]}}