{"id":10299,"date":"2022-06-24T11:42:53","date_gmt":"2022-06-24T08:42:53","guid":{"rendered":"https:\/\/www.larnitech.com\/?page_id=10299"},"modified":"2024-01-22T14:47:15","modified_gmt":"2024-01-22T12:47:15","slug":"smart-hotel","status":"publish","type":"page","link":"https:\/\/www.larnitech.com\/lt\/smart-hotel\/","title":{"rendered":"Protingas vie\u0161butis"},"content":{"rendered":"<p><strong>Smart Hotel sistema<\/strong> \u2013 tai modernus atsakas \u012f reikliausi\u0173 j\u016bs\u0173 vie\u0161bu\u010dio, u\u017eeigos ar kurorto sve\u010di\u0173 poreikius. Tai naujas saugumo lygis, kuris u\u017etikrins j\u016bs\u0173 sve\u010di\u0173 ir j\u0173 turto saugum\u0105.<\/p>\n<p>Larnitech Smart Hotel sistema pagr\u012fsta nuosavu duomen\u0173 tinklu. Pagrindinis valdymo blokas, t. y. serveris, leid\u017eia visi\u0161kai kontroliuoti ir valdyti vie\u0161but\u012f internetu. Tod\u0117l pakanka tur\u0117ti i\u0161man\u0173j\u012f telefon\u0105, plan\u0161etin\u012f ar ne\u0161iojam\u0105j\u012f kompiuter\u012f su interneto prieiga, kad b\u016bt\u0173 galima kontroliuoti viso vie\u0161bu\u010dio veikimo b\u016bkl\u0119 i\u0161 bet kurios pasaulio vietos. Galite patikrinti, kas vyksta vietoje, taip pat \u012fjungti \/ i\u0161jungti bet kur\u012f prie sistemos prijungt\u0105 \u012frengin\u012f ar sistem\u0105.<\/p>\n<p>Smart Home vie\u0161butyje \u2013 tai koncepcija, kuri egzistuoja jau kur\u012f laik\u0105, ta\u010diau tik dabar pradedama \u012fgyvendinti. Vie\u0161bu\u010diuose \u012fdiegta \u0161i sistema turi daug privalum\u0173, \u012fskaitant patogum\u0105 ir komfort\u0105 sve\u010diams.<\/p>\n<p>Pirmoji nauda \u2013 patogumas sve\u010diams. Sve\u010diai visus kambaryje esan\u010dius prietaisus gali valdyti i\u0161maniuoju telefonu arba plan\u0161etiniu kompiuteriu, tod\u0117l jiems nereikia su savimi ne\u0161iotis keli\u0173 nuotolinio valdymo pulteli\u0173 ar ie\u0161koti kr\u016bvos mygtuk\u0173 ant paties prietaiso.<\/p>\n<p>D\u0117l \u0161io automatizavimo procesas tampa daug efektyvesnis ir patogesnis ir darbuotojams, nes jiems nebereikia eiti \u012f kiekvien\u0105 kambar\u012f ir prie\u0161 einant namo \u012fsitikinti, ar viskas i\u0161jungta.<\/p>\n<p>Antrasis privalumas \u2013 patogumas sve\u010diams. Smart Home sistema gali sukurti ideali\u0105 atmosfer\u0105 nustatydama tinkam\u0105 vidaus ap\u0161vietimo lyg\u012f, automati\u0161kai u\u017etraukdama u\u017euolaidas, \u017ealiuzes ir roletus, \u012fjungdama muzik\u0105 ar film\u0105 maloniam vakarui.<br \/>\nSmart Home galima u\u017eprogramuoti taip, kad jis reguliuot\u0173 klimat\u0105 pagal tai, koks yra met\u0173 laikas, taip pat reguliuot\u0173 oro dr\u0117gnum\u0105, v\u0117dinimo ir \u0161ildymo lyg\u012f.<br \/>\nTre\u010diasis privalumas &#8211; saugumas: Smart Home apsaugos sistema d\u0117l vaizdo steb\u0117jimo, signalizacijos ir judesio jutikli\u0173 suma\u017eina \u012fsilau\u017eimo ir nelaiming\u0173 atsitikim\u0173 rizik\u0105. Smart Home sistema taip pat kontroliuoja nuot\u0117kius, gaisr\u0105, CO2 lyg\u012f ir tai, ar u\u017edarytos durys ir langai.<br \/>\n\u017dinoma, viskas atliekama automati\u0161kai \u2013 sistema yra sukalibruota, o valdymo pultas pritaikytas prie j\u016bs\u0173 l\u016bkes\u010di\u0173 ir reikalavim\u0173. Jei k\u0105 nors reikia atlikti rankiniu b\u016bdu, bet kuris vadybininkas, kuriam suteiksite prieig\u0105, lengvai susidoros su intuityvia programos s\u0105saja.<\/p>\n<p>I\u0161maniosios vie\u0161bu\u010dio sistemos integravimas leid\u017eia daugumos problem\u0173 sprendim\u0105 patik\u0117ti itin efektyviai veikian\u010dioms elektronin\u0117ms sistemoms, atsi\u017evelgiant \u012f kiekvieno kliento pra\u0161ymus ir pageidavimus. Nuo \u0161iol savo d\u0117mes\u012f skirsite tik vie\u0161bu\u010dio sve\u010diams, o ne rutinin\u0117ms u\u017eduotims.<\/p>\n","protected":false},"excerpt":{"rendered":"<p>Smart Hotel sistema \u2013 tai modernus atsakas \u012f reikliausi\u0173 j\u016bs\u0173 vie\u0161bu\u010dio, u\u017eeigos ar kurorto sve\u010di\u0173 poreikius. Tai naujas saugumo lygis, kuris u\u017etikrins j\u016bs\u0173 sve\u010di\u0173 ir j\u0173 turto saugum\u0105. Larnitech Smart Hotel sistema pagr\u012fsta nuosavu duomen\u0173 tinklu. Pagrindinis valdymo blokas, t. y. serveris, leid\u017eia visi\u0161kai kontroliuoti ir valdyti vie\u0161but\u012f internetu. Tod\u0117l pakanka tur\u0117ti i\u0161man\u0173j\u012f telefon\u0105, plan\u0161etin\u012f&#8230;<\/p>\n","protected":false},"author":1,"featured_media":0,"parent":0,"menu_order":0,"comment_status":"closed","ping_status":"closed","template":"page-templates\/project.php","meta":{"inline_featured_image":false,"footnotes":""},"class_list":["post-10299","page","type-page","status-publish","hentry"],"acf":[],"yoast_head":"<!-- This site is optimized with the Yoast SEO Premium plugin v19.0.1 (Yoast SEO v19.12) - https:\/\/yoast.com\/wordpress\/plugins\/seo\/ -->\n<title>Smart hotel - smart home system from\u3010Larnitech\u3011<\/title>\n<meta name=\"description\" content=\"Smart hotel system from \u3010Larnitech\u3011\u23e9 Hardware \u26a1Software \u26a1Web services for comprehensive automation of your hotel. \u2b50Training and technical support\" \/>\n<meta name=\"robots\" content=\"index, follow, max-snippet:-1, max-image-preview:large, max-video-preview:-1\" \/>\n<meta property=\"og:locale\" content=\"lt_LT\" \/>\n<meta property=\"og:type\" content=\"article\" \/>\n<meta property=\"og:title\" content=\"Protingas vie\u0161butis\" \/>\n<meta property=\"og:description\" content=\"Smart hotel system from \u3010Larnitech\u3011\u23e9 Hardware \u26a1Software \u26a1Web services for comprehensive automation of your hotel. \u2b50Training and technical support\" \/>\n<meta property=\"og:url\" content=\"https:\/\/www.larnitech.com\/lt\/smart-hotel\/\" \/>\n<meta property=\"og:site_name\" content=\"Larnitech\" \/>\n<meta property=\"article:modified_time\" content=\"2024-01-22T12:47:15+00:00\" \/>\n<meta name=\"twitter:card\" content=\"summary_large_image\" \/>\n<meta name=\"twitter:label1\" content=\"Est. reading time\" \/>\n\t<meta name=\"twitter:data1\" content=\"3 minut\u0117s\" \/>\n<script type=\"application\/ld+json\" class=\"yoast-schema-graph\">{\"@context\":\"https:\/\/schema.org\",\"@graph\":[{\"@type\":\"WebPage\",\"@id\":\"https:\/\/www.larnitech.com\/lt\/smart-hotel\/\",\"url\":\"https:\/\/www.larnitech.com\/lt\/smart-hotel\/\",\"name\":\"Smart hotel - smart home system from\u3010Larnitech\u3011\",\"isPartOf\":{\"@id\":\"https:\/\/www.larnitech.com\/#website\"},\"datePublished\":\"2022-06-24T08:42:53+00:00\",\"dateModified\":\"2024-01-22T12:47:15+00:00\",\"description\":\"Smart hotel system from \u3010Larnitech\u3011\u23e9 Hardware \u26a1Software \u26a1Web services for comprehensive automation of your hotel. \u2b50Training and technical support\",\"breadcrumb\":{\"@id\":\"https:\/\/www.larnitech.com\/lt\/smart-hotel\/#breadcrumb\"},\"inLanguage\":\"lt-LT\",\"potentialAction\":[{\"@type\":\"ReadAction\",\"target\":[\"https:\/\/www.larnitech.com\/lt\/smart-hotel\/\"]}]},{\"@type\":\"BreadcrumbList\",\"@id\":\"https:\/\/www.larnitech.com\/lt\/smart-hotel\/#breadcrumb\",\"itemListElement\":[{\"@type\":\"ListItem\",\"position\":1,\"name\":\"Home\",\"item\":\"https:\/\/www.larnitech.com\/lt\/main\/\"},{\"@type\":\"ListItem\",\"position\":2,\"name\":\"Protingas vie\u0161butis\"}]},{\"@type\":\"WebSite\",\"@id\":\"https:\/\/www.larnitech.com\/#website\",\"url\":\"https:\/\/www.larnitech.com\/\",\"name\":\"Larnitech\",\"description\":\"\",\"publisher\":{\"@id\":\"https:\/\/www.larnitech.com\/#organization\"},\"potentialAction\":[{\"@type\":\"SearchAction\",\"target\":{\"@type\":\"EntryPoint\",\"urlTemplate\":\"https:\/\/www.larnitech.com\/?s={search_term_string}\"},\"query-input\":\"required name=search_term_string\"}],\"inLanguage\":\"lt-LT\"},{\"@type\":\"Organization\",\"@id\":\"https:\/\/www.larnitech.com\/#organization\",\"name\":\"Larnitech\",\"url\":\"https:\/\/www.larnitech.com\/\",\"logo\":{\"@type\":\"ImageObject\",\"inLanguage\":\"lt-LT\",\"@id\":\"https:\/\/www.larnitech.com\/#\/schema\/logo\/image\/\",\"url\":\"https:\/\/www.larnitech.com\/wp-content\/uploads\/2022\/01\/logo_white.png\",\"contentUrl\":\"https:\/\/www.larnitech.com\/wp-content\/uploads\/2022\/01\/logo_white.png\",\"width\":1262,\"height\":274,\"caption\":\"Larnitech\"},\"image\":{\"@id\":\"https:\/\/www.larnitech.com\/#\/schema\/logo\/image\/\"}}]}<\/script>\n<!-- \/ Yoast SEO Premium plugin. -->","yoast_head_json":{"title":"Smart hotel - smart home system from\u3010Larnitech\u3011","description":"Smart hotel system from \u3010Larnitech\u3011\u23e9 Hardware \u26a1Software \u26a1Web services for comprehensive automation of your hotel. \u2b50Training and technical support","robots":{"index":"index","follow":"follow","max-snippet":"max-snippet:-1","max-image-preview":"max-image-preview:large","max-video-preview":"max-video-preview:-1"},"og_locale":"lt_LT","og_type":"article","og_title":"Protingas vie\u0161butis","og_description":"Smart hotel system from \u3010Larnitech\u3011\u23e9 Hardware \u26a1Software \u26a1Web services for comprehensive automation of your hotel. \u2b50Training and technical support","og_url":"https:\/\/www.larnitech.com\/lt\/smart-hotel\/","og_site_name":"Larnitech","article_modified_time":"2024-01-22T12:47:15+00:00","twitter_card":"summary_large_image","twitter_misc":{"Est. reading time":"3 minut\u0117s"},"schema":{"@context":"https:\/\/schema.org","@graph":[{"@type":"WebPage","@id":"https:\/\/www.larnitech.com\/lt\/smart-hotel\/","url":"https:\/\/www.larnitech.com\/lt\/smart-hotel\/","name":"Smart hotel - smart home system from\u3010Larnitech\u3011","isPartOf":{"@id":"https:\/\/www.larnitech.com\/#website"},"datePublished":"2022-06-24T08:42:53+00:00","dateModified":"2024-01-22T12:47:15+00:00","description":"Smart hotel system from \u3010Larnitech\u3011\u23e9 Hardware \u26a1Software \u26a1Web services for comprehensive automation of your hotel. \u2b50Training and technical support","breadcrumb":{"@id":"https:\/\/www.larnitech.com\/lt\/smart-hotel\/#breadcrumb"},"inLanguage":"lt-LT","potentialAction":[{"@type":"ReadAction","target":["https:\/\/www.larnitech.com\/lt\/smart-hotel\/"]}]},{"@type":"BreadcrumbList","@id":"https:\/\/www.larnitech.com\/lt\/smart-hotel\/#breadcrumb","itemListElement":[{"@type":"ListItem","position":1,"name":"Home","item":"https:\/\/www.larnitech.com\/lt\/main\/"},{"@type":"ListItem","position":2,"name":"Protingas vie\u0161butis"}]},{"@type":"WebSite","@id":"https:\/\/www.larnitech.com\/#website","url":"https:\/\/www.larnitech.com\/","name":"Larnitech","description":"","publisher":{"@id":"https:\/\/www.larnitech.com\/#organization"},"potentialAction":[{"@type":"SearchAction","target":{"@type":"EntryPoint","urlTemplate":"https:\/\/www.larnitech.com\/?s={search_term_string}"},"query-input":"required name=search_term_string"}],"inLanguage":"lt-LT"},{"@type":"Organization","@id":"https:\/\/www.larnitech.com\/#organization","name":"Larnitech","url":"https:\/\/www.larnitech.com\/","logo":{"@type":"ImageObject","inLanguage":"lt-LT","@id":"https:\/\/www.larnitech.com\/#\/schema\/logo\/image\/","url":"https:\/\/www.larnitech.com\/wp-content\/uploads\/2022\/01\/logo_white.png","contentUrl":"https:\/\/www.larnitech.com\/wp-content\/uploads\/2022\/01\/logo_white.png","width":1262,"height":274,"caption":"Larnitech"},"image":{"@id":"https:\/\/www.larnitech.com\/#\/schema\/logo\/image\/"}}]}},"_links":{"self":[{"href":"https:\/\/www.larnitech.com\/lt\/wp-json\/wp\/v2\/pages\/10299","targetHints":{"allow":["GET"]}}],"collection":[{"href":"https:\/\/www.larnitech.com\/lt\/wp-json\/wp\/v2\/pages"}],"about":[{"href":"https:\/\/www.larnitech.com\/lt\/wp-json\/wp\/v2\/types\/page"}],"author":[{"embeddable":true,"href":"https:\/\/www.larnitech.com\/lt\/wp-json\/wp\/v2\/users\/1"}],"replies":[{"embeddable":true,"href":"https:\/\/www.larnitech.com\/lt\/wp-json\/wp\/v2\/comments?post=10299"}],"version-history":[{"count":7,"href":"https:\/\/www.larnitech.com\/lt\/wp-json\/wp\/v2\/pages\/10299\/revisions"}],"predecessor-version":[{"id":13870,"href":"https:\/\/www.larnitech.com\/lt\/wp-json\/wp\/v2\/pages\/10299\/revisions\/13870"}],"wp:attachment":[{"href":"https:\/\/www.larnitech.com\/lt\/wp-json\/wp\/v2\/media?parent=10299"}],"curies":[{"name":"wp","href":"https:\/\/api.w.org\/{rel}","templated":true}]}}