{"id":10296,"date":"2022-06-23T16:13:03","date_gmt":"2022-06-23T13:13:03","guid":{"rendered":"https:\/\/www.larnitech.com\/?page_id=10296"},"modified":"2024-01-22T14:18:38","modified_gmt":"2024-01-22T12:18:38","slug":"smart-home","status":"publish","type":"page","link":"https:\/\/www.larnitech.com\/lt\/smart-home\/","title":{"rendered":"Smart Home"},"content":{"rendered":"<h2>Larnitech \u2013 moderni i\u0161mani\u0173j\u0173 nam\u0173 \u012franga<\/h2>\n<p>Kas yra moderni gamintojo i\u0161mani\u0173j\u0173 nam\u0173 \u012franga? Kod\u0117l tokios sistemos i\u0161 neprieinam\u0173 ir elitini\u0173 kategorij\u0173 tapo &#8220;privalomomis&#8221; kiekvienam \u017emogui, vertinan\u010diam komfort\u0105, patikimum\u0105 ir saugum\u0105?<\/p>\n<p>Smart Home \u2013 tai nam\u0173 steb\u0117jimo ir funkcij\u0173 valdymo sistema, kuri aktyviai diegiama \u012f m\u016bs\u0173 gyvenim\u0105. Ji gerokai palengvina gyvenim\u0105, nes visus r\u016bpes\u010dius, susijusius su namais ir j\u0173 saugumu, perkelia ant elektronikos.<\/p>\n<p>Kas yra i\u0161mani\u0173j\u0173 nam\u0173 \u012franga? Tai gaisro, d\u016bm\u0173, anglies dioksido, nuot\u0117kio jutikliai, taip pat judesio jutikliai, lang\u0173 ir dur\u0173 atidarymo jutikliai, vaizdo steb\u0117jimo kameros ir i\u0161manioji dur\u0173 ry\u0161io technologija. Jie veikia automati\u0161kai arba pagal paruo\u0161tus scenarijus tiek integruoti vienas \u012f kit\u0105, tiek atskirai.<\/p>\n<p>\u0160ios sistemos valdo mikroklimat\u0105, ap\u0161vietim\u0105, \u0161ildym\u0105, v\u0117dinim\u0105. I\u0161manusis namas taip pat kontroliuoja visus elektros skaitiklius, nam\u0173 multimedijos sistemas ir buitin\u0119 technik\u0105 (skalbimo ma\u0161inas, virykles, \u0161aldytuvus ir t. t.).<\/p>\n<p>Galite palikti savo namus patikimai saugomus i\u0161maniojo namo: \u012fsilau\u017eimo, u\u017eliejimo ar d\u016bm\u0173 po\u017eymi\u0173 atveju m\u016bs\u0173 nedideli\u0173 matmen\u0173 jutikliai si\u0173s pavojaus signal\u0105 \u012f j\u016bs\u0173 telefon\u0105 ir aptarnavimo \u012fmonei.<\/p>\n<h2>Kas yra i\u0161mani\u0173j\u0173 nam\u0173 sistemos?<\/h2>\n<p>I\u0161mani\u0173j\u0173 nam\u0173 sistem\u0173 \u012fvairov\u0117 didel\u0117: laidin\u0117s, belaid\u0117s, centralizuotos, decentralizuotos, hibridin\u0117s, daikt\u0173 interneto.<\/p>\n<p>Ap\u017evelkime pagrindinius laidin\u0117s ir belaid\u0117s sistemos skirtumus. Belaid\u017ei\u0173 sistem\u0173 funkcionalumas yra daug ma\u017eesnis, palyginti su laidin\u0117mis sistemomis. Be to, belaid\u0117s sistemos veikia gana nepatikimai ir svarbiausiu momentu gali lengvai sugesti.<\/p>\n<p>Laidin\u0117 sistema leid\u017eia \u012f projekt\u0105 \u012ftraukti in\u017einerin\u0119 id\u0117j\u0105, kai belaid\u0119 sistem\u0105 reikia pritaikyti prie esamos. Laidin\u0117s sistemos duomen\u0173 perdavimo sparta yra kelis kartus didesn\u0117 nei belaid\u0117s.<\/p>\n<p>Laidin\u0117 sistema leid\u017eia daryti atsargines sistemos kopijas. Naudodami jas visada gal\u0117site atkurti ankstesn\u0119 versij\u0105, jei kas nors nepavykt\u0173, ir nereik\u0117s visko nustatyti i\u0161 naujo.<\/p>\n<p>Didelis laidin\u0117s sistemos privalumas yra tas, kad jei nustos veikti internetas, sistema, skirtingai nei belaid\u0117, veiks toliau.<\/p>\n<p>D\u0117l to, kad did\u017ei\u0105j\u0105 dal\u012f jutikli\u0173 galima &#8220;pasl\u0117pti&#8221; namo sienose, laidin\u0117 sistema yra ma\u017eiau pastebima ir visi\u0161kai negadina dizaino.<\/p>\n<p>Taigi, pagrindiniai laidin\u0117s sistemos prana\u0161umai prie\u0161 belaid\u0119 yra \u0161ie:<\/p>\n<ul>\n<li>Patikimumas<\/li>\n<li>darbo stabilumas<\/li>\n<li>formos faktorius<\/li>\n<li>Vidin\u0117 logika<\/li>\n<li>Duomen\u0173 perdavimo sparta<\/li>\n<li>Viena ekosistema<\/li>\n<\/ul>\n<h3>K\u0105 gali sudominti Smart Home sistema<\/h3>\n<p>Potencial\u016bs i\u0161mani\u0173j\u0173 nam\u0173 sistem\u0173 pirk\u0117jai yra \u017emon\u0117s, kurie planuoja atlikti remont\u0105 esamuose namuose arba pirkti nauj\u0105 but\u0105 ar statyti nam\u0105. Paprastai \u0161ie \u017emon\u0117s aktyviai domisi naujomis technologijomis ir ypating\u0105 d\u0117mes\u012f skiria komfortui bei dizainui.<\/p>\n<p>Jiems labai svarbus komfortas ir absoliutus saugumas namuose. Tokie \u017emon\u0117s nenori gai\u0161ti asmeninio laiko jokiems veiksmams, kuriuos galima patik\u0117ti i\u0161maniajam namui. Jie siekia b\u016bti pa\u017eang\u016bs ir \u017eengti koja kojon su laiku.<\/p>\n<p>Taip pat potencial\u016bs klientai gali b\u016bti:<\/p>\n<ul>\n<li>k\u016br\u0117jai<\/li>\n<li>dizaineriai<\/li>\n<li>architektai<\/li>\n<li>restoran\u0173, klinik\u0173, biur\u0173 centr\u0173 savininkai.<\/li>\n<\/ul>\n<p>Automatizav\u0119 patalpas, jie optimizuoja savo versl\u0105 ir didina pelningum\u0105. \u0160ie \u017emon\u0117s vertina i\u0161tekli\u0173 taupym\u0105, i\u0161laid\u0173 kontrol\u0119 ir valdymo optimizavim\u0105.<\/p>\n<h3>Smart Home sistemos diegimas<\/h3>\n<p>Sistema turi b\u016bti \u012fdiegta dar statybos etape, nes norint u\u017etikrinti patikim\u0105 jos veikim\u0105 reikia sienose ar grindyse nutiesti laidus. I\u0161 prad\u017ei\u0173 sistem\u0105 galima nustatyti pagrindin\u0117ms funkcijoms (ap\u0161vietimas, klimatas, nuot\u0117kis, apsauga), o v\u0117liau funkcionalum\u0105 galima tobulinti ir pl\u0117sti.<\/p>\n<p>Svarbu suprasti, kad sistemos \u012frengimu tur\u0117t\u0173 u\u017esiimti tik profesionalai. Yra daug niuans\u0173, kuriuos kartais sunku suprasti net kvalifikuotam elektrikui, ta\u010diau neturin\u010diam reikiamos patirties.<\/p>\n<p>Bandymas sistem\u0105 \u012frengti pa\u010diam arba j\u0105 \u012frengti dalyvaujant nesertifikuotiems specialistams gali lemti visos sistemos gedim\u0105.<\/p>\n<p>Prie\u0161 u\u017esakydami ir montuodami sistem\u0105, tur\u0117tum\u0117te \u012fsitikinti, kad \u012fmon\u0117 turi aptarnavimo centrus, suteikia garantin\u012f laikotarp\u012f, o jos specialistai yra pra\u0117j\u0119 specialius mokymus ir turi atitinkamus sertifikatus.<\/p>\n<p>Kokybi\u0161kai parengtame Smart Home projekte tur\u0117t\u0173 b\u016bti atsi\u017evelgta \u012f kiekvieno kliento gyvenimo specifik\u0105 ir ypatumus. Pavyzd\u017eiui, jei da\u017enai b\u016bnate ne namie, daugiausia d\u0117mesio reik\u0117t\u0173 skirti apsaugos ir vaizdo steb\u0117jimo sistemoms.<\/p>\n<h3>Kas mes esame<\/h3>\n<p><a href=\"https:\/\/www.larnitech.com\/\">Larnitech<\/a> yra pripa\u017eintas Vokietijos priva\u010di\u0173 ir komercini\u0173 patalp\u0173 automatizavimo \u012frangos gamintojas.<\/p>\n<p>M\u016bs\u0173 bendrov\u0117s Smart Home sprendimai \u2013 tai vieninga kontrol\u0117s ir valdymo sistema su patogia ir prieinama s\u0105saja. Naudojame tiek laidines, tiek belaides sistemas.<\/p>\n<p>Taip pat suk\u016br\u0117me savo Larnitech program\u0117l\u0119, kuri valdo:<\/p>\n<ul>\n<li>klimat\u0105 visose patalpose (temperat\u016br\u0105, dr\u0117gm\u0119, v\u0117dinim\u0105)<\/li>\n<li>ap\u0161vietimo sistemas<\/li>\n<li>dur\u0173 ir lang\u0173 atidarym\u0105 ir u\u017edarym\u0105<\/li>\n<li>daugialyp\u0117s terp\u0117s \u012franga<\/li>\n<li>elektrinius buitinius prietaisus<\/li>\n<li>vandens nutek\u0117jim\u0105<\/li>\n<li>anglies dioksido kiek\u012f<\/li>\n<li>d\u016bmus ir daug daugiau<\/li>\n<\/ul>\n<p>Visk\u0105 savo namuose valdysite vienu spustel\u0117jimu i\u0161 bet kurios vietos, nesvarbu, kokiu atstumu!<\/p>\n<h3>Darbo su Larnitech privalumai<\/h3>\n<p>Kod\u0117l tur\u0117tum\u0117te \u012fsidiegti m\u016bs\u0173 \u012fmon\u0117s i\u0161mani\u0173j\u0173 nam\u0173 sistem\u0105? Smart Home i\u0161 Larnitech yra:<\/p>\n<ul>\n<li>Vieninga tobula sistema, pradedant papras\u010diausiu jutikliu ir baigiant programine \u012franga bei \u017einiatinklio paslauga.<\/li>\n<li>Paskirstyto intelekto sistema: u\u017estrigus valdikliui, moduliui ar jutikliui, visi kiti \u012frenginiai veiks toliau.<\/li>\n<li>Intuityvi programa su daugybe funkcij\u0173 ir galimybi\u0173, kuriomis gali naudotis net vaikas.<\/li>\n<li>Nuotolin\u0117 prieiga montuotojui: visus pakeitimus galima atlikti neatvykus \u012f objekt\u0105.<\/li>\n<li>Sutaupoma iki 30 % energijos i\u0161tekli\u0173, tod\u0117l \u012f i\u0161man\u0173j\u012f nam\u0105 investuotos investicijos greitai atsiperka.<\/li>\n<li>Auk\u0161t\u0173j\u0173 technologij\u0173 ir ekologi\u0161ki gaminiai, kurie neu\u017eima daug vietos ir negadina dizaino.<\/li>\n<li>Programos, skirtos Android, IOS, Linux, Windows.<\/li>\n<li>Patikimumas: laidin\u0117s sistemos visada patikimesn\u0117s u\u017e belaides.<\/li>\n<\/ul>\n<p>Esame atsakingi u\u017e kokyb\u0119 ir savo \u012frangai suteikiame 2 met\u0173 garantij\u0105.<\/p>\n<p>Verta pamin\u0117ti m\u016bs\u0173 kain\u0173 politik\u0105: lyginant su kitomis \u012fmon\u0117mis, m\u016bs\u0173 kainos yra ma\u017eesn\u0117s u\u017e vidutines rinkos kainas, ta\u010diau tuo pat metu gaunate auk\u0161\u010diausios voki\u0161kos kokyb\u0117s gamin\u012f. Kitaip tariant, mes si\u016blome pirmaujan\u010di\u0173 rinkos \u017eaid\u0117j\u0173 funkcionalum\u0105 u\u017e prieinamiausi\u0105 kain\u0105.<\/p>\n<p>I\u0161maniojo namo sistema i\u0161 Larnitech padeda taupyti i\u0161teklius, didina j\u016bs\u0173 nam\u0173 saugum\u0105, u\u017etikrina visi\u0161k\u0105 ap\u0161vietimo, klimato, vaizdo ir garso sistem\u0173 kontrol\u0119.<\/p>\n<p>\u012evairius scenarijus lengva \u012fgyvendinti ir jie veikia automati\u0161kai, u\u017e jus pasir\u016bpindami daugeliu \u012fprast\u0173 u\u017eduo\u010di\u0173.<\/p>\n<p>J\u016bs\u0173 i\u0161manieji namai kontroliuoja temperat\u016br\u0105 \u012fvairiuose kambariuose, reguliuoja \u0161ildymo sistem\u0105 pagal j\u016bs\u0173 poreikius, laisto augalus, \u0161eria gyv\u016bnus, stebi saul\u0117s kolektorius, kad jie b\u016bt\u0173 maksimaliai efektyv\u016bs, i\u0161jungia \u0161vies\u0105 nenaudojamuose kambariuose, groja m\u0117gstam\u0105 muzik\u0105 ir net ruo\u0161ia rytin\u0119 kav\u0105!<\/p>\n<p>J\u016bs\u0173 namai yra apsaugoti vandens ar duj\u0173 nuot\u0117kio atveju. Jis bendrauja su jumis telefonu, si\u0173sdamas prane\u0161imus apie dalykus, \u012f kuriuos reikia atkreipti d\u0117mes\u012f.<\/p>\n<p>Su Larnitech gaunate itin efektyvius ir paruo\u0161tus \u012frengti sprendimus, kurie palengvina nam\u0173 valdym\u0105 ir padidina gyvenimo lyg\u012f.<\/p>\n","protected":false},"excerpt":{"rendered":"<p>Larnitech \u2013 moderni i\u0161mani\u0173j\u0173 nam\u0173 \u012franga Kas yra moderni gamintojo i\u0161mani\u0173j\u0173 nam\u0173 \u012franga? Kod\u0117l tokios sistemos i\u0161 neprieinam\u0173 ir elitini\u0173 kategorij\u0173 tapo &#8220;privalomomis&#8221; kiekvienam \u017emogui, vertinan\u010diam komfort\u0105, patikimum\u0105 ir saugum\u0105? Smart Home \u2013 tai nam\u0173 steb\u0117jimo ir funkcij\u0173 valdymo sistema, kuri aktyviai diegiama \u012f m\u016bs\u0173 gyvenim\u0105. Ji gerokai palengvina gyvenim\u0105, nes visus r\u016bpes\u010dius, susijusius su&#8230;<\/p>\n","protected":false},"author":1,"featured_media":0,"parent":0,"menu_order":0,"comment_status":"closed","ping_status":"closed","template":"page-templates\/project.php","meta":{"inline_featured_image":false,"footnotes":""},"class_list":["post-10296","page","type-page","status-publish","hentry"],"acf":[],"yoast_head":"<!-- This site is optimized with the Yoast SEO Premium plugin v19.0.1 (Yoast SEO v19.12) - https:\/\/yoast.com\/wordpress\/plugins\/seo\/ -->\n<title>Smart home - automation systems from \u3010Larnitech\u3011<\/title>\n<meta name=\"description\" content=\"Smart home equipment from \u3010Larnitech\u3011\u23e9 Hardware \u26a1Software \u26a1Web services for comprehensive automation of a house, office or apartment. \u2b50Training and technical support\" \/>\n<meta name=\"robots\" content=\"index, follow, max-snippet:-1, max-image-preview:large, max-video-preview:-1\" \/>\n<meta property=\"og:locale\" content=\"lt_LT\" \/>\n<meta property=\"og:type\" content=\"article\" \/>\n<meta property=\"og:title\" content=\"Smart Home\" \/>\n<meta property=\"og:description\" content=\"Smart home equipment from \u3010Larnitech\u3011\u23e9 Hardware \u26a1Software \u26a1Web services for comprehensive automation of a house, office or apartment. \u2b50Training and technical support\" \/>\n<meta property=\"og:url\" content=\"https:\/\/www.larnitech.com\/lt\/smart-home\/\" \/>\n<meta property=\"og:site_name\" content=\"Larnitech\" \/>\n<meta property=\"article:modified_time\" content=\"2024-01-22T12:18:38+00:00\" \/>\n<meta name=\"twitter:card\" content=\"summary_large_image\" \/>\n<meta name=\"twitter:label1\" content=\"Est. reading time\" \/>\n\t<meta name=\"twitter:data1\" content=\"6 minut\u0117s\" \/>\n<script type=\"application\/ld+json\" class=\"yoast-schema-graph\">{\"@context\":\"https:\/\/schema.org\",\"@graph\":[{\"@type\":\"WebPage\",\"@id\":\"https:\/\/www.larnitech.com\/lt\/smart-home\/\",\"url\":\"https:\/\/www.larnitech.com\/lt\/smart-home\/\",\"name\":\"Smart home - automation systems from \u3010Larnitech\u3011\",\"isPartOf\":{\"@id\":\"https:\/\/www.larnitech.com\/#website\"},\"datePublished\":\"2022-06-23T13:13:03+00:00\",\"dateModified\":\"2024-01-22T12:18:38+00:00\",\"description\":\"Smart home equipment from \u3010Larnitech\u3011\u23e9 Hardware \u26a1Software \u26a1Web services for comprehensive automation of a house, office or apartment. \u2b50Training and technical support\",\"breadcrumb\":{\"@id\":\"https:\/\/www.larnitech.com\/lt\/smart-home\/#breadcrumb\"},\"inLanguage\":\"lt-LT\",\"potentialAction\":[{\"@type\":\"ReadAction\",\"target\":[\"https:\/\/www.larnitech.com\/lt\/smart-home\/\"]}]},{\"@type\":\"BreadcrumbList\",\"@id\":\"https:\/\/www.larnitech.com\/lt\/smart-home\/#breadcrumb\",\"itemListElement\":[{\"@type\":\"ListItem\",\"position\":1,\"name\":\"Home\",\"item\":\"https:\/\/www.larnitech.com\/lt\/main\/\"},{\"@type\":\"ListItem\",\"position\":2,\"name\":\"Smart Home\"}]},{\"@type\":\"WebSite\",\"@id\":\"https:\/\/www.larnitech.com\/#website\",\"url\":\"https:\/\/www.larnitech.com\/\",\"name\":\"Larnitech\",\"description\":\"\",\"publisher\":{\"@id\":\"https:\/\/www.larnitech.com\/#organization\"},\"potentialAction\":[{\"@type\":\"SearchAction\",\"target\":{\"@type\":\"EntryPoint\",\"urlTemplate\":\"https:\/\/www.larnitech.com\/?s={search_term_string}\"},\"query-input\":\"required name=search_term_string\"}],\"inLanguage\":\"lt-LT\"},{\"@type\":\"Organization\",\"@id\":\"https:\/\/www.larnitech.com\/#organization\",\"name\":\"Larnitech\",\"url\":\"https:\/\/www.larnitech.com\/\",\"logo\":{\"@type\":\"ImageObject\",\"inLanguage\":\"lt-LT\",\"@id\":\"https:\/\/www.larnitech.com\/#\/schema\/logo\/image\/\",\"url\":\"https:\/\/www.larnitech.com\/wp-content\/uploads\/2022\/01\/logo_white.png\",\"contentUrl\":\"https:\/\/www.larnitech.com\/wp-content\/uploads\/2022\/01\/logo_white.png\",\"width\":1262,\"height\":274,\"caption\":\"Larnitech\"},\"image\":{\"@id\":\"https:\/\/www.larnitech.com\/#\/schema\/logo\/image\/\"}}]}<\/script>\n<!-- \/ Yoast SEO Premium plugin. -->","yoast_head_json":{"title":"Smart home - automation systems from \u3010Larnitech\u3011","description":"Smart home equipment from \u3010Larnitech\u3011\u23e9 Hardware \u26a1Software \u26a1Web services for comprehensive automation of a house, office or apartment. \u2b50Training and technical support","robots":{"index":"index","follow":"follow","max-snippet":"max-snippet:-1","max-image-preview":"max-image-preview:large","max-video-preview":"max-video-preview:-1"},"og_locale":"lt_LT","og_type":"article","og_title":"Smart Home","og_description":"Smart home equipment from \u3010Larnitech\u3011\u23e9 Hardware \u26a1Software \u26a1Web services for comprehensive automation of a house, office or apartment. \u2b50Training and technical support","og_url":"https:\/\/www.larnitech.com\/lt\/smart-home\/","og_site_name":"Larnitech","article_modified_time":"2024-01-22T12:18:38+00:00","twitter_card":"summary_large_image","twitter_misc":{"Est. reading time":"6 minut\u0117s"},"schema":{"@context":"https:\/\/schema.org","@graph":[{"@type":"WebPage","@id":"https:\/\/www.larnitech.com\/lt\/smart-home\/","url":"https:\/\/www.larnitech.com\/lt\/smart-home\/","name":"Smart home - automation systems from \u3010Larnitech\u3011","isPartOf":{"@id":"https:\/\/www.larnitech.com\/#website"},"datePublished":"2022-06-23T13:13:03+00:00","dateModified":"2024-01-22T12:18:38+00:00","description":"Smart home equipment from \u3010Larnitech\u3011\u23e9 Hardware \u26a1Software \u26a1Web services for comprehensive automation of a house, office or apartment. \u2b50Training and technical support","breadcrumb":{"@id":"https:\/\/www.larnitech.com\/lt\/smart-home\/#breadcrumb"},"inLanguage":"lt-LT","potentialAction":[{"@type":"ReadAction","target":["https:\/\/www.larnitech.com\/lt\/smart-home\/"]}]},{"@type":"BreadcrumbList","@id":"https:\/\/www.larnitech.com\/lt\/smart-home\/#breadcrumb","itemListElement":[{"@type":"ListItem","position":1,"name":"Home","item":"https:\/\/www.larnitech.com\/lt\/main\/"},{"@type":"ListItem","position":2,"name":"Smart Home"}]},{"@type":"WebSite","@id":"https:\/\/www.larnitech.com\/#website","url":"https:\/\/www.larnitech.com\/","name":"Larnitech","description":"","publisher":{"@id":"https:\/\/www.larnitech.com\/#organization"},"potentialAction":[{"@type":"SearchAction","target":{"@type":"EntryPoint","urlTemplate":"https:\/\/www.larnitech.com\/?s={search_term_string}"},"query-input":"required name=search_term_string"}],"inLanguage":"lt-LT"},{"@type":"Organization","@id":"https:\/\/www.larnitech.com\/#organization","name":"Larnitech","url":"https:\/\/www.larnitech.com\/","logo":{"@type":"ImageObject","inLanguage":"lt-LT","@id":"https:\/\/www.larnitech.com\/#\/schema\/logo\/image\/","url":"https:\/\/www.larnitech.com\/wp-content\/uploads\/2022\/01\/logo_white.png","contentUrl":"https:\/\/www.larnitech.com\/wp-content\/uploads\/2022\/01\/logo_white.png","width":1262,"height":274,"caption":"Larnitech"},"image":{"@id":"https:\/\/www.larnitech.com\/#\/schema\/logo\/image\/"}}]}},"_links":{"self":[{"href":"https:\/\/www.larnitech.com\/lt\/wp-json\/wp\/v2\/pages\/10296","targetHints":{"allow":["GET"]}}],"collection":[{"href":"https:\/\/www.larnitech.com\/lt\/wp-json\/wp\/v2\/pages"}],"about":[{"href":"https:\/\/www.larnitech.com\/lt\/wp-json\/wp\/v2\/types\/page"}],"author":[{"embeddable":true,"href":"https:\/\/www.larnitech.com\/lt\/wp-json\/wp\/v2\/users\/1"}],"replies":[{"embeddable":true,"href":"https:\/\/www.larnitech.com\/lt\/wp-json\/wp\/v2\/comments?post=10296"}],"version-history":[{"count":4,"href":"https:\/\/www.larnitech.com\/lt\/wp-json\/wp\/v2\/pages\/10296\/revisions"}],"predecessor-version":[{"id":13862,"href":"https:\/\/www.larnitech.com\/lt\/wp-json\/wp\/v2\/pages\/10296\/revisions\/13862"}],"wp:attachment":[{"href":"https:\/\/www.larnitech.com\/lt\/wp-json\/wp\/v2\/media?parent=10296"}],"curies":[{"name":"wp","href":"https:\/\/api.w.org\/{rel}","templated":true}]}}