{"id":10291,"date":"2023-10-27T15:17:04","date_gmt":"2023-10-27T12:17:04","guid":{"rendered":"https:\/\/www.larnitech.com\/?page_id=10291"},"modified":"2023-10-27T15:17:04","modified_gmt":"2023-10-27T12:17:04","slug":"garantija","status":"publish","type":"page","link":"https:\/\/www.larnitech.com\/lt\/garantija\/","title":{"rendered":"Garantija"},"content":{"rendered":"<p>Larnitech automatikos sistemos \u012franga yra pagaminta i\u0161 auk\u0161tos kokyb\u0117s pasaulyje \u017einom\u0173 prek\u0117s \u017eenkl\u0173 komponent\u0173,<\/p>\n<p>Be to, kiekviename gamybos etape \u012fdiegta daugiapakop\u0117 kokyb\u0117s kontrol\u0117s sistema,<\/p>\n<p>kuri leid\u017eia pasiekti auk\u0161t\u0105 m\u016bs\u0173 \u012frangos atsparum\u0105 gedimams.<\/p>\n<p>Visai m\u016bs\u0173 \u012frangos linijai suteikiame 2 met\u0173 garantij\u0105, technin\u0119 pagalb\u0105, garantin\u012f ir pogarantin\u012f aptarnavim\u0105.<\/p>\n","protected":false},"excerpt":{"rendered":"<p>Larnitech automatikos sistemos \u012franga yra pagaminta i\u0161 auk\u0161tos kokyb\u0117s pasaulyje \u017einom\u0173 prek\u0117s \u017eenkl\u0173 komponent\u0173, Be to, kiekviename gamybos etape \u012fdiegta daugiapakop\u0117 kokyb\u0117s kontrol\u0117s sistema, kuri leid\u017eia pasiekti auk\u0161t\u0105 m\u016bs\u0173 \u012frangos atsparum\u0105 gedimams. Visai m\u016bs\u0173 \u012frangos linijai suteikiame 2 met\u0173 garantij\u0105, technin\u0119 pagalb\u0105, garantin\u012f ir pogarantin\u012f aptarnavim\u0105.<\/p>\n","protected":false},"author":5,"featured_media":0,"parent":0,"menu_order":0,"comment_status":"closed","ping_status":"closed","template":"","meta":{"inline_featured_image":false,"footnotes":""},"class_list":["post-10291","page","type-page","status-publish","hentry"],"acf":[],"yoast_head":"<!-- This site is optimized with the Yoast SEO Premium plugin v19.0.1 (Yoast SEO v19.12) - https:\/\/yoast.com\/wordpress\/plugins\/seo\/ -->\n<title>Garantija - Larnitech<\/title>\n<meta name=\"robots\" content=\"index, follow, max-snippet:-1, max-image-preview:large, max-video-preview:-1\" \/>\n<meta property=\"og:locale\" content=\"lt_LT\" \/>\n<meta property=\"og:type\" content=\"article\" \/>\n<meta property=\"og:title\" content=\"Garantija\" \/>\n<meta property=\"og:description\" content=\"Larnitech automatikos sistemos \u012franga yra pagaminta i\u0161 auk\u0161tos kokyb\u0117s pasaulyje \u017einom\u0173 prek\u0117s \u017eenkl\u0173 komponent\u0173, Be to, kiekviename gamybos etape \u012fdiegta daugiapakop\u0117 kokyb\u0117s kontrol\u0117s sistema, kuri leid\u017eia pasiekti auk\u0161t\u0105 m\u016bs\u0173 \u012frangos atsparum\u0105 gedimams. Visai m\u016bs\u0173 \u012frangos linijai suteikiame 2 met\u0173 garantij\u0105, technin\u0119 pagalb\u0105, garantin\u012f ir pogarantin\u012f aptarnavim\u0105.\" \/>\n<meta property=\"og:url\" content=\"https:\/\/www.larnitech.com\/lt\/garantija\/\" \/>\n<meta property=\"og:site_name\" content=\"Larnitech\" \/>\n<meta name=\"twitter:card\" content=\"summary_large_image\" \/>\n<script type=\"application\/ld+json\" class=\"yoast-schema-graph\">{\"@context\":\"https:\/\/schema.org\",\"@graph\":[{\"@type\":\"WebPage\",\"@id\":\"https:\/\/www.larnitech.com\/lt\/garantija\/\",\"url\":\"https:\/\/www.larnitech.com\/lt\/garantija\/\",\"name\":\"Garantija - Larnitech\",\"isPartOf\":{\"@id\":\"https:\/\/www.larnitech.com\/#website\"},\"datePublished\":\"2023-10-27T12:17:04+00:00\",\"dateModified\":\"2023-10-27T12:17:04+00:00\",\"breadcrumb\":{\"@id\":\"https:\/\/www.larnitech.com\/lt\/garantija\/#breadcrumb\"},\"inLanguage\":\"lt-LT\",\"potentialAction\":[{\"@type\":\"ReadAction\",\"target\":[\"https:\/\/www.larnitech.com\/lt\/garantija\/\"]}]},{\"@type\":\"BreadcrumbList\",\"@id\":\"https:\/\/www.larnitech.com\/lt\/garantija\/#breadcrumb\",\"itemListElement\":[{\"@type\":\"ListItem\",\"position\":1,\"name\":\"Home\",\"item\":\"https:\/\/www.larnitech.com\/lt\/main\/\"},{\"@type\":\"ListItem\",\"position\":2,\"name\":\"Garantija\"}]},{\"@type\":\"WebSite\",\"@id\":\"https:\/\/www.larnitech.com\/#website\",\"url\":\"https:\/\/www.larnitech.com\/\",\"name\":\"Larnitech\",\"description\":\"\",\"publisher\":{\"@id\":\"https:\/\/www.larnitech.com\/#organization\"},\"potentialAction\":[{\"@type\":\"SearchAction\",\"target\":{\"@type\":\"EntryPoint\",\"urlTemplate\":\"https:\/\/www.larnitech.com\/?s={search_term_string}\"},\"query-input\":\"required name=search_term_string\"}],\"inLanguage\":\"lt-LT\"},{\"@type\":\"Organization\",\"@id\":\"https:\/\/www.larnitech.com\/#organization\",\"name\":\"Larnitech\",\"url\":\"https:\/\/www.larnitech.com\/\",\"logo\":{\"@type\":\"ImageObject\",\"inLanguage\":\"lt-LT\",\"@id\":\"https:\/\/www.larnitech.com\/#\/schema\/logo\/image\/\",\"url\":\"https:\/\/www.larnitech.com\/wp-content\/uploads\/2022\/01\/logo_white.png\",\"contentUrl\":\"https:\/\/www.larnitech.com\/wp-content\/uploads\/2022\/01\/logo_white.png\",\"width\":1262,\"height\":274,\"caption\":\"Larnitech\"},\"image\":{\"@id\":\"https:\/\/www.larnitech.com\/#\/schema\/logo\/image\/\"}}]}<\/script>\n<!-- \/ Yoast SEO Premium plugin. -->","yoast_head_json":{"title":"Garantija - Larnitech","robots":{"index":"index","follow":"follow","max-snippet":"max-snippet:-1","max-image-preview":"max-image-preview:large","max-video-preview":"max-video-preview:-1"},"og_locale":"lt_LT","og_type":"article","og_title":"Garantija","og_description":"Larnitech automatikos sistemos \u012franga yra pagaminta i\u0161 auk\u0161tos kokyb\u0117s pasaulyje \u017einom\u0173 prek\u0117s \u017eenkl\u0173 komponent\u0173, Be to, kiekviename gamybos etape \u012fdiegta daugiapakop\u0117 kokyb\u0117s kontrol\u0117s sistema, kuri leid\u017eia pasiekti auk\u0161t\u0105 m\u016bs\u0173 \u012frangos atsparum\u0105 gedimams. Visai m\u016bs\u0173 \u012frangos linijai suteikiame 2 met\u0173 garantij\u0105, technin\u0119 pagalb\u0105, garantin\u012f ir pogarantin\u012f aptarnavim\u0105.","og_url":"https:\/\/www.larnitech.com\/lt\/garantija\/","og_site_name":"Larnitech","twitter_card":"summary_large_image","schema":{"@context":"https:\/\/schema.org","@graph":[{"@type":"WebPage","@id":"https:\/\/www.larnitech.com\/lt\/garantija\/","url":"https:\/\/www.larnitech.com\/lt\/garantija\/","name":"Garantija - Larnitech","isPartOf":{"@id":"https:\/\/www.larnitech.com\/#website"},"datePublished":"2023-10-27T12:17:04+00:00","dateModified":"2023-10-27T12:17:04+00:00","breadcrumb":{"@id":"https:\/\/www.larnitech.com\/lt\/garantija\/#breadcrumb"},"inLanguage":"lt-LT","potentialAction":[{"@type":"ReadAction","target":["https:\/\/www.larnitech.com\/lt\/garantija\/"]}]},{"@type":"BreadcrumbList","@id":"https:\/\/www.larnitech.com\/lt\/garantija\/#breadcrumb","itemListElement":[{"@type":"ListItem","position":1,"name":"Home","item":"https:\/\/www.larnitech.com\/lt\/main\/"},{"@type":"ListItem","position":2,"name":"Garantija"}]},{"@type":"WebSite","@id":"https:\/\/www.larnitech.com\/#website","url":"https:\/\/www.larnitech.com\/","name":"Larnitech","description":"","publisher":{"@id":"https:\/\/www.larnitech.com\/#organization"},"potentialAction":[{"@type":"SearchAction","target":{"@type":"EntryPoint","urlTemplate":"https:\/\/www.larnitech.com\/?s={search_term_string}"},"query-input":"required name=search_term_string"}],"inLanguage":"lt-LT"},{"@type":"Organization","@id":"https:\/\/www.larnitech.com\/#organization","name":"Larnitech","url":"https:\/\/www.larnitech.com\/","logo":{"@type":"ImageObject","inLanguage":"lt-LT","@id":"https:\/\/www.larnitech.com\/#\/schema\/logo\/image\/","url":"https:\/\/www.larnitech.com\/wp-content\/uploads\/2022\/01\/logo_white.png","contentUrl":"https:\/\/www.larnitech.com\/wp-content\/uploads\/2022\/01\/logo_white.png","width":1262,"height":274,"caption":"Larnitech"},"image":{"@id":"https:\/\/www.larnitech.com\/#\/schema\/logo\/image\/"}}]}},"_links":{"self":[{"href":"https:\/\/www.larnitech.com\/lt\/wp-json\/wp\/v2\/pages\/10291","targetHints":{"allow":["GET"]}}],"collection":[{"href":"https:\/\/www.larnitech.com\/lt\/wp-json\/wp\/v2\/pages"}],"about":[{"href":"https:\/\/www.larnitech.com\/lt\/wp-json\/wp\/v2\/types\/page"}],"author":[{"embeddable":true,"href":"https:\/\/www.larnitech.com\/lt\/wp-json\/wp\/v2\/users\/5"}],"replies":[{"embeddable":true,"href":"https:\/\/www.larnitech.com\/lt\/wp-json\/wp\/v2\/comments?post=10291"}],"version-history":[{"count":1,"href":"https:\/\/www.larnitech.com\/lt\/wp-json\/wp\/v2\/pages\/10291\/revisions"}],"predecessor-version":[{"id":10293,"href":"https:\/\/www.larnitech.com\/lt\/wp-json\/wp\/v2\/pages\/10291\/revisions\/10293"}],"wp:attachment":[{"href":"https:\/\/www.larnitech.com\/lt\/wp-json\/wp\/v2\/media?parent=10291"}],"curies":[{"name":"wp","href":"https:\/\/api.w.org\/{rel}","templated":true}]}}