{"id":11015,"date":"2022-08-05T23:18:45","date_gmt":"2022-08-05T20:18:45","guid":{"rendered":"https:\/\/www.larnitech.com\/?post_type=product&#038;p=11015"},"modified":"2024-01-07T03:47:41","modified_gmt":"2024-01-07T01:47:41","slug":"dw-dm04","status":"publish","type":"product","link":"https:\/\/www.larnitech.com\/it\/product\/dw-dm04\/","title":{"rendered":"DW-DM04"},"content":{"rendered":"<p>Questo modulo \u00e8 progettato per la regolazione regolare della luminosit\u00e0 dei dispositivi di illuminazione (carico non reattivo). Il tipo di dimmer \u00e8 a MOSFET con regolazione del bordo d&#8217;uscita.<\/p>\n<p>Come tutti i dispositivi Larnitech, questo regolatore di luminosit\u00e0 viene rilevato e configurato automaticamente quando viene aggiunto al sistema. Un&#8217;unit\u00e0 logica interna permette di eseguire script dal grande database di Larnitech, costantemente aggiornato, e di operare su logica distribuita, garantendo l&#8217;affidabilit\u00e0 del funzionamento. Le impostazioni avanzate della luce LED consentono una configurazione pi\u00f9 precisa, mentre la modalit\u00e0 di avvio graduale prolunga la durata della lampada. Oltre a garantire la protezione in una serie di parametri.<\/p>\n","protected":false},"featured_media":7220,"template":"","meta":{"inline_featured_image":false,"footnotes":""},"products":[38],"class_list":["post-11015","product","type-product","status-publish","has-post-thumbnail","hentry","products-din-rail-actuators"],"acf":[],"yoast_head":"<!-- This site is optimized with the Yoast SEO Premium plugin v19.0.1 (Yoast SEO v19.12) - https:\/\/yoast.com\/wordpress\/plugins\/seo\/ -->\n<title>DW-DM04 - Larnitech<\/title>\n<meta name=\"robots\" content=\"index, follow, max-snippet:-1, max-image-preview:large, max-video-preview:-1\" \/>\n<meta property=\"og:locale\" content=\"it_IT\" \/>\n<meta property=\"og:type\" content=\"article\" \/>\n<meta property=\"og:title\" content=\"DW-DM04\" \/>\n<meta property=\"og:description\" content=\"Questo modulo \u00e8 progettato per la regolazione regolare della luminosit\u00e0 dei dispositivi di illuminazione (carico non reattivo). Il tipo di dimmer \u00e8 a MOSFET con regolazione del bordo d&#8217;uscita. Come tutti i dispositivi Larnitech, questo regolatore di luminosit\u00e0 viene rilevato e configurato automaticamente quando viene aggiunto al sistema. Un&#8217;unit\u00e0 logica interna permette di eseguire script...\" \/>\n<meta property=\"og:url\" content=\"https:\/\/www.larnitech.com\/it\/product\/dw-dm04\/\" \/>\n<meta property=\"og:site_name\" content=\"Larnitech\" \/>\n<meta property=\"article:modified_time\" content=\"2024-01-07T01:47:41+00:00\" \/>\n<meta property=\"og:image\" content=\"https:\/\/www.larnitech.com\/wp-content\/uploads\/2022\/08\/DW-DM04-1.png\" \/>\n\t<meta property=\"og:image:width\" content=\"1408\" \/>\n\t<meta property=\"og:image:height\" content=\"1408\" \/>\n\t<meta property=\"og:image:type\" content=\"image\/png\" \/>\n<meta name=\"twitter:card\" content=\"summary_large_image\" \/>\n<meta name=\"twitter:label1\" content=\"Tempo di lettura stimato\" \/>\n\t<meta name=\"twitter:data1\" content=\"1 minuto\" \/>\n<script type=\"application\/ld+json\" class=\"yoast-schema-graph\">{\"@context\":\"https:\/\/schema.org\",\"@graph\":[{\"@type\":\"WebPage\",\"@id\":\"https:\/\/www.larnitech.com\/it\/product\/dw-dm04\/\",\"url\":\"https:\/\/www.larnitech.com\/it\/product\/dw-dm04\/\",\"name\":\"DW-DM04 - Larnitech\",\"isPartOf\":{\"@id\":\"https:\/\/www.larnitech.com\/#website\"},\"datePublished\":\"2022-08-05T20:18:45+00:00\",\"dateModified\":\"2024-01-07T01:47:41+00:00\",\"breadcrumb\":{\"@id\":\"https:\/\/www.larnitech.com\/it\/product\/dw-dm04\/#breadcrumb\"},\"inLanguage\":\"it-IT\",\"potentialAction\":[{\"@type\":\"ReadAction\",\"target\":[\"https:\/\/www.larnitech.com\/it\/product\/dw-dm04\/\"]}]},{\"@type\":\"BreadcrumbList\",\"@id\":\"https:\/\/www.larnitech.com\/it\/product\/dw-dm04\/#breadcrumb\",\"itemListElement\":[{\"@type\":\"ListItem\",\"position\":1,\"name\":\"Home\",\"item\":\"https:\/\/www.larnitech.com\/it\/principale\/\"},{\"@type\":\"ListItem\",\"position\":2,\"name\":\"Products\",\"item\":\"https:\/\/www.larnitech.com\/ua\/product\/\"},{\"@type\":\"ListItem\",\"position\":3,\"name\":\"DW-DM04\"}]},{\"@type\":\"WebSite\",\"@id\":\"https:\/\/www.larnitech.com\/#website\",\"url\":\"https:\/\/www.larnitech.com\/\",\"name\":\"Larnitech\",\"description\":\"\",\"publisher\":{\"@id\":\"https:\/\/www.larnitech.com\/#organization\"},\"potentialAction\":[{\"@type\":\"SearchAction\",\"target\":{\"@type\":\"EntryPoint\",\"urlTemplate\":\"https:\/\/www.larnitech.com\/?s={search_term_string}\"},\"query-input\":\"required name=search_term_string\"}],\"inLanguage\":\"it-IT\"},{\"@type\":\"Organization\",\"@id\":\"https:\/\/www.larnitech.com\/#organization\",\"name\":\"Larnitech\",\"url\":\"https:\/\/www.larnitech.com\/\",\"logo\":{\"@type\":\"ImageObject\",\"inLanguage\":\"it-IT\",\"@id\":\"https:\/\/www.larnitech.com\/#\/schema\/logo\/image\/\",\"url\":\"https:\/\/www.larnitech.com\/wp-content\/uploads\/2022\/01\/logo_white.png\",\"contentUrl\":\"https:\/\/www.larnitech.com\/wp-content\/uploads\/2022\/01\/logo_white.png\",\"width\":1262,\"height\":274,\"caption\":\"Larnitech\"},\"image\":{\"@id\":\"https:\/\/www.larnitech.com\/#\/schema\/logo\/image\/\"}}]}<\/script>\n<!-- \/ Yoast SEO Premium plugin. -->","yoast_head_json":{"title":"DW-DM04 - Larnitech","robots":{"index":"index","follow":"follow","max-snippet":"max-snippet:-1","max-image-preview":"max-image-preview:large","max-video-preview":"max-video-preview:-1"},"og_locale":"it_IT","og_type":"article","og_title":"DW-DM04","og_description":"Questo modulo \u00e8 progettato per la regolazione regolare della luminosit\u00e0 dei dispositivi di illuminazione (carico non reattivo). Il tipo di dimmer \u00e8 a MOSFET con regolazione del bordo d&#8217;uscita. Come tutti i dispositivi Larnitech, questo regolatore di luminosit\u00e0 viene rilevato e configurato automaticamente quando viene aggiunto al sistema. Un&#8217;unit\u00e0 logica interna permette di eseguire script...","og_url":"https:\/\/www.larnitech.com\/it\/product\/dw-dm04\/","og_site_name":"Larnitech","article_modified_time":"2024-01-07T01:47:41+00:00","og_image":[{"width":1408,"height":1408,"url":"https:\/\/www.larnitech.com\/wp-content\/uploads\/2022\/08\/DW-DM04-1.png","type":"image\/png"}],"twitter_card":"summary_large_image","twitter_misc":{"Tempo di lettura stimato":"1 minuto"},"schema":{"@context":"https:\/\/schema.org","@graph":[{"@type":"WebPage","@id":"https:\/\/www.larnitech.com\/it\/product\/dw-dm04\/","url":"https:\/\/www.larnitech.com\/it\/product\/dw-dm04\/","name":"DW-DM04 - Larnitech","isPartOf":{"@id":"https:\/\/www.larnitech.com\/#website"},"datePublished":"2022-08-05T20:18:45+00:00","dateModified":"2024-01-07T01:47:41+00:00","breadcrumb":{"@id":"https:\/\/www.larnitech.com\/it\/product\/dw-dm04\/#breadcrumb"},"inLanguage":"it-IT","potentialAction":[{"@type":"ReadAction","target":["https:\/\/www.larnitech.com\/it\/product\/dw-dm04\/"]}]},{"@type":"BreadcrumbList","@id":"https:\/\/www.larnitech.com\/it\/product\/dw-dm04\/#breadcrumb","itemListElement":[{"@type":"ListItem","position":1,"name":"Home","item":"https:\/\/www.larnitech.com\/it\/principale\/"},{"@type":"ListItem","position":2,"name":"Products","item":"https:\/\/www.larnitech.com\/ua\/product\/"},{"@type":"ListItem","position":3,"name":"DW-DM04"}]},{"@type":"WebSite","@id":"https:\/\/www.larnitech.com\/#website","url":"https:\/\/www.larnitech.com\/","name":"Larnitech","description":"","publisher":{"@id":"https:\/\/www.larnitech.com\/#organization"},"potentialAction":[{"@type":"SearchAction","target":{"@type":"EntryPoint","urlTemplate":"https:\/\/www.larnitech.com\/?s={search_term_string}"},"query-input":"required name=search_term_string"}],"inLanguage":"it-IT"},{"@type":"Organization","@id":"https:\/\/www.larnitech.com\/#organization","name":"Larnitech","url":"https:\/\/www.larnitech.com\/","logo":{"@type":"ImageObject","inLanguage":"it-IT","@id":"https:\/\/www.larnitech.com\/#\/schema\/logo\/image\/","url":"https:\/\/www.larnitech.com\/wp-content\/uploads\/2022\/01\/logo_white.png","contentUrl":"https:\/\/www.larnitech.com\/wp-content\/uploads\/2022\/01\/logo_white.png","width":1262,"height":274,"caption":"Larnitech"},"image":{"@id":"https:\/\/www.larnitech.com\/#\/schema\/logo\/image\/"}}]}},"_links":{"self":[{"href":"https:\/\/www.larnitech.com\/it\/wp-json\/wp\/v2\/product\/11015","targetHints":{"allow":["GET"]}}],"collection":[{"href":"https:\/\/www.larnitech.com\/it\/wp-json\/wp\/v2\/product"}],"about":[{"href":"https:\/\/www.larnitech.com\/it\/wp-json\/wp\/v2\/types\/product"}],"version-history":[{"count":5,"href":"https:\/\/www.larnitech.com\/it\/wp-json\/wp\/v2\/product\/11015\/revisions"}],"predecessor-version":[{"id":12393,"href":"https:\/\/www.larnitech.com\/it\/wp-json\/wp\/v2\/product\/11015\/revisions\/12393"}],"wp:featuredmedia":[{"embeddable":true,"href":"https:\/\/www.larnitech.com\/it\/wp-json\/wp\/v2\/media\/7220"}],"wp:attachment":[{"href":"https:\/\/www.larnitech.com\/it\/wp-json\/wp\/v2\/media?parent=11015"}],"wp:term":[{"taxonomy":"products","embeddable":true,"href":"https:\/\/www.larnitech.com\/it\/wp-json\/wp\/v2\/products?post=11015"}],"curies":[{"name":"wp","href":"https:\/\/api.w.org\/{rel}","templated":true}]}}