{"id":11011,"date":"2022-08-05T22:59:11","date_gmt":"2022-08-05T19:59:11","guid":{"rendered":"https:\/\/www.larnitech.com\/?post_type=product&#038;p=11011"},"modified":"2024-01-07T12:40:10","modified_gmt":"2024-01-07T10:40:10","slug":"dw-lc07","status":"publish","type":"product","link":"https:\/\/www.larnitech.com\/it\/product\/dw-lc07\/","title":{"rendered":"DW-LC07"},"content":{"rendered":"<p>Questo modulo \u00e8 progettato per la commutazione di circuiti CA\/CC ad alta potenza.<br \/>\nUtilizzato per luci, prese di corrente e altri dispositivi elettrici.<\/p>\n<p>Questa unit\u00e0 universale \u00e8 in grado di controllare luci, vari tipi di valvole, tapparelle, cancelli, serrature e ventilconvettori, ecc. Il rel\u00e8 \u00e8 a bassa rumorosit\u00e0 ed \u00e8 dotato di contatti speciali ad alte prestazioni con corrente di spunto di 120A 20ms. Come tutti i dispositivi Larnitech, questa centralina viene rilevata e configurata automaticamente quando viene aggiunta al sistema. DW-LC contiene un&#8217;unit\u00e0 logica che consente di eseguire script dal grande database di Larnitech, costantemente aggiornato, e di operare su logica distribuita, garantendo l&#8217;affidabilit\u00e0 del funzionamento.<\/p>\n","protected":false},"featured_media":7206,"template":"","meta":{"inline_featured_image":false,"footnotes":""},"products":[38],"class_list":["post-11011","product","type-product","status-publish","has-post-thumbnail","hentry","products-din-rail-actuators"],"acf":[],"yoast_head":"<!-- This site is optimized with the Yoast SEO Premium plugin v19.0.1 (Yoast SEO v19.12) - https:\/\/yoast.com\/wordpress\/plugins\/seo\/ -->\n<title>DW-LC07 - Larnitech<\/title>\n<meta name=\"robots\" content=\"index, follow, max-snippet:-1, max-image-preview:large, max-video-preview:-1\" \/>\n<meta property=\"og:locale\" content=\"it_IT\" \/>\n<meta property=\"og:type\" content=\"article\" \/>\n<meta property=\"og:title\" content=\"DW-LC07\" \/>\n<meta property=\"og:description\" content=\"Questo modulo \u00e8 progettato per la commutazione di circuiti CA\/CC ad alta potenza. Utilizzato per luci, prese di corrente e altri dispositivi elettrici. Questa unit\u00e0 universale \u00e8 in grado di controllare luci, vari tipi di valvole, tapparelle, cancelli, serrature e ventilconvettori, ecc. Il rel\u00e8 \u00e8 a bassa rumorosit\u00e0 ed \u00e8 dotato di contatti speciali ad...\" \/>\n<meta property=\"og:url\" content=\"https:\/\/www.larnitech.com\/it\/product\/dw-lc07\/\" \/>\n<meta property=\"og:site_name\" content=\"Larnitech\" \/>\n<meta property=\"article:modified_time\" content=\"2024-01-07T10:40:10+00:00\" \/>\n<meta property=\"og:image\" content=\"https:\/\/www.larnitech.com\/wp-content\/uploads\/2022\/08\/DW-LC07.png\" \/>\n\t<meta property=\"og:image:width\" content=\"800\" \/>\n\t<meta property=\"og:image:height\" content=\"800\" \/>\n\t<meta property=\"og:image:type\" content=\"image\/png\" \/>\n<meta name=\"twitter:card\" content=\"summary_large_image\" \/>\n<meta name=\"twitter:label1\" content=\"Tempo di lettura stimato\" \/>\n\t<meta name=\"twitter:data1\" content=\"1 minuto\" \/>\n<script type=\"application\/ld+json\" class=\"yoast-schema-graph\">{\"@context\":\"https:\/\/schema.org\",\"@graph\":[{\"@type\":\"WebPage\",\"@id\":\"https:\/\/www.larnitech.com\/it\/product\/dw-lc07\/\",\"url\":\"https:\/\/www.larnitech.com\/it\/product\/dw-lc07\/\",\"name\":\"DW-LC07 - Larnitech\",\"isPartOf\":{\"@id\":\"https:\/\/www.larnitech.com\/#website\"},\"datePublished\":\"2022-08-05T19:59:11+00:00\",\"dateModified\":\"2024-01-07T10:40:10+00:00\",\"breadcrumb\":{\"@id\":\"https:\/\/www.larnitech.com\/it\/product\/dw-lc07\/#breadcrumb\"},\"inLanguage\":\"it-IT\",\"potentialAction\":[{\"@type\":\"ReadAction\",\"target\":[\"https:\/\/www.larnitech.com\/it\/product\/dw-lc07\/\"]}]},{\"@type\":\"BreadcrumbList\",\"@id\":\"https:\/\/www.larnitech.com\/it\/product\/dw-lc07\/#breadcrumb\",\"itemListElement\":[{\"@type\":\"ListItem\",\"position\":1,\"name\":\"Home\",\"item\":\"https:\/\/www.larnitech.com\/it\/principale\/\"},{\"@type\":\"ListItem\",\"position\":2,\"name\":\"Products\",\"item\":\"https:\/\/www.larnitech.com\/ua\/product\/\"},{\"@type\":\"ListItem\",\"position\":3,\"name\":\"DW-LC07\"}]},{\"@type\":\"WebSite\",\"@id\":\"https:\/\/www.larnitech.com\/#website\",\"url\":\"https:\/\/www.larnitech.com\/\",\"name\":\"Larnitech\",\"description\":\"\",\"publisher\":{\"@id\":\"https:\/\/www.larnitech.com\/#organization\"},\"potentialAction\":[{\"@type\":\"SearchAction\",\"target\":{\"@type\":\"EntryPoint\",\"urlTemplate\":\"https:\/\/www.larnitech.com\/?s={search_term_string}\"},\"query-input\":\"required name=search_term_string\"}],\"inLanguage\":\"it-IT\"},{\"@type\":\"Organization\",\"@id\":\"https:\/\/www.larnitech.com\/#organization\",\"name\":\"Larnitech\",\"url\":\"https:\/\/www.larnitech.com\/\",\"logo\":{\"@type\":\"ImageObject\",\"inLanguage\":\"it-IT\",\"@id\":\"https:\/\/www.larnitech.com\/#\/schema\/logo\/image\/\",\"url\":\"https:\/\/www.larnitech.com\/wp-content\/uploads\/2022\/01\/logo_white.png\",\"contentUrl\":\"https:\/\/www.larnitech.com\/wp-content\/uploads\/2022\/01\/logo_white.png\",\"width\":1262,\"height\":274,\"caption\":\"Larnitech\"},\"image\":{\"@id\":\"https:\/\/www.larnitech.com\/#\/schema\/logo\/image\/\"}}]}<\/script>\n<!-- \/ Yoast SEO Premium plugin. -->","yoast_head_json":{"title":"DW-LC07 - Larnitech","robots":{"index":"index","follow":"follow","max-snippet":"max-snippet:-1","max-image-preview":"max-image-preview:large","max-video-preview":"max-video-preview:-1"},"og_locale":"it_IT","og_type":"article","og_title":"DW-LC07","og_description":"Questo modulo \u00e8 progettato per la commutazione di circuiti CA\/CC ad alta potenza. Utilizzato per luci, prese di corrente e altri dispositivi elettrici. Questa unit\u00e0 universale \u00e8 in grado di controllare luci, vari tipi di valvole, tapparelle, cancelli, serrature e ventilconvettori, ecc. Il rel\u00e8 \u00e8 a bassa rumorosit\u00e0 ed \u00e8 dotato di contatti speciali ad...","og_url":"https:\/\/www.larnitech.com\/it\/product\/dw-lc07\/","og_site_name":"Larnitech","article_modified_time":"2024-01-07T10:40:10+00:00","og_image":[{"width":800,"height":800,"url":"https:\/\/www.larnitech.com\/wp-content\/uploads\/2022\/08\/DW-LC07.png","type":"image\/png"}],"twitter_card":"summary_large_image","twitter_misc":{"Tempo di lettura stimato":"1 minuto"},"schema":{"@context":"https:\/\/schema.org","@graph":[{"@type":"WebPage","@id":"https:\/\/www.larnitech.com\/it\/product\/dw-lc07\/","url":"https:\/\/www.larnitech.com\/it\/product\/dw-lc07\/","name":"DW-LC07 - Larnitech","isPartOf":{"@id":"https:\/\/www.larnitech.com\/#website"},"datePublished":"2022-08-05T19:59:11+00:00","dateModified":"2024-01-07T10:40:10+00:00","breadcrumb":{"@id":"https:\/\/www.larnitech.com\/it\/product\/dw-lc07\/#breadcrumb"},"inLanguage":"it-IT","potentialAction":[{"@type":"ReadAction","target":["https:\/\/www.larnitech.com\/it\/product\/dw-lc07\/"]}]},{"@type":"BreadcrumbList","@id":"https:\/\/www.larnitech.com\/it\/product\/dw-lc07\/#breadcrumb","itemListElement":[{"@type":"ListItem","position":1,"name":"Home","item":"https:\/\/www.larnitech.com\/it\/principale\/"},{"@type":"ListItem","position":2,"name":"Products","item":"https:\/\/www.larnitech.com\/ua\/product\/"},{"@type":"ListItem","position":3,"name":"DW-LC07"}]},{"@type":"WebSite","@id":"https:\/\/www.larnitech.com\/#website","url":"https:\/\/www.larnitech.com\/","name":"Larnitech","description":"","publisher":{"@id":"https:\/\/www.larnitech.com\/#organization"},"potentialAction":[{"@type":"SearchAction","target":{"@type":"EntryPoint","urlTemplate":"https:\/\/www.larnitech.com\/?s={search_term_string}"},"query-input":"required name=search_term_string"}],"inLanguage":"it-IT"},{"@type":"Organization","@id":"https:\/\/www.larnitech.com\/#organization","name":"Larnitech","url":"https:\/\/www.larnitech.com\/","logo":{"@type":"ImageObject","inLanguage":"it-IT","@id":"https:\/\/www.larnitech.com\/#\/schema\/logo\/image\/","url":"https:\/\/www.larnitech.com\/wp-content\/uploads\/2022\/01\/logo_white.png","contentUrl":"https:\/\/www.larnitech.com\/wp-content\/uploads\/2022\/01\/logo_white.png","width":1262,"height":274,"caption":"Larnitech"},"image":{"@id":"https:\/\/www.larnitech.com\/#\/schema\/logo\/image\/"}}]}},"_links":{"self":[{"href":"https:\/\/www.larnitech.com\/it\/wp-json\/wp\/v2\/product\/11011","targetHints":{"allow":["GET"]}}],"collection":[{"href":"https:\/\/www.larnitech.com\/it\/wp-json\/wp\/v2\/product"}],"about":[{"href":"https:\/\/www.larnitech.com\/it\/wp-json\/wp\/v2\/types\/product"}],"version-history":[{"count":5,"href":"https:\/\/www.larnitech.com\/it\/wp-json\/wp\/v2\/product\/11011\/revisions"}],"predecessor-version":[{"id":12409,"href":"https:\/\/www.larnitech.com\/it\/wp-json\/wp\/v2\/product\/11011\/revisions\/12409"}],"wp:featuredmedia":[{"embeddable":true,"href":"https:\/\/www.larnitech.com\/it\/wp-json\/wp\/v2\/media\/7206"}],"wp:attachment":[{"href":"https:\/\/www.larnitech.com\/it\/wp-json\/wp\/v2\/media?parent=11011"}],"wp:term":[{"taxonomy":"products","embeddable":true,"href":"https:\/\/www.larnitech.com\/it\/wp-json\/wp\/v2\/products?post=11011"}],"curies":[{"name":"wp","href":"https:\/\/api.w.org\/{rel}","templated":true}]}}