{"id":11005,"date":"2022-08-05T17:38:53","date_gmt":"2022-08-05T14:38:53","guid":{"rendered":"https:\/\/www.larnitech.com\/?post_type=product&#038;p=11005"},"modified":"2024-01-07T14:16:49","modified_gmt":"2024-01-07T12:16:49","slug":"metaforsa2-cloud","status":"publish","type":"product","link":"https:\/\/www.larnitech.com\/it\/product\/metaforsa2-cloud\/","title":{"rendered":"METAFORSA2.CLOUD"},"content":{"rendered":"<p>METAFORSA SMART HOUSE \u00e8 una soluzione pronta per l&#8217;automazione di locali residenziali e commerciali, complessi alberghieri, che include le caratteristiche pi\u00f9 desiderate della Smart House.<\/p>\n<p>Il dispositivo dispone di 10 canali di controllo, 4 canali di regolazione, 24 canali di sensori in ingresso e una porta di connessione per sensori digitali.<\/p>\n<p>Metaforsa pu\u00f2 essere controllato via cloud con un segnale crittografato in modo sicuro. La cronologia del sistema di tutti gli altri dispositivi e sensori viene memorizzata sul dispositivo per un anno. La sua funzione plug and play significa che rileva e configura automaticamente i nuovi dispositivi Larnitech che vengono aggiunti al sistema. Un database ampio e costantemente aggiornato di script gi\u00e0 pronti assicura che la vostra casa sia in grado di soddisfare le vostre richieste pi\u00f9 complesse. Questa unit\u00e0 universale \u00e8 in grado di controllare luci, vari tipi di valvole, tapparelle, cancelli, serrature e ventilconvettori (vedi elenco completo sotto). Per far funzionare le cose, basta dire alla casa cosa fare con l&#8217;aiuto di Siri, Alexa o Google Home. Riceverete notifiche push sul vostro telefono ogni volta che il sistema ha qualcosa da dirvi e potrete avere il massimo controllo a portata di mano. Il kit Metaforsa \u00e8 pronto per essere installato e servire le vostre esigenze non appena lo tirate fuori dalla scatola!<\/p>\n","protected":false},"featured_media":7185,"template":"","meta":{"inline_featured_image":false,"footnotes":""},"products":[37,49],"class_list":["post-11005","product","type-product","status-publish","has-post-thumbnail","hentry","products-din-rail-gateways","products-metaforsa-series"],"acf":[],"yoast_head":"<!-- This site is optimized with the Yoast SEO Premium plugin v19.0.1 (Yoast SEO v19.12) - https:\/\/yoast.com\/wordpress\/plugins\/seo\/ -->\n<title>METAFORSA2.CLOUD - Larnitech<\/title>\n<meta name=\"robots\" content=\"index, follow, max-snippet:-1, max-image-preview:large, max-video-preview:-1\" \/>\n<meta property=\"og:locale\" content=\"it_IT\" \/>\n<meta property=\"og:type\" content=\"article\" \/>\n<meta property=\"og:title\" content=\"METAFORSA2.CLOUD\" \/>\n<meta property=\"og:description\" content=\"METAFORSA SMART HOUSE \u00e8 una soluzione pronta per l&#8217;automazione di locali residenziali e commerciali, complessi alberghieri, che include le caratteristiche pi\u00f9 desiderate della Smart House. Il dispositivo dispone di 10 canali di controllo, 4 canali di regolazione, 24 canali di sensori in ingresso e una porta di connessione per sensori digitali. Metaforsa pu\u00f2 essere controllato...\" \/>\n<meta property=\"og:url\" content=\"https:\/\/www.larnitech.com\/it\/product\/metaforsa2-cloud\/\" \/>\n<meta property=\"og:site_name\" content=\"Larnitech\" \/>\n<meta property=\"article:modified_time\" content=\"2024-01-07T12:16:49+00:00\" \/>\n<meta property=\"og:image\" content=\"https:\/\/www.larnitech.com\/wp-content\/uploads\/2022\/08\/MFC.png\" \/>\n\t<meta property=\"og:image:width\" content=\"1556\" \/>\n\t<meta property=\"og:image:height\" content=\"1556\" \/>\n\t<meta property=\"og:image:type\" content=\"image\/png\" \/>\n<meta name=\"twitter:card\" content=\"summary_large_image\" \/>\n<meta name=\"twitter:label1\" content=\"Tempo di lettura stimato\" \/>\n\t<meta name=\"twitter:data1\" content=\"2 minuti\" \/>\n<script type=\"application\/ld+json\" class=\"yoast-schema-graph\">{\"@context\":\"https:\/\/schema.org\",\"@graph\":[{\"@type\":\"WebPage\",\"@id\":\"https:\/\/www.larnitech.com\/it\/product\/metaforsa2-cloud\/\",\"url\":\"https:\/\/www.larnitech.com\/it\/product\/metaforsa2-cloud\/\",\"name\":\"METAFORSA2.CLOUD - Larnitech\",\"isPartOf\":{\"@id\":\"https:\/\/www.larnitech.com\/#website\"},\"datePublished\":\"2022-08-05T14:38:53+00:00\",\"dateModified\":\"2024-01-07T12:16:49+00:00\",\"breadcrumb\":{\"@id\":\"https:\/\/www.larnitech.com\/it\/product\/metaforsa2-cloud\/#breadcrumb\"},\"inLanguage\":\"it-IT\",\"potentialAction\":[{\"@type\":\"ReadAction\",\"target\":[\"https:\/\/www.larnitech.com\/it\/product\/metaforsa2-cloud\/\"]}]},{\"@type\":\"BreadcrumbList\",\"@id\":\"https:\/\/www.larnitech.com\/it\/product\/metaforsa2-cloud\/#breadcrumb\",\"itemListElement\":[{\"@type\":\"ListItem\",\"position\":1,\"name\":\"Home\",\"item\":\"https:\/\/www.larnitech.com\/it\/principale\/\"},{\"@type\":\"ListItem\",\"position\":2,\"name\":\"Products\",\"item\":\"https:\/\/www.larnitech.com\/ua\/product\/\"},{\"@type\":\"ListItem\",\"position\":3,\"name\":\"METAFORSA2.CLOUD\"}]},{\"@type\":\"WebSite\",\"@id\":\"https:\/\/www.larnitech.com\/#website\",\"url\":\"https:\/\/www.larnitech.com\/\",\"name\":\"Larnitech\",\"description\":\"\",\"publisher\":{\"@id\":\"https:\/\/www.larnitech.com\/#organization\"},\"potentialAction\":[{\"@type\":\"SearchAction\",\"target\":{\"@type\":\"EntryPoint\",\"urlTemplate\":\"https:\/\/www.larnitech.com\/?s={search_term_string}\"},\"query-input\":\"required name=search_term_string\"}],\"inLanguage\":\"it-IT\"},{\"@type\":\"Organization\",\"@id\":\"https:\/\/www.larnitech.com\/#organization\",\"name\":\"Larnitech\",\"url\":\"https:\/\/www.larnitech.com\/\",\"logo\":{\"@type\":\"ImageObject\",\"inLanguage\":\"it-IT\",\"@id\":\"https:\/\/www.larnitech.com\/#\/schema\/logo\/image\/\",\"url\":\"https:\/\/www.larnitech.com\/wp-content\/uploads\/2022\/01\/logo_white.png\",\"contentUrl\":\"https:\/\/www.larnitech.com\/wp-content\/uploads\/2022\/01\/logo_white.png\",\"width\":1262,\"height\":274,\"caption\":\"Larnitech\"},\"image\":{\"@id\":\"https:\/\/www.larnitech.com\/#\/schema\/logo\/image\/\"}}]}<\/script>\n<!-- \/ Yoast SEO Premium plugin. -->","yoast_head_json":{"title":"METAFORSA2.CLOUD - Larnitech","robots":{"index":"index","follow":"follow","max-snippet":"max-snippet:-1","max-image-preview":"max-image-preview:large","max-video-preview":"max-video-preview:-1"},"og_locale":"it_IT","og_type":"article","og_title":"METAFORSA2.CLOUD","og_description":"METAFORSA SMART HOUSE \u00e8 una soluzione pronta per l&#8217;automazione di locali residenziali e commerciali, complessi alberghieri, che include le caratteristiche pi\u00f9 desiderate della Smart House. Il dispositivo dispone di 10 canali di controllo, 4 canali di regolazione, 24 canali di sensori in ingresso e una porta di connessione per sensori digitali. Metaforsa pu\u00f2 essere controllato...","og_url":"https:\/\/www.larnitech.com\/it\/product\/metaforsa2-cloud\/","og_site_name":"Larnitech","article_modified_time":"2024-01-07T12:16:49+00:00","og_image":[{"width":1556,"height":1556,"url":"https:\/\/www.larnitech.com\/wp-content\/uploads\/2022\/08\/MFC.png","type":"image\/png"}],"twitter_card":"summary_large_image","twitter_misc":{"Tempo di lettura stimato":"2 minuti"},"schema":{"@context":"https:\/\/schema.org","@graph":[{"@type":"WebPage","@id":"https:\/\/www.larnitech.com\/it\/product\/metaforsa2-cloud\/","url":"https:\/\/www.larnitech.com\/it\/product\/metaforsa2-cloud\/","name":"METAFORSA2.CLOUD - Larnitech","isPartOf":{"@id":"https:\/\/www.larnitech.com\/#website"},"datePublished":"2022-08-05T14:38:53+00:00","dateModified":"2024-01-07T12:16:49+00:00","breadcrumb":{"@id":"https:\/\/www.larnitech.com\/it\/product\/metaforsa2-cloud\/#breadcrumb"},"inLanguage":"it-IT","potentialAction":[{"@type":"ReadAction","target":["https:\/\/www.larnitech.com\/it\/product\/metaforsa2-cloud\/"]}]},{"@type":"BreadcrumbList","@id":"https:\/\/www.larnitech.com\/it\/product\/metaforsa2-cloud\/#breadcrumb","itemListElement":[{"@type":"ListItem","position":1,"name":"Home","item":"https:\/\/www.larnitech.com\/it\/principale\/"},{"@type":"ListItem","position":2,"name":"Products","item":"https:\/\/www.larnitech.com\/ua\/product\/"},{"@type":"ListItem","position":3,"name":"METAFORSA2.CLOUD"}]},{"@type":"WebSite","@id":"https:\/\/www.larnitech.com\/#website","url":"https:\/\/www.larnitech.com\/","name":"Larnitech","description":"","publisher":{"@id":"https:\/\/www.larnitech.com\/#organization"},"potentialAction":[{"@type":"SearchAction","target":{"@type":"EntryPoint","urlTemplate":"https:\/\/www.larnitech.com\/?s={search_term_string}"},"query-input":"required name=search_term_string"}],"inLanguage":"it-IT"},{"@type":"Organization","@id":"https:\/\/www.larnitech.com\/#organization","name":"Larnitech","url":"https:\/\/www.larnitech.com\/","logo":{"@type":"ImageObject","inLanguage":"it-IT","@id":"https:\/\/www.larnitech.com\/#\/schema\/logo\/image\/","url":"https:\/\/www.larnitech.com\/wp-content\/uploads\/2022\/01\/logo_white.png","contentUrl":"https:\/\/www.larnitech.com\/wp-content\/uploads\/2022\/01\/logo_white.png","width":1262,"height":274,"caption":"Larnitech"},"image":{"@id":"https:\/\/www.larnitech.com\/#\/schema\/logo\/image\/"}}]}},"_links":{"self":[{"href":"https:\/\/www.larnitech.com\/it\/wp-json\/wp\/v2\/product\/11005","targetHints":{"allow":["GET"]}}],"collection":[{"href":"https:\/\/www.larnitech.com\/it\/wp-json\/wp\/v2\/product"}],"about":[{"href":"https:\/\/www.larnitech.com\/it\/wp-json\/wp\/v2\/types\/product"}],"version-history":[{"count":5,"href":"https:\/\/www.larnitech.com\/it\/wp-json\/wp\/v2\/product\/11005\/revisions"}],"predecessor-version":[{"id":12432,"href":"https:\/\/www.larnitech.com\/it\/wp-json\/wp\/v2\/product\/11005\/revisions\/12432"}],"wp:featuredmedia":[{"embeddable":true,"href":"https:\/\/www.larnitech.com\/it\/wp-json\/wp\/v2\/media\/7185"}],"wp:attachment":[{"href":"https:\/\/www.larnitech.com\/it\/wp-json\/wp\/v2\/media?parent=11005"}],"wp:term":[{"taxonomy":"products","embeddable":true,"href":"https:\/\/www.larnitech.com\/it\/wp-json\/wp\/v2\/products?post=11005"}],"curies":[{"name":"wp","href":"https:\/\/api.w.org\/{rel}","templated":true}]}}