{"id":10828,"date":"2022-06-23T16:13:03","date_gmt":"2022-06-23T13:13:03","guid":{"rendered":"https:\/\/www.larnitech.com\/?page_id=10828"},"modified":"2024-01-22T13:52:23","modified_gmt":"2024-01-22T11:52:23","slug":"smart-home","status":"publish","type":"page","link":"https:\/\/www.larnitech.com\/it\/smart-home\/","title":{"rendered":"Smart Home"},"content":{"rendered":"<h2>Larnitech &#8211; moderni dispositivi per smart home<\/h2>\n<p>Che cos&#8217;\u00e8 una moderna Smart home? Perch\u00e9 questi sistemi sono passati dalla categoria degli inaccessibili e dell&#8217;\u00e9lite al &#8220;must have&#8221; per ogni persona che apprezza il comfort, l&#8217;affidabilit\u00e0 e la sicurezza?<\/p>\n<p>La Smart Home \u00e8 un sistema per il monitoraggio e la gestione delle funzionalit\u00e0 della casa, che sta entrando attivamente nella nostra vita. Rende la vita molto pi\u00f9 semplice, affidando all&#8217;elettronica tutte le preoccupazioni relative alla casa e alla sua sicurezza.<\/p>\n<p>Cosa sono i dispositivi per una smart home? Si tratta di sensori antincendio, di fumo, di anidride carbonica, di perdite, ma anche di sensori di movimento, di apertura di porte e finestre, di telecamere di videosorveglianza e di una tecnologia di comunicazione per porte intelligenti. Funzionano automaticamente o in base a situazioni predefinite, sia integrati l&#8217;uno nell&#8217;altro che separatamente.<\/p>\n<p>Questi sistemi controllano la temperatura, l&#8217;illuminazione, il riscaldamento e la ventilazione. Sotto il controllo di una smart home si trovano anche tutti i contatori elettrici, i sistemi multimediali domestici e gli elettrodomestici (lavatrici, stufe, frigoriferi, ecc.).<\/p>\n<p>Puoi lasciare la tua casa sotto la protezione affidabile di una smart home: in caso di intrusione, segni di allagamento o fumo, i nostri sensori di piccole dimensioni invieranno un allarme al tuo telefono e a una societ\u00e0 di servizi.<\/p>\n<h2>Cosa sono i sistemi per le smart home?<\/h2>\n<p>La variet\u00e0 di sistemi per le smart home \u00e8 notevole: cablati, wireless, centralizzati, decentralizzati, ibridi, internet delle cose.<\/p>\n<p>Vediamo le principali differenze tra un sistema cablato e uno wireless. Le funzionalit\u00e0 dei sistemi wireless sono molto inferiori rispetto a quelle dei sistemi cablati. Inoltre, i sistemi wireless sono piuttosto inaffidabili nel loro lavoro e nel momento pi\u00f9 cruciale possono facilmente fallire.<\/p>\n<p>Il sistema cablato consente di inserire un&#8217;idea ingegneristica nel progetto, mentre il sistema wireless deve essere adattato a quello esistente. La velocit\u00e0 di trasferimento dei dati in un sistema cablato \u00e8 diverse volte superiore a quella di un sistema wireless.<\/p>\n<p>Un sistema cablato consente di creare copie di backup del sistema. Con queste copie \u00e8 sempre possibile ripristinare la versione precedente in caso di guasto, senza dover impostare tutto da zero.<\/p>\n<p>Un enorme vantaggio di un sistema cablato \u00e8 che se Internet smette di funzionare, il sistema continuer\u00e0 a funzionare, a differenza di quello wireless.<\/p>\n<p>Grazie al fatto che la maggior parte dei sensori pu\u00f2 essere &#8220;nascosta&#8221; nelle pareti della casa, un sistema cablato si nota meno e non rovina affatto il design.<\/p>\n<p>Pertanto, i principali vantaggi di un sistema cablato rispetto a uno wireless sono<span style=\"font-size: 1rem;\">:<\/span><\/p>\n<ul>\n<li>Affidabilit\u00e0<\/li>\n<li>Stabilit\u00e0 nel lavoro<\/li>\n<li>Fattore di forma<\/li>\n<li>Logica interna<\/li>\n<li>Velocit\u00e0 di trasmissione<\/li>\n<li>Ecosistema singolo<\/li>\n<\/ul>\n<h3>Chi pu\u00f2 essere interessato a un sistema Smart Home<\/h3>\n<p>I potenziali acquirenti di sistemi per le smart home sono persone che intendono effettuare lavori di ristrutturazione in un&#8217;abitazione esistente o acquistare un nuovo appartamento o costruire una casa. Di solito queste persone sono attivamente interessate alle nuove tecnologie e prestano particolare attenzione al comfort e al design.<\/p>\n<p>Il comfort e la sicurezza assoluta in casa sono fondamentali per loro. Queste persone non vogliono dedicare il proprio tempo ad azioni che possono essere delegate ad una smart home. Vogliono essere sempre all&#8217;avanguardia e tenersi al passo con i tempi.<\/p>\n<p>Potenziali clienti possono essere anche:<\/p>\n<ul>\n<li>sviluppatori<\/li>\n<li>progettisti<\/li>\n<li>architetti<\/li>\n<li>proprietari di ristoranti, cliniche, uffici.<\/li>\n<\/ul>\n<p>Automatizzando i locali, ottimizzano la loro attivit\u00e0 e aumentano la profittabilit\u00e0. Queste persone apprezzano il risparmio di risorse, il controllo dei costi e l&#8217;ottimizzazione della gestione.<\/p>\n<h3>Installazione di un sistema Smart Home<\/h3>\n<p>Il sistema deve essere installato in fase di costruzione, poich\u00e9 il suo affidabile funzionamento richiede l&#8217;installazione di cavi nelle pareti o nel pavimento. Inizialmente \u00e8 possibile impostare il sistema per le funzioni di base (illuminazione, clima, perdite, sicurezza) e in seguito le funzionalit\u00e0 possono essere migliorate e ampliate.<\/p>\n<p>\u00c8 importante capire che solo i professionisti dovrebbero occuparsi dell&#8217;installazione del sistema. Ci sono molte sfumature che a volte sono difficili da capire anche per un elettricista qualificato ma che non ha l&#8217;esperienza necessaria.<\/p>\n<p>Il tentativo di installare il sistema da soli o con il coinvolgimento di specialisti non certificati pu\u00f2 portare al malfunzionamento dell&#8217;intero sistema<span style=\"font-size: 1rem;\">.<\/span><\/p>\n<p>Prima di ordinare e installare il sistema, \u00e8 necessario assicurarsi che l&#8217;azienda disponga di centri di assistenza, fornisca un periodo di garanzia e che i suoi specialisti abbiano seguito una formazione speciale con i relativi certificati.<\/p>\n<p>Un progetto di alta qualit\u00e0 per una smart home deve tenere conto delle specificit\u00e0 e delle abitudini di vita di ogni cliente. Ad esempio, se si \u00e8 spesso fuori casa, l&#8217;accento dovrebbe essere posto sui sistemi di sicurezza e di videosorveglianza.<\/p>\n<h3>Chi siamo<\/h3>\n<p><a href=\"https:\/\/www.larnitech.com\/\">Larnitech<\/a> \u00e8 un riconosciuto produttore tedesco di apparecchiature per l&#8217;automazione di locali privati e commerciali.<\/p>\n<p>Le soluzioni Smart Home della nostra azienda sono un unico sistema di controllo e gestione con un&#8217;interfaccia comoda e accessibile. Utilizziamo sia sistemi cablati che wireless.<\/p>\n<p>Abbiamo anche sviluppato la nostra app Larnitech che controlla:<\/p>\n<ul>\n<li>clima in tutti gli ambienti (temperatura, umidit\u00e0, ventilazione)<\/li>\n<li>sistemi di illuminazione<\/li>\n<li>apertura e chiusura di porte e finestre<\/li>\n<li>dispositivi multimediali<\/li>\n<li>elettrodomestici<\/li>\n<li>perdite d&#8217;acqua<\/li>\n<li>livello di anidride carbonica<\/li>\n<li>fumo e molto altro ancora<\/li>\n<\/ul>\n<p>Puoi controllare tutto in casa con un solo clic da qualsiasi luogo, indipendentemente dalla distanza!<\/p>\n<h3>Vantaggi nell&#8217;utilizzo di Larnitech<\/h3>\n<p>Perch\u00e9 installare un sistema smart home della nostra azienda? Smart Home di Larnitech \u00e8:<\/p>\n<ul>\n<li><span style=\"font-size: 1rem;\">Un unico sistema perfetto, che parte dal sensore pi\u00f9 semplice e arriva al software e al servizio web.<\/span><\/li>\n<li><span style=\"font-size: 1rem;\">Un sistema a intelligenza distribuita: quando il controllore, il modulo o il sensore si blocca, tutti gli altri dispositivi continuano a funzionare.<\/span><\/li>\n<li><span style=\"font-size: 1rem;\">Un&#8217;applicazione intuitiva con molte caratteristiche e funzionalit\u00e0 che anche un bambino pu\u00f2 utilizzare.<\/span><\/li>\n<li><span style=\"font-size: 1rem;\">Accesso remoto per l&#8217;installatore: tutte le modifiche possono essere effettuate senza recarsi presso il dispositivo.<\/span><\/li>\n<li><span style=\"font-size: 1rem;\">Il risparmio fino al 30% delle risorse energetiche consente di rientrare rapidamente dell&#8217;investimento effettuato in una smart home.<\/span><\/li>\n<li><span style=\"font-size: 1rem;\">Prodotti altamente tecnologici ed ecologici che non occupano molto spazio e non rovinano il design.<\/span><\/li>\n<li><span style=\"font-size: 1rem;\">App per Android, IOS, Linux e Windows.<\/span><\/li>\n<li><span style=\"font-size: 1rem;\">Affidabilit\u00e0: i sistemi cablati sono sempre pi\u00f9 affidabili di quelli wireless.<\/span><\/li>\n<\/ul>\n<p>Siamo responsabili della qualit\u00e0 e forniamo una garanzia di 2 anni sui nostri dispositivi.<\/p>\n<p>Vale la pena menzionare la nostra politica dei prezzi: se confrontati con quelli di altre aziende, i nostri prezzi sono inferiori alla media del mercato, ma allo stesso tempo si ottiene un prodotto della massima qualit\u00e0 tedesca. In altre parole, offriamo le funzionalit\u00e0 dei principali operatori del mercato ai prezzi pi\u00f9 convenienti.<\/p>\n<p>Il sistema Smart Home di Larnitech aiuta a risparmiare risorse, aumenta la sicurezza della casa, fornisce un controllo completo su illuminazione, clima, sistemi video e audio.<\/p>\n<p>I vari scenari sono facili da implementare e vengono eseguiti automaticamente, occupandosi della maggior parte delle attivit\u00e0 di routine.<\/p>\n<p>La tua smart home controlla la temperatura nelle diverse stanze, regola il sistema di riscaldamento in base alle tue esigenze, innaffia le tue piante, nutre i tuoi animali, monitora i pannelli solari per assicurarsi che siano al massimo dell&#8217;efficienza, spegne le luci nelle stanze inutilizzate, riproduce la tua musica preferita e prepara persino il tuo caff\u00e8 mattutino!<\/p>\n<p>La tua casa \u00e8 protetta in caso di perdite d&#8217;acqua o di gas. Comunica con te via telefono, inviandoti notifiche su ci\u00f2 che richiede la tua attenzione.<\/p>\n<p>Con Larnitech si ottengono soluzioni altamente efficienti e pronte per l&#8217;installazione che facilitano la gestione della casa e aumentano lo standard di vita.<\/p>\n","protected":false},"excerpt":{"rendered":"<p>Larnitech &#8211; moderni dispositivi per smart home Che cos&#8217;\u00e8 una moderna Smart home? Perch\u00e9 questi sistemi sono passati dalla categoria degli inaccessibili e dell&#8217;\u00e9lite al &#8220;must have&#8221; per ogni persona che apprezza il comfort, l&#8217;affidabilit\u00e0 e la sicurezza? La Smart Home \u00e8 un sistema per il monitoraggio e la gestione delle funzionalit\u00e0 della casa, che&#8230;<\/p>\n","protected":false},"author":1,"featured_media":0,"parent":0,"menu_order":0,"comment_status":"closed","ping_status":"closed","template":"page-templates\/project.php","meta":{"inline_featured_image":false,"footnotes":""},"class_list":["post-10828","page","type-page","status-publish","hentry"],"acf":[],"yoast_head":"<!-- This site is optimized with the Yoast SEO Premium plugin v19.0.1 (Yoast SEO v19.12) - https:\/\/yoast.com\/wordpress\/plugins\/seo\/ -->\n<title>Smart home - automation systems from \u3010Larnitech\u3011<\/title>\n<meta name=\"description\" content=\"Smart home equipment from \u3010Larnitech\u3011\u23e9 Hardware \u26a1Software \u26a1Web services for comprehensive automation of a house, office or apartment. \u2b50Training and technical support\" \/>\n<meta name=\"robots\" content=\"index, follow, max-snippet:-1, max-image-preview:large, max-video-preview:-1\" \/>\n<meta property=\"og:locale\" content=\"it_IT\" \/>\n<meta property=\"og:type\" content=\"article\" \/>\n<meta property=\"og:title\" content=\"Smart Home\" \/>\n<meta property=\"og:description\" content=\"Smart home equipment from \u3010Larnitech\u3011\u23e9 Hardware \u26a1Software \u26a1Web services for comprehensive automation of a house, office or apartment. \u2b50Training and technical support\" \/>\n<meta property=\"og:url\" content=\"https:\/\/www.larnitech.com\/it\/smart-home\/\" \/>\n<meta property=\"og:site_name\" content=\"Larnitech\" \/>\n<meta property=\"article:modified_time\" content=\"2024-01-22T11:52:23+00:00\" \/>\n<meta name=\"twitter:card\" content=\"summary_large_image\" \/>\n<meta name=\"twitter:label1\" content=\"Tempo di lettura stimato\" \/>\n\t<meta name=\"twitter:data1\" content=\"6 minuti\" \/>\n<script type=\"application\/ld+json\" class=\"yoast-schema-graph\">{\"@context\":\"https:\/\/schema.org\",\"@graph\":[{\"@type\":\"WebPage\",\"@id\":\"https:\/\/www.larnitech.com\/it\/smart-home\/\",\"url\":\"https:\/\/www.larnitech.com\/it\/smart-home\/\",\"name\":\"Smart home - automation systems from \u3010Larnitech\u3011\",\"isPartOf\":{\"@id\":\"https:\/\/www.larnitech.com\/#website\"},\"datePublished\":\"2022-06-23T13:13:03+00:00\",\"dateModified\":\"2024-01-22T11:52:23+00:00\",\"description\":\"Smart home equipment from \u3010Larnitech\u3011\u23e9 Hardware \u26a1Software \u26a1Web services for comprehensive automation of a house, office or apartment. \u2b50Training and technical support\",\"breadcrumb\":{\"@id\":\"https:\/\/www.larnitech.com\/it\/smart-home\/#breadcrumb\"},\"inLanguage\":\"it-IT\",\"potentialAction\":[{\"@type\":\"ReadAction\",\"target\":[\"https:\/\/www.larnitech.com\/it\/smart-home\/\"]}]},{\"@type\":\"BreadcrumbList\",\"@id\":\"https:\/\/www.larnitech.com\/it\/smart-home\/#breadcrumb\",\"itemListElement\":[{\"@type\":\"ListItem\",\"position\":1,\"name\":\"Home\",\"item\":\"https:\/\/www.larnitech.com\/it\/principale\/\"},{\"@type\":\"ListItem\",\"position\":2,\"name\":\"Smart Home\"}]},{\"@type\":\"WebSite\",\"@id\":\"https:\/\/www.larnitech.com\/#website\",\"url\":\"https:\/\/www.larnitech.com\/\",\"name\":\"Larnitech\",\"description\":\"\",\"publisher\":{\"@id\":\"https:\/\/www.larnitech.com\/#organization\"},\"potentialAction\":[{\"@type\":\"SearchAction\",\"target\":{\"@type\":\"EntryPoint\",\"urlTemplate\":\"https:\/\/www.larnitech.com\/?s={search_term_string}\"},\"query-input\":\"required name=search_term_string\"}],\"inLanguage\":\"it-IT\"},{\"@type\":\"Organization\",\"@id\":\"https:\/\/www.larnitech.com\/#organization\",\"name\":\"Larnitech\",\"url\":\"https:\/\/www.larnitech.com\/\",\"logo\":{\"@type\":\"ImageObject\",\"inLanguage\":\"it-IT\",\"@id\":\"https:\/\/www.larnitech.com\/#\/schema\/logo\/image\/\",\"url\":\"https:\/\/www.larnitech.com\/wp-content\/uploads\/2022\/01\/logo_white.png\",\"contentUrl\":\"https:\/\/www.larnitech.com\/wp-content\/uploads\/2022\/01\/logo_white.png\",\"width\":1262,\"height\":274,\"caption\":\"Larnitech\"},\"image\":{\"@id\":\"https:\/\/www.larnitech.com\/#\/schema\/logo\/image\/\"}}]}<\/script>\n<!-- \/ Yoast SEO Premium plugin. -->","yoast_head_json":{"title":"Smart home - automation systems from \u3010Larnitech\u3011","description":"Smart home equipment from \u3010Larnitech\u3011\u23e9 Hardware \u26a1Software \u26a1Web services for comprehensive automation of a house, office or apartment. \u2b50Training and technical support","robots":{"index":"index","follow":"follow","max-snippet":"max-snippet:-1","max-image-preview":"max-image-preview:large","max-video-preview":"max-video-preview:-1"},"og_locale":"it_IT","og_type":"article","og_title":"Smart Home","og_description":"Smart home equipment from \u3010Larnitech\u3011\u23e9 Hardware \u26a1Software \u26a1Web services for comprehensive automation of a house, office or apartment. \u2b50Training and technical support","og_url":"https:\/\/www.larnitech.com\/it\/smart-home\/","og_site_name":"Larnitech","article_modified_time":"2024-01-22T11:52:23+00:00","twitter_card":"summary_large_image","twitter_misc":{"Tempo di lettura stimato":"6 minuti"},"schema":{"@context":"https:\/\/schema.org","@graph":[{"@type":"WebPage","@id":"https:\/\/www.larnitech.com\/it\/smart-home\/","url":"https:\/\/www.larnitech.com\/it\/smart-home\/","name":"Smart home - automation systems from \u3010Larnitech\u3011","isPartOf":{"@id":"https:\/\/www.larnitech.com\/#website"},"datePublished":"2022-06-23T13:13:03+00:00","dateModified":"2024-01-22T11:52:23+00:00","description":"Smart home equipment from \u3010Larnitech\u3011\u23e9 Hardware \u26a1Software \u26a1Web services for comprehensive automation of a house, office or apartment. \u2b50Training and technical support","breadcrumb":{"@id":"https:\/\/www.larnitech.com\/it\/smart-home\/#breadcrumb"},"inLanguage":"it-IT","potentialAction":[{"@type":"ReadAction","target":["https:\/\/www.larnitech.com\/it\/smart-home\/"]}]},{"@type":"BreadcrumbList","@id":"https:\/\/www.larnitech.com\/it\/smart-home\/#breadcrumb","itemListElement":[{"@type":"ListItem","position":1,"name":"Home","item":"https:\/\/www.larnitech.com\/it\/principale\/"},{"@type":"ListItem","position":2,"name":"Smart Home"}]},{"@type":"WebSite","@id":"https:\/\/www.larnitech.com\/#website","url":"https:\/\/www.larnitech.com\/","name":"Larnitech","description":"","publisher":{"@id":"https:\/\/www.larnitech.com\/#organization"},"potentialAction":[{"@type":"SearchAction","target":{"@type":"EntryPoint","urlTemplate":"https:\/\/www.larnitech.com\/?s={search_term_string}"},"query-input":"required name=search_term_string"}],"inLanguage":"it-IT"},{"@type":"Organization","@id":"https:\/\/www.larnitech.com\/#organization","name":"Larnitech","url":"https:\/\/www.larnitech.com\/","logo":{"@type":"ImageObject","inLanguage":"it-IT","@id":"https:\/\/www.larnitech.com\/#\/schema\/logo\/image\/","url":"https:\/\/www.larnitech.com\/wp-content\/uploads\/2022\/01\/logo_white.png","contentUrl":"https:\/\/www.larnitech.com\/wp-content\/uploads\/2022\/01\/logo_white.png","width":1262,"height":274,"caption":"Larnitech"},"image":{"@id":"https:\/\/www.larnitech.com\/#\/schema\/logo\/image\/"}}]}},"_links":{"self":[{"href":"https:\/\/www.larnitech.com\/it\/wp-json\/wp\/v2\/pages\/10828","targetHints":{"allow":["GET"]}}],"collection":[{"href":"https:\/\/www.larnitech.com\/it\/wp-json\/wp\/v2\/pages"}],"about":[{"href":"https:\/\/www.larnitech.com\/it\/wp-json\/wp\/v2\/types\/page"}],"author":[{"embeddable":true,"href":"https:\/\/www.larnitech.com\/it\/wp-json\/wp\/v2\/users\/1"}],"replies":[{"embeddable":true,"href":"https:\/\/www.larnitech.com\/it\/wp-json\/wp\/v2\/comments?post=10828"}],"version-history":[{"count":6,"href":"https:\/\/www.larnitech.com\/it\/wp-json\/wp\/v2\/pages\/10828\/revisions"}],"predecessor-version":[{"id":13859,"href":"https:\/\/www.larnitech.com\/it\/wp-json\/wp\/v2\/pages\/10828\/revisions\/13859"}],"wp:attachment":[{"href":"https:\/\/www.larnitech.com\/it\/wp-json\/wp\/v2\/media?parent=10828"}],"curies":[{"name":"wp","href":"https:\/\/api.w.org\/{rel}","templated":true}]}}