{"id":10826,"date":"2022-06-24T11:42:53","date_gmt":"2022-06-24T08:42:53","guid":{"rendered":"https:\/\/www.larnitech.com\/?page_id=10826"},"modified":"2024-01-22T14:33:16","modified_gmt":"2024-01-22T12:33:16","slug":"smart-hotel","status":"publish","type":"page","link":"https:\/\/www.larnitech.com\/it\/smart-hotel\/","title":{"rendered":"Hotel intelligente"},"content":{"rendered":"<p><strong>Un sistema Smart Hotel\u00a0<\/strong>\u00e8 una risposta moderna alle esigenze degli ospiti pi\u00f9 esigenti del tuo hotel, della tua pensione o del tuo resort. Si tratta di un nuovo livello di sicurezza che garantir\u00e0 l&#8217;incolumit\u00e0 dei tuoi ospiti e dei loro effetti personali.<\/p>\n<p>Il sistema Smart Hotel di Larnitech si basa su una propria rete di dati. L&#8217;unit\u00e0 di controllo principale, ovvero il server, consente il controllo e la gestione completa dell&#8217;hotel via Internet. Pertanto, \u00e8 sufficiente disporre di uno smartphone, di un tablet o di un computer portatile con accesso a Internet per controllare lo stato operativo dell&#8217;intero hotel da qualsiasi parte del mondo. \u00c8 possibile controllare cosa sta accadendo in loco, nonch\u00e9 attivare\/disattivare qualsiasi dispositivo o sistema collegato al sistema<span style=\"font-size: 1rem;\">.<\/span><\/p>\n<p>Una smart home in hotel \u00e8 un concetto che esiste da tempo, ma che solo ora \u00e8 stato implementato. I vantaggi dell&#8217;installazione di questo sistema negli hotel sono molti, tra cui la comodit\u00e0 e il comfort per gli ospiti.<\/p>\n<p>Il primo vantaggio \u00e8 la comodit\u00e0 per gli ospiti. Gli ospiti possono controllare tutti gli elettrodomestici della stanza con uno smartphone o un tablet, senza doversi preoccupare di portare con s\u00e9 diversi telecomandi o di cercare tra i vari pulsanti degli elettrodomestici stessi.<\/p>\n<p>L&#8217;automazione rende il processo molto pi\u00f9 efficiente e conveniente anche per il personale, che non deve pi\u00f9 recarsi in ogni camera per assicurarsi che tutto sia spento prima di andare a casa.<\/p>\n<p>Il secondo vantaggio \u00e8 il comfort per gli ospiti. Un sistema Smart Home pu\u00f2 fornire l&#8217;atmosfera ideale impostando il livello appropriato di illuminazione interna, chiudendo automaticamente tende, tapparelle e persiane, avviando la musica o un film per una bella serata.<br \/>\nUna smart home pu\u00f2 essere programmata per regolare il climatizzatore in base alla stagione in cui ci si trova, nonch\u00e9 per regolare l&#8217;umidit\u00e0 dell&#8217;aria, la ventilazione e il livello di riscaldamento.<br \/>\nIl terzo vantaggio \u00e8 la sicurezza: il sistema di sicurezza intelligente dell&#8217;edificio riduce il rischio di furti e incidenti grazie alla videosorveglianza, all&#8217;allarme e ai sensori di movimento. Il sistema Smart Home controlla anche le perdite, gli incendi, il livello di CO2 e la chiusura di porte e finestre.<br \/>\nNaturalmente, tutto avviene in modo automatico: il sistema viene calibrato e il pannello di controllo viene regolato in base alle tue esigenze e alle tue aspettative. Se qualcosa deve essere fatto manualmente, qualsiasi manager a cui si concede l&#8217;accesso pu\u00f2 facilmente gestire l&#8217;interfaccia intuitiva dell&#8217;applicazione.<\/p>\n<p>L&#8217;integrazione del sistema smart hotel consente di affidare la soluzione della maggior parte dei problemi a sistemi elettronici altamente efficienti, che tengono conto delle richieste e dei desideri di ogni cliente. D&#8217;ora in poi, potrai dedicare la tua attenzione esclusivamente agli ospiti del tuo hotel e non alle attivit\u00e0 di routine.<\/p>\n","protected":false},"excerpt":{"rendered":"<p>Un sistema Smart Hotel\u00a0\u00e8 una risposta moderna alle esigenze degli ospiti pi\u00f9 esigenti del tuo hotel, della tua pensione o del tuo resort. Si tratta di un nuovo livello di sicurezza che garantir\u00e0 l&#8217;incolumit\u00e0 dei tuoi ospiti e dei loro effetti personali. Il sistema Smart Hotel di Larnitech si basa su una propria rete di&#8230;<\/p>\n","protected":false},"author":1,"featured_media":0,"parent":0,"menu_order":0,"comment_status":"closed","ping_status":"closed","template":"page-templates\/project.php","meta":{"inline_featured_image":false,"footnotes":""},"class_list":["post-10826","page","type-page","status-publish","hentry"],"acf":[],"yoast_head":"<!-- This site is optimized with the Yoast SEO Premium plugin v19.0.1 (Yoast SEO v19.12) - https:\/\/yoast.com\/wordpress\/plugins\/seo\/ -->\n<title>Smart hotel - smart home system from\u3010Larnitech\u3011<\/title>\n<meta name=\"description\" content=\"Smart hotel system from \u3010Larnitech\u3011\u23e9 Hardware \u26a1Software \u26a1Web services for comprehensive automation of your hotel. \u2b50Training and technical support\" \/>\n<meta name=\"robots\" content=\"index, follow, max-snippet:-1, max-image-preview:large, max-video-preview:-1\" \/>\n<meta property=\"og:locale\" content=\"it_IT\" \/>\n<meta property=\"og:type\" content=\"article\" \/>\n<meta property=\"og:title\" content=\"Hotel intelligente\" \/>\n<meta property=\"og:description\" content=\"Smart hotel system from \u3010Larnitech\u3011\u23e9 Hardware \u26a1Software \u26a1Web services for comprehensive automation of your hotel. \u2b50Training and technical support\" \/>\n<meta property=\"og:url\" content=\"https:\/\/www.larnitech.com\/it\/smart-hotel\/\" \/>\n<meta property=\"og:site_name\" content=\"Larnitech\" \/>\n<meta property=\"article:modified_time\" content=\"2024-01-22T12:33:16+00:00\" \/>\n<meta name=\"twitter:card\" content=\"summary_large_image\" \/>\n<meta name=\"twitter:label1\" content=\"Tempo di lettura stimato\" \/>\n\t<meta name=\"twitter:data1\" content=\"3 minuti\" \/>\n<script type=\"application\/ld+json\" class=\"yoast-schema-graph\">{\"@context\":\"https:\/\/schema.org\",\"@graph\":[{\"@type\":\"WebPage\",\"@id\":\"https:\/\/www.larnitech.com\/it\/smart-hotel\/\",\"url\":\"https:\/\/www.larnitech.com\/it\/smart-hotel\/\",\"name\":\"Smart hotel - smart home system from\u3010Larnitech\u3011\",\"isPartOf\":{\"@id\":\"https:\/\/www.larnitech.com\/#website\"},\"datePublished\":\"2022-06-24T08:42:53+00:00\",\"dateModified\":\"2024-01-22T12:33:16+00:00\",\"description\":\"Smart hotel system from \u3010Larnitech\u3011\u23e9 Hardware \u26a1Software \u26a1Web services for comprehensive automation of your hotel. \u2b50Training and technical support\",\"breadcrumb\":{\"@id\":\"https:\/\/www.larnitech.com\/it\/smart-hotel\/#breadcrumb\"},\"inLanguage\":\"it-IT\",\"potentialAction\":[{\"@type\":\"ReadAction\",\"target\":[\"https:\/\/www.larnitech.com\/it\/smart-hotel\/\"]}]},{\"@type\":\"BreadcrumbList\",\"@id\":\"https:\/\/www.larnitech.com\/it\/smart-hotel\/#breadcrumb\",\"itemListElement\":[{\"@type\":\"ListItem\",\"position\":1,\"name\":\"Home\",\"item\":\"https:\/\/www.larnitech.com\/it\/principale\/\"},{\"@type\":\"ListItem\",\"position\":2,\"name\":\"Hotel intelligente\"}]},{\"@type\":\"WebSite\",\"@id\":\"https:\/\/www.larnitech.com\/#website\",\"url\":\"https:\/\/www.larnitech.com\/\",\"name\":\"Larnitech\",\"description\":\"\",\"publisher\":{\"@id\":\"https:\/\/www.larnitech.com\/#organization\"},\"potentialAction\":[{\"@type\":\"SearchAction\",\"target\":{\"@type\":\"EntryPoint\",\"urlTemplate\":\"https:\/\/www.larnitech.com\/?s={search_term_string}\"},\"query-input\":\"required name=search_term_string\"}],\"inLanguage\":\"it-IT\"},{\"@type\":\"Organization\",\"@id\":\"https:\/\/www.larnitech.com\/#organization\",\"name\":\"Larnitech\",\"url\":\"https:\/\/www.larnitech.com\/\",\"logo\":{\"@type\":\"ImageObject\",\"inLanguage\":\"it-IT\",\"@id\":\"https:\/\/www.larnitech.com\/#\/schema\/logo\/image\/\",\"url\":\"https:\/\/www.larnitech.com\/wp-content\/uploads\/2022\/01\/logo_white.png\",\"contentUrl\":\"https:\/\/www.larnitech.com\/wp-content\/uploads\/2022\/01\/logo_white.png\",\"width\":1262,\"height\":274,\"caption\":\"Larnitech\"},\"image\":{\"@id\":\"https:\/\/www.larnitech.com\/#\/schema\/logo\/image\/\"}}]}<\/script>\n<!-- \/ Yoast SEO Premium plugin. -->","yoast_head_json":{"title":"Smart hotel - smart home system from\u3010Larnitech\u3011","description":"Smart hotel system from \u3010Larnitech\u3011\u23e9 Hardware \u26a1Software \u26a1Web services for comprehensive automation of your hotel. \u2b50Training and technical support","robots":{"index":"index","follow":"follow","max-snippet":"max-snippet:-1","max-image-preview":"max-image-preview:large","max-video-preview":"max-video-preview:-1"},"og_locale":"it_IT","og_type":"article","og_title":"Hotel intelligente","og_description":"Smart hotel system from \u3010Larnitech\u3011\u23e9 Hardware \u26a1Software \u26a1Web services for comprehensive automation of your hotel. \u2b50Training and technical support","og_url":"https:\/\/www.larnitech.com\/it\/smart-hotel\/","og_site_name":"Larnitech","article_modified_time":"2024-01-22T12:33:16+00:00","twitter_card":"summary_large_image","twitter_misc":{"Tempo di lettura stimato":"3 minuti"},"schema":{"@context":"https:\/\/schema.org","@graph":[{"@type":"WebPage","@id":"https:\/\/www.larnitech.com\/it\/smart-hotel\/","url":"https:\/\/www.larnitech.com\/it\/smart-hotel\/","name":"Smart hotel - smart home system from\u3010Larnitech\u3011","isPartOf":{"@id":"https:\/\/www.larnitech.com\/#website"},"datePublished":"2022-06-24T08:42:53+00:00","dateModified":"2024-01-22T12:33:16+00:00","description":"Smart hotel system from \u3010Larnitech\u3011\u23e9 Hardware \u26a1Software \u26a1Web services for comprehensive automation of your hotel. \u2b50Training and technical support","breadcrumb":{"@id":"https:\/\/www.larnitech.com\/it\/smart-hotel\/#breadcrumb"},"inLanguage":"it-IT","potentialAction":[{"@type":"ReadAction","target":["https:\/\/www.larnitech.com\/it\/smart-hotel\/"]}]},{"@type":"BreadcrumbList","@id":"https:\/\/www.larnitech.com\/it\/smart-hotel\/#breadcrumb","itemListElement":[{"@type":"ListItem","position":1,"name":"Home","item":"https:\/\/www.larnitech.com\/it\/principale\/"},{"@type":"ListItem","position":2,"name":"Hotel intelligente"}]},{"@type":"WebSite","@id":"https:\/\/www.larnitech.com\/#website","url":"https:\/\/www.larnitech.com\/","name":"Larnitech","description":"","publisher":{"@id":"https:\/\/www.larnitech.com\/#organization"},"potentialAction":[{"@type":"SearchAction","target":{"@type":"EntryPoint","urlTemplate":"https:\/\/www.larnitech.com\/?s={search_term_string}"},"query-input":"required name=search_term_string"}],"inLanguage":"it-IT"},{"@type":"Organization","@id":"https:\/\/www.larnitech.com\/#organization","name":"Larnitech","url":"https:\/\/www.larnitech.com\/","logo":{"@type":"ImageObject","inLanguage":"it-IT","@id":"https:\/\/www.larnitech.com\/#\/schema\/logo\/image\/","url":"https:\/\/www.larnitech.com\/wp-content\/uploads\/2022\/01\/logo_white.png","contentUrl":"https:\/\/www.larnitech.com\/wp-content\/uploads\/2022\/01\/logo_white.png","width":1262,"height":274,"caption":"Larnitech"},"image":{"@id":"https:\/\/www.larnitech.com\/#\/schema\/logo\/image\/"}}]}},"_links":{"self":[{"href":"https:\/\/www.larnitech.com\/it\/wp-json\/wp\/v2\/pages\/10826","targetHints":{"allow":["GET"]}}],"collection":[{"href":"https:\/\/www.larnitech.com\/it\/wp-json\/wp\/v2\/pages"}],"about":[{"href":"https:\/\/www.larnitech.com\/it\/wp-json\/wp\/v2\/types\/page"}],"author":[{"embeddable":true,"href":"https:\/\/www.larnitech.com\/it\/wp-json\/wp\/v2\/users\/1"}],"replies":[{"embeddable":true,"href":"https:\/\/www.larnitech.com\/it\/wp-json\/wp\/v2\/comments?post=10826"}],"version-history":[{"count":6,"href":"https:\/\/www.larnitech.com\/it\/wp-json\/wp\/v2\/pages\/10826\/revisions"}],"predecessor-version":[{"id":13866,"href":"https:\/\/www.larnitech.com\/it\/wp-json\/wp\/v2\/pages\/10826\/revisions\/13866"}],"wp:attachment":[{"href":"https:\/\/www.larnitech.com\/it\/wp-json\/wp\/v2\/media?parent=10826"}],"curies":[{"name":"wp","href":"https:\/\/api.w.org\/{rel}","templated":true}]}}