{"id":10824,"date":"2023-10-30T21:07:04","date_gmt":"2023-10-30T19:07:04","guid":{"rendered":"https:\/\/www.larnitech.com\/?page_id=10824"},"modified":"2023-10-30T21:07:04","modified_gmt":"2023-10-30T19:07:04","slug":"smart-office","status":"publish","type":"page","link":"https:\/\/www.larnitech.com\/it\/smart-office\/","title":{"rendered":"Smart Office"},"content":{"rendered":"<h2>Sistema smart office<\/h2>\n<p>Oggi un sistema di smart office \u00e8 segno di un&#8217;azienda davvero progressista e prestigiosa, al passo con i tempi. Non si tratta pi\u00f9 di un &#8220;capriccio per ricchi&#8221;, ma di una soluzione funzionale, affidabile e sicura, richiesta in tutto il mondo.<\/p>\n<p>Un sistema smart home per l&#8217;ufficio ti dar\u00e0 l&#8217;opportunit\u00e0 di gestire la tua attivit\u00e0 nel modo pi\u00f9 efficiente possibile, risparmiando tempo sulle attivit\u00e0 di routine. Nel frattempo, tu e i tuoi dipendenti lavorerete nelle condizioni pi\u00f9 confortevoli e in uno spazio simile a quello di casa.<\/p>\n<h3>Automazione dell&#8217;ufficio<\/h3>\n<p>Di quali elementi si compone un sistema di questo tipo? Innanzitutto, comprende diversi sensori che aumentano la sicurezza: sensori di movimento, di apertura, di perdite, di livello di CO2, di fumo, di qualit\u00e0 dell&#8217;aria, di incendio, di temperatura e di condizioni atmosferiche esterne.<\/p>\n<p>Il sistema comprende anche elementi che aumentano il comfort di utilizzo di elettrodomestici e apparecchiature elettroniche che consentono l&#8217;accensione e lo spegnimento a distanza.<\/p>\n<p>Il terzo gruppo di automazione comprende elementi come il controllo del clima, il controllo remoto dell&#8217;illuminazione e del riscaldamento &#8211; a una certa ora o secondo un programma stabilito, o come risposta automatica alla presenza di persone. Il sistema di automazione degli uffici consente all&#8217;azienda di risparmiare denaro riducendo il consumo di elettricit\u00e0 e energia termica. Inoltre, migliora l&#8217;ambiente di lavoro fornendo luce naturale quando \u00e8 necessaria durante il giorno<span style=\"font-size: 1rem;\">.<\/span><\/p>\n<p>Il quarto gruppo di automazione riguarda i sistemi di automazione multimediale sempre pi\u00f9 diffusi (scenari di illuminazione RGB, controllo integrato di apparecchiature audio-video, proiettori, TV, ricevitori satellitari).<\/p>\n<p>Il quinto gruppo \u00e8 quello dei sistemi di comunicazione via Internet e GSM (controllo via Internet o telefono cellulare da qualsiasi parte del mondo, notifica di eventi e altro).<br \/>\nL&#8217;ufficio \u00e8 un luogo in cui trascorriamo la maggior parte del nostro tempo. Con l&#8217;aiuto dell&#8217;automazione, \u00e8 possibile creare uno spazio ufficio pi\u00f9 efficiente e aumentare la produttivit\u00e0 dei dipendenti!<\/p>\n","protected":false},"excerpt":{"rendered":"<p>Sistema smart office Oggi un sistema di smart office \u00e8 segno di un&#8217;azienda davvero progressista e prestigiosa, al passo con i tempi. Non si tratta pi\u00f9 di un &#8220;capriccio per ricchi&#8221;, ma di una soluzione funzionale, affidabile e sicura, richiesta in tutto il mondo. Un sistema smart home per l&#8217;ufficio ti dar\u00e0 l&#8217;opportunit\u00e0 di gestire&#8230;<\/p>\n","protected":false},"author":5,"featured_media":0,"parent":0,"menu_order":0,"comment_status":"closed","ping_status":"closed","template":"page-templates\/project.php","meta":{"inline_featured_image":false,"footnotes":""},"class_list":["post-10824","page","type-page","status-publish","hentry"],"acf":[],"yoast_head":"<!-- This site is optimized with the Yoast SEO Premium plugin v19.0.1 (Yoast SEO v19.12) - https:\/\/yoast.com\/wordpress\/plugins\/seo\/ -->\n<title>Smart Office - Larnitech<\/title>\n<meta name=\"robots\" content=\"index, follow, max-snippet:-1, max-image-preview:large, max-video-preview:-1\" \/>\n<meta property=\"og:locale\" content=\"it_IT\" \/>\n<meta property=\"og:type\" content=\"article\" \/>\n<meta property=\"og:title\" content=\"Smart Office\" \/>\n<meta property=\"og:description\" content=\"Sistema smart office Oggi un sistema di smart office \u00e8 segno di un&#8217;azienda davvero progressista e prestigiosa, al passo con i tempi. Non si tratta pi\u00f9 di un &#8220;capriccio per ricchi&#8221;, ma di una soluzione funzionale, affidabile e sicura, richiesta in tutto il mondo. Un sistema smart home per l&#8217;ufficio ti dar\u00e0 l&#8217;opportunit\u00e0 di gestire...\" \/>\n<meta property=\"og:url\" content=\"https:\/\/www.larnitech.com\/it\/smart-office\/\" \/>\n<meta property=\"og:site_name\" content=\"Larnitech\" \/>\n<meta name=\"twitter:card\" content=\"summary_large_image\" \/>\n<meta name=\"twitter:label1\" content=\"Tempo di lettura stimato\" \/>\n\t<meta name=\"twitter:data1\" content=\"2 minuti\" \/>\n<script type=\"application\/ld+json\" class=\"yoast-schema-graph\">{\"@context\":\"https:\/\/schema.org\",\"@graph\":[{\"@type\":\"WebPage\",\"@id\":\"https:\/\/www.larnitech.com\/it\/smart-office\/\",\"url\":\"https:\/\/www.larnitech.com\/it\/smart-office\/\",\"name\":\"Smart Office - Larnitech\",\"isPartOf\":{\"@id\":\"https:\/\/www.larnitech.com\/#website\"},\"datePublished\":\"2023-10-30T19:07:04+00:00\",\"dateModified\":\"2023-10-30T19:07:04+00:00\",\"breadcrumb\":{\"@id\":\"https:\/\/www.larnitech.com\/it\/smart-office\/#breadcrumb\"},\"inLanguage\":\"it-IT\",\"potentialAction\":[{\"@type\":\"ReadAction\",\"target\":[\"https:\/\/www.larnitech.com\/it\/smart-office\/\"]}]},{\"@type\":\"BreadcrumbList\",\"@id\":\"https:\/\/www.larnitech.com\/it\/smart-office\/#breadcrumb\",\"itemListElement\":[{\"@type\":\"ListItem\",\"position\":1,\"name\":\"Home\",\"item\":\"https:\/\/www.larnitech.com\/it\/principale\/\"},{\"@type\":\"ListItem\",\"position\":2,\"name\":\"Smart Office\"}]},{\"@type\":\"WebSite\",\"@id\":\"https:\/\/www.larnitech.com\/#website\",\"url\":\"https:\/\/www.larnitech.com\/\",\"name\":\"Larnitech\",\"description\":\"\",\"publisher\":{\"@id\":\"https:\/\/www.larnitech.com\/#organization\"},\"potentialAction\":[{\"@type\":\"SearchAction\",\"target\":{\"@type\":\"EntryPoint\",\"urlTemplate\":\"https:\/\/www.larnitech.com\/?s={search_term_string}\"},\"query-input\":\"required name=search_term_string\"}],\"inLanguage\":\"it-IT\"},{\"@type\":\"Organization\",\"@id\":\"https:\/\/www.larnitech.com\/#organization\",\"name\":\"Larnitech\",\"url\":\"https:\/\/www.larnitech.com\/\",\"logo\":{\"@type\":\"ImageObject\",\"inLanguage\":\"it-IT\",\"@id\":\"https:\/\/www.larnitech.com\/#\/schema\/logo\/image\/\",\"url\":\"https:\/\/www.larnitech.com\/wp-content\/uploads\/2022\/01\/logo_white.png\",\"contentUrl\":\"https:\/\/www.larnitech.com\/wp-content\/uploads\/2022\/01\/logo_white.png\",\"width\":1262,\"height\":274,\"caption\":\"Larnitech\"},\"image\":{\"@id\":\"https:\/\/www.larnitech.com\/#\/schema\/logo\/image\/\"}}]}<\/script>\n<!-- \/ Yoast SEO Premium plugin. -->","yoast_head_json":{"title":"Smart Office - Larnitech","robots":{"index":"index","follow":"follow","max-snippet":"max-snippet:-1","max-image-preview":"max-image-preview:large","max-video-preview":"max-video-preview:-1"},"og_locale":"it_IT","og_type":"article","og_title":"Smart Office","og_description":"Sistema smart office Oggi un sistema di smart office \u00e8 segno di un&#8217;azienda davvero progressista e prestigiosa, al passo con i tempi. Non si tratta pi\u00f9 di un &#8220;capriccio per ricchi&#8221;, ma di una soluzione funzionale, affidabile e sicura, richiesta in tutto il mondo. Un sistema smart home per l&#8217;ufficio ti dar\u00e0 l&#8217;opportunit\u00e0 di gestire...","og_url":"https:\/\/www.larnitech.com\/it\/smart-office\/","og_site_name":"Larnitech","twitter_card":"summary_large_image","twitter_misc":{"Tempo di lettura stimato":"2 minuti"},"schema":{"@context":"https:\/\/schema.org","@graph":[{"@type":"WebPage","@id":"https:\/\/www.larnitech.com\/it\/smart-office\/","url":"https:\/\/www.larnitech.com\/it\/smart-office\/","name":"Smart Office - Larnitech","isPartOf":{"@id":"https:\/\/www.larnitech.com\/#website"},"datePublished":"2023-10-30T19:07:04+00:00","dateModified":"2023-10-30T19:07:04+00:00","breadcrumb":{"@id":"https:\/\/www.larnitech.com\/it\/smart-office\/#breadcrumb"},"inLanguage":"it-IT","potentialAction":[{"@type":"ReadAction","target":["https:\/\/www.larnitech.com\/it\/smart-office\/"]}]},{"@type":"BreadcrumbList","@id":"https:\/\/www.larnitech.com\/it\/smart-office\/#breadcrumb","itemListElement":[{"@type":"ListItem","position":1,"name":"Home","item":"https:\/\/www.larnitech.com\/it\/principale\/"},{"@type":"ListItem","position":2,"name":"Smart Office"}]},{"@type":"WebSite","@id":"https:\/\/www.larnitech.com\/#website","url":"https:\/\/www.larnitech.com\/","name":"Larnitech","description":"","publisher":{"@id":"https:\/\/www.larnitech.com\/#organization"},"potentialAction":[{"@type":"SearchAction","target":{"@type":"EntryPoint","urlTemplate":"https:\/\/www.larnitech.com\/?s={search_term_string}"},"query-input":"required name=search_term_string"}],"inLanguage":"it-IT"},{"@type":"Organization","@id":"https:\/\/www.larnitech.com\/#organization","name":"Larnitech","url":"https:\/\/www.larnitech.com\/","logo":{"@type":"ImageObject","inLanguage":"it-IT","@id":"https:\/\/www.larnitech.com\/#\/schema\/logo\/image\/","url":"https:\/\/www.larnitech.com\/wp-content\/uploads\/2022\/01\/logo_white.png","contentUrl":"https:\/\/www.larnitech.com\/wp-content\/uploads\/2022\/01\/logo_white.png","width":1262,"height":274,"caption":"Larnitech"},"image":{"@id":"https:\/\/www.larnitech.com\/#\/schema\/logo\/image\/"}}]}},"_links":{"self":[{"href":"https:\/\/www.larnitech.com\/it\/wp-json\/wp\/v2\/pages\/10824","targetHints":{"allow":["GET"]}}],"collection":[{"href":"https:\/\/www.larnitech.com\/it\/wp-json\/wp\/v2\/pages"}],"about":[{"href":"https:\/\/www.larnitech.com\/it\/wp-json\/wp\/v2\/types\/page"}],"author":[{"embeddable":true,"href":"https:\/\/www.larnitech.com\/it\/wp-json\/wp\/v2\/users\/5"}],"replies":[{"embeddable":true,"href":"https:\/\/www.larnitech.com\/it\/wp-json\/wp\/v2\/comments?post=10824"}],"version-history":[{"count":1,"href":"https:\/\/www.larnitech.com\/it\/wp-json\/wp\/v2\/pages\/10824\/revisions"}],"predecessor-version":[{"id":10825,"href":"https:\/\/www.larnitech.com\/it\/wp-json\/wp\/v2\/pages\/10824\/revisions\/10825"}],"wp:attachment":[{"href":"https:\/\/www.larnitech.com\/it\/wp-json\/wp\/v2\/media?parent=10824"}],"curies":[{"name":"wp","href":"https:\/\/api.w.org\/{rel}","templated":true}]}}