{"id":10142,"date":"2023-10-26T18:54:13","date_gmt":"2023-10-26T15:54:13","guid":{"rendered":"https:\/\/www.larnitech.com\/?page_id=10142"},"modified":"2023-11-23T01:16:55","modified_gmt":"2023-11-22T23:16:55","slug":"chi-siamo","status":"publish","type":"page","link":"https:\/\/www.larnitech.com\/it\/chi-siamo\/","title":{"rendered":"Chi siamo"},"content":{"rendered":"<p>Il mondo moderno sta vivendo una spinta senza precedenti nella sfera dell&#8217;IT. Noi di Larnitech siamo pienamente consapevoli di questa tendenza e stiamo facendo tutto il possibile per fornire le nostre innovazioni nel campo della tecnologia delle smart home. Ci impegniamo a diventare leader nella nostra nicchia di mercato. Grazie ai nostri prodotti high-tech eco-compatibili, contribuiamo a salvaguardare le risorse naturali del mondo e a realizzare la nostra missione di sviluppare abitazioni moderne che combinino idee progressiste, comfort e sicurezza.<\/p>\n<h2>Chi siamo<\/h2>\n<p>Larnitech \u00e8 un produttore tedesco di dispositivi per l&#8217;automazione di locali privati e commerciali. Siamo certi che tutto ci\u00f2 che viene fatto manualmente in casa vostra pu\u00f2 e deve essere automatizzato.<\/p>\n<p><img loading=\"lazy\" decoding=\"async\" class=\"aligncenter wp-image-3080 size-large\" src=\"\/wp-content\/uploads\/2022\/09\/YOUR-HOME-CAN-BE-SMART--1024x768.png\" alt=\"\" width=\"800\" height=\"600\" srcset=\"https:\/\/www.larnitech.com\/wp-content\/uploads\/2022\/09\/YOUR-HOME-CAN-BE-SMART--1024x768.png 1024w, https:\/\/www.larnitech.com\/wp-content\/uploads\/2022\/09\/YOUR-HOME-CAN-BE-SMART--300x225.png 300w, https:\/\/www.larnitech.com\/wp-content\/uploads\/2022\/09\/YOUR-HOME-CAN-BE-SMART--768x576.png 768w, https:\/\/www.larnitech.com\/wp-content\/uploads\/2022\/09\/YOUR-HOME-CAN-BE-SMART-.png 1284w\" sizes=\"auto, (max-width: 800px) 100vw, 800px\" \/><\/p>\n<p>&nbsp;<\/p>\n<p>Le soluzioni per la casa &#8220;Smart&#8221; della nostra azienda sono un unico sistema di controllo e gestione con un&#8217;interfaccia comoda e accessibile. Produciamo un sistema Smart Home cablato decentralizzato che funziona su un CAN-bus e si distingue per la sua velocit\u00e0 di risposta. Abbiamo anche sviluppato la nostra app Larnitech, che consente di controllare il sistema da dispositivi mobili.<\/p>\n<p>L&#8217;app \u00e8 compatibile con iOS, Android, Linux e Windows e pu\u00f2 essere scaricata dall&#8217;App Store e dal Play Market. L&#8217;interfaccia intuitiva dell&#8217;app, con molte funzioni e caratteristiche, \u00e8 talmente facile da usare che anche un bambino pu\u00f2 padroneggiarla facilmente.<\/p>\n<p>Le soluzioni della nostra azienda sono efficaci e allo stesso tempo semplici, come il famoso costruttore LEGO. Offriamo una serie di elementi con i quali \u00e8 possibile realizzare un&#8217;automazione minima con funzioni di base o una molto avanzata con la massima quantit\u00e0 di funzioni.<\/p>\n<p><b>Larnitech Smart Home \u00e8 sinonimo di:<\/b><\/p>\n<ul>\n<li>comfort in casa<\/li>\n<li>protezione da infiltrazioni, perdite e incendi<\/li>\n<li>risparmio di risorse e tempo<\/li>\n<\/ul>\n<p>Con Larnitech, non siete voi a prendervi cura della casa, ma essa di voi!<\/p>\n<h2>La nostra storia<\/h2>\n<p>Larnitech \u00e8 stata fondata nel 2014 a Colonia, in Germania. Nei primi anni della nostra attivit\u00e0, abbiamo prodotto dispositivi utilizzando le nostre tecnologie, ma in fabbriche esterne. Nel 2019 abbiamo avviato una produzione propria, aperto uno stabilimento a ciclo completo e ci siamo trasferiti da Colonia a Freudenberg.<\/p>\n<p>In questo periodo, i nostri specialisti hanno sviluppato tre generazioni di dispositivi per smart home. Attualmente, i nostri prodotti sono importati in pi\u00f9 di 20 Paesi in tutto il mondo e il numero di sistemi smart home installati ha superato le decine di migliaia.<\/p>\n<h2>Cosa ci distingue dalla concorrenza?<\/h2>\n<p>I nostri dispositivi sono semplici, ma allo stesso tempo efficienti e facili da installare. I componenti del sistema funzionano in base al principio del Plug&amp;Play &#8211; configurazione e avvio rapidi, cosa che richiede molto pi\u00f9 tempo per altri sistemi.<\/p>\n<p>Offriamo:<\/p>\n<ul>\n<li>alta qualit\u00e0<\/li>\n<li>prezzo accessibile<\/li>\n<li>ampia funzionalit\u00e0<\/li>\n<li>personalizzazione per ogni cliente<\/li>\n<li>sistema di programmazione semplice<\/li>\n<li>supporto online e possibilit\u00e0 di configurare il sistema da remoto da parte dei nostri specialisti<\/li>\n<\/ul>\n<p>Un&#8217;altra caratteristica distintiva del nostro sistema \u00e8 il costante monitoraggio degli errori. Quando si verifica un problema, spesso non ve ne accorgerete nemmeno, perch\u00e9 il nostro rivenditore visualizzer\u00e0 una notifica di errore nel pannello del rivenditore e lo corregger\u00e0 a distanza.<\/p>\n<p>Offriamo anche una soluzione unica sul mercato: il kit Metaforsa. Si tratta di un set universale con funzioni di automazione di base. \u00c8 facile da installare e pronto all&#8217;uso subito dopo l&#8217;acquisto.<\/p>\n<p>Utilizziamo sia un sistema di comunicazione cablato, pi\u00f9 affidabile, durevole e non esposto a influenze esterne, sia uno wireless.<\/p>\n<h2>Sistema Cablato<\/h2>\n<p>Tutti i dispositivi sono collegati tramite bus di dati. I principali vantaggi di questo tipo di sistema sono:<\/p>\n<ul>\n<li>Elevata reattivit\u00e0, una modalit\u00e0 di comunicazione dati veloce e affidabile<\/li>\n<li>Facilit\u00e0 di installazione<\/li>\n<li>Ampia gamma di dispositivi<\/li>\n<li>Efficienti funzioni di sicurezza<\/li>\n<li>Lunga durata del servizio<\/li>\n<li>Il sistema non dispone di dispositivi alimentati a batteria che richiedono la sostituzione periodica della stessa<\/li>\n<\/ul>\n<h2>Sistema Wireless<\/h2>\n<p>Questo tipo di sistema utilizza un canale radio per trasferire i segnali dal dispositivo di controllo alle unit\u00e0 operative.<\/p>\n<p>I principali vantaggi di questo sistema sono<span style=\"font-size: 1rem;\">:<\/span><\/p>\n<ul>\n<li>Risparmio sostanziale: l&#8217;installazione del sistema non richiede la posa di cavi, riducendo cos\u00ec i costi dei materiali di consumo e della manodopera<\/li>\n<li>Installazione flessibile e semplice del sistema<\/li>\n<li>Possibilit\u00e0 di espandere facilmente il sistema attuale<\/li>\n<\/ul>\n<h2>Vantaggi per chi si affida alla nostra azienda<\/h2>\n<p>Perch\u00e9 dovreste installare il nostro sistema smart home?<\/p>\n<p>Nel nostro lavoro utilizziamo le pi\u00f9 moderne tecnologie europee, che produciamo nel nostro stabilimento a ciclo completo.<\/p>\n<p>I nostri rivenditori sono professionisti con molti anni di esperienza che installeranno il sistema nel modo pi\u00f9 rapido ed efficiente possibile, tenendo conto di tutti i vostri bisogni.<\/p>\n<p>Accesso remoto per l&#8217;installazione: tutte le modifiche possono essere effettuate senza recarsi in loco.<\/p>\n<p>La funzionalit\u00e0 dei nostri dispositivi consente di controllare tutti gli aspetti della gestione della vostra casa, appartamento o ufficio. I sensori emettono un segnale quando viene rilevata una perdita d&#8217;acqua o di gas, i sensori di movimento accendono le telecamere e, in caso di accesso non autorizzato, riceverete un&#8217;immagine sul vostro smartphone o tablet<span style=\"font-size: 1rem;\">.<\/span><\/p>\n<p>L&#8217;utente ha anche la possibilit\u00e0 di controllare il sistema di illuminazione di ogni stanza, di accendere l&#8217;impianto elettrico, l&#8217;aria condizionata o un impianto musicale in base alla programmazione. Inoltre, tutto questo pu\u00f2 essere fatto sia direttamente sul posto che da remoto, ad esempio mentre si torna a casa.<\/p>\n<p>Il controllo della smart home viene effettuato da qualsiasi dispositivo: si pu\u00f2 utilizzare uno smartphone, un tablet, un computer portatile o persino uno smart watch. Un&#8217;applicazione unica sviluppata dalla nostra azienda per controllare le funzionalit\u00e0 della Smart Home e una soluzione gi\u00e0 pronta &#8220;out of the box&#8221; consentono di trasformare la casa in uno spazio moderno, multifunzionale e confortevole per vivere e lavorare.<\/p>\n<p><img loading=\"lazy\" decoding=\"async\" class=\"size-large wp-image-3473 aligncenter\" src=\"\/wp-content\/uploads\/2022\/09\/metaforsa-larnitech_en-1024x768.jpg\" alt=\"\" width=\"800\" height=\"600\" srcset=\"https:\/\/www.larnitech.com\/wp-content\/uploads\/2022\/09\/metaforsa-larnitech_en-1024x768.jpg 1024w, https:\/\/www.larnitech.com\/wp-content\/uploads\/2022\/09\/metaforsa-larnitech_en-300x225.jpg 300w, https:\/\/www.larnitech.com\/wp-content\/uploads\/2022\/09\/metaforsa-larnitech_en-768x576.jpg 768w, https:\/\/www.larnitech.com\/wp-content\/uploads\/2022\/09\/metaforsa-larnitech_en-1536x1152.jpg 1536w, https:\/\/www.larnitech.com\/wp-content\/uploads\/2022\/09\/metaforsa-larnitech_en.jpg 2048w\" sizes=\"auto, (max-width: 800px) 100vw, 800px\" \/><\/p>\n<h3>MODULI DI INTERFACCIA<\/h3>\n<p>Un unico sistema perfetto, dal pi\u00f9 semplice sensore al software e al servizio web.<\/p>\n<p>I moduli di interfaccia consentono di integrare diversi dispositivi in un sistema di automazione e controllo unificato (pannelli solari, dispositivi di misurazione, pompe di calore, ecc.)<\/p>\n<h3>COMPONENTI MODERNI DI ALTA QUALIT\u00c0<\/h3>\n<p>Prodotti altamente tecnologici ed ecologici che non occupano molto spazio e non rovinano il design.<\/p>\n<p>L&#8217;uso di componenti di qualit\u00e0 ci ha permesso di ampliare le funzionalit\u00e0 dei nostri dispositivi e di ridurne al minimo le dimensioni, il peso e il consumo energetico. Il sistema si avvale di microsensori e di unit\u00e0 di controllo compatte, che non intaccano gli interni della vostra casa.<\/p>\n<h3>AFFIDABILIT\u00c0<\/h3>\n<p>Qualit\u00e0 tedesca e garanzia di 2 anni sui dispositivi.<\/p>\n<p>Basato sul principio della &#8220;logica distribuita&#8221;, il nostro sistema non ha un&#8217;unit\u00e0 centrale, il che ne aumenta l&#8217;affidabilit\u00e0. Se un controllore, un modulo o un sensore si blocca, tutti gli altri dispositivi continuano a funzionare. I singoli componenti della rete comunicano tra loro ed eseguono le proprie funzioni in base alle informazioni ricevute dalle altre unit\u00e0.<\/p>\n<p>Per creare il sistema wireless \u00e8 stata utilizzata la tecnologia MESH. Tutti i componenti del sistema interagiscono tra loro per svolgere il lavoro nel modo pi\u00f9 efficiente possibile.<\/p>\n<h3>SISTEMA FLESSIBILE<\/h3>\n<p>Grazie alla logica distribuita, il sistema \u00e8 facilmente espandibile e consente di collegare molti dispositivi diversi, ampliando cos\u00ec le funzionalit\u00e0 del sistema. Gli utenti possono modificare alcune impostazioni del sistema senza l&#8217;aiuto di un esperto.<\/p>\n<h3>RISPARMIO DI RISORSE<\/h3>\n<p>Il risparmio fino al 30% delle risorse energetiche consente di rientrare rapidamente degli investimenti effettuati in una smart home.<\/p>\n<p>La Smart Home integra tutti i sistemi, garantendo un funzionamento ininterrotto ed efficiente. L&#8217;efficienza energetica si ottiene principalmente attraverso l&#8217;automazione dell&#8217;illuminazione e del microclima. Esistono diverse opzioni per l&#8217;impostazione del sistema, tra cui l&#8217;utilizzo di sensori di movimento, dati del calendario, impostazioni speciali, individuali per le diverse aree della casa, ecc. Le statistiche dei sensori e l&#8217;uso dei dispositivi elettrici possono essere utilizzati per ottimizzare il consumo di elettricit\u00e0.<\/p>\n<p>Larnitech vi offre soluzioni domotiche di alta qualit\u00e0 a prezzi accessibili! Rendete la vostra vita ancora pi\u00f9 comoda, conveniente e sicura, con una casa che si prender\u00e0 cura di tutto questo per voi!<\/p>\n<div class=\"partner_auth_button pt-5 pb-5 text-center\"><a class=\"btn btn-primary\" href=\"https:\/\/drive.google.com\/file\/d\/15p1bVG-B2drAMqsyPXaKJ5jACVGR8MDg\/view?usp=sharing\" target=\"_blank\" rel=\"nofollow noopener\">Scarica la presentazione<\/a><\/div>\n","protected":false},"excerpt":{"rendered":"<p>Il mondo moderno sta vivendo una spinta senza precedenti nella sfera dell&#8217;IT. Noi di Larnitech siamo pienamente consapevoli di questa tendenza e stiamo facendo tutto il possibile per fornire le nostre innovazioni nel campo della tecnologia delle smart home. Ci impegniamo a diventare leader nella nostra nicchia di mercato. Grazie ai nostri prodotti high-tech eco-compatibili,&#8230;<\/p>\n","protected":false},"author":5,"featured_media":0,"parent":0,"menu_order":0,"comment_status":"closed","ping_status":"closed","template":"","meta":{"inline_featured_image":false,"footnotes":""},"class_list":["post-10142","page","type-page","status-publish","hentry"],"acf":[],"yoast_head":"<!-- This site is optimized with the Yoast SEO Premium plugin v19.0.1 (Yoast SEO v19.12) - https:\/\/yoast.com\/wordpress\/plugins\/seo\/ -->\n<title>Chi siamo - Larnitech<\/title>\n<meta name=\"robots\" content=\"index, follow, max-snippet:-1, max-image-preview:large, max-video-preview:-1\" \/>\n<meta property=\"og:locale\" content=\"it_IT\" \/>\n<meta property=\"og:type\" content=\"article\" \/>\n<meta property=\"og:title\" content=\"Chi siamo\" \/>\n<meta property=\"og:description\" content=\"Il mondo moderno sta vivendo una spinta senza precedenti nella sfera dell&#8217;IT. Noi di Larnitech siamo pienamente consapevoli di questa tendenza e stiamo facendo tutto il possibile per fornire le nostre innovazioni nel campo della tecnologia delle smart home. Ci impegniamo a diventare leader nella nostra nicchia di mercato. Grazie ai nostri prodotti high-tech eco-compatibili,...\" \/>\n<meta property=\"og:url\" content=\"https:\/\/www.larnitech.com\/it\/chi-siamo\/\" \/>\n<meta property=\"og:site_name\" content=\"Larnitech\" \/>\n<meta property=\"article:modified_time\" content=\"2023-11-22T23:16:55+00:00\" \/>\n<meta name=\"twitter:card\" content=\"summary_large_image\" \/>\n<meta name=\"twitter:label1\" content=\"Tempo di lettura stimato\" \/>\n\t<meta name=\"twitter:data1\" content=\"6 minuti\" \/>\n<script type=\"application\/ld+json\" class=\"yoast-schema-graph\">{\"@context\":\"https:\/\/schema.org\",\"@graph\":[{\"@type\":\"WebPage\",\"@id\":\"https:\/\/www.larnitech.com\/it\/chi-siamo\/\",\"url\":\"https:\/\/www.larnitech.com\/it\/chi-siamo\/\",\"name\":\"Chi siamo - Larnitech\",\"isPartOf\":{\"@id\":\"https:\/\/www.larnitech.com\/#website\"},\"datePublished\":\"2023-10-26T15:54:13+00:00\",\"dateModified\":\"2023-11-22T23:16:55+00:00\",\"breadcrumb\":{\"@id\":\"https:\/\/www.larnitech.com\/it\/chi-siamo\/#breadcrumb\"},\"inLanguage\":\"it-IT\",\"potentialAction\":[{\"@type\":\"ReadAction\",\"target\":[\"https:\/\/www.larnitech.com\/it\/chi-siamo\/\"]}]},{\"@type\":\"BreadcrumbList\",\"@id\":\"https:\/\/www.larnitech.com\/it\/chi-siamo\/#breadcrumb\",\"itemListElement\":[{\"@type\":\"ListItem\",\"position\":1,\"name\":\"Home\",\"item\":\"https:\/\/www.larnitech.com\/it\/principale\/\"},{\"@type\":\"ListItem\",\"position\":2,\"name\":\"Chi siamo\"}]},{\"@type\":\"WebSite\",\"@id\":\"https:\/\/www.larnitech.com\/#website\",\"url\":\"https:\/\/www.larnitech.com\/\",\"name\":\"Larnitech\",\"description\":\"\",\"publisher\":{\"@id\":\"https:\/\/www.larnitech.com\/#organization\"},\"potentialAction\":[{\"@type\":\"SearchAction\",\"target\":{\"@type\":\"EntryPoint\",\"urlTemplate\":\"https:\/\/www.larnitech.com\/?s={search_term_string}\"},\"query-input\":\"required name=search_term_string\"}],\"inLanguage\":\"it-IT\"},{\"@type\":\"Organization\",\"@id\":\"https:\/\/www.larnitech.com\/#organization\",\"name\":\"Larnitech\",\"url\":\"https:\/\/www.larnitech.com\/\",\"logo\":{\"@type\":\"ImageObject\",\"inLanguage\":\"it-IT\",\"@id\":\"https:\/\/www.larnitech.com\/#\/schema\/logo\/image\/\",\"url\":\"https:\/\/www.larnitech.com\/wp-content\/uploads\/2022\/01\/logo_white.png\",\"contentUrl\":\"https:\/\/www.larnitech.com\/wp-content\/uploads\/2022\/01\/logo_white.png\",\"width\":1262,\"height\":274,\"caption\":\"Larnitech\"},\"image\":{\"@id\":\"https:\/\/www.larnitech.com\/#\/schema\/logo\/image\/\"}}]}<\/script>\n<!-- \/ Yoast SEO Premium plugin. -->","yoast_head_json":{"title":"Chi siamo - Larnitech","robots":{"index":"index","follow":"follow","max-snippet":"max-snippet:-1","max-image-preview":"max-image-preview:large","max-video-preview":"max-video-preview:-1"},"og_locale":"it_IT","og_type":"article","og_title":"Chi siamo","og_description":"Il mondo moderno sta vivendo una spinta senza precedenti nella sfera dell&#8217;IT. Noi di Larnitech siamo pienamente consapevoli di questa tendenza e stiamo facendo tutto il possibile per fornire le nostre innovazioni nel campo della tecnologia delle smart home. Ci impegniamo a diventare leader nella nostra nicchia di mercato. Grazie ai nostri prodotti high-tech eco-compatibili,...","og_url":"https:\/\/www.larnitech.com\/it\/chi-siamo\/","og_site_name":"Larnitech","article_modified_time":"2023-11-22T23:16:55+00:00","twitter_card":"summary_large_image","twitter_misc":{"Tempo di lettura stimato":"6 minuti"},"schema":{"@context":"https:\/\/schema.org","@graph":[{"@type":"WebPage","@id":"https:\/\/www.larnitech.com\/it\/chi-siamo\/","url":"https:\/\/www.larnitech.com\/it\/chi-siamo\/","name":"Chi siamo - Larnitech","isPartOf":{"@id":"https:\/\/www.larnitech.com\/#website"},"datePublished":"2023-10-26T15:54:13+00:00","dateModified":"2023-11-22T23:16:55+00:00","breadcrumb":{"@id":"https:\/\/www.larnitech.com\/it\/chi-siamo\/#breadcrumb"},"inLanguage":"it-IT","potentialAction":[{"@type":"ReadAction","target":["https:\/\/www.larnitech.com\/it\/chi-siamo\/"]}]},{"@type":"BreadcrumbList","@id":"https:\/\/www.larnitech.com\/it\/chi-siamo\/#breadcrumb","itemListElement":[{"@type":"ListItem","position":1,"name":"Home","item":"https:\/\/www.larnitech.com\/it\/principale\/"},{"@type":"ListItem","position":2,"name":"Chi siamo"}]},{"@type":"WebSite","@id":"https:\/\/www.larnitech.com\/#website","url":"https:\/\/www.larnitech.com\/","name":"Larnitech","description":"","publisher":{"@id":"https:\/\/www.larnitech.com\/#organization"},"potentialAction":[{"@type":"SearchAction","target":{"@type":"EntryPoint","urlTemplate":"https:\/\/www.larnitech.com\/?s={search_term_string}"},"query-input":"required name=search_term_string"}],"inLanguage":"it-IT"},{"@type":"Organization","@id":"https:\/\/www.larnitech.com\/#organization","name":"Larnitech","url":"https:\/\/www.larnitech.com\/","logo":{"@type":"ImageObject","inLanguage":"it-IT","@id":"https:\/\/www.larnitech.com\/#\/schema\/logo\/image\/","url":"https:\/\/www.larnitech.com\/wp-content\/uploads\/2022\/01\/logo_white.png","contentUrl":"https:\/\/www.larnitech.com\/wp-content\/uploads\/2022\/01\/logo_white.png","width":1262,"height":274,"caption":"Larnitech"},"image":{"@id":"https:\/\/www.larnitech.com\/#\/schema\/logo\/image\/"}}]}},"_links":{"self":[{"href":"https:\/\/www.larnitech.com\/it\/wp-json\/wp\/v2\/pages\/10142","targetHints":{"allow":["GET"]}}],"collection":[{"href":"https:\/\/www.larnitech.com\/it\/wp-json\/wp\/v2\/pages"}],"about":[{"href":"https:\/\/www.larnitech.com\/it\/wp-json\/wp\/v2\/types\/page"}],"author":[{"embeddable":true,"href":"https:\/\/www.larnitech.com\/it\/wp-json\/wp\/v2\/users\/5"}],"replies":[{"embeddable":true,"href":"https:\/\/www.larnitech.com\/it\/wp-json\/wp\/v2\/comments?post=10142"}],"version-history":[{"count":1,"href":"https:\/\/www.larnitech.com\/it\/wp-json\/wp\/v2\/pages\/10142\/revisions"}],"predecessor-version":[{"id":10144,"href":"https:\/\/www.larnitech.com\/it\/wp-json\/wp\/v2\/pages\/10142\/revisions\/10144"}],"wp:attachment":[{"href":"https:\/\/www.larnitech.com\/it\/wp-json\/wp\/v2\/media?parent=10142"}],"curies":[{"name":"wp","href":"https:\/\/api.w.org\/{rel}","templated":true}]}}