{"id":10612,"date":"2022-08-05T17:38:53","date_gmt":"2022-08-05T14:38:53","guid":{"rendered":"https:\/\/www.larnitech.com\/?post_type=product&#038;p=10612"},"modified":"2024-01-05T23:54:34","modified_gmt":"2024-01-05T21:54:34","slug":"metaforsa2-cloud","status":"publish","type":"product","link":"https:\/\/www.larnitech.com\/fr\/product\/metaforsa2-cloud\/","title":{"rendered":"METAFORSA2.CLOUD"},"content":{"rendered":"<p>METAFORSA SMART HOUSE est une solution pr\u00eate \u00e0 l&#8217;emploi pour l&#8217;automatisation des locaux r\u00e9sidentiels et commerciaux, des complexes h\u00f4teliers, qui comprend les caract\u00e9ristiques les plus recherch\u00e9es de la maison intelligente.<\/p>\n<p>L&#8217;appareil dispose de 10 canaux de contr\u00f4le, de 4 canaux de gradation, de 24 canaux de capteurs entrants et d&#8217;un port de connexion pour les capteurs num\u00e9riques.<\/p>\n<p>Metaforsa peut \u00eatre contr\u00f4l\u00e9 via le nuage avec un signal crypt\u00e9 en toute s\u00e9curit\u00e9. L&#8217;historique du syst\u00e8me de tous les autres appareils et capteurs est stock\u00e9 sur l&#8217;appareil pendant un an. Sa fonction &#8220;plug and play&#8221; signifie qu&#8217;il d\u00e9tecte et configure automatiquement les nouveaux dispositifs Larnitech qui sont ajout\u00e9s au syst\u00e8me. Une vaste base de donn\u00e9es de scripts pr\u00eats \u00e0 l&#8217;emploi, constamment mise \u00e0 jour, garantit que votre foyer est en mesure de r\u00e9pondre \u00e0 vos demandes les plus complexes. Cette unit\u00e9 universelle est capable de contr\u00f4ler des lumi\u00e8res, diff\u00e9rents types de vannes, des stores, des portails, des serrures et des ventilo-convecteurs (voir la liste compl\u00e8te ci-dessous). Mettez les choses en route en indiquant \u00e0 votre maison ce qu&#8217;elle doit faire avec l&#8217;aide de Siri, Alexa ou Google Home. Recevez des notifications push sur votre t\u00e9l\u00e9phone lorsque le syst\u00e8me a des choses \u00e0 vous dire et profitez d&#8217;un contr\u00f4le ultime au bout de vos doigts. Le kit Metaforsa est pr\u00eat \u00e0 \u00eatre install\u00e9 et \u00e0 r\u00e9pondre \u00e0 vos besoins d\u00e8s sa sortie de la bo\u00eete !<\/p>\n","protected":false},"featured_media":7183,"template":"","meta":{"inline_featured_image":false,"footnotes":""},"products":[37,49],"class_list":["post-10612","product","type-product","status-publish","has-post-thumbnail","hentry","products-din-rail-gateways","products-metaforsa-series"],"acf":[],"yoast_head":"<!-- This site is optimized with the Yoast SEO Premium plugin v19.0.1 (Yoast SEO v19.12) - https:\/\/yoast.com\/wordpress\/plugins\/seo\/ -->\n<title>METAFORSA2.CLOUD - Larnitech<\/title>\n<meta name=\"robots\" content=\"index, follow, max-snippet:-1, max-image-preview:large, max-video-preview:-1\" \/>\n<meta property=\"og:locale\" content=\"fr_FR\" \/>\n<meta property=\"og:type\" content=\"article\" \/>\n<meta property=\"og:title\" content=\"METAFORSA2.CLOUD\" \/>\n<meta property=\"og:description\" content=\"METAFORSA SMART HOUSE est une solution pr\u00eate \u00e0 l&#8217;emploi pour l&#8217;automatisation des locaux r\u00e9sidentiels et commerciaux, des complexes h\u00f4teliers, qui comprend les caract\u00e9ristiques les plus recherch\u00e9es de la maison intelligente. L&#8217;appareil dispose de 10 canaux de contr\u00f4le, de 4 canaux de gradation, de 24 canaux de capteurs entrants et d&#8217;un port de connexion pour les...\" \/>\n<meta property=\"og:url\" content=\"https:\/\/www.larnitech.com\/fr\/product\/metaforsa2-cloud\/\" \/>\n<meta property=\"og:site_name\" content=\"Larnitech\" \/>\n<meta property=\"article:modified_time\" content=\"2024-01-05T21:54:34+00:00\" \/>\n<meta property=\"og:image\" content=\"https:\/\/www.larnitech.com\/wp-content\/uploads\/2022\/08\/MFC.png\" \/>\n\t<meta property=\"og:image:width\" content=\"1556\" \/>\n\t<meta property=\"og:image:height\" content=\"1556\" \/>\n\t<meta property=\"og:image:type\" content=\"image\/png\" \/>\n<meta name=\"twitter:card\" content=\"summary_large_image\" \/>\n<meta name=\"twitter:label1\" content=\"Dur\u00e9e de lecture estim\u00e9e\" \/>\n\t<meta name=\"twitter:data1\" content=\"2 minutes\" \/>\n<script type=\"application\/ld+json\" class=\"yoast-schema-graph\">{\"@context\":\"https:\/\/schema.org\",\"@graph\":[{\"@type\":\"WebPage\",\"@id\":\"https:\/\/www.larnitech.com\/fr\/product\/metaforsa2-cloud\/\",\"url\":\"https:\/\/www.larnitech.com\/fr\/product\/metaforsa2-cloud\/\",\"name\":\"METAFORSA2.CLOUD - Larnitech\",\"isPartOf\":{\"@id\":\"https:\/\/www.larnitech.com\/#website\"},\"datePublished\":\"2022-08-05T14:38:53+00:00\",\"dateModified\":\"2024-01-05T21:54:34+00:00\",\"breadcrumb\":{\"@id\":\"https:\/\/www.larnitech.com\/fr\/product\/metaforsa2-cloud\/#breadcrumb\"},\"inLanguage\":\"fr-FR\",\"potentialAction\":[{\"@type\":\"ReadAction\",\"target\":[\"https:\/\/www.larnitech.com\/fr\/product\/metaforsa2-cloud\/\"]}]},{\"@type\":\"BreadcrumbList\",\"@id\":\"https:\/\/www.larnitech.com\/fr\/product\/metaforsa2-cloud\/#breadcrumb\",\"itemListElement\":[{\"@type\":\"ListItem\",\"position\":1,\"name\":\"Home\",\"item\":\"https:\/\/www.larnitech.com\/fr\/\"},{\"@type\":\"ListItem\",\"position\":2,\"name\":\"Products\",\"item\":\"https:\/\/www.larnitech.com\/ua\/product\/\"},{\"@type\":\"ListItem\",\"position\":3,\"name\":\"METAFORSA2.CLOUD\"}]},{\"@type\":\"WebSite\",\"@id\":\"https:\/\/www.larnitech.com\/#website\",\"url\":\"https:\/\/www.larnitech.com\/\",\"name\":\"Larnitech\",\"description\":\"\",\"publisher\":{\"@id\":\"https:\/\/www.larnitech.com\/#organization\"},\"potentialAction\":[{\"@type\":\"SearchAction\",\"target\":{\"@type\":\"EntryPoint\",\"urlTemplate\":\"https:\/\/www.larnitech.com\/?s={search_term_string}\"},\"query-input\":\"required name=search_term_string\"}],\"inLanguage\":\"fr-FR\"},{\"@type\":\"Organization\",\"@id\":\"https:\/\/www.larnitech.com\/#organization\",\"name\":\"Larnitech\",\"url\":\"https:\/\/www.larnitech.com\/\",\"logo\":{\"@type\":\"ImageObject\",\"inLanguage\":\"fr-FR\",\"@id\":\"https:\/\/www.larnitech.com\/#\/schema\/logo\/image\/\",\"url\":\"https:\/\/www.larnitech.com\/wp-content\/uploads\/2022\/01\/logo_white.png\",\"contentUrl\":\"https:\/\/www.larnitech.com\/wp-content\/uploads\/2022\/01\/logo_white.png\",\"width\":1262,\"height\":274,\"caption\":\"Larnitech\"},\"image\":{\"@id\":\"https:\/\/www.larnitech.com\/#\/schema\/logo\/image\/\"}}]}<\/script>\n<!-- \/ Yoast SEO Premium plugin. -->","yoast_head_json":{"title":"METAFORSA2.CLOUD - Larnitech","robots":{"index":"index","follow":"follow","max-snippet":"max-snippet:-1","max-image-preview":"max-image-preview:large","max-video-preview":"max-video-preview:-1"},"og_locale":"fr_FR","og_type":"article","og_title":"METAFORSA2.CLOUD","og_description":"METAFORSA SMART HOUSE est une solution pr\u00eate \u00e0 l&#8217;emploi pour l&#8217;automatisation des locaux r\u00e9sidentiels et commerciaux, des complexes h\u00f4teliers, qui comprend les caract\u00e9ristiques les plus recherch\u00e9es de la maison intelligente. L&#8217;appareil dispose de 10 canaux de contr\u00f4le, de 4 canaux de gradation, de 24 canaux de capteurs entrants et d&#8217;un port de connexion pour les...","og_url":"https:\/\/www.larnitech.com\/fr\/product\/metaforsa2-cloud\/","og_site_name":"Larnitech","article_modified_time":"2024-01-05T21:54:34+00:00","og_image":[{"width":1556,"height":1556,"url":"https:\/\/www.larnitech.com\/wp-content\/uploads\/2022\/08\/MFC.png","type":"image\/png"}],"twitter_card":"summary_large_image","twitter_misc":{"Dur\u00e9e de lecture estim\u00e9e":"2 minutes"},"schema":{"@context":"https:\/\/schema.org","@graph":[{"@type":"WebPage","@id":"https:\/\/www.larnitech.com\/fr\/product\/metaforsa2-cloud\/","url":"https:\/\/www.larnitech.com\/fr\/product\/metaforsa2-cloud\/","name":"METAFORSA2.CLOUD - Larnitech","isPartOf":{"@id":"https:\/\/www.larnitech.com\/#website"},"datePublished":"2022-08-05T14:38:53+00:00","dateModified":"2024-01-05T21:54:34+00:00","breadcrumb":{"@id":"https:\/\/www.larnitech.com\/fr\/product\/metaforsa2-cloud\/#breadcrumb"},"inLanguage":"fr-FR","potentialAction":[{"@type":"ReadAction","target":["https:\/\/www.larnitech.com\/fr\/product\/metaforsa2-cloud\/"]}]},{"@type":"BreadcrumbList","@id":"https:\/\/www.larnitech.com\/fr\/product\/metaforsa2-cloud\/#breadcrumb","itemListElement":[{"@type":"ListItem","position":1,"name":"Home","item":"https:\/\/www.larnitech.com\/fr\/"},{"@type":"ListItem","position":2,"name":"Products","item":"https:\/\/www.larnitech.com\/ua\/product\/"},{"@type":"ListItem","position":3,"name":"METAFORSA2.CLOUD"}]},{"@type":"WebSite","@id":"https:\/\/www.larnitech.com\/#website","url":"https:\/\/www.larnitech.com\/","name":"Larnitech","description":"","publisher":{"@id":"https:\/\/www.larnitech.com\/#organization"},"potentialAction":[{"@type":"SearchAction","target":{"@type":"EntryPoint","urlTemplate":"https:\/\/www.larnitech.com\/?s={search_term_string}"},"query-input":"required name=search_term_string"}],"inLanguage":"fr-FR"},{"@type":"Organization","@id":"https:\/\/www.larnitech.com\/#organization","name":"Larnitech","url":"https:\/\/www.larnitech.com\/","logo":{"@type":"ImageObject","inLanguage":"fr-FR","@id":"https:\/\/www.larnitech.com\/#\/schema\/logo\/image\/","url":"https:\/\/www.larnitech.com\/wp-content\/uploads\/2022\/01\/logo_white.png","contentUrl":"https:\/\/www.larnitech.com\/wp-content\/uploads\/2022\/01\/logo_white.png","width":1262,"height":274,"caption":"Larnitech"},"image":{"@id":"https:\/\/www.larnitech.com\/#\/schema\/logo\/image\/"}}]}},"_links":{"self":[{"href":"https:\/\/www.larnitech.com\/fr\/wp-json\/wp\/v2\/product\/10612","targetHints":{"allow":["GET"]}}],"collection":[{"href":"https:\/\/www.larnitech.com\/fr\/wp-json\/wp\/v2\/product"}],"about":[{"href":"https:\/\/www.larnitech.com\/fr\/wp-json\/wp\/v2\/types\/product"}],"version-history":[{"count":5,"href":"https:\/\/www.larnitech.com\/fr\/wp-json\/wp\/v2\/product\/10612\/revisions"}],"predecessor-version":[{"id":12139,"href":"https:\/\/www.larnitech.com\/fr\/wp-json\/wp\/v2\/product\/10612\/revisions\/12139"}],"wp:featuredmedia":[{"embeddable":true,"href":"https:\/\/www.larnitech.com\/fr\/wp-json\/wp\/v2\/media\/7183"}],"wp:attachment":[{"href":"https:\/\/www.larnitech.com\/fr\/wp-json\/wp\/v2\/media?parent=10612"}],"wp:term":[{"taxonomy":"products","embeddable":true,"href":"https:\/\/www.larnitech.com\/fr\/wp-json\/wp\/v2\/products?post=10612"}],"curies":[{"name":"wp","href":"https:\/\/api.w.org\/{rel}","templated":true}]}}