{"id":10611,"date":"2022-08-05T17:50:36","date_gmt":"2022-08-05T14:50:36","guid":{"rendered":"https:\/\/www.larnitech.com\/?post_type=product&#038;p=10611"},"modified":"2024-01-06T00:31:50","modified_gmt":"2024-01-05T22:31:50","slug":"dw-lc18","status":"publish","type":"product","link":"https:\/\/www.larnitech.com\/fr\/product\/dw-lc18\/","title":{"rendered":"DW-LC18"},"content":{"rendered":"<p>Ce module est con\u00e7u pour la commutation de circuits AC\/DC de haute puissance. Applicable pour l&#8217;\u00e9clairage, les prises de courant, la commande des ventilo-convecteurs, les serrures, les stores\/portes.<\/p>\n<p>Cette unit\u00e9 universelle est capable de contr\u00f4ler des lumi\u00e8res, diff\u00e9rents types de vannes, des stores, des portails, des serrures, des ventilo-convecteurs, etc. Le relais est peu bruyant et comporte des contacts sp\u00e9ciaux \u00e0 haute performance pour un courant d&#8217;appel de 120A 20ms. Comme tous les dispositifs Larnitech, cette unit\u00e9 de contr\u00f4le est automatiquement d\u00e9tect\u00e9e et configur\u00e9e lorsqu&#8217;elle est ajout\u00e9e au syst\u00e8me. DW-LC contient une unit\u00e9 logique qui permet \u00e0 l&#8217;unit\u00e9 d&#8217;ex\u00e9cuter des scripts \u00e0 partir de la grande base de donn\u00e9es de Larnitech, constamment mise \u00e0 jour, et de fonctionner en logique distribu\u00e9e, ce qui garantit la fiabilit\u00e9 de son fonctionnement.<\/p>\n","protected":false},"featured_media":7190,"template":"","meta":{"inline_featured_image":false,"footnotes":""},"products":[38],"class_list":["post-10611","product","type-product","status-publish","has-post-thumbnail","hentry","products-din-rail-actuators"],"acf":[],"yoast_head":"<!-- This site is optimized with the Yoast SEO Premium plugin v19.0.1 (Yoast SEO v19.12) - https:\/\/yoast.com\/wordpress\/plugins\/seo\/ -->\n<title>DW-LC18 - Larnitech<\/title>\n<meta name=\"robots\" content=\"index, follow, max-snippet:-1, max-image-preview:large, max-video-preview:-1\" \/>\n<meta property=\"og:locale\" content=\"fr_FR\" \/>\n<meta property=\"og:type\" content=\"article\" \/>\n<meta property=\"og:title\" content=\"DW-LC18\" \/>\n<meta property=\"og:description\" content=\"Ce module est con\u00e7u pour la commutation de circuits AC\/DC de haute puissance. Applicable pour l&#8217;\u00e9clairage, les prises de courant, la commande des ventilo-convecteurs, les serrures, les stores\/portes. Cette unit\u00e9 universelle est capable de contr\u00f4ler des lumi\u00e8res, diff\u00e9rents types de vannes, des stores, des portails, des serrures, des ventilo-convecteurs, etc. Le relais est peu bruyant...\" \/>\n<meta property=\"og:url\" content=\"https:\/\/www.larnitech.com\/fr\/product\/dw-lc18\/\" \/>\n<meta property=\"og:site_name\" content=\"Larnitech\" \/>\n<meta property=\"article:modified_time\" content=\"2024-01-05T22:31:50+00:00\" \/>\n<meta property=\"og:image\" content=\"https:\/\/www.larnitech.com\/wp-content\/uploads\/2022\/08\/DW-LC18-1.png\" \/>\n\t<meta property=\"og:image:width\" content=\"1266\" \/>\n\t<meta property=\"og:image:height\" content=\"1277\" \/>\n\t<meta property=\"og:image:type\" content=\"image\/png\" \/>\n<meta name=\"twitter:card\" content=\"summary_large_image\" \/>\n<meta name=\"twitter:label1\" content=\"Dur\u00e9e de lecture estim\u00e9e\" \/>\n\t<meta name=\"twitter:data1\" content=\"1 minute\" \/>\n<script type=\"application\/ld+json\" class=\"yoast-schema-graph\">{\"@context\":\"https:\/\/schema.org\",\"@graph\":[{\"@type\":\"WebPage\",\"@id\":\"https:\/\/www.larnitech.com\/fr\/product\/dw-lc18\/\",\"url\":\"https:\/\/www.larnitech.com\/fr\/product\/dw-lc18\/\",\"name\":\"DW-LC18 - Larnitech\",\"isPartOf\":{\"@id\":\"https:\/\/www.larnitech.com\/#website\"},\"datePublished\":\"2022-08-05T14:50:36+00:00\",\"dateModified\":\"2024-01-05T22:31:50+00:00\",\"breadcrumb\":{\"@id\":\"https:\/\/www.larnitech.com\/fr\/product\/dw-lc18\/#breadcrumb\"},\"inLanguage\":\"fr-FR\",\"potentialAction\":[{\"@type\":\"ReadAction\",\"target\":[\"https:\/\/www.larnitech.com\/fr\/product\/dw-lc18\/\"]}]},{\"@type\":\"BreadcrumbList\",\"@id\":\"https:\/\/www.larnitech.com\/fr\/product\/dw-lc18\/#breadcrumb\",\"itemListElement\":[{\"@type\":\"ListItem\",\"position\":1,\"name\":\"Home\",\"item\":\"https:\/\/www.larnitech.com\/fr\/\"},{\"@type\":\"ListItem\",\"position\":2,\"name\":\"Products\",\"item\":\"https:\/\/www.larnitech.com\/ua\/product\/\"},{\"@type\":\"ListItem\",\"position\":3,\"name\":\"DW-LC18\"}]},{\"@type\":\"WebSite\",\"@id\":\"https:\/\/www.larnitech.com\/#website\",\"url\":\"https:\/\/www.larnitech.com\/\",\"name\":\"Larnitech\",\"description\":\"\",\"publisher\":{\"@id\":\"https:\/\/www.larnitech.com\/#organization\"},\"potentialAction\":[{\"@type\":\"SearchAction\",\"target\":{\"@type\":\"EntryPoint\",\"urlTemplate\":\"https:\/\/www.larnitech.com\/?s={search_term_string}\"},\"query-input\":\"required name=search_term_string\"}],\"inLanguage\":\"fr-FR\"},{\"@type\":\"Organization\",\"@id\":\"https:\/\/www.larnitech.com\/#organization\",\"name\":\"Larnitech\",\"url\":\"https:\/\/www.larnitech.com\/\",\"logo\":{\"@type\":\"ImageObject\",\"inLanguage\":\"fr-FR\",\"@id\":\"https:\/\/www.larnitech.com\/#\/schema\/logo\/image\/\",\"url\":\"https:\/\/www.larnitech.com\/wp-content\/uploads\/2022\/01\/logo_white.png\",\"contentUrl\":\"https:\/\/www.larnitech.com\/wp-content\/uploads\/2022\/01\/logo_white.png\",\"width\":1262,\"height\":274,\"caption\":\"Larnitech\"},\"image\":{\"@id\":\"https:\/\/www.larnitech.com\/#\/schema\/logo\/image\/\"}}]}<\/script>\n<!-- \/ Yoast SEO Premium plugin. -->","yoast_head_json":{"title":"DW-LC18 - Larnitech","robots":{"index":"index","follow":"follow","max-snippet":"max-snippet:-1","max-image-preview":"max-image-preview:large","max-video-preview":"max-video-preview:-1"},"og_locale":"fr_FR","og_type":"article","og_title":"DW-LC18","og_description":"Ce module est con\u00e7u pour la commutation de circuits AC\/DC de haute puissance. Applicable pour l&#8217;\u00e9clairage, les prises de courant, la commande des ventilo-convecteurs, les serrures, les stores\/portes. Cette unit\u00e9 universelle est capable de contr\u00f4ler des lumi\u00e8res, diff\u00e9rents types de vannes, des stores, des portails, des serrures, des ventilo-convecteurs, etc. Le relais est peu bruyant...","og_url":"https:\/\/www.larnitech.com\/fr\/product\/dw-lc18\/","og_site_name":"Larnitech","article_modified_time":"2024-01-05T22:31:50+00:00","og_image":[{"width":1266,"height":1277,"url":"https:\/\/www.larnitech.com\/wp-content\/uploads\/2022\/08\/DW-LC18-1.png","type":"image\/png"}],"twitter_card":"summary_large_image","twitter_misc":{"Dur\u00e9e de lecture estim\u00e9e":"1 minute"},"schema":{"@context":"https:\/\/schema.org","@graph":[{"@type":"WebPage","@id":"https:\/\/www.larnitech.com\/fr\/product\/dw-lc18\/","url":"https:\/\/www.larnitech.com\/fr\/product\/dw-lc18\/","name":"DW-LC18 - Larnitech","isPartOf":{"@id":"https:\/\/www.larnitech.com\/#website"},"datePublished":"2022-08-05T14:50:36+00:00","dateModified":"2024-01-05T22:31:50+00:00","breadcrumb":{"@id":"https:\/\/www.larnitech.com\/fr\/product\/dw-lc18\/#breadcrumb"},"inLanguage":"fr-FR","potentialAction":[{"@type":"ReadAction","target":["https:\/\/www.larnitech.com\/fr\/product\/dw-lc18\/"]}]},{"@type":"BreadcrumbList","@id":"https:\/\/www.larnitech.com\/fr\/product\/dw-lc18\/#breadcrumb","itemListElement":[{"@type":"ListItem","position":1,"name":"Home","item":"https:\/\/www.larnitech.com\/fr\/"},{"@type":"ListItem","position":2,"name":"Products","item":"https:\/\/www.larnitech.com\/ua\/product\/"},{"@type":"ListItem","position":3,"name":"DW-LC18"}]},{"@type":"WebSite","@id":"https:\/\/www.larnitech.com\/#website","url":"https:\/\/www.larnitech.com\/","name":"Larnitech","description":"","publisher":{"@id":"https:\/\/www.larnitech.com\/#organization"},"potentialAction":[{"@type":"SearchAction","target":{"@type":"EntryPoint","urlTemplate":"https:\/\/www.larnitech.com\/?s={search_term_string}"},"query-input":"required name=search_term_string"}],"inLanguage":"fr-FR"},{"@type":"Organization","@id":"https:\/\/www.larnitech.com\/#organization","name":"Larnitech","url":"https:\/\/www.larnitech.com\/","logo":{"@type":"ImageObject","inLanguage":"fr-FR","@id":"https:\/\/www.larnitech.com\/#\/schema\/logo\/image\/","url":"https:\/\/www.larnitech.com\/wp-content\/uploads\/2022\/01\/logo_white.png","contentUrl":"https:\/\/www.larnitech.com\/wp-content\/uploads\/2022\/01\/logo_white.png","width":1262,"height":274,"caption":"Larnitech"},"image":{"@id":"https:\/\/www.larnitech.com\/#\/schema\/logo\/image\/"}}]}},"_links":{"self":[{"href":"https:\/\/www.larnitech.com\/fr\/wp-json\/wp\/v2\/product\/10611","targetHints":{"allow":["GET"]}}],"collection":[{"href":"https:\/\/www.larnitech.com\/fr\/wp-json\/wp\/v2\/product"}],"about":[{"href":"https:\/\/www.larnitech.com\/fr\/wp-json\/wp\/v2\/types\/product"}],"version-history":[{"count":5,"href":"https:\/\/www.larnitech.com\/fr\/wp-json\/wp\/v2\/product\/10611\/revisions"}],"predecessor-version":[{"id":12148,"href":"https:\/\/www.larnitech.com\/fr\/wp-json\/wp\/v2\/product\/10611\/revisions\/12148"}],"wp:featuredmedia":[{"embeddable":true,"href":"https:\/\/www.larnitech.com\/fr\/wp-json\/wp\/v2\/media\/7190"}],"wp:attachment":[{"href":"https:\/\/www.larnitech.com\/fr\/wp-json\/wp\/v2\/media?parent=10611"}],"wp:term":[{"taxonomy":"products","embeddable":true,"href":"https:\/\/www.larnitech.com\/fr\/wp-json\/wp\/v2\/products?post=10611"}],"curies":[{"name":"wp","href":"https:\/\/api.w.org\/{rel}","templated":true}]}}