{"id":10602,"date":"2022-08-05T23:18:45","date_gmt":"2022-08-05T20:18:45","guid":{"rendered":"https:\/\/www.larnitech.com\/?post_type=product&#038;p=10602"},"modified":"2024-01-06T01:07:01","modified_gmt":"2024-01-05T23:07:01","slug":"dw-dm04","status":"publish","type":"product","link":"https:\/\/www.larnitech.com\/fr\/product\/dw-dm04\/","title":{"rendered":"DW-DM04"},"content":{"rendered":"<p>Ce module est con\u00e7u pour r\u00e9gler en douceur la luminosit\u00e9 des dispositifs d&#8217;\u00e9clairage (charge non r\u00e9active). Le type de gradateur est un MOSFET avec gradation sur le bord de fuite.<\/p>\n<p>Comme tous les appareils Larnitech, ce contr\u00f4leur de gradation est automatiquement d\u00e9tect\u00e9 et configur\u00e9 lorsqu&#8217;il est ajout\u00e9 au syst\u00e8me. Une unit\u00e9 logique interne permet \u00e0 l&#8217;unit\u00e9 d&#8217;ex\u00e9cuter des scripts \u00e0 partir de la grande base de donn\u00e9es de Larnitech, constamment mise \u00e0 jour, et de fonctionner selon une logique distribu\u00e9e, ce qui garantit la fiabilit\u00e9 de son fonctionnement. Les r\u00e9glages avanc\u00e9s de la lumi\u00e8re LED permettent une configuration plus pr\u00e9cise, tandis que le mode d&#8217;allumage progressif prolonge la dur\u00e9e de vie de la lampe. En plus d&#8217;offrir une protection dans une s\u00e9rie de param\u00e8tres.<\/p>\n","protected":false},"featured_media":7218,"template":"","meta":{"inline_featured_image":false,"footnotes":""},"products":[38],"class_list":["post-10602","product","type-product","status-publish","has-post-thumbnail","hentry","products-din-rail-actuators"],"acf":[],"yoast_head":"<!-- This site is optimized with the Yoast SEO Premium plugin v19.0.1 (Yoast SEO v19.12) - https:\/\/yoast.com\/wordpress\/plugins\/seo\/ -->\n<title>DW-DM04 - Larnitech<\/title>\n<meta name=\"robots\" content=\"index, follow, max-snippet:-1, max-image-preview:large, max-video-preview:-1\" \/>\n<meta property=\"og:locale\" content=\"fr_FR\" \/>\n<meta property=\"og:type\" content=\"article\" \/>\n<meta property=\"og:title\" content=\"DW-DM04\" \/>\n<meta property=\"og:description\" content=\"Ce module est con\u00e7u pour r\u00e9gler en douceur la luminosit\u00e9 des dispositifs d&#8217;\u00e9clairage (charge non r\u00e9active). Le type de gradateur est un MOSFET avec gradation sur le bord de fuite. Comme tous les appareils Larnitech, ce contr\u00f4leur de gradation est automatiquement d\u00e9tect\u00e9 et configur\u00e9 lorsqu&#8217;il est ajout\u00e9 au syst\u00e8me. Une unit\u00e9 logique interne permet \u00e0...\" \/>\n<meta property=\"og:url\" content=\"https:\/\/www.larnitech.com\/fr\/product\/dw-dm04\/\" \/>\n<meta property=\"og:site_name\" content=\"Larnitech\" \/>\n<meta property=\"article:modified_time\" content=\"2024-01-05T23:07:01+00:00\" \/>\n<meta property=\"og:image\" content=\"https:\/\/www.larnitech.com\/wp-content\/uploads\/2022\/08\/DW-DM04-1.png\" \/>\n\t<meta property=\"og:image:width\" content=\"1408\" \/>\n\t<meta property=\"og:image:height\" content=\"1408\" \/>\n\t<meta property=\"og:image:type\" content=\"image\/png\" \/>\n<meta name=\"twitter:card\" content=\"summary_large_image\" \/>\n<meta name=\"twitter:label1\" content=\"Dur\u00e9e de lecture estim\u00e9e\" \/>\n\t<meta name=\"twitter:data1\" content=\"1 minute\" \/>\n<script type=\"application\/ld+json\" class=\"yoast-schema-graph\">{\"@context\":\"https:\/\/schema.org\",\"@graph\":[{\"@type\":\"WebPage\",\"@id\":\"https:\/\/www.larnitech.com\/fr\/product\/dw-dm04\/\",\"url\":\"https:\/\/www.larnitech.com\/fr\/product\/dw-dm04\/\",\"name\":\"DW-DM04 - Larnitech\",\"isPartOf\":{\"@id\":\"https:\/\/www.larnitech.com\/#website\"},\"datePublished\":\"2022-08-05T20:18:45+00:00\",\"dateModified\":\"2024-01-05T23:07:01+00:00\",\"breadcrumb\":{\"@id\":\"https:\/\/www.larnitech.com\/fr\/product\/dw-dm04\/#breadcrumb\"},\"inLanguage\":\"fr-FR\",\"potentialAction\":[{\"@type\":\"ReadAction\",\"target\":[\"https:\/\/www.larnitech.com\/fr\/product\/dw-dm04\/\"]}]},{\"@type\":\"BreadcrumbList\",\"@id\":\"https:\/\/www.larnitech.com\/fr\/product\/dw-dm04\/#breadcrumb\",\"itemListElement\":[{\"@type\":\"ListItem\",\"position\":1,\"name\":\"Home\",\"item\":\"https:\/\/www.larnitech.com\/fr\/\"},{\"@type\":\"ListItem\",\"position\":2,\"name\":\"Products\",\"item\":\"https:\/\/www.larnitech.com\/ua\/product\/\"},{\"@type\":\"ListItem\",\"position\":3,\"name\":\"DW-DM04\"}]},{\"@type\":\"WebSite\",\"@id\":\"https:\/\/www.larnitech.com\/#website\",\"url\":\"https:\/\/www.larnitech.com\/\",\"name\":\"Larnitech\",\"description\":\"\",\"publisher\":{\"@id\":\"https:\/\/www.larnitech.com\/#organization\"},\"potentialAction\":[{\"@type\":\"SearchAction\",\"target\":{\"@type\":\"EntryPoint\",\"urlTemplate\":\"https:\/\/www.larnitech.com\/?s={search_term_string}\"},\"query-input\":\"required name=search_term_string\"}],\"inLanguage\":\"fr-FR\"},{\"@type\":\"Organization\",\"@id\":\"https:\/\/www.larnitech.com\/#organization\",\"name\":\"Larnitech\",\"url\":\"https:\/\/www.larnitech.com\/\",\"logo\":{\"@type\":\"ImageObject\",\"inLanguage\":\"fr-FR\",\"@id\":\"https:\/\/www.larnitech.com\/#\/schema\/logo\/image\/\",\"url\":\"https:\/\/www.larnitech.com\/wp-content\/uploads\/2022\/01\/logo_white.png\",\"contentUrl\":\"https:\/\/www.larnitech.com\/wp-content\/uploads\/2022\/01\/logo_white.png\",\"width\":1262,\"height\":274,\"caption\":\"Larnitech\"},\"image\":{\"@id\":\"https:\/\/www.larnitech.com\/#\/schema\/logo\/image\/\"}}]}<\/script>\n<!-- \/ Yoast SEO Premium plugin. -->","yoast_head_json":{"title":"DW-DM04 - Larnitech","robots":{"index":"index","follow":"follow","max-snippet":"max-snippet:-1","max-image-preview":"max-image-preview:large","max-video-preview":"max-video-preview:-1"},"og_locale":"fr_FR","og_type":"article","og_title":"DW-DM04","og_description":"Ce module est con\u00e7u pour r\u00e9gler en douceur la luminosit\u00e9 des dispositifs d&#8217;\u00e9clairage (charge non r\u00e9active). Le type de gradateur est un MOSFET avec gradation sur le bord de fuite. Comme tous les appareils Larnitech, ce contr\u00f4leur de gradation est automatiquement d\u00e9tect\u00e9 et configur\u00e9 lorsqu&#8217;il est ajout\u00e9 au syst\u00e8me. Une unit\u00e9 logique interne permet \u00e0...","og_url":"https:\/\/www.larnitech.com\/fr\/product\/dw-dm04\/","og_site_name":"Larnitech","article_modified_time":"2024-01-05T23:07:01+00:00","og_image":[{"width":1408,"height":1408,"url":"https:\/\/www.larnitech.com\/wp-content\/uploads\/2022\/08\/DW-DM04-1.png","type":"image\/png"}],"twitter_card":"summary_large_image","twitter_misc":{"Dur\u00e9e de lecture estim\u00e9e":"1 minute"},"schema":{"@context":"https:\/\/schema.org","@graph":[{"@type":"WebPage","@id":"https:\/\/www.larnitech.com\/fr\/product\/dw-dm04\/","url":"https:\/\/www.larnitech.com\/fr\/product\/dw-dm04\/","name":"DW-DM04 - Larnitech","isPartOf":{"@id":"https:\/\/www.larnitech.com\/#website"},"datePublished":"2022-08-05T20:18:45+00:00","dateModified":"2024-01-05T23:07:01+00:00","breadcrumb":{"@id":"https:\/\/www.larnitech.com\/fr\/product\/dw-dm04\/#breadcrumb"},"inLanguage":"fr-FR","potentialAction":[{"@type":"ReadAction","target":["https:\/\/www.larnitech.com\/fr\/product\/dw-dm04\/"]}]},{"@type":"BreadcrumbList","@id":"https:\/\/www.larnitech.com\/fr\/product\/dw-dm04\/#breadcrumb","itemListElement":[{"@type":"ListItem","position":1,"name":"Home","item":"https:\/\/www.larnitech.com\/fr\/"},{"@type":"ListItem","position":2,"name":"Products","item":"https:\/\/www.larnitech.com\/ua\/product\/"},{"@type":"ListItem","position":3,"name":"DW-DM04"}]},{"@type":"WebSite","@id":"https:\/\/www.larnitech.com\/#website","url":"https:\/\/www.larnitech.com\/","name":"Larnitech","description":"","publisher":{"@id":"https:\/\/www.larnitech.com\/#organization"},"potentialAction":[{"@type":"SearchAction","target":{"@type":"EntryPoint","urlTemplate":"https:\/\/www.larnitech.com\/?s={search_term_string}"},"query-input":"required name=search_term_string"}],"inLanguage":"fr-FR"},{"@type":"Organization","@id":"https:\/\/www.larnitech.com\/#organization","name":"Larnitech","url":"https:\/\/www.larnitech.com\/","logo":{"@type":"ImageObject","inLanguage":"fr-FR","@id":"https:\/\/www.larnitech.com\/#\/schema\/logo\/image\/","url":"https:\/\/www.larnitech.com\/wp-content\/uploads\/2022\/01\/logo_white.png","contentUrl":"https:\/\/www.larnitech.com\/wp-content\/uploads\/2022\/01\/logo_white.png","width":1262,"height":274,"caption":"Larnitech"},"image":{"@id":"https:\/\/www.larnitech.com\/#\/schema\/logo\/image\/"}}]}},"_links":{"self":[{"href":"https:\/\/www.larnitech.com\/fr\/wp-json\/wp\/v2\/product\/10602","targetHints":{"allow":["GET"]}}],"collection":[{"href":"https:\/\/www.larnitech.com\/fr\/wp-json\/wp\/v2\/product"}],"about":[{"href":"https:\/\/www.larnitech.com\/fr\/wp-json\/wp\/v2\/types\/product"}],"version-history":[{"count":4,"href":"https:\/\/www.larnitech.com\/fr\/wp-json\/wp\/v2\/product\/10602\/revisions"}],"predecessor-version":[{"id":12164,"href":"https:\/\/www.larnitech.com\/fr\/wp-json\/wp\/v2\/product\/10602\/revisions\/12164"}],"wp:featuredmedia":[{"embeddable":true,"href":"https:\/\/www.larnitech.com\/fr\/wp-json\/wp\/v2\/media\/7218"}],"wp:attachment":[{"href":"https:\/\/www.larnitech.com\/fr\/wp-json\/wp\/v2\/media?parent=10602"}],"wp:term":[{"taxonomy":"products","embeddable":true,"href":"https:\/\/www.larnitech.com\/fr\/wp-json\/wp\/v2\/products?post=10602"}],"curies":[{"name":"wp","href":"https:\/\/api.w.org\/{rel}","templated":true}]}}