{"id":10521,"date":"2022-08-09T16:59:14","date_gmt":"2022-08-09T13:59:14","guid":{"rendered":"https:\/\/www.larnitech.com\/?post_type=product&#038;p=10521"},"modified":"2024-01-05T22:26:41","modified_gmt":"2024-01-05T20:26:41","slug":"fe-mp","status":"publish","type":"product","link":"https:\/\/www.larnitech.com\/fr\/product\/fe-mp\/","title":{"rendered":"FE-MP"},"content":{"rendered":"<p>Syst\u00e8me multiroom avec amplificateur int\u00e9gr\u00e9. Utilis\u00e9 pour \u00e9couter de la musique, la radio Internet, les notifications du syst\u00e8me. Prend en charge le protocole DLNA. Peut \u00eatre utilis\u00e9 dans le cadre du syst\u00e8me Smart Home ou s\u00e9par\u00e9ment<\/p>\n","protected":false},"featured_media":7484,"template":"","meta":{"inline_featured_image":false,"footnotes":""},"products":[48],"class_list":["post-10521","product","type-product","status-publish","has-post-thumbnail","hentry","products-multiroom"],"acf":[],"yoast_head":"<!-- This site is optimized with the Yoast SEO Premium plugin v19.0.1 (Yoast SEO v19.12) - https:\/\/yoast.com\/wordpress\/plugins\/seo\/ -->\n<title>FE-MP - Larnitech<\/title>\n<meta name=\"robots\" content=\"index, follow, max-snippet:-1, max-image-preview:large, max-video-preview:-1\" \/>\n<meta property=\"og:locale\" content=\"fr_FR\" \/>\n<meta property=\"og:type\" content=\"article\" \/>\n<meta property=\"og:title\" content=\"FE-MP\" \/>\n<meta property=\"og:description\" content=\"Syst\u00e8me multiroom avec amplificateur int\u00e9gr\u00e9. Utilis\u00e9 pour \u00e9couter de la musique, la radio Internet, les notifications du syst\u00e8me. Prend en charge le protocole DLNA. Peut \u00eatre utilis\u00e9 dans le cadre du syst\u00e8me Smart Home ou s\u00e9par\u00e9ment\" \/>\n<meta property=\"og:url\" content=\"https:\/\/www.larnitech.com\/fr\/product\/fe-mp\/\" \/>\n<meta property=\"og:site_name\" content=\"Larnitech\" \/>\n<meta property=\"article:modified_time\" content=\"2024-01-05T20:26:41+00:00\" \/>\n<meta property=\"og:image\" content=\"https:\/\/www.larnitech.com\/wp-content\/uploads\/2022\/08\/FE-MP-1.png\" \/>\n\t<meta property=\"og:image:width\" content=\"800\" \/>\n\t<meta property=\"og:image:height\" content=\"800\" \/>\n\t<meta property=\"og:image:type\" content=\"image\/png\" \/>\n<meta name=\"twitter:card\" content=\"summary_large_image\" \/>\n<meta name=\"twitter:label1\" content=\"Dur\u00e9e de lecture estim\u00e9e\" \/>\n\t<meta name=\"twitter:data1\" content=\"1 minute\" \/>\n<script type=\"application\/ld+json\" class=\"yoast-schema-graph\">{\"@context\":\"https:\/\/schema.org\",\"@graph\":[{\"@type\":\"WebPage\",\"@id\":\"https:\/\/www.larnitech.com\/fr\/product\/fe-mp\/\",\"url\":\"https:\/\/www.larnitech.com\/fr\/product\/fe-mp\/\",\"name\":\"FE-MP - Larnitech\",\"isPartOf\":{\"@id\":\"https:\/\/www.larnitech.com\/#website\"},\"datePublished\":\"2022-08-09T13:59:14+00:00\",\"dateModified\":\"2024-01-05T20:26:41+00:00\",\"breadcrumb\":{\"@id\":\"https:\/\/www.larnitech.com\/fr\/product\/fe-mp\/#breadcrumb\"},\"inLanguage\":\"fr-FR\",\"potentialAction\":[{\"@type\":\"ReadAction\",\"target\":[\"https:\/\/www.larnitech.com\/fr\/product\/fe-mp\/\"]}]},{\"@type\":\"BreadcrumbList\",\"@id\":\"https:\/\/www.larnitech.com\/fr\/product\/fe-mp\/#breadcrumb\",\"itemListElement\":[{\"@type\":\"ListItem\",\"position\":1,\"name\":\"Home\",\"item\":\"https:\/\/www.larnitech.com\/fr\/\"},{\"@type\":\"ListItem\",\"position\":2,\"name\":\"Products\",\"item\":\"https:\/\/www.larnitech.com\/ua\/product\/\"},{\"@type\":\"ListItem\",\"position\":3,\"name\":\"FE-MP\"}]},{\"@type\":\"WebSite\",\"@id\":\"https:\/\/www.larnitech.com\/#website\",\"url\":\"https:\/\/www.larnitech.com\/\",\"name\":\"Larnitech\",\"description\":\"\",\"publisher\":{\"@id\":\"https:\/\/www.larnitech.com\/#organization\"},\"potentialAction\":[{\"@type\":\"SearchAction\",\"target\":{\"@type\":\"EntryPoint\",\"urlTemplate\":\"https:\/\/www.larnitech.com\/?s={search_term_string}\"},\"query-input\":\"required name=search_term_string\"}],\"inLanguage\":\"fr-FR\"},{\"@type\":\"Organization\",\"@id\":\"https:\/\/www.larnitech.com\/#organization\",\"name\":\"Larnitech\",\"url\":\"https:\/\/www.larnitech.com\/\",\"logo\":{\"@type\":\"ImageObject\",\"inLanguage\":\"fr-FR\",\"@id\":\"https:\/\/www.larnitech.com\/#\/schema\/logo\/image\/\",\"url\":\"https:\/\/www.larnitech.com\/wp-content\/uploads\/2022\/01\/logo_white.png\",\"contentUrl\":\"https:\/\/www.larnitech.com\/wp-content\/uploads\/2022\/01\/logo_white.png\",\"width\":1262,\"height\":274,\"caption\":\"Larnitech\"},\"image\":{\"@id\":\"https:\/\/www.larnitech.com\/#\/schema\/logo\/image\/\"}}]}<\/script>\n<!-- \/ Yoast SEO Premium plugin. -->","yoast_head_json":{"title":"FE-MP - Larnitech","robots":{"index":"index","follow":"follow","max-snippet":"max-snippet:-1","max-image-preview":"max-image-preview:large","max-video-preview":"max-video-preview:-1"},"og_locale":"fr_FR","og_type":"article","og_title":"FE-MP","og_description":"Syst\u00e8me multiroom avec amplificateur int\u00e9gr\u00e9. Utilis\u00e9 pour \u00e9couter de la musique, la radio Internet, les notifications du syst\u00e8me. Prend en charge le protocole DLNA. Peut \u00eatre utilis\u00e9 dans le cadre du syst\u00e8me Smart Home ou s\u00e9par\u00e9ment","og_url":"https:\/\/www.larnitech.com\/fr\/product\/fe-mp\/","og_site_name":"Larnitech","article_modified_time":"2024-01-05T20:26:41+00:00","og_image":[{"width":800,"height":800,"url":"https:\/\/www.larnitech.com\/wp-content\/uploads\/2022\/08\/FE-MP-1.png","type":"image\/png"}],"twitter_card":"summary_large_image","twitter_misc":{"Dur\u00e9e de lecture estim\u00e9e":"1 minute"},"schema":{"@context":"https:\/\/schema.org","@graph":[{"@type":"WebPage","@id":"https:\/\/www.larnitech.com\/fr\/product\/fe-mp\/","url":"https:\/\/www.larnitech.com\/fr\/product\/fe-mp\/","name":"FE-MP - Larnitech","isPartOf":{"@id":"https:\/\/www.larnitech.com\/#website"},"datePublished":"2022-08-09T13:59:14+00:00","dateModified":"2024-01-05T20:26:41+00:00","breadcrumb":{"@id":"https:\/\/www.larnitech.com\/fr\/product\/fe-mp\/#breadcrumb"},"inLanguage":"fr-FR","potentialAction":[{"@type":"ReadAction","target":["https:\/\/www.larnitech.com\/fr\/product\/fe-mp\/"]}]},{"@type":"BreadcrumbList","@id":"https:\/\/www.larnitech.com\/fr\/product\/fe-mp\/#breadcrumb","itemListElement":[{"@type":"ListItem","position":1,"name":"Home","item":"https:\/\/www.larnitech.com\/fr\/"},{"@type":"ListItem","position":2,"name":"Products","item":"https:\/\/www.larnitech.com\/ua\/product\/"},{"@type":"ListItem","position":3,"name":"FE-MP"}]},{"@type":"WebSite","@id":"https:\/\/www.larnitech.com\/#website","url":"https:\/\/www.larnitech.com\/","name":"Larnitech","description":"","publisher":{"@id":"https:\/\/www.larnitech.com\/#organization"},"potentialAction":[{"@type":"SearchAction","target":{"@type":"EntryPoint","urlTemplate":"https:\/\/www.larnitech.com\/?s={search_term_string}"},"query-input":"required name=search_term_string"}],"inLanguage":"fr-FR"},{"@type":"Organization","@id":"https:\/\/www.larnitech.com\/#organization","name":"Larnitech","url":"https:\/\/www.larnitech.com\/","logo":{"@type":"ImageObject","inLanguage":"fr-FR","@id":"https:\/\/www.larnitech.com\/#\/schema\/logo\/image\/","url":"https:\/\/www.larnitech.com\/wp-content\/uploads\/2022\/01\/logo_white.png","contentUrl":"https:\/\/www.larnitech.com\/wp-content\/uploads\/2022\/01\/logo_white.png","width":1262,"height":274,"caption":"Larnitech"},"image":{"@id":"https:\/\/www.larnitech.com\/#\/schema\/logo\/image\/"}}]}},"_links":{"self":[{"href":"https:\/\/www.larnitech.com\/fr\/wp-json\/wp\/v2\/product\/10521","targetHints":{"allow":["GET"]}}],"collection":[{"href":"https:\/\/www.larnitech.com\/fr\/wp-json\/wp\/v2\/product"}],"about":[{"href":"https:\/\/www.larnitech.com\/fr\/wp-json\/wp\/v2\/types\/product"}],"version-history":[{"count":5,"href":"https:\/\/www.larnitech.com\/fr\/wp-json\/wp\/v2\/product\/10521\/revisions"}],"predecessor-version":[{"id":12107,"href":"https:\/\/www.larnitech.com\/fr\/wp-json\/wp\/v2\/product\/10521\/revisions\/12107"}],"wp:featuredmedia":[{"embeddable":true,"href":"https:\/\/www.larnitech.com\/fr\/wp-json\/wp\/v2\/media\/7484"}],"wp:attachment":[{"href":"https:\/\/www.larnitech.com\/fr\/wp-json\/wp\/v2\/media?parent=10521"}],"wp:term":[{"taxonomy":"products","embeddable":true,"href":"https:\/\/www.larnitech.com\/fr\/wp-json\/wp\/v2\/products?post=10521"}],"curies":[{"name":"wp","href":"https:\/\/api.w.org\/{rel}","templated":true}]}}