{"id":9473,"date":"2023-10-21T08:23:48","date_gmt":"2023-10-21T05:23:48","guid":{"rendered":"https:\/\/www.larnitech.com\/?page_id=9473"},"modified":"2023-11-23T01:14:33","modified_gmt":"2023-11-22T23:14:33","slug":"about","status":"publish","type":"page","link":"https:\/\/www.larnitech.com\/fr\/about\/","title":{"rendered":"About"},"content":{"rendered":"<p>Le monde moderne conna\u00eet un essor sans pr\u00e9c\u00e9dent dans le domaine des technologies de l&#8217;information. Chez Larnitech, nous sommes pleinement conscients de cette tendance et faisons tout ce qui est en notre pouvoir pour apporter notre part d&#8217;innovations dans le domaine de la technologie des maisons intelligentes. Nous nous effor\u00e7ons de devenir un leader dans notre niche de march\u00e9. Gr\u00e2ce \u00e0 nos produits high-tech respectueux de l&#8217;environnement, nous contribuons \u00e0 pr\u00e9server les ressources naturelles de la plan\u00e8te et remplissons notre mission : d\u00e9velopper des logements modernes qui allient id\u00e9es progressistes, confort et s\u00e9curit\u00e9.<\/p>\n<h2>Qui sommes-nous ?<\/h2>\n<p>Larnitech est un fabricant allemand d&#8217;\u00e9quipements pour l&#8217;automatisation des locaux priv\u00e9s et commerciaux. Nous sommes convaincus que tout ce qui est fait manuellement dans votre maison peut et doit \u00eatre automatis\u00e9.<\/p>\n<p><img loading=\"lazy\" decoding=\"async\" class=\"aligncenter wp-image-3080 size-large\" src=\"\/wp-content\/uploads\/2022\/09\/YOUR-HOME-CAN-BE-SMART--1024x768.png\" alt=\"\" width=\"800\" height=\"600\" srcset=\"https:\/\/www.larnitech.com\/wp-content\/uploads\/2022\/09\/YOUR-HOME-CAN-BE-SMART--1024x768.png 1024w, https:\/\/www.larnitech.com\/wp-content\/uploads\/2022\/09\/YOUR-HOME-CAN-BE-SMART--300x225.png 300w, https:\/\/www.larnitech.com\/wp-content\/uploads\/2022\/09\/YOUR-HOME-CAN-BE-SMART--768x576.png 768w, https:\/\/www.larnitech.com\/wp-content\/uploads\/2022\/09\/YOUR-HOME-CAN-BE-SMART-.png 1284w\" sizes=\"auto, (max-width: 800px) 100vw, 800px\" \/><\/p>\n<p>&nbsp;<\/p>\n<p><span style=\"font-weight: 400;\">Les solutions domestiques &#8220;intelligentes&#8221; de notre soci\u00e9t\u00e9 constituent un syst\u00e8me de contr\u00f4le et de gestion unique dot\u00e9 d&#8217;une interface pratique et accessible. Nous produisons un syst\u00e8me de maison intelligente filaire d\u00e9centralis\u00e9 qui fonctionne sur un bus CAN et se distingue des autres par sa vitesse de r\u00e9ponse. Nous avons \u00e9galement d\u00e9velopp\u00e9 notre propre application Larnitech, qui vous permet de contr\u00f4ler le syst\u00e8me \u00e0 partir d&#8217;appareils mobiles.<\/span><\/p>\n<p><span style=\"font-weight: 400;\">L&#8217;application est compatible avec iOS, Android, Linux et Windows et peut \u00eatre t\u00e9l\u00e9charg\u00e9e \u00e0 partir de l&#8217;App Store et du Play Market. L&#8217;interface intuitive de l&#8217;application, avec ses nombreuses fonctions et caract\u00e9ristiques, est si facile \u00e0 utiliser que m\u00eame un enfant peut facilement la ma\u00eetriser.<\/span><\/p>\n<p>Les solutions de notre soci\u00e9t\u00e9 sont efficaces et en m\u00eame temps simples, comme le c\u00e9l\u00e8bre constructeur LEGO. Nous proposons un ensemble d&#8217;\u00e9l\u00e9ments \u00e0 partir desquels vous pouvez r\u00e9aliser une automatisation minimale avec des fonctions de base ou une automatisation tr\u00e8s progressive avec un maximum de fonctionnalit\u00e9s.<\/p>\n<p><b>Larnitech Smart Home est :<\/b><\/p>\n<ul>\n<li>le confort dans votre maison<\/li>\n<li>la s\u00e9curit\u00e9 contre la p\u00e9n\u00e9tration, les fuites et les incendies<\/li>\n<li>\u00e9conomiser des ressources et du temps<\/li>\n<\/ul>\n<p>Avec Larnitech, vous ne vous occupez pas de la maison, elle s&#8217;occupe de vous !<\/p>\n<h2>Notre histoire<\/h2>\n<p>Larnitech a \u00e9t\u00e9 fond\u00e9e en 2014 \u00e0 Cologne, en Allemagne. Au cours des premi\u00e8res ann\u00e9es de notre activit\u00e9, nous avons produit des \u00e9quipements en utilisant nos technologies, mais dans des usines externalis\u00e9es. En 2019, nous avons lanc\u00e9 notre propre production, ouvert une usine \u00e0 cycle complet et d\u00e9m\u00e9nag\u00e9 de Cologne \u00e0 Freudenberg.<\/p>\n<p>Au cours de cette p\u00e9riode, trois g\u00e9n\u00e9rations d&#8217;\u00e9quipements domestiques intelligents ont \u00e9t\u00e9 d\u00e9velopp\u00e9es par nos sp\u00e9cialistes. Actuellement, nos produits sont import\u00e9s dans plus de 20 pays \u00e0 travers le monde, et le nombre de syst\u00e8mes domestiques intelligents install\u00e9s d\u00e9passe les dizaines de milliers.<\/p>\n<h2>Qu&#8217;est-ce qui nous distingue de nos concurrents ?<\/h2>\n<p>Notre \u00e9quipement est simple, mais en m\u00eame temps efficace et facile \u00e0 installer. Les composants du syst\u00e8me fonctionnent selon le principe du Plug&amp;Play &#8211; installation et lancement rapides, ce qui prend beaucoup plus de temps avec d&#8217;autres syst\u00e8mes.<br \/>\nNous offrons :<\/p>\n<ul>\n<li>haute qualit\u00e9<\/li>\n<li>prix abordable<\/li>\n<li>large fonctionnalit\u00e9<\/li>\n<li>la personnalisation pour chaque client<\/li>\n<li>syst\u00e8me de programmation simple<\/li>\n<li>une assistance en ligne et la possibilit\u00e9 de configurer le syst\u00e8me \u00e0 distance par nos sp\u00e9cialistes<\/li>\n<\/ul>\n<p>Une autre caract\u00e9ristique de notre syst\u00e8me est qu&#8217;il se surveille en permanence pour d\u00e9tecter les erreurs. Lorsqu&#8217;un probl\u00e8me survient, vous n&#8217;en \u00eates souvent m\u00eame pas conscient, car notre revendeur voit une notification d&#8217;erreur dans le panneau du revendeur et la corrige \u00e0 distance.<\/p>\n<p>Nous proposons \u00e9galement une solution unique sur le march\u00e9 : le kit Metaforsa. Il s&#8217;agit d&#8217;un ensemble universel dot\u00e9 de fonctions d&#8217;automatisation de base. Il est facile \u00e0 installer et pr\u00eat \u00e0 l&#8217;emploi d\u00e8s sa sortie de la bo\u00eete.<\/p>\n<p>Nous utilisons \u00e0 la fois un syst\u00e8me de communication filaire, plus fiable, plus durable et moins expos\u00e9 aux influences ext\u00e9rieures, et un syst\u00e8me sans fil.<\/p>\n<h2>Syst\u00e8me c\u00e2bl\u00e9<\/h2>\n<p>Tous les appareils sont reli\u00e9s par des bus de donn\u00e9es. Les principaux avantages de ce type de syst\u00e8me sont les suivants :<\/p>\n<ul>\n<li>Une grande r\u00e9activit\u00e9, un moyen rapide et fiable de communiquer des donn\u00e9es<\/li>\n<li>Installation facile<\/li>\n<li>Large gamme d&#8217;\u00e9quipements<\/li>\n<li>Des dispositifs de s\u00e9curit\u00e9 efficaces<\/li>\n<li>Longue p\u00e9riode de service<\/li>\n<li>Le syst\u00e8me ne comporte pas de dispositifs aliment\u00e9s par des piles qui doivent \u00eatre remplac\u00e9es r\u00e9guli\u00e8rement.<\/li>\n<\/ul>\n<h2>Syst\u00e8me sans fil<\/h2>\n<p>Ce type de syst\u00e8me utilise un canal radio pour transf\u00e9rer les signaux du dispositif de contr\u00f4le aux unit\u00e9s ex\u00e9cutives.<\/p>\n<p>Les principaux avantages de ce syst\u00e8me sont :<\/p>\n<ul>\n<li>\u00c9conomie substantielle &#8211; lors de l&#8217;installation du syst\u00e8me, il n&#8217;est pas n\u00e9cessaire de poser des c\u00e2bles, ce qui r\u00e9duit le co\u00fbt des consommables et des travaux.<\/li>\n<li>Installation flexible et facile du syst\u00e8me<\/li>\n<li>Possibilit\u00e9 d&#8217;\u00e9tendre facilement le syst\u00e8me actuel<\/li>\n<\/ul>\n<h2>Avantages de travailler avec une entreprise<\/h2>\n<p>Pourquoi installer notre syst\u00e8me de maison intelligente ?<\/p>\n<p>Nous utilisons dans notre travail l&#8217;\u00e9quipement europ\u00e9en le plus moderne, que nous produisons dans notre propre usine \u00e0 cycle complet.<\/p>\n<p>Nos revendeurs sont des professionnels dot\u00e9s d&#8217;une longue exp\u00e9rience qui installeront le syst\u00e8me le plus rapidement et le plus efficacement possible, en tenant compte de tous vos souhaits.<\/p>\n<p>Acc\u00e8s \u00e0 distance pour l&#8217;installation : toutes les modifications peuvent \u00eatre effectu\u00e9es sans se rendre sur place.<\/p>\n<p>La fonctionnalit\u00e9 de nos appareils vous permet de contr\u00f4ler tous les aspects de la gestion de votre maison, appartement ou bureau. Les capteurs \u00e9mettent un signal lorsqu&#8217;une fuite d&#8217;eau ou de gaz est d\u00e9tect\u00e9e, les d\u00e9tecteurs de mouvement activent les cam\u00e9ras et vous recevez une image sur votre smartphone ou votre tablette en cas d&#8217;entr\u00e9e non autoris\u00e9e.<\/p>\n<p>L&#8217;utilisateur a \u00e9galement la possibilit\u00e9 de contr\u00f4ler le syst\u00e8me d&#8217;\u00e9clairage de chaque pi\u00e8ce, d&#8217;allumer l&#8217;installation \u00e9lectrique, la climatisation ou une cha\u00eene hi-fi en fonction d&#8217;un calendrier. De plus, tout cela peut \u00eatre fait \u00e0 la fois directement sur place et \u00e0 distance &#8211; par exemple, sur le chemin du retour \u00e0 la maison.<\/p>\n<p>Le contr\u00f4le de la maison intelligente s&#8217;effectue \u00e0 partir de n&#8217;importe quel appareil &#8211; vous pouvez utiliser un smartphone, une tablette, un ordinateur portable ou m\u00eame une montre intelligente. Une application unique d\u00e9velopp\u00e9e par notre soci\u00e9t\u00e9 pour contr\u00f4ler les fonctionnalit\u00e9s de la maison intelligente, ainsi qu&#8217;une solution pr\u00eate \u00e0 l&#8217;emploi &#8220;out of the box&#8221; vous permettent de transformer votre maison en un espace moderne, multifonctionnel et confortable pour vivre et travailler.<\/p>\n<p><img loading=\"lazy\" decoding=\"async\" class=\"size-large wp-image-3473 aligncenter\" src=\"\/wp-content\/uploads\/2022\/09\/metaforsa-larnitech_en-1024x768.jpg\" alt=\"\" width=\"800\" height=\"600\" srcset=\"https:\/\/www.larnitech.com\/wp-content\/uploads\/2022\/09\/metaforsa-larnitech_en-1024x768.jpg 1024w, https:\/\/www.larnitech.com\/wp-content\/uploads\/2022\/09\/metaforsa-larnitech_en-300x225.jpg 300w, https:\/\/www.larnitech.com\/wp-content\/uploads\/2022\/09\/metaforsa-larnitech_en-768x576.jpg 768w, https:\/\/www.larnitech.com\/wp-content\/uploads\/2022\/09\/metaforsa-larnitech_en-1536x1152.jpg 1536w, https:\/\/www.larnitech.com\/wp-content\/uploads\/2022\/09\/metaforsa-larnitech_en.jpg 2048w\" sizes=\"auto, (max-width: 800px) 100vw, 800px\" \/><\/p>\n<h3>MODULES D&#8217;INTERFACE<\/h3>\n<p>Un syst\u00e8me unique et parfait, du capteur le plus simple au logiciel et au service web.<\/p>\n<p>Les modules d&#8217;interface permettent d&#8217;int\u00e9grer diff\u00e9rents dispositifs dans un syst\u00e8me unifi\u00e9 d&#8217;automatisation et de contr\u00f4le (panneaux solaires, compteurs, pompes \u00e0 chaleur, etc.).<\/p>\n<h3>DES COMPOSANTS MODERNES DE HAUTE QUALIT\u00c9<\/h3>\n<p>Des produits de haute technologie et respectueux de l&#8217;environnement qui ne prennent pas beaucoup de place et ne g\u00e2chent pas le design.<\/p>\n<p>L&#8217;utilisation de composants de qualit\u00e9 nous a permis d&#8217;\u00e9tendre la fonctionnalit\u00e9 de nos \u00e9quipements tout en r\u00e9duisant leur taille, leur poids et leur consommation d&#8217;\u00e9nergie au minimum. Le syst\u00e8me utilise des micro-capteurs et des unit\u00e9s de contr\u00f4le compactes qui n&#8217;affecteront pas l&#8217;int\u00e9rieur de votre maison.<\/p>\n<h3>FIABILIT\u00c9<\/h3>\n<p>Qualit\u00e9 allemande et garantie de 2 ans sur l&#8217;\u00e9quipement<\/p>\n<p>Bas\u00e9 sur le principe de la &#8220;logique distribu\u00e9e&#8221;, notre syst\u00e8me n&#8217;a pas d&#8217;unit\u00e9 centrale, ce qui augmente sa fiabilit\u00e9. Si un contr\u00f4leur, un module ou un capteur se bloque, tous les autres appareils continueront \u00e0 fonctionner. Les composants individuels du r\u00e9seau communiquent entre eux et ex\u00e9cutent leurs propres fonctions sur la base des informations re\u00e7ues des autres unit\u00e9s.<\/p>\n<p>La technologie MESH a \u00e9t\u00e9 utilis\u00e9e pour cr\u00e9er le syst\u00e8me sans fil. Tous les composants du syst\u00e8me interagissent les uns avec les autres afin de r\u00e9aliser le travail de la mani\u00e8re la plus efficace possible.<\/p>\n<h3>FLEXIBILIT\u00c9 DU SYST\u00c8ME<\/h3>\n<p>Gr\u00e2ce \u00e0 la logique distribu\u00e9e, le syst\u00e8me est facilement extensible et permet de connecter de nombreux dispositifs diff\u00e9rents, \u00e9tendant ainsi la fonctionnalit\u00e9 du syst\u00e8me. Les utilisateurs peuvent modifier certains param\u00e8tres du syst\u00e8me sans l&#8217;aide d&#8217;un sp\u00e9cialiste.<\/p>\n<h3>\u00c9CONOMISER LES RESSOURCES<\/h3>\n<p>En \u00e9conomisant jusqu&#8217;\u00e0 30 % des ressources \u00e9nerg\u00e9tiques, vous rentabilisez rapidement les investissements r\u00e9alis\u00e9s dans une maison intelligente.<\/p>\n<p>La maison intelligente int\u00e8gre tous les syst\u00e8mes, garantissant un fonctionnement ininterrompu et efficace. L&#8217;efficacit\u00e9 \u00e9nerg\u00e9tique est obtenue principalement par l&#8217;automatisation de l&#8217;\u00e9clairage et du microclimat. Il existe plusieurs options pour configurer le syst\u00e8me : utilisation de capteurs de mouvement, de donn\u00e9es de calendrier, de r\u00e9glages sp\u00e9ciaux, de r\u00e9glages individuels pour diff\u00e9rentes zones de la maison, etc. Les statistiques des capteurs et l&#8217;utilisation des appareils \u00e9lectriques peuvent \u00eatre utilis\u00e9es pour optimiser la consommation d&#8217;\u00e9lectricit\u00e9.<\/p>\n<p>Larnitech vous propose des solutions domotiques de haute qualit\u00e9 \u00e0 des prix abordables ! Rendez votre vie encore plus confortable, pratique et s\u00fbre, avec une maison qui s&#8217;occupe de tout cela pour vous !<\/p>\n<div class=\"partner_auth_button pt-5 pb-5 text-center\"><a class=\"btn btn-primary\" href=\"https:\/\/drive.google.com\/file\/d\/15p1bVG-B2drAMqsyPXaKJ5jACVGR8MDg\/view?usp=sharing\" target=\"_blank\" rel=\"nofollow noopener\">T\u00e9l\u00e9charger la pr\u00e9sentation<\/a><\/div>\n","protected":false},"excerpt":{"rendered":"<p>Le monde moderne conna\u00eet un essor sans pr\u00e9c\u00e9dent dans le domaine des technologies de l&#8217;information. Chez Larnitech, nous sommes pleinement conscients de cette tendance et faisons tout ce qui est en notre pouvoir pour apporter notre part d&#8217;innovations dans le domaine de la technologie des maisons intelligentes. Nous nous effor\u00e7ons de devenir un leader dans&#8230;<\/p>\n","protected":false},"author":5,"featured_media":0,"parent":0,"menu_order":0,"comment_status":"closed","ping_status":"closed","template":"","meta":{"inline_featured_image":false,"footnotes":""},"class_list":["post-9473","page","type-page","status-publish","hentry"],"acf":[],"yoast_head":"<!-- This site is optimized with the Yoast SEO Premium plugin v19.0.1 (Yoast SEO v19.12) - https:\/\/yoast.com\/wordpress\/plugins\/seo\/ -->\n<title>About - Larnitech<\/title>\n<meta name=\"robots\" content=\"index, follow, max-snippet:-1, max-image-preview:large, max-video-preview:-1\" \/>\n<meta property=\"og:locale\" content=\"fr_FR\" \/>\n<meta property=\"og:type\" content=\"article\" \/>\n<meta property=\"og:title\" content=\"About\" \/>\n<meta property=\"og:description\" content=\"Le monde moderne conna\u00eet un essor sans pr\u00e9c\u00e9dent dans le domaine des technologies de l&#8217;information. Chez Larnitech, nous sommes pleinement conscients de cette tendance et faisons tout ce qui est en notre pouvoir pour apporter notre part d&#8217;innovations dans le domaine de la technologie des maisons intelligentes. Nous nous effor\u00e7ons de devenir un leader dans...\" \/>\n<meta property=\"og:url\" content=\"https:\/\/www.larnitech.com\/fr\/about\/\" \/>\n<meta property=\"og:site_name\" content=\"Larnitech\" \/>\n<meta property=\"article:modified_time\" content=\"2023-11-22T23:14:33+00:00\" \/>\n<meta name=\"twitter:card\" content=\"summary_large_image\" \/>\n<meta name=\"twitter:label1\" content=\"Dur\u00e9e de lecture estim\u00e9e\" \/>\n\t<meta name=\"twitter:data1\" content=\"8 minutes\" \/>\n<script type=\"application\/ld+json\" class=\"yoast-schema-graph\">{\"@context\":\"https:\/\/schema.org\",\"@graph\":[{\"@type\":\"WebPage\",\"@id\":\"https:\/\/www.larnitech.com\/fr\/about\/\",\"url\":\"https:\/\/www.larnitech.com\/fr\/about\/\",\"name\":\"About - Larnitech\",\"isPartOf\":{\"@id\":\"https:\/\/www.larnitech.com\/#website\"},\"datePublished\":\"2023-10-21T05:23:48+00:00\",\"dateModified\":\"2023-11-22T23:14:33+00:00\",\"breadcrumb\":{\"@id\":\"https:\/\/www.larnitech.com\/fr\/about\/#breadcrumb\"},\"inLanguage\":\"fr-FR\",\"potentialAction\":[{\"@type\":\"ReadAction\",\"target\":[\"https:\/\/www.larnitech.com\/fr\/about\/\"]}]},{\"@type\":\"BreadcrumbList\",\"@id\":\"https:\/\/www.larnitech.com\/fr\/about\/#breadcrumb\",\"itemListElement\":[{\"@type\":\"ListItem\",\"position\":1,\"name\":\"Home\",\"item\":\"https:\/\/www.larnitech.com\/fr\/\"},{\"@type\":\"ListItem\",\"position\":2,\"name\":\"About\"}]},{\"@type\":\"WebSite\",\"@id\":\"https:\/\/www.larnitech.com\/#website\",\"url\":\"https:\/\/www.larnitech.com\/\",\"name\":\"Larnitech\",\"description\":\"\",\"publisher\":{\"@id\":\"https:\/\/www.larnitech.com\/#organization\"},\"potentialAction\":[{\"@type\":\"SearchAction\",\"target\":{\"@type\":\"EntryPoint\",\"urlTemplate\":\"https:\/\/www.larnitech.com\/?s={search_term_string}\"},\"query-input\":\"required name=search_term_string\"}],\"inLanguage\":\"fr-FR\"},{\"@type\":\"Organization\",\"@id\":\"https:\/\/www.larnitech.com\/#organization\",\"name\":\"Larnitech\",\"url\":\"https:\/\/www.larnitech.com\/\",\"logo\":{\"@type\":\"ImageObject\",\"inLanguage\":\"fr-FR\",\"@id\":\"https:\/\/www.larnitech.com\/#\/schema\/logo\/image\/\",\"url\":\"https:\/\/www.larnitech.com\/wp-content\/uploads\/2022\/01\/logo_white.png\",\"contentUrl\":\"https:\/\/www.larnitech.com\/wp-content\/uploads\/2022\/01\/logo_white.png\",\"width\":1262,\"height\":274,\"caption\":\"Larnitech\"},\"image\":{\"@id\":\"https:\/\/www.larnitech.com\/#\/schema\/logo\/image\/\"}}]}<\/script>\n<!-- \/ Yoast SEO Premium plugin. -->","yoast_head_json":{"title":"About - Larnitech","robots":{"index":"index","follow":"follow","max-snippet":"max-snippet:-1","max-image-preview":"max-image-preview:large","max-video-preview":"max-video-preview:-1"},"og_locale":"fr_FR","og_type":"article","og_title":"About","og_description":"Le monde moderne conna\u00eet un essor sans pr\u00e9c\u00e9dent dans le domaine des technologies de l&#8217;information. Chez Larnitech, nous sommes pleinement conscients de cette tendance et faisons tout ce qui est en notre pouvoir pour apporter notre part d&#8217;innovations dans le domaine de la technologie des maisons intelligentes. Nous nous effor\u00e7ons de devenir un leader dans...","og_url":"https:\/\/www.larnitech.com\/fr\/about\/","og_site_name":"Larnitech","article_modified_time":"2023-11-22T23:14:33+00:00","twitter_card":"summary_large_image","twitter_misc":{"Dur\u00e9e de lecture estim\u00e9e":"8 minutes"},"schema":{"@context":"https:\/\/schema.org","@graph":[{"@type":"WebPage","@id":"https:\/\/www.larnitech.com\/fr\/about\/","url":"https:\/\/www.larnitech.com\/fr\/about\/","name":"About - Larnitech","isPartOf":{"@id":"https:\/\/www.larnitech.com\/#website"},"datePublished":"2023-10-21T05:23:48+00:00","dateModified":"2023-11-22T23:14:33+00:00","breadcrumb":{"@id":"https:\/\/www.larnitech.com\/fr\/about\/#breadcrumb"},"inLanguage":"fr-FR","potentialAction":[{"@type":"ReadAction","target":["https:\/\/www.larnitech.com\/fr\/about\/"]}]},{"@type":"BreadcrumbList","@id":"https:\/\/www.larnitech.com\/fr\/about\/#breadcrumb","itemListElement":[{"@type":"ListItem","position":1,"name":"Home","item":"https:\/\/www.larnitech.com\/fr\/"},{"@type":"ListItem","position":2,"name":"About"}]},{"@type":"WebSite","@id":"https:\/\/www.larnitech.com\/#website","url":"https:\/\/www.larnitech.com\/","name":"Larnitech","description":"","publisher":{"@id":"https:\/\/www.larnitech.com\/#organization"},"potentialAction":[{"@type":"SearchAction","target":{"@type":"EntryPoint","urlTemplate":"https:\/\/www.larnitech.com\/?s={search_term_string}"},"query-input":"required name=search_term_string"}],"inLanguage":"fr-FR"},{"@type":"Organization","@id":"https:\/\/www.larnitech.com\/#organization","name":"Larnitech","url":"https:\/\/www.larnitech.com\/","logo":{"@type":"ImageObject","inLanguage":"fr-FR","@id":"https:\/\/www.larnitech.com\/#\/schema\/logo\/image\/","url":"https:\/\/www.larnitech.com\/wp-content\/uploads\/2022\/01\/logo_white.png","contentUrl":"https:\/\/www.larnitech.com\/wp-content\/uploads\/2022\/01\/logo_white.png","width":1262,"height":274,"caption":"Larnitech"},"image":{"@id":"https:\/\/www.larnitech.com\/#\/schema\/logo\/image\/"}}]}},"_links":{"self":[{"href":"https:\/\/www.larnitech.com\/fr\/wp-json\/wp\/v2\/pages\/9473","targetHints":{"allow":["GET"]}}],"collection":[{"href":"https:\/\/www.larnitech.com\/fr\/wp-json\/wp\/v2\/pages"}],"about":[{"href":"https:\/\/www.larnitech.com\/fr\/wp-json\/wp\/v2\/types\/page"}],"author":[{"embeddable":true,"href":"https:\/\/www.larnitech.com\/fr\/wp-json\/wp\/v2\/users\/5"}],"replies":[{"embeddable":true,"href":"https:\/\/www.larnitech.com\/fr\/wp-json\/wp\/v2\/comments?post=9473"}],"version-history":[{"count":2,"href":"https:\/\/www.larnitech.com\/fr\/wp-json\/wp\/v2\/pages\/9473\/revisions"}],"predecessor-version":[{"id":11369,"href":"https:\/\/www.larnitech.com\/fr\/wp-json\/wp\/v2\/pages\/9473\/revisions\/11369"}],"wp:attachment":[{"href":"https:\/\/www.larnitech.com\/fr\/wp-json\/wp\/v2\/media?parent=9473"}],"curies":[{"name":"wp","href":"https:\/\/api.w.org\/{rel}","templated":true}]}}