{"id":11925,"date":"2023-12-24T00:33:26","date_gmt":"2023-12-23T22:33:26","guid":{"rendered":"https:\/\/www.larnitech.com\/impressum\/"},"modified":"2023-12-24T00:33:26","modified_gmt":"2023-12-23T22:33:26","slug":"impressum","status":"publish","type":"page","link":"https:\/\/www.larnitech.com\/fr\/impressum\/","title":{"rendered":"Impressum"},"content":{"rendered":"<p>Larnitech GmbH<br \/>\nWernher-von-Braun-Strasse 4, 58730 Fr\u00f6ndenberg<br \/>\nTel.: +49 2378 9259 632<br \/>\nE-Mail: info@larnitech.de<\/p>\n<p>Num\u00e9ro fiscal : DE301466674<br \/>\nInscription au registre : Tribunal d&#8217;instance de Cologne, HRB 85041<\/p>\n<p><strong>Exclusion de responsabilit\u00e9<\/strong><br \/>\nLe contenu de nos pages a \u00e9t\u00e9 \u00e9labor\u00e9 avec le plus grand soin. Nous ne pouvons toutefois pas garantir l&#8217;exactitude, l&#8217;exhaustivit\u00e9 et l&#8217;actualit\u00e9 des contenus. En tant que prestataire de services, nous sommes tenus, conform\u00e9ment au \u00a7 7 al.1 TMG pour ses propres contenus sur ces pages selon les lois g\u00e9n\u00e9rales. Selon les \u00a7\u00a7 8 \u00e0 10 de la loi allemande sur les m\u00e9dias \u00e9lectroniques (TMG), nous ne sommes toutefois pas tenus, en tant que prestataire de services, de surveiller les informations externes transmises ou enregistr\u00e9es ou de rechercher des circonstances indiquant une activit\u00e9 ill\u00e9gale. Les obligations de supprimer ou de bloquer l&#8217;utilisation d&#8217;informations conform\u00e9ment aux lois g\u00e9n\u00e9rales restent inchang\u00e9es. Une responsabilit\u00e9 \u00e0 cet \u00e9gard n&#8217;est toutefois possible qu&#8217;\u00e0 partir du moment o\u00f9 une violation concr\u00e8te de la loi est connue. D\u00e8s que nous aurons connaissance de telles violations, nous retirerons imm\u00e9diatement ces contenus.<br \/>\nNotre offre contient des liens vers des sites web externes de tiers, sur le contenu desquels nous n&#8217;avons aucune influence. C&#8217;est pourquoi nous ne pouvons pas non plus nous porter garants de ces contenus \u00e9trangers. Le fournisseur ou l&#8217;exploitant des pages li\u00e9es est toujours responsable du contenu de ces pages. Les pages li\u00e9es ont \u00e9t\u00e9 v\u00e9rifi\u00e9es au moment de la cr\u00e9ation du lien afin de s&#8217;assurer qu&#8217;elles n&#8217;enfreignaient pas la loi. Aucun contenu ill\u00e9gal n&#8217;a \u00e9t\u00e9 identifi\u00e9 au moment de la cr\u00e9ation des liens. Un contr\u00f4le permanent du contenu des pages li\u00e9es n&#8217;est toutefois pas exigible sans indices concrets d&#8217;une violation de la loi. D\u00e8s que nous aurons connaissance de violations de la loi, nous supprimerons imm\u00e9diatement de tels liens.<\/p>\n<p><strong>Droit d&#8217;auteur<\/strong><br \/>\nLes contenus et \u0153uvres cr\u00e9\u00e9s par les exploitants de ces pages sont soumis au droit d&#8217;auteur allemand. La reproduction, le traitement, la diffusion et toute forme d&#8217;exploitation en dehors des limites du droit d&#8217;auteur requi\u00e8rent l&#8217;accord \u00e9crit de l&#8217;auteur ou de l&#8217;\u00e9diteur concern\u00e9. Cr\u00e9ateur. Les t\u00e9l\u00e9chargements et les copies de cette page ne sont autoris\u00e9s que pour un usage priv\u00e9 et non commercial. Dans la mesure o\u00f9 les contenus de ce site n&#8217;ont pas \u00e9t\u00e9 cr\u00e9\u00e9s par l&#8217;exploitant, les droits d&#8217;auteur de tiers sont respect\u00e9s. En particulier, les contenus de tiers sont identifi\u00e9s comme tels. Si vous deviez n\u00e9anmoins constater une violation des droits d&#8217;auteur, nous vous prions de nous en informer. D\u00e8s que nous aurons connaissance d&#8217;une violation de la loi, nous supprimerons imm\u00e9diatement de tels contenus.<\/p>\n<p><strong>Confidentialit\u00e9<\/strong><br \/>\nEn r\u00e8gle g\u00e9n\u00e9rale, il est possible d&#8217;utiliser notre site web sans fournir de donn\u00e9es \u00e0 caract\u00e8re personnel. Dans la mesure o\u00f9 des donn\u00e9es personnelles (par exemple nom, adresse ou adresse e-mail) sont collect\u00e9es sur nos pages, cela se fait toujours, dans la mesure du possible, sur une base volontaire. Ces donn\u00e9es ne seront pas transmises \u00e0 des tiers sans votre accord explicite.<br \/>\nNous attirons votre attention sur le fait que la transmission de donn\u00e9es sur Internet (par ex. lors de la communication par e-mail) peut pr\u00e9senter des failles de s\u00e9curit\u00e9. Une protection compl\u00e8te des donn\u00e9es contre l&#8217;acc\u00e8s par des tiers n&#8217;est pas possible.<br \/>\nL&#8217;utilisation par des tiers des donn\u00e9es de contact publi\u00e9es dans le cadre des mentions l\u00e9gales obligatoires pour l&#8217;envoi de publicit\u00e9 et de mat\u00e9riel d&#8217;information non express\u00e9ment demand\u00e9s est express\u00e9ment interdite. Les exploitants des pages se r\u00e9servent express\u00e9ment le droit d&#8217;engager des poursuites judiciaires en cas d&#8217;envoi non sollicit\u00e9 d&#8217;informations publicitaires, par exemple par le biais de spams.<br \/>\nCe site web utilise Google Analytics, un service d&#8217;analyse web de Google Inc. (\u201eGoogle\u201c). Google Analytics utilise des cookies. &#8220;Cookies&#8221;, des fichiers texte qui sont enregistr\u00e9s sur votre ordinateur et qui permettent une analyse de votre utilisation du site web. Les informations g\u00e9n\u00e9r\u00e9es par le cookie concernant votre utilisation de ce site web (y compris votre adresse IP) sont transmises \u00e0 un serveur de Google aux \u00c9tats-Unis et y sont enregistr\u00e9es. Google utilisera cette information dans le but d&#8217;\u00e9valuer votre utilisation du site, de compiler des rapports sur l&#8217;activit\u00e9 du site \u00e0 destination de son \u00e9diteur et de fournir d&#8217;autres services relatifs \u00e0 l&#8217;activit\u00e9 du site et \u00e0 l&#8217;utilisation d&#8217;Internet. Google peut \u00e9galement transmettre ces informations \u00e0 des tiers si la loi l&#8217;exige ou si des tiers traitent ces donn\u00e9es pour le compte de Google. Google n&#8217;associera en aucun cas votre adresse IP \u00e0 d&#8217;autres donn\u00e9es de Google. Vous pouvez emp\u00eacher l&#8217;installation des cookies en param\u00e9trant votre navigateur en cons\u00e9quence ; nous attirons toutefois votre attention sur le fait que, dans ce cas, vous ne pourrez peut-\u00eatre pas utiliser toutes les fonctions de ce site web dans leur int\u00e9gralit\u00e9. En utilisant ce site internet, vous consentez express\u00e9ment au traitement de vos donn\u00e9es nominatives par Google dans les conditions et pour les finalit\u00e9s d\u00e9crites ci-dessus.<\/p>\n","protected":false},"excerpt":{"rendered":"<p>Larnitech GmbH Wernher-von-Braun-Strasse 4, 58730 Fr\u00f6ndenberg Tel.: +49 2378 9259 632 E-Mail: info@larnitech.de Num\u00e9ro fiscal : DE301466674 Inscription au registre : Tribunal d&#8217;instance de Cologne, HRB 85041 Exclusion de responsabilit\u00e9 Le contenu de nos pages a \u00e9t\u00e9 \u00e9labor\u00e9 avec le plus grand soin. Nous ne pouvons toutefois pas garantir l&#8217;exactitude, l&#8217;exhaustivit\u00e9 et l&#8217;actualit\u00e9 des contenus&#8230;.<\/p>\n","protected":false},"author":1,"featured_media":0,"parent":0,"menu_order":0,"comment_status":"closed","ping_status":"closed","template":"","meta":{"inline_featured_image":false,"footnotes":""},"class_list":["post-11925","page","type-page","status-publish","hentry"],"acf":[],"yoast_head":"<!-- This site is optimized with the Yoast SEO Premium plugin v19.0.1 (Yoast SEO v19.12) - https:\/\/yoast.com\/wordpress\/plugins\/seo\/ -->\n<title>Impressum - Larnitech<\/title>\n<meta name=\"robots\" content=\"index, follow, max-snippet:-1, max-image-preview:large, max-video-preview:-1\" \/>\n<meta property=\"og:locale\" content=\"fr_FR\" \/>\n<meta property=\"og:type\" content=\"article\" \/>\n<meta property=\"og:title\" content=\"Impressum\" \/>\n<meta property=\"og:description\" content=\"Larnitech GmbH Wernher-von-Braun-Strasse 4, 58730 Fr\u00f6ndenberg Tel.: +49 2378 9259 632 E-Mail: info@larnitech.de Num\u00e9ro fiscal : DE301466674 Inscription au registre : Tribunal d&#8217;instance de Cologne, HRB 85041 Exclusion de responsabilit\u00e9 Le contenu de nos pages a \u00e9t\u00e9 \u00e9labor\u00e9 avec le plus grand soin. Nous ne pouvons toutefois pas garantir l&#8217;exactitude, l&#8217;exhaustivit\u00e9 et l&#8217;actualit\u00e9 des contenus....\" \/>\n<meta property=\"og:url\" content=\"https:\/\/www.larnitech.com\/impressum\/\" \/>\n<meta property=\"og:site_name\" content=\"Larnitech\" \/>\n<meta name=\"twitter:card\" content=\"summary_large_image\" \/>\n<meta name=\"twitter:label1\" content=\"Dur\u00e9e de lecture estim\u00e9e\" \/>\n\t<meta name=\"twitter:data1\" content=\"4 minutes\" \/>\n<script type=\"application\/ld+json\" class=\"yoast-schema-graph\">{\"@context\":\"https:\/\/schema.org\",\"@graph\":[{\"@type\":\"WebPage\",\"@id\":\"https:\/\/www.larnitech.com\/impressum\/\",\"url\":\"https:\/\/www.larnitech.com\/impressum\/\",\"name\":\"Impressum - Larnitech\",\"isPartOf\":{\"@id\":\"https:\/\/www.larnitech.com\/#website\"},\"datePublished\":\"2023-12-23T22:33:26+00:00\",\"dateModified\":\"2023-12-23T22:33:26+00:00\",\"breadcrumb\":{\"@id\":\"https:\/\/www.larnitech.com\/impressum\/#breadcrumb\"},\"inLanguage\":\"fr-FR\",\"potentialAction\":[{\"@type\":\"ReadAction\",\"target\":[\"https:\/\/www.larnitech.com\/impressum\/\"]}]},{\"@type\":\"BreadcrumbList\",\"@id\":\"https:\/\/www.larnitech.com\/impressum\/#breadcrumb\",\"itemListElement\":[{\"@type\":\"ListItem\",\"position\":1,\"name\":\"Home\",\"item\":\"https:\/\/www.larnitech.com\/fr\/\"},{\"@type\":\"ListItem\",\"position\":2,\"name\":\"Impressum\"}]},{\"@type\":\"WebSite\",\"@id\":\"https:\/\/www.larnitech.com\/#website\",\"url\":\"https:\/\/www.larnitech.com\/\",\"name\":\"Larnitech\",\"description\":\"\",\"publisher\":{\"@id\":\"https:\/\/www.larnitech.com\/#organization\"},\"potentialAction\":[{\"@type\":\"SearchAction\",\"target\":{\"@type\":\"EntryPoint\",\"urlTemplate\":\"https:\/\/www.larnitech.com\/?s={search_term_string}\"},\"query-input\":\"required name=search_term_string\"}],\"inLanguage\":\"fr-FR\"},{\"@type\":\"Organization\",\"@id\":\"https:\/\/www.larnitech.com\/#organization\",\"name\":\"Larnitech\",\"url\":\"https:\/\/www.larnitech.com\/\",\"logo\":{\"@type\":\"ImageObject\",\"inLanguage\":\"fr-FR\",\"@id\":\"https:\/\/www.larnitech.com\/#\/schema\/logo\/image\/\",\"url\":\"https:\/\/www.larnitech.com\/wp-content\/uploads\/2022\/01\/logo_white.png\",\"contentUrl\":\"https:\/\/www.larnitech.com\/wp-content\/uploads\/2022\/01\/logo_white.png\",\"width\":1262,\"height\":274,\"caption\":\"Larnitech\"},\"image\":{\"@id\":\"https:\/\/www.larnitech.com\/#\/schema\/logo\/image\/\"}}]}<\/script>\n<!-- \/ Yoast SEO Premium plugin. -->","yoast_head_json":{"title":"Impressum - Larnitech","robots":{"index":"index","follow":"follow","max-snippet":"max-snippet:-1","max-image-preview":"max-image-preview:large","max-video-preview":"max-video-preview:-1"},"og_locale":"fr_FR","og_type":"article","og_title":"Impressum","og_description":"Larnitech GmbH Wernher-von-Braun-Strasse 4, 58730 Fr\u00f6ndenberg Tel.: +49 2378 9259 632 E-Mail: info@larnitech.de Num\u00e9ro fiscal : DE301466674 Inscription au registre : Tribunal d&#8217;instance de Cologne, HRB 85041 Exclusion de responsabilit\u00e9 Le contenu de nos pages a \u00e9t\u00e9 \u00e9labor\u00e9 avec le plus grand soin. Nous ne pouvons toutefois pas garantir l&#8217;exactitude, l&#8217;exhaustivit\u00e9 et l&#8217;actualit\u00e9 des contenus....","og_url":"https:\/\/www.larnitech.com\/impressum\/","og_site_name":"Larnitech","twitter_card":"summary_large_image","twitter_misc":{"Dur\u00e9e de lecture estim\u00e9e":"4 minutes"},"schema":{"@context":"https:\/\/schema.org","@graph":[{"@type":"WebPage","@id":"https:\/\/www.larnitech.com\/impressum\/","url":"https:\/\/www.larnitech.com\/impressum\/","name":"Impressum - Larnitech","isPartOf":{"@id":"https:\/\/www.larnitech.com\/#website"},"datePublished":"2023-12-23T22:33:26+00:00","dateModified":"2023-12-23T22:33:26+00:00","breadcrumb":{"@id":"https:\/\/www.larnitech.com\/impressum\/#breadcrumb"},"inLanguage":"fr-FR","potentialAction":[{"@type":"ReadAction","target":["https:\/\/www.larnitech.com\/impressum\/"]}]},{"@type":"BreadcrumbList","@id":"https:\/\/www.larnitech.com\/impressum\/#breadcrumb","itemListElement":[{"@type":"ListItem","position":1,"name":"Home","item":"https:\/\/www.larnitech.com\/fr\/"},{"@type":"ListItem","position":2,"name":"Impressum"}]},{"@type":"WebSite","@id":"https:\/\/www.larnitech.com\/#website","url":"https:\/\/www.larnitech.com\/","name":"Larnitech","description":"","publisher":{"@id":"https:\/\/www.larnitech.com\/#organization"},"potentialAction":[{"@type":"SearchAction","target":{"@type":"EntryPoint","urlTemplate":"https:\/\/www.larnitech.com\/?s={search_term_string}"},"query-input":"required name=search_term_string"}],"inLanguage":"fr-FR"},{"@type":"Organization","@id":"https:\/\/www.larnitech.com\/#organization","name":"Larnitech","url":"https:\/\/www.larnitech.com\/","logo":{"@type":"ImageObject","inLanguage":"fr-FR","@id":"https:\/\/www.larnitech.com\/#\/schema\/logo\/image\/","url":"https:\/\/www.larnitech.com\/wp-content\/uploads\/2022\/01\/logo_white.png","contentUrl":"https:\/\/www.larnitech.com\/wp-content\/uploads\/2022\/01\/logo_white.png","width":1262,"height":274,"caption":"Larnitech"},"image":{"@id":"https:\/\/www.larnitech.com\/#\/schema\/logo\/image\/"}}]}},"_links":{"self":[{"href":"https:\/\/www.larnitech.com\/fr\/wp-json\/wp\/v2\/pages\/11925","targetHints":{"allow":["GET"]}}],"collection":[{"href":"https:\/\/www.larnitech.com\/fr\/wp-json\/wp\/v2\/pages"}],"about":[{"href":"https:\/\/www.larnitech.com\/fr\/wp-json\/wp\/v2\/types\/page"}],"author":[{"embeddable":true,"href":"https:\/\/www.larnitech.com\/fr\/wp-json\/wp\/v2\/users\/1"}],"replies":[{"embeddable":true,"href":"https:\/\/www.larnitech.com\/fr\/wp-json\/wp\/v2\/comments?post=11925"}],"version-history":[{"count":0,"href":"https:\/\/www.larnitech.com\/fr\/wp-json\/wp\/v2\/pages\/11925\/revisions"}],"wp:attachment":[{"href":"https:\/\/www.larnitech.com\/fr\/wp-json\/wp\/v2\/media?parent=11925"}],"curies":[{"name":"wp","href":"https:\/\/api.w.org\/{rel}","templated":true}]}}