{"id":10755,"date":"2023-10-29T02:35:56","date_gmt":"2023-10-28T23:35:56","guid":{"rendered":"https:\/\/www.larnitech.com\/?page_id=10755"},"modified":"2023-10-29T02:35:56","modified_gmt":"2023-10-28T23:35:56","slug":"garantie","status":"publish","type":"page","link":"https:\/\/www.larnitech.com\/fr\/garantie\/","title":{"rendered":"Garantie"},"content":{"rendered":"<p>Les \u00e9quipements des syst\u00e8mes d&#8217;automatisation de Larnitech sont fabriqu\u00e9s en utilisant des composants de haute qualit\u00e9 de marques de renomm\u00e9e mondiale,<\/p>\n<p>et dispose aussi d&#8217;un syst\u00e8me de contr\u00f4le de la qualit\u00e9 en plusieurs \u00e9tapes lors de la production,<\/p>\n<p>ce qui nous permet d&#8217;atteindre une haute tol\u00e9rance aux pannes de notre \u00e9quipement.<\/p>\n<p>Pour l&#8217;ensemble de nos \u00e9quipements, nous fournissons une garantie de 2 ans, un support technique, une garantie et un service post-garantie.<\/p>\n","protected":false},"excerpt":{"rendered":"<p>Les \u00e9quipements des syst\u00e8mes d&#8217;automatisation de Larnitech sont fabriqu\u00e9s en utilisant des composants de haute qualit\u00e9 de marques de renomm\u00e9e mondiale, et dispose aussi d&#8217;un syst\u00e8me de contr\u00f4le de la qualit\u00e9 en plusieurs \u00e9tapes lors de la production, ce qui nous permet d&#8217;atteindre une haute tol\u00e9rance aux pannes de notre \u00e9quipement. Pour l&#8217;ensemble de nos&#8230;<\/p>\n","protected":false},"author":5,"featured_media":0,"parent":0,"menu_order":0,"comment_status":"closed","ping_status":"closed","template":"","meta":{"inline_featured_image":false,"footnotes":""},"class_list":["post-10755","page","type-page","status-publish","hentry"],"acf":[],"yoast_head":"<!-- This site is optimized with the Yoast SEO Premium plugin v19.0.1 (Yoast SEO v19.12) - https:\/\/yoast.com\/wordpress\/plugins\/seo\/ -->\n<title>Garantie - Larnitech<\/title>\n<meta name=\"robots\" content=\"index, follow, max-snippet:-1, max-image-preview:large, max-video-preview:-1\" \/>\n<meta property=\"og:locale\" content=\"fr_FR\" \/>\n<meta property=\"og:type\" content=\"article\" \/>\n<meta property=\"og:title\" content=\"Garantie\" \/>\n<meta property=\"og:description\" content=\"Les \u00e9quipements des syst\u00e8mes d&#8217;automatisation de Larnitech sont fabriqu\u00e9s en utilisant des composants de haute qualit\u00e9 de marques de renomm\u00e9e mondiale, et dispose aussi d&#8217;un syst\u00e8me de contr\u00f4le de la qualit\u00e9 en plusieurs \u00e9tapes lors de la production, ce qui nous permet d&#8217;atteindre une haute tol\u00e9rance aux pannes de notre \u00e9quipement. Pour l&#8217;ensemble de nos...\" \/>\n<meta property=\"og:url\" content=\"https:\/\/www.larnitech.com\/fr\/garantie\/\" \/>\n<meta property=\"og:site_name\" content=\"Larnitech\" \/>\n<meta name=\"twitter:card\" content=\"summary_large_image\" \/>\n<script type=\"application\/ld+json\" class=\"yoast-schema-graph\">{\"@context\":\"https:\/\/schema.org\",\"@graph\":[{\"@type\":\"WebPage\",\"@id\":\"https:\/\/www.larnitech.com\/fr\/garantie\/\",\"url\":\"https:\/\/www.larnitech.com\/fr\/garantie\/\",\"name\":\"Garantie - Larnitech\",\"isPartOf\":{\"@id\":\"https:\/\/www.larnitech.com\/#website\"},\"datePublished\":\"2023-10-28T23:35:56+00:00\",\"dateModified\":\"2023-10-28T23:35:56+00:00\",\"breadcrumb\":{\"@id\":\"https:\/\/www.larnitech.com\/fr\/garantie\/#breadcrumb\"},\"inLanguage\":\"fr-FR\",\"potentialAction\":[{\"@type\":\"ReadAction\",\"target\":[\"https:\/\/www.larnitech.com\/fr\/garantie\/\"]}]},{\"@type\":\"BreadcrumbList\",\"@id\":\"https:\/\/www.larnitech.com\/fr\/garantie\/#breadcrumb\",\"itemListElement\":[{\"@type\":\"ListItem\",\"position\":1,\"name\":\"Home\",\"item\":\"https:\/\/www.larnitech.com\/fr\/\"},{\"@type\":\"ListItem\",\"position\":2,\"name\":\"Garantie\"}]},{\"@type\":\"WebSite\",\"@id\":\"https:\/\/www.larnitech.com\/#website\",\"url\":\"https:\/\/www.larnitech.com\/\",\"name\":\"Larnitech\",\"description\":\"\",\"publisher\":{\"@id\":\"https:\/\/www.larnitech.com\/#organization\"},\"potentialAction\":[{\"@type\":\"SearchAction\",\"target\":{\"@type\":\"EntryPoint\",\"urlTemplate\":\"https:\/\/www.larnitech.com\/?s={search_term_string}\"},\"query-input\":\"required name=search_term_string\"}],\"inLanguage\":\"fr-FR\"},{\"@type\":\"Organization\",\"@id\":\"https:\/\/www.larnitech.com\/#organization\",\"name\":\"Larnitech\",\"url\":\"https:\/\/www.larnitech.com\/\",\"logo\":{\"@type\":\"ImageObject\",\"inLanguage\":\"fr-FR\",\"@id\":\"https:\/\/www.larnitech.com\/#\/schema\/logo\/image\/\",\"url\":\"https:\/\/www.larnitech.com\/wp-content\/uploads\/2022\/01\/logo_white.png\",\"contentUrl\":\"https:\/\/www.larnitech.com\/wp-content\/uploads\/2022\/01\/logo_white.png\",\"width\":1262,\"height\":274,\"caption\":\"Larnitech\"},\"image\":{\"@id\":\"https:\/\/www.larnitech.com\/#\/schema\/logo\/image\/\"}}]}<\/script>\n<!-- \/ Yoast SEO Premium plugin. -->","yoast_head_json":{"title":"Garantie - Larnitech","robots":{"index":"index","follow":"follow","max-snippet":"max-snippet:-1","max-image-preview":"max-image-preview:large","max-video-preview":"max-video-preview:-1"},"og_locale":"fr_FR","og_type":"article","og_title":"Garantie","og_description":"Les \u00e9quipements des syst\u00e8mes d&#8217;automatisation de Larnitech sont fabriqu\u00e9s en utilisant des composants de haute qualit\u00e9 de marques de renomm\u00e9e mondiale, et dispose aussi d&#8217;un syst\u00e8me de contr\u00f4le de la qualit\u00e9 en plusieurs \u00e9tapes lors de la production, ce qui nous permet d&#8217;atteindre une haute tol\u00e9rance aux pannes de notre \u00e9quipement. Pour l&#8217;ensemble de nos...","og_url":"https:\/\/www.larnitech.com\/fr\/garantie\/","og_site_name":"Larnitech","twitter_card":"summary_large_image","schema":{"@context":"https:\/\/schema.org","@graph":[{"@type":"WebPage","@id":"https:\/\/www.larnitech.com\/fr\/garantie\/","url":"https:\/\/www.larnitech.com\/fr\/garantie\/","name":"Garantie - Larnitech","isPartOf":{"@id":"https:\/\/www.larnitech.com\/#website"},"datePublished":"2023-10-28T23:35:56+00:00","dateModified":"2023-10-28T23:35:56+00:00","breadcrumb":{"@id":"https:\/\/www.larnitech.com\/fr\/garantie\/#breadcrumb"},"inLanguage":"fr-FR","potentialAction":[{"@type":"ReadAction","target":["https:\/\/www.larnitech.com\/fr\/garantie\/"]}]},{"@type":"BreadcrumbList","@id":"https:\/\/www.larnitech.com\/fr\/garantie\/#breadcrumb","itemListElement":[{"@type":"ListItem","position":1,"name":"Home","item":"https:\/\/www.larnitech.com\/fr\/"},{"@type":"ListItem","position":2,"name":"Garantie"}]},{"@type":"WebSite","@id":"https:\/\/www.larnitech.com\/#website","url":"https:\/\/www.larnitech.com\/","name":"Larnitech","description":"","publisher":{"@id":"https:\/\/www.larnitech.com\/#organization"},"potentialAction":[{"@type":"SearchAction","target":{"@type":"EntryPoint","urlTemplate":"https:\/\/www.larnitech.com\/?s={search_term_string}"},"query-input":"required name=search_term_string"}],"inLanguage":"fr-FR"},{"@type":"Organization","@id":"https:\/\/www.larnitech.com\/#organization","name":"Larnitech","url":"https:\/\/www.larnitech.com\/","logo":{"@type":"ImageObject","inLanguage":"fr-FR","@id":"https:\/\/www.larnitech.com\/#\/schema\/logo\/image\/","url":"https:\/\/www.larnitech.com\/wp-content\/uploads\/2022\/01\/logo_white.png","contentUrl":"https:\/\/www.larnitech.com\/wp-content\/uploads\/2022\/01\/logo_white.png","width":1262,"height":274,"caption":"Larnitech"},"image":{"@id":"https:\/\/www.larnitech.com\/#\/schema\/logo\/image\/"}}]}},"_links":{"self":[{"href":"https:\/\/www.larnitech.com\/fr\/wp-json\/wp\/v2\/pages\/10755","targetHints":{"allow":["GET"]}}],"collection":[{"href":"https:\/\/www.larnitech.com\/fr\/wp-json\/wp\/v2\/pages"}],"about":[{"href":"https:\/\/www.larnitech.com\/fr\/wp-json\/wp\/v2\/types\/page"}],"author":[{"embeddable":true,"href":"https:\/\/www.larnitech.com\/fr\/wp-json\/wp\/v2\/users\/5"}],"replies":[{"embeddable":true,"href":"https:\/\/www.larnitech.com\/fr\/wp-json\/wp\/v2\/comments?post=10755"}],"version-history":[{"count":1,"href":"https:\/\/www.larnitech.com\/fr\/wp-json\/wp\/v2\/pages\/10755\/revisions"}],"predecessor-version":[{"id":10760,"href":"https:\/\/www.larnitech.com\/fr\/wp-json\/wp\/v2\/pages\/10755\/revisions\/10760"}],"wp:attachment":[{"href":"https:\/\/www.larnitech.com\/fr\/wp-json\/wp\/v2\/media?parent=10755"}],"curies":[{"name":"wp","href":"https:\/\/api.w.org\/{rel}","templated":true}]}}