{"id":10753,"date":"2023-12-24T00:12:24","date_gmt":"2023-12-23T22:12:24","guid":{"rendered":"https:\/\/www.larnitech.com\/?page_id=10753"},"modified":"2023-12-24T00:12:24","modified_gmt":"2023-12-23T22:12:24","slug":"bureau-intelligent","status":"publish","type":"page","link":"https:\/\/www.larnitech.com\/fr\/bureau-intelligent\/","title":{"rendered":"Bureau intelligent"},"content":{"rendered":"<h2>Syst\u00e8me de bureau intelligent<\/h2>\n<p>De nos jours, un syst\u00e8me de bureautique intelligent est devenu le signe d&#8217;une entreprise r\u00e9ellement progressiste et prestigieuse qui reste en phase avec son temps. Il ne s&#8217;agit plus d&#8217;un &#8220;caprice de riche&#8221;, mais d&#8217;une solution fonctionnelle, fiable et s\u00fbre qui est demand\u00e9e dans le monde entier.<\/p>\n<p>Un syst\u00e8me domestique intelligent pour le bureau vous permettra de g\u00e9rer votre entreprise le plus efficacement possible, en gagnant du temps sur les t\u00e2ches routini\u00e8res. Pendant ce temps, vous et vos employ\u00e9s travaillerez dans les conditions les plus confortables et dans un espace semblable \u00e0 celui d&#8217;une maison.<\/p>\n<h3>Automatisation des bureaux<\/h3>\n<p>Quels sont les \u00e9l\u00e9ments d&#8217;un tel syst\u00e8me ? Tout d&#8217;abord, il comprend diff\u00e9rents capteurs qui augmentent la s\u00e9curit\u00e9 : capteurs de mouvement, d&#8217;ouverture, de fuite, de niveau de CO2, de fum\u00e9e, de qualit\u00e9 de l&#8217;air, d&#8217;incendie, de temp\u00e9rature et de conditions m\u00e9t\u00e9orologiques ext\u00e9rieures.<\/p>\n<p>Le syst\u00e8me comprend \u00e9galement des \u00e9l\u00e9ments qui augmentent le confort d&#8217;utilisation des appareils et des \u00e9quipements \u00e9lectriques en les allumant et en les \u00e9teignant \u00e0 distance.<\/p>\n<p>Le troisi\u00e8me groupe d&#8217;automatisation comprend des \u00e9l\u00e9ments tels que le contr\u00f4le du climat, de l&#8217;\u00e9clairage et du chauffage \u00e0 distance &#8211; \u00e0 une heure donn\u00e9e ou selon un horaire d\u00e9fini, ou encore en r\u00e9ponse automatique \u00e0 la pr\u00e9sence de personnes. Le syst\u00e8me de bureautique permet \u00e0 l&#8217;entreprise d&#8217;\u00e9conomiser de l&#8217;argent en r\u00e9duisant la consommation d&#8217;\u00e9lectricit\u00e9 et de chaleur. Il am\u00e9liore \u00e9galement l&#8217;environnement lumineux du lieu de travail en apportant de la lumi\u00e8re naturelle lorsqu&#8217;elle est n\u00e9cessaire pendant la journ\u00e9e.<\/p>\n<p>Le quatri\u00e8me groupe d&#8217;automatisation concerne les syst\u00e8mes d&#8217;automatisation multim\u00e9dia de plus en plus populaires (sc\u00e9narios d&#8217;\u00e9clairage RVB, contr\u00f4le int\u00e9gr\u00e9 de l&#8217;\u00e9quipement audio-vid\u00e9o, des projecteurs, des t\u00e9l\u00e9viseurs, des r\u00e9cepteurs satellite).<\/p>\n<p>Le cinqui\u00e8me groupe est celui des syst\u00e8mes de communication Internet et GSM (contr\u00f4le via Internet ou un t\u00e9l\u00e9phone mobile depuis n&#8217;importe o\u00f9 dans le monde, notification d&#8217;\u00e9v\u00e9nements, etc.)<br \/>\nLe bureau est un endroit o\u00f9 nous passons la plupart de notre temps. Avec l&#8217;aide de l&#8217;automatisation, vous pouvez cr\u00e9er l&#8217;espace de bureau le plus efficace et augmenter la productivit\u00e9 de vos employ\u00e9s !<\/p>\n","protected":false},"excerpt":{"rendered":"<p>Syst\u00e8me de bureau intelligent De nos jours, un syst\u00e8me de bureautique intelligent est devenu le signe d&#8217;une entreprise r\u00e9ellement progressiste et prestigieuse qui reste en phase avec son temps. Il ne s&#8217;agit plus d&#8217;un &#8220;caprice de riche&#8221;, mais d&#8217;une solution fonctionnelle, fiable et s\u00fbre qui est demand\u00e9e dans le monde entier. Un syst\u00e8me domestique intelligent&#8230;<\/p>\n","protected":false},"author":5,"featured_media":0,"parent":0,"menu_order":0,"comment_status":"closed","ping_status":"closed","template":"page-templates\/project.php","meta":{"inline_featured_image":false,"footnotes":""},"class_list":["post-10753","page","type-page","status-publish","hentry"],"acf":[],"yoast_head":"<!-- This site is optimized with the Yoast SEO Premium plugin v19.0.1 (Yoast SEO v19.12) - https:\/\/yoast.com\/wordpress\/plugins\/seo\/ -->\n<title>Bureau intelligent - Larnitech<\/title>\n<meta name=\"robots\" content=\"index, follow, max-snippet:-1, max-image-preview:large, max-video-preview:-1\" \/>\n<meta property=\"og:locale\" content=\"fr_FR\" \/>\n<meta property=\"og:type\" content=\"article\" \/>\n<meta property=\"og:title\" content=\"Bureau intelligent\" \/>\n<meta property=\"og:description\" content=\"Syst\u00e8me de bureau intelligent De nos jours, un syst\u00e8me de bureautique intelligent est devenu le signe d&#8217;une entreprise r\u00e9ellement progressiste et prestigieuse qui reste en phase avec son temps. Il ne s&#8217;agit plus d&#8217;un &#8220;caprice de riche&#8221;, mais d&#8217;une solution fonctionnelle, fiable et s\u00fbre qui est demand\u00e9e dans le monde entier. Un syst\u00e8me domestique intelligent...\" \/>\n<meta property=\"og:url\" content=\"https:\/\/www.larnitech.com\/fr\/bureau-intelligent\/\" \/>\n<meta property=\"og:site_name\" content=\"Larnitech\" \/>\n<meta name=\"twitter:card\" content=\"summary_large_image\" \/>\n<meta name=\"twitter:label1\" content=\"Dur\u00e9e de lecture estim\u00e9e\" \/>\n\t<meta name=\"twitter:data1\" content=\"2 minutes\" \/>\n<script type=\"application\/ld+json\" class=\"yoast-schema-graph\">{\"@context\":\"https:\/\/schema.org\",\"@graph\":[{\"@type\":\"WebPage\",\"@id\":\"https:\/\/www.larnitech.com\/fr\/bureau-intelligent\/\",\"url\":\"https:\/\/www.larnitech.com\/fr\/bureau-intelligent\/\",\"name\":\"Bureau intelligent - Larnitech\",\"isPartOf\":{\"@id\":\"https:\/\/www.larnitech.com\/#website\"},\"datePublished\":\"2023-12-23T22:12:24+00:00\",\"dateModified\":\"2023-12-23T22:12:24+00:00\",\"breadcrumb\":{\"@id\":\"https:\/\/www.larnitech.com\/fr\/bureau-intelligent\/#breadcrumb\"},\"inLanguage\":\"fr-FR\",\"potentialAction\":[{\"@type\":\"ReadAction\",\"target\":[\"https:\/\/www.larnitech.com\/fr\/bureau-intelligent\/\"]}]},{\"@type\":\"BreadcrumbList\",\"@id\":\"https:\/\/www.larnitech.com\/fr\/bureau-intelligent\/#breadcrumb\",\"itemListElement\":[{\"@type\":\"ListItem\",\"position\":1,\"name\":\"Home\",\"item\":\"https:\/\/www.larnitech.com\/fr\/\"},{\"@type\":\"ListItem\",\"position\":2,\"name\":\"Bureau intelligent\"}]},{\"@type\":\"WebSite\",\"@id\":\"https:\/\/www.larnitech.com\/#website\",\"url\":\"https:\/\/www.larnitech.com\/\",\"name\":\"Larnitech\",\"description\":\"\",\"publisher\":{\"@id\":\"https:\/\/www.larnitech.com\/#organization\"},\"potentialAction\":[{\"@type\":\"SearchAction\",\"target\":{\"@type\":\"EntryPoint\",\"urlTemplate\":\"https:\/\/www.larnitech.com\/?s={search_term_string}\"},\"query-input\":\"required name=search_term_string\"}],\"inLanguage\":\"fr-FR\"},{\"@type\":\"Organization\",\"@id\":\"https:\/\/www.larnitech.com\/#organization\",\"name\":\"Larnitech\",\"url\":\"https:\/\/www.larnitech.com\/\",\"logo\":{\"@type\":\"ImageObject\",\"inLanguage\":\"fr-FR\",\"@id\":\"https:\/\/www.larnitech.com\/#\/schema\/logo\/image\/\",\"url\":\"https:\/\/www.larnitech.com\/wp-content\/uploads\/2022\/01\/logo_white.png\",\"contentUrl\":\"https:\/\/www.larnitech.com\/wp-content\/uploads\/2022\/01\/logo_white.png\",\"width\":1262,\"height\":274,\"caption\":\"Larnitech\"},\"image\":{\"@id\":\"https:\/\/www.larnitech.com\/#\/schema\/logo\/image\/\"}}]}<\/script>\n<!-- \/ Yoast SEO Premium plugin. -->","yoast_head_json":{"title":"Bureau intelligent - Larnitech","robots":{"index":"index","follow":"follow","max-snippet":"max-snippet:-1","max-image-preview":"max-image-preview:large","max-video-preview":"max-video-preview:-1"},"og_locale":"fr_FR","og_type":"article","og_title":"Bureau intelligent","og_description":"Syst\u00e8me de bureau intelligent De nos jours, un syst\u00e8me de bureautique intelligent est devenu le signe d&#8217;une entreprise r\u00e9ellement progressiste et prestigieuse qui reste en phase avec son temps. Il ne s&#8217;agit plus d&#8217;un &#8220;caprice de riche&#8221;, mais d&#8217;une solution fonctionnelle, fiable et s\u00fbre qui est demand\u00e9e dans le monde entier. Un syst\u00e8me domestique intelligent...","og_url":"https:\/\/www.larnitech.com\/fr\/bureau-intelligent\/","og_site_name":"Larnitech","twitter_card":"summary_large_image","twitter_misc":{"Dur\u00e9e de lecture estim\u00e9e":"2 minutes"},"schema":{"@context":"https:\/\/schema.org","@graph":[{"@type":"WebPage","@id":"https:\/\/www.larnitech.com\/fr\/bureau-intelligent\/","url":"https:\/\/www.larnitech.com\/fr\/bureau-intelligent\/","name":"Bureau intelligent - Larnitech","isPartOf":{"@id":"https:\/\/www.larnitech.com\/#website"},"datePublished":"2023-12-23T22:12:24+00:00","dateModified":"2023-12-23T22:12:24+00:00","breadcrumb":{"@id":"https:\/\/www.larnitech.com\/fr\/bureau-intelligent\/#breadcrumb"},"inLanguage":"fr-FR","potentialAction":[{"@type":"ReadAction","target":["https:\/\/www.larnitech.com\/fr\/bureau-intelligent\/"]}]},{"@type":"BreadcrumbList","@id":"https:\/\/www.larnitech.com\/fr\/bureau-intelligent\/#breadcrumb","itemListElement":[{"@type":"ListItem","position":1,"name":"Home","item":"https:\/\/www.larnitech.com\/fr\/"},{"@type":"ListItem","position":2,"name":"Bureau intelligent"}]},{"@type":"WebSite","@id":"https:\/\/www.larnitech.com\/#website","url":"https:\/\/www.larnitech.com\/","name":"Larnitech","description":"","publisher":{"@id":"https:\/\/www.larnitech.com\/#organization"},"potentialAction":[{"@type":"SearchAction","target":{"@type":"EntryPoint","urlTemplate":"https:\/\/www.larnitech.com\/?s={search_term_string}"},"query-input":"required name=search_term_string"}],"inLanguage":"fr-FR"},{"@type":"Organization","@id":"https:\/\/www.larnitech.com\/#organization","name":"Larnitech","url":"https:\/\/www.larnitech.com\/","logo":{"@type":"ImageObject","inLanguage":"fr-FR","@id":"https:\/\/www.larnitech.com\/#\/schema\/logo\/image\/","url":"https:\/\/www.larnitech.com\/wp-content\/uploads\/2022\/01\/logo_white.png","contentUrl":"https:\/\/www.larnitech.com\/wp-content\/uploads\/2022\/01\/logo_white.png","width":1262,"height":274,"caption":"Larnitech"},"image":{"@id":"https:\/\/www.larnitech.com\/#\/schema\/logo\/image\/"}}]}},"_links":{"self":[{"href":"https:\/\/www.larnitech.com\/fr\/wp-json\/wp\/v2\/pages\/10753","targetHints":{"allow":["GET"]}}],"collection":[{"href":"https:\/\/www.larnitech.com\/fr\/wp-json\/wp\/v2\/pages"}],"about":[{"href":"https:\/\/www.larnitech.com\/fr\/wp-json\/wp\/v2\/types\/page"}],"author":[{"embeddable":true,"href":"https:\/\/www.larnitech.com\/fr\/wp-json\/wp\/v2\/users\/5"}],"replies":[{"embeddable":true,"href":"https:\/\/www.larnitech.com\/fr\/wp-json\/wp\/v2\/comments?post=10753"}],"version-history":[{"count":1,"href":"https:\/\/www.larnitech.com\/fr\/wp-json\/wp\/v2\/pages\/10753\/revisions"}],"predecessor-version":[{"id":11922,"href":"https:\/\/www.larnitech.com\/fr\/wp-json\/wp\/v2\/pages\/10753\/revisions\/11922"}],"wp:attachment":[{"href":"https:\/\/www.larnitech.com\/fr\/wp-json\/wp\/v2\/media?parent=10753"}],"curies":[{"name":"wp","href":"https:\/\/api.w.org\/{rel}","templated":true}]}}