{"id":10752,"date":"2023-10-31T18:26:39","date_gmt":"2023-10-31T16:26:39","guid":{"rendered":"https:\/\/www.larnitech.com\/?page_id=10752"},"modified":"2023-11-02T03:05:38","modified_gmt":"2023-11-02T01:05:38","slug":"hotel-intelligent","status":"publish","type":"page","link":"https:\/\/www.larnitech.com\/fr\/hotel-intelligent\/","title":{"rendered":"H\u00f4tel intelligent"},"content":{"rendered":"<p><strong>Un syst\u00e8me h\u00f4telier intelligent<\/strong>\u00a0est une r\u00e9ponse moderne aux besoins des clients les plus exigeants de votre h\u00f4tel, de votre auberge ou de votre complexe h\u00f4telier. Il s&#8217;agit d&#8217;un nouveau niveau de s\u00e9curit\u00e9 qui assurera la s\u00e9curit\u00e9 de vos clients et de leurs biens.<\/p>\n<p>Le syst\u00e8me h\u00f4telier intelligent de Larnitech est bas\u00e9 sur son propre r\u00e9seau de donn\u00e9es. L&#8217;unit\u00e9 de contr\u00f4le principale, soit le serveur, permet un contr\u00f4le et une gestion complets de l&#8217;h\u00f4tel via le r\u00e9seau internet. Par cons\u00e9quent, il suffit de disposer d&#8217;un smartphone, d&#8217;une tablette ou d&#8217;un ordinateur portable avec acc\u00e8s \u00e0 l&#8217;internet pour contr\u00f4ler l&#8217;\u00e9tat de fonctionnement de tout l&#8217;h\u00f4tel depuis n&#8217;importe o\u00f9 dans le monde. Vous pouvez v\u00e9rifier ce qui se passe dans votre \u00e9tablissement, ainsi qu&#8217;activer ou d\u00e9sactiver n&#8217;importe quel appareil ou syst\u00e8me connect\u00e9 au syst\u00e8me.<\/p>\n<p>Une maison intelligente dans un h\u00f4tel est un concept qui existe depuis un certain temps, mais qui commence seulement \u00e0 \u00eatre mis en \u0153uvre. L&#8217;installation de ce syst\u00e8me dans les h\u00f4tels pr\u00e9sente de nombreux avantages, dont la commodit\u00e9 et le confort pour les clients.<\/p>\n<p>Le premier avantage est la commodit\u00e9 pour les clients. Les clients peuvent contr\u00f4ler tous les appareils de la chambre \u00e0 l&#8217;aide d&#8217;un smartphone ou d&#8217;une tablette, ce qui signifie pour eux qu&#8217;ils n&#8217;ont pas besoin d&#8217;emporter plusieurs t\u00e9l\u00e9commandes ou de chercher parmi des tas de boutons sur l&#8217;appareil lui-m\u00eame.<\/p>\n<p>Cette automatisation rend aussi le processus beaucoup plus efficace et pratique pour les membres du personnel, car ils ne doivent plus se rendre dans chaque chambre pour s&#8217;assurer que tout est \u00e9teint le soir avant de rentrer chez eux.<\/p>\n<p>Le deuxi\u00e8me avantage est le confort des clients. Un syst\u00e8me de maison intelligente peut offrir l&#8217;atmosph\u00e8re id\u00e9ale en r\u00e9glant le niveau appropri\u00e9 d&#8217;\u00e9clairage int\u00e9rieur, en fermant automatiquement les rideaux, les stores et les stores roulants, en allumant de la musique ou un film pour une soir\u00e9e tranquille.<br \/>\nUne maison intelligente peut \u00eatre programm\u00e9e pour ajuster le climat selon la saison et r\u00e9guler l&#8217;humidit\u00e9 de l&#8217;air, la ventilation et le niveau de chauffage.<\/p>\n<p>Le troisi\u00e8me avantage est la s\u00e9curit\u00e9. Le syst\u00e8me de s\u00e9curit\u00e9 intelligent de l&#8217;immeuble r\u00e9duit le risque de vol et d&#8217;accident gr\u00e2ce \u00e0 la vid\u00e9osurveillance, aux alarmes et aux d\u00e9tecteurs de mouvement. Le syst\u00e8me de maison intelligente contr\u00f4le aussi les fuites, les incendies, le niveau de CO2 et v\u00e9rifie si les portes et les fen\u00eatres sont ferm\u00e9es.<br \/>\n\u00c9videmment, tout se fait automatiquement &#8211; le syst\u00e8me est calibr\u00e9 et le panneau de commande est adapt\u00e9 \u00e0 vos attentes et \u00e0 vos besoins. Si quelque chose doit \u00eatre fait manuellement, n&#8217;importe quel responsable \u00e0 qui vous donnez acc\u00e8s peut facilement se d\u00e9brouiller avec l&#8217;interface intuitive de l&#8217;application.<\/p>\n<p>L&#8217;int\u00e9gration du syst\u00e8me h\u00f4telier intelligent permet de donner la solution de la plupart des probl\u00e8mes \u00e0 des syst\u00e8mes \u00e9lectroniques tr\u00e8s efficaces, en prenant en consid\u00e9ration les demandes et les souhaits de chaque client. D\u00e9sormais, vous vous consacrerez exclusivement aux clients de votre h\u00f4tel et non plus aux t\u00e2ches routini\u00e8res.<\/p>\n","protected":false},"excerpt":{"rendered":"<p>Un syst\u00e8me h\u00f4telier intelligent\u00a0est une r\u00e9ponse moderne aux besoins des clients les plus exigeants de votre h\u00f4tel, de votre auberge ou de votre complexe h\u00f4telier. Il s&#8217;agit d&#8217;un nouveau niveau de s\u00e9curit\u00e9 qui assurera la s\u00e9curit\u00e9 de vos clients et de leurs biens. Le syst\u00e8me h\u00f4telier intelligent de Larnitech est bas\u00e9 sur son propre r\u00e9seau&#8230;<\/p>\n","protected":false},"author":5,"featured_media":0,"parent":0,"menu_order":0,"comment_status":"closed","ping_status":"closed","template":"page-templates\/project.php","meta":{"inline_featured_image":false,"footnotes":""},"class_list":["post-10752","page","type-page","status-publish","hentry"],"acf":[],"yoast_head":"<!-- This site is optimized with the Yoast SEO Premium plugin v19.0.1 (Yoast SEO v19.12) - https:\/\/yoast.com\/wordpress\/plugins\/seo\/ -->\n<title>H\u00f4tel intelligent - Larnitech<\/title>\n<meta name=\"robots\" content=\"index, follow, max-snippet:-1, max-image-preview:large, max-video-preview:-1\" \/>\n<meta property=\"og:locale\" content=\"fr_FR\" \/>\n<meta property=\"og:type\" content=\"article\" \/>\n<meta property=\"og:title\" content=\"H\u00f4tel intelligent\" \/>\n<meta property=\"og:description\" content=\"Un syst\u00e8me h\u00f4telier intelligent\u00a0est une r\u00e9ponse moderne aux besoins des clients les plus exigeants de votre h\u00f4tel, de votre auberge ou de votre complexe h\u00f4telier. Il s&#8217;agit d&#8217;un nouveau niveau de s\u00e9curit\u00e9 qui assurera la s\u00e9curit\u00e9 de vos clients et de leurs biens. Le syst\u00e8me h\u00f4telier intelligent de Larnitech est bas\u00e9 sur son propre r\u00e9seau...\" \/>\n<meta property=\"og:url\" content=\"https:\/\/www.larnitech.com\/fr\/hotel-intelligent\/\" \/>\n<meta property=\"og:site_name\" content=\"Larnitech\" \/>\n<meta property=\"article:modified_time\" content=\"2023-11-02T01:05:38+00:00\" \/>\n<meta name=\"twitter:card\" content=\"summary_large_image\" \/>\n<meta name=\"twitter:label1\" content=\"Dur\u00e9e de lecture estim\u00e9e\" \/>\n\t<meta name=\"twitter:data1\" content=\"3 minutes\" \/>\n<script type=\"application\/ld+json\" class=\"yoast-schema-graph\">{\"@context\":\"https:\/\/schema.org\",\"@graph\":[{\"@type\":\"WebPage\",\"@id\":\"https:\/\/www.larnitech.com\/fr\/hotel-intelligent\/\",\"url\":\"https:\/\/www.larnitech.com\/fr\/hotel-intelligent\/\",\"name\":\"H\u00f4tel intelligent - Larnitech\",\"isPartOf\":{\"@id\":\"https:\/\/www.larnitech.com\/#website\"},\"datePublished\":\"2023-10-31T16:26:39+00:00\",\"dateModified\":\"2023-11-02T01:05:38+00:00\",\"breadcrumb\":{\"@id\":\"https:\/\/www.larnitech.com\/fr\/hotel-intelligent\/#breadcrumb\"},\"inLanguage\":\"fr-FR\",\"potentialAction\":[{\"@type\":\"ReadAction\",\"target\":[\"https:\/\/www.larnitech.com\/fr\/hotel-intelligent\/\"]}]},{\"@type\":\"BreadcrumbList\",\"@id\":\"https:\/\/www.larnitech.com\/fr\/hotel-intelligent\/#breadcrumb\",\"itemListElement\":[{\"@type\":\"ListItem\",\"position\":1,\"name\":\"Home\",\"item\":\"https:\/\/www.larnitech.com\/fr\/\"},{\"@type\":\"ListItem\",\"position\":2,\"name\":\"H\u00f4tel intelligent\"}]},{\"@type\":\"WebSite\",\"@id\":\"https:\/\/www.larnitech.com\/#website\",\"url\":\"https:\/\/www.larnitech.com\/\",\"name\":\"Larnitech\",\"description\":\"\",\"publisher\":{\"@id\":\"https:\/\/www.larnitech.com\/#organization\"},\"potentialAction\":[{\"@type\":\"SearchAction\",\"target\":{\"@type\":\"EntryPoint\",\"urlTemplate\":\"https:\/\/www.larnitech.com\/?s={search_term_string}\"},\"query-input\":\"required name=search_term_string\"}],\"inLanguage\":\"fr-FR\"},{\"@type\":\"Organization\",\"@id\":\"https:\/\/www.larnitech.com\/#organization\",\"name\":\"Larnitech\",\"url\":\"https:\/\/www.larnitech.com\/\",\"logo\":{\"@type\":\"ImageObject\",\"inLanguage\":\"fr-FR\",\"@id\":\"https:\/\/www.larnitech.com\/#\/schema\/logo\/image\/\",\"url\":\"https:\/\/www.larnitech.com\/wp-content\/uploads\/2022\/01\/logo_white.png\",\"contentUrl\":\"https:\/\/www.larnitech.com\/wp-content\/uploads\/2022\/01\/logo_white.png\",\"width\":1262,\"height\":274,\"caption\":\"Larnitech\"},\"image\":{\"@id\":\"https:\/\/www.larnitech.com\/#\/schema\/logo\/image\/\"}}]}<\/script>\n<!-- \/ Yoast SEO Premium plugin. -->","yoast_head_json":{"title":"H\u00f4tel intelligent - Larnitech","robots":{"index":"index","follow":"follow","max-snippet":"max-snippet:-1","max-image-preview":"max-image-preview:large","max-video-preview":"max-video-preview:-1"},"og_locale":"fr_FR","og_type":"article","og_title":"H\u00f4tel intelligent","og_description":"Un syst\u00e8me h\u00f4telier intelligent\u00a0est une r\u00e9ponse moderne aux besoins des clients les plus exigeants de votre h\u00f4tel, de votre auberge ou de votre complexe h\u00f4telier. Il s&#8217;agit d&#8217;un nouveau niveau de s\u00e9curit\u00e9 qui assurera la s\u00e9curit\u00e9 de vos clients et de leurs biens. Le syst\u00e8me h\u00f4telier intelligent de Larnitech est bas\u00e9 sur son propre r\u00e9seau...","og_url":"https:\/\/www.larnitech.com\/fr\/hotel-intelligent\/","og_site_name":"Larnitech","article_modified_time":"2023-11-02T01:05:38+00:00","twitter_card":"summary_large_image","twitter_misc":{"Dur\u00e9e de lecture estim\u00e9e":"3 minutes"},"schema":{"@context":"https:\/\/schema.org","@graph":[{"@type":"WebPage","@id":"https:\/\/www.larnitech.com\/fr\/hotel-intelligent\/","url":"https:\/\/www.larnitech.com\/fr\/hotel-intelligent\/","name":"H\u00f4tel intelligent - Larnitech","isPartOf":{"@id":"https:\/\/www.larnitech.com\/#website"},"datePublished":"2023-10-31T16:26:39+00:00","dateModified":"2023-11-02T01:05:38+00:00","breadcrumb":{"@id":"https:\/\/www.larnitech.com\/fr\/hotel-intelligent\/#breadcrumb"},"inLanguage":"fr-FR","potentialAction":[{"@type":"ReadAction","target":["https:\/\/www.larnitech.com\/fr\/hotel-intelligent\/"]}]},{"@type":"BreadcrumbList","@id":"https:\/\/www.larnitech.com\/fr\/hotel-intelligent\/#breadcrumb","itemListElement":[{"@type":"ListItem","position":1,"name":"Home","item":"https:\/\/www.larnitech.com\/fr\/"},{"@type":"ListItem","position":2,"name":"H\u00f4tel intelligent"}]},{"@type":"WebSite","@id":"https:\/\/www.larnitech.com\/#website","url":"https:\/\/www.larnitech.com\/","name":"Larnitech","description":"","publisher":{"@id":"https:\/\/www.larnitech.com\/#organization"},"potentialAction":[{"@type":"SearchAction","target":{"@type":"EntryPoint","urlTemplate":"https:\/\/www.larnitech.com\/?s={search_term_string}"},"query-input":"required name=search_term_string"}],"inLanguage":"fr-FR"},{"@type":"Organization","@id":"https:\/\/www.larnitech.com\/#organization","name":"Larnitech","url":"https:\/\/www.larnitech.com\/","logo":{"@type":"ImageObject","inLanguage":"fr-FR","@id":"https:\/\/www.larnitech.com\/#\/schema\/logo\/image\/","url":"https:\/\/www.larnitech.com\/wp-content\/uploads\/2022\/01\/logo_white.png","contentUrl":"https:\/\/www.larnitech.com\/wp-content\/uploads\/2022\/01\/logo_white.png","width":1262,"height":274,"caption":"Larnitech"},"image":{"@id":"https:\/\/www.larnitech.com\/#\/schema\/logo\/image\/"}}]}},"_links":{"self":[{"href":"https:\/\/www.larnitech.com\/fr\/wp-json\/wp\/v2\/pages\/10752","targetHints":{"allow":["GET"]}}],"collection":[{"href":"https:\/\/www.larnitech.com\/fr\/wp-json\/wp\/v2\/pages"}],"about":[{"href":"https:\/\/www.larnitech.com\/fr\/wp-json\/wp\/v2\/types\/page"}],"author":[{"embeddable":true,"href":"https:\/\/www.larnitech.com\/fr\/wp-json\/wp\/v2\/users\/5"}],"replies":[{"embeddable":true,"href":"https:\/\/www.larnitech.com\/fr\/wp-json\/wp\/v2\/comments?post=10752"}],"version-history":[{"count":4,"href":"https:\/\/www.larnitech.com\/fr\/wp-json\/wp\/v2\/pages\/10752\/revisions"}],"predecessor-version":[{"id":10899,"href":"https:\/\/www.larnitech.com\/fr\/wp-json\/wp\/v2\/pages\/10752\/revisions\/10899"}],"wp:attachment":[{"href":"https:\/\/www.larnitech.com\/fr\/wp-json\/wp\/v2\/media?parent=10752"}],"curies":[{"name":"wp","href":"https:\/\/api.w.org\/{rel}","templated":true}]}}