{"id":10751,"date":"2023-10-31T18:24:01","date_gmt":"2023-10-31T16:24:01","guid":{"rendered":"https:\/\/www.larnitech.com\/?page_id=10751"},"modified":"2023-11-01T23:25:47","modified_gmt":"2023-11-01T21:25:47","slug":"maison-intelligente","status":"publish","type":"page","link":"https:\/\/www.larnitech.com\/fr\/maison-intelligente\/","title":{"rendered":"Maison intelligente"},"content":{"rendered":"<h2>Larnitech &#8211; \u00e9quipement moderne de la maison intelligente<\/h2>\n<p>Qu&#8217;est-ce qu&#8217;une maison intelligente moderne selon le fabricant ? Pourquoi ces syst\u00e8mes sont-ils pass\u00e9s d&#8217;une cat\u00e9gorie inaccessible et \u00e9litiste \u00e0 un &#8220;indispensable&#8221; pour toute personne qui appr\u00e9cie le confort, la fiabilit\u00e9 et la s\u00e9curit\u00e9 ?<\/p>\n<p>La maison intelligente est un syst\u00e8me de surveillance et de gestion de la fonctionnalit\u00e9 de votre maison, qui est activement implant\u00e9 dans nos vies. Elle facilite \u00e9norm\u00e9ment la vie en confiant \u00e0 l&#8217;\u00e9lectronique tous les soucis li\u00e9s \u00e0 la maison et \u00e0 sa s\u00e9curit\u00e9.<\/p>\n<p>Qu&#8217;est-ce qu&#8217;un \u00e9quipement de maison intelligente ? Il s&#8217;agit de d\u00e9tecteurs d&#8217;incendie, de fum\u00e9e, de dioxyde de carbone, de fuites, ainsi que de d\u00e9tecteurs de mouvement, de d\u00e9tecteurs d&#8217;ouverture de fen\u00eatres et de portes, de cam\u00e9ras de vid\u00e9osurveillance et d&#8217;une technologie de communication de porte intelligente. Ils fonctionnent automatiquement ou selon des sc\u00e9narios pr\u00e9\u00e9tablis, qu&#8217;ils soient int\u00e9gr\u00e9s les uns aux autres ou s\u00e9par\u00e9s.<\/p>\n<p>Ces syst\u00e8mes contr\u00f4lent le microclimat, l&#8217;\u00e9clairage, le chauffage et la ventilation. Tous les compteurs \u00e9lectriques, les syst\u00e8mes multim\u00e9dias et les appareils m\u00e9nagers (machines \u00e0 laver, cuisini\u00e8res, r\u00e9frig\u00e9rateurs, etc.) sont aussi sous le contr\u00f4le d&#8217;une maison intelligente.<\/p>\n<p>Vous pouvez laisser votre maison sous la protection fiable d&#8217;une maison intelligente : en cas d&#8217;intrusion, de signes d&#8217;inondation ou de fum\u00e9e, nos capteurs de petite taille enverront une alarme \u00e0 votre t\u00e9l\u00e9phone et \u00e0 une entreprise de services.<\/p>\n<h2>Qu&#8217;est-ce que les syst\u00e8mes de maison intelligente ?<\/h2>\n<p>Les syst\u00e8mes de maison intelligente sont tr\u00e8s vari\u00e9s : c\u00e2bl\u00e9s, sans fil, centralis\u00e9s, d\u00e9centralis\u00e9s, hybrides, internet des objets.<\/p>\n<p>Passons en revue les principales diff\u00e9rences entre un syst\u00e8me c\u00e2bl\u00e9 et un syst\u00e8me sans fil. La fonctionnalit\u00e9 des syst\u00e8mes sans fil est beaucoup plus limit\u00e9e que celle des syst\u00e8mes c\u00e2bl\u00e9s. De plus, les syst\u00e8mes sans fil ne sont pas tr\u00e8s fiables et peuvent facilement tomber en panne au moment le plus crucial.<\/p>\n<p>Le syst\u00e8me c\u00e2bl\u00e9 vous permet d&#8217;int\u00e9grer une id\u00e9e d&#8217;ing\u00e9nierie dans le projet, alors que le syst\u00e8me sans fil doit \u00eatre adapt\u00e9 au syst\u00e8me existant. Le taux de transfert de donn\u00e9es dans un syst\u00e8me c\u00e2bl\u00e9 est plusieurs fois sup\u00e9rieur \u00e0 celui d&#8217;un syst\u00e8me sans fil.<\/p>\n<p>Un syst\u00e8me c\u00e2bl\u00e9 vous permet de faire des copies de sauvegarde du syst\u00e8me. Celles-ci vous permettent de toujours restaurer la version pr\u00e9c\u00e9dente en cas de d\u00e9faillance et vous \u00e9vitent de devoir tout r\u00e9initialiser compl\u00e8tement.<\/p>\n<p>L&#8217;un des grands avantages d&#8217;un syst\u00e8me c\u00e2bl\u00e9 est que si l&#8217;internet cesse de fonctionner, le syst\u00e8me continuera \u00e0 fonctionner, contrairement \u00e0 un syst\u00e8me sans fil.<\/p>\n<p>Du fait que la plupart des capteurs peuvent \u00eatre &#8220;cach\u00e9s&#8221; dans les murs de la maison, un syst\u00e8me c\u00e2bl\u00e9 est moins visible et n&#8217;alt\u00e8re pas du tout le design.<\/p>\n<p>Par cons\u00e9quent, les principaux avantages d&#8217;un syst\u00e8me c\u00e2bl\u00e9 par rapport \u00e0 un syst\u00e8me sans fil sont :<\/p>\n<ul>\n<li>Fiabilit\u00e9,<\/li>\n<li>Stabilit\u00e9 de l&#8217;emploi,<\/li>\n<li>Facteur de forme,<\/li>\n<li>Logique interne,<\/li>\n<li>D\u00e9bit en bauds,<\/li>\n<li>\u00c9cosyst\u00e8me unique.<\/li>\n<\/ul>\n<h3>Qui peut \u00eatre int\u00e9ress\u00e9 par un syst\u00e8me de maison intelligente ?<\/h3>\n<p>Les acheteurs potentiels de syst\u00e8mes de maison intelligente sont des personnes qui comptent effectuer des r\u00e9parations dans une maison existante, acheter un nouvel appartement ou construire une maison. G\u00e9n\u00e9ralement, ces personnes s&#8217;int\u00e9ressent activement aux nouvelles technologies et accordent une attention particuli\u00e8re au confort et au design.<\/p>\n<p>Le confort et la s\u00e9curit\u00e9 absolue \u00e0 la maison sont essentiels pour eux. Ces personnes ne veulent pas consacrer leur temps personnel \u00e0 des actions pouvant \u00eatre confi\u00e9es \u00e0 une maison intelligente. Elles s&#8217;efforcent d&#8217;\u00eatre progressistes et d&#8217;\u00e9voluer avec le temps.<\/p>\n<p>Ces clients potentiels pourraient \u00e9galement \u00eatre :<\/p>\n<ul>\n<li>des d\u00e9veloppeurs,<\/li>\n<li>des concepteurs,<\/li>\n<li>des architectes,<\/li>\n<li>les propri\u00e9taires de restaurants, de cliniques, de centres de bureaux.<\/li>\n<\/ul>\n<p>En automatisant les locaux, ils optimisent leur activit\u00e9 et augmentent leur rentabilit\u00e9. Ces personnes valorisent l&#8217;\u00e9conomie de ressources, le contr\u00f4le des co\u00fbts et l&#8217;optimisation de la gestion.<\/p>\n<h3>Installation d&#8217;un syst\u00e8me de maison intelligente<\/h3>\n<p>Le syst\u00e8me doit \u00eatre install\u00e9 d\u00e8s la phase de construction, car son fonctionnement fiable n\u00e9cessite l&#8217;installation de c\u00e2bles dans les murs ou le sol. Au d\u00e9but, vous pouvez installer le syst\u00e8me pour des fonctions de base (\u00e9clairage, climat, fuites, s\u00e9curit\u00e9) et, plus tard, la fonctionnalit\u00e9 peut \u00eatre am\u00e9lior\u00e9e et \u00e9largie.<\/p>\n<p>Il est important de comprendre que seuls des professionnels devraient se charger de l&#8217;installation du syst\u00e8me. Il existe de nombreuses nuances parfois difficiles \u00e0 comprendre, m\u00eame pour un \u00e9lectricien qualifi\u00e9 qui n&#8217;a pas l&#8217;exp\u00e9rience n\u00e9cessaire.<\/p>\n<p>Une tentative d&#8217;installation du syst\u00e8me par soi-m\u00eame ou par des sp\u00e9cialistes non certifi\u00e9s peut entra\u00eener la d\u00e9faillance de l&#8217;ensemble du syst\u00e8me.<\/p>\n<p>Avant de commander et d&#8217;installer le syst\u00e8me, vous devez v\u00e9rifier que l&#8217;entreprise dispose de centres de service, qu&#8217;elle offre une p\u00e9riode de garantie et que ses sp\u00e9cialistes ont suivi une formation particuli\u00e8re sanctionn\u00e9e par les certificats correspondants.<\/p>\n<p>Un projet de maison intelligente de haute qualit\u00e9 doit tenir compte des sp\u00e9cificit\u00e9s et des caract\u00e9ristiques de la vie de chaque client. Par exemple, si vous \u00eates souvent loin de chez vous, il convient de mettre l&#8217;accent sur les syst\u00e8mes de s\u00e9curit\u00e9 et de vid\u00e9osurveillance.<\/p>\n<h3>Qui sommes-nous ?<\/h3>\n<p><a href=\"https:\/\/www.larnitech.com\/\">Larnitech <\/a>est un fabricant allemand reconnu d&#8217;\u00e9quipements pour l&#8217;automatisation des locaux priv\u00e9s et commerciaux.<\/p>\n<p>Les solutions de maison intelligente de notre entreprise sont un syst\u00e8me unique de contr\u00f4le et de gestion avec une interface pratique et accessible. Nous utilisons des syst\u00e8mes c\u00e2bl\u00e9s et sans fil.<\/p>\n<p>Nous avons aussi d\u00e9velopp\u00e9 notre propre application Larnitech qui contr\u00f4le :<\/p>\n<ul>\n<li>le climat dans toutes les pi\u00e8ces (temp\u00e9rature, humidit\u00e9, ventilation),<\/li>\n<li>les syst\u00e8mes d&#8217;\u00e9clairage,<\/li>\n<li>l&#8217;ouverture et la fermeture des portes et des fen\u00eatres,<\/li>\n<li>l&#8217;\u00e9quipement multim\u00e9dia,<\/li>\n<li>les appareils \u00e9lectrom\u00e9nagers,<\/li>\n<li>les fuites d&#8217;eau,<\/li>\n<li>le niveau de dioxyde de carbone,<\/li>\n<li>la fum\u00e9e et bien plus encore.<\/li>\n<\/ul>\n<p>Vous contr\u00f4lez tout ce qui se trouve dans votre maison en un seul clic, de n&#8217;importe o\u00f9, quelle que soit la distance !<\/p>\n<h3>Les avantages de travailler avec Larnitech<\/h3>\n<p>Pourquoi devriez-vous installer un syst\u00e8me de maison intelligente provenant de notre entreprise ? La maison intelligente de Larnitech est :<\/p>\n<ul>\n<li>Un syst\u00e8me unique et parfait, allant du capteur le plus simple au logiciel et au service web.<\/li>\n<li>Un syst\u00e8me d&#8217;intelligence distribu\u00e9e : lorsque le contr\u00f4leur, le module ou le capteur est bloqu\u00e9, tous les autres appareils continuent de fonctionner.<\/li>\n<li>Une application intuitive avec de nombreuses fonctions et possibilit\u00e9s que m\u00eame un enfant peut utiliser.<\/li>\n<li>Un acc\u00e8s \u00e0 distance pour l&#8217;installateur : toutes les modifications peuvent \u00eatre effectu\u00e9es sans se d\u00e9placer sur place.<\/li>\n<li>Une \u00e9conomie de 30% des ressources \u00e9nerg\u00e9tiques qui vous permet de rentabiliser rapidement l&#8217;investissement dans une maison intelligente.<\/li>\n<li>Des produits de haute technologie et \u00e9cologiques qui ne prennent pas beaucoup de place et ne g\u00e2chent pas le design.<\/li>\n<li>Des applications pour Android, IOS, Linux, Windows.<\/li>\n<li>La fiabilit\u00e9 : les syst\u00e8mes c\u00e2bl\u00e9s sont toujours plus fiables que les syst\u00e8mes sans fil.<\/li>\n<\/ul>\n<p>Nous sommes responsables de la qualit\u00e9 de nos produits et nous garantissons nos \u00e9quipements pendant deux ans.<\/p>\n<p>Il vaut la peine de mentionner notre politique de prix : par rapport \u00e0 d&#8217;autres entreprises, nos prix sont inf\u00e9rieurs aux prix moyens du march\u00e9, mais vous obtenez en m\u00eame temps un produit de la plus haute qualit\u00e9 allemande. Autrement dit, nous offrons les fonctionnalit\u00e9s des principaux acteurs du march\u00e9 aux prix les plus abordables.<\/p>\n<p>Le syst\u00e8me de maison intelligente de Larnitech permet d&#8217;\u00e9conomiser les ressources, d&#8217;augmenter la s\u00e9curit\u00e9 de votre maison, de fournir un contr\u00f4le total sur l&#8217;\u00e9clairage, le climat, les syst\u00e8mes vid\u00e9o et audio.<\/p>\n<p>Diff\u00e9rents sc\u00e9narios sont faciles \u00e0 r\u00e9aliser et s&#8217;ex\u00e9cutent automatiquement, prenant en charge la plupart des t\u00e2ches routini\u00e8res \u00e0 votre place.<\/p>\n<p>Votre maison intelligente contr\u00f4le la temp\u00e9rature des diff\u00e9rentes pi\u00e8ces, ajuste le syst\u00e8me de chauffage selon vos besoins, arrose vos plantes, nourrit vos animaux, surveille les panneaux solaires pour s&#8217;assurer que leur efficacit\u00e9 est maximale, \u00e9teint les lumi\u00e8res dans les pi\u00e8ces inutilis\u00e9es, joue votre musique pr\u00e9f\u00e9r\u00e9e et pr\u00e9pare m\u00eame votre caf\u00e9 du matin !<\/p>\n<p>Votre maison est prot\u00e9g\u00e9e en cas de fuite d&#8217;eau ou de gaz. Le syst\u00e8me communique avec vous par t\u00e9l\u00e9phone, vous envoyant des notifications sur les \u00e9l\u00e9ments qui requi\u00e8rent votre attention.<\/p>\n<p>Avec Larnitech, vous b\u00e9n\u00e9ficiez de solutions tr\u00e8s efficaces et pr\u00eates \u00e0 \u00eatre install\u00e9es, qui facilitent la gestion de la maison et augmentent la qualit\u00e9 de vie.<\/p>\n","protected":false},"excerpt":{"rendered":"<p>Larnitech &#8211; \u00e9quipement moderne de la maison intelligente Qu&#8217;est-ce qu&#8217;une maison intelligente moderne selon le fabricant ? Pourquoi ces syst\u00e8mes sont-ils pass\u00e9s d&#8217;une cat\u00e9gorie inaccessible et \u00e9litiste \u00e0 un &#8220;indispensable&#8221; pour toute personne qui appr\u00e9cie le confort, la fiabilit\u00e9 et la s\u00e9curit\u00e9 ? La maison intelligente est un syst\u00e8me de surveillance et de gestion de&#8230;<\/p>\n","protected":false},"author":5,"featured_media":0,"parent":0,"menu_order":0,"comment_status":"closed","ping_status":"closed","template":"page-templates\/project.php","meta":{"inline_featured_image":false,"footnotes":""},"class_list":["post-10751","page","type-page","status-publish","hentry"],"acf":[],"yoast_head":"<!-- This site is optimized with the Yoast SEO Premium plugin v19.0.1 (Yoast SEO v19.12) - https:\/\/yoast.com\/wordpress\/plugins\/seo\/ -->\n<title>Maison intelligente - Larnitech<\/title>\n<meta name=\"robots\" content=\"index, follow, max-snippet:-1, max-image-preview:large, max-video-preview:-1\" \/>\n<meta property=\"og:locale\" content=\"fr_FR\" \/>\n<meta property=\"og:type\" content=\"article\" \/>\n<meta property=\"og:title\" content=\"Maison intelligente\" \/>\n<meta property=\"og:description\" content=\"Larnitech &#8211; \u00e9quipement moderne de la maison intelligente Qu&#8217;est-ce qu&#8217;une maison intelligente moderne selon le fabricant ? Pourquoi ces syst\u00e8mes sont-ils pass\u00e9s d&#8217;une cat\u00e9gorie inaccessible et \u00e9litiste \u00e0 un &#8220;indispensable&#8221; pour toute personne qui appr\u00e9cie le confort, la fiabilit\u00e9 et la s\u00e9curit\u00e9 ? La maison intelligente est un syst\u00e8me de surveillance et de gestion de...\" \/>\n<meta property=\"og:url\" content=\"https:\/\/www.larnitech.com\/fr\/maison-intelligente\/\" \/>\n<meta property=\"og:site_name\" content=\"Larnitech\" \/>\n<meta property=\"article:modified_time\" content=\"2023-11-01T21:25:47+00:00\" \/>\n<meta name=\"twitter:card\" content=\"summary_large_image\" \/>\n<meta name=\"twitter:label1\" content=\"Dur\u00e9e de lecture estim\u00e9e\" \/>\n\t<meta name=\"twitter:data1\" content=\"7 minutes\" \/>\n<script type=\"application\/ld+json\" class=\"yoast-schema-graph\">{\"@context\":\"https:\/\/schema.org\",\"@graph\":[{\"@type\":\"WebPage\",\"@id\":\"https:\/\/www.larnitech.com\/fr\/maison-intelligente\/\",\"url\":\"https:\/\/www.larnitech.com\/fr\/maison-intelligente\/\",\"name\":\"Maison intelligente - Larnitech\",\"isPartOf\":{\"@id\":\"https:\/\/www.larnitech.com\/#website\"},\"datePublished\":\"2023-10-31T16:24:01+00:00\",\"dateModified\":\"2023-11-01T21:25:47+00:00\",\"breadcrumb\":{\"@id\":\"https:\/\/www.larnitech.com\/fr\/maison-intelligente\/#breadcrumb\"},\"inLanguage\":\"fr-FR\",\"potentialAction\":[{\"@type\":\"ReadAction\",\"target\":[\"https:\/\/www.larnitech.com\/fr\/maison-intelligente\/\"]}]},{\"@type\":\"BreadcrumbList\",\"@id\":\"https:\/\/www.larnitech.com\/fr\/maison-intelligente\/#breadcrumb\",\"itemListElement\":[{\"@type\":\"ListItem\",\"position\":1,\"name\":\"Home\",\"item\":\"https:\/\/www.larnitech.com\/fr\/\"},{\"@type\":\"ListItem\",\"position\":2,\"name\":\"Maison intelligente\"}]},{\"@type\":\"WebSite\",\"@id\":\"https:\/\/www.larnitech.com\/#website\",\"url\":\"https:\/\/www.larnitech.com\/\",\"name\":\"Larnitech\",\"description\":\"\",\"publisher\":{\"@id\":\"https:\/\/www.larnitech.com\/#organization\"},\"potentialAction\":[{\"@type\":\"SearchAction\",\"target\":{\"@type\":\"EntryPoint\",\"urlTemplate\":\"https:\/\/www.larnitech.com\/?s={search_term_string}\"},\"query-input\":\"required name=search_term_string\"}],\"inLanguage\":\"fr-FR\"},{\"@type\":\"Organization\",\"@id\":\"https:\/\/www.larnitech.com\/#organization\",\"name\":\"Larnitech\",\"url\":\"https:\/\/www.larnitech.com\/\",\"logo\":{\"@type\":\"ImageObject\",\"inLanguage\":\"fr-FR\",\"@id\":\"https:\/\/www.larnitech.com\/#\/schema\/logo\/image\/\",\"url\":\"https:\/\/www.larnitech.com\/wp-content\/uploads\/2022\/01\/logo_white.png\",\"contentUrl\":\"https:\/\/www.larnitech.com\/wp-content\/uploads\/2022\/01\/logo_white.png\",\"width\":1262,\"height\":274,\"caption\":\"Larnitech\"},\"image\":{\"@id\":\"https:\/\/www.larnitech.com\/#\/schema\/logo\/image\/\"}}]}<\/script>\n<!-- \/ Yoast SEO Premium plugin. -->","yoast_head_json":{"title":"Maison intelligente - Larnitech","robots":{"index":"index","follow":"follow","max-snippet":"max-snippet:-1","max-image-preview":"max-image-preview:large","max-video-preview":"max-video-preview:-1"},"og_locale":"fr_FR","og_type":"article","og_title":"Maison intelligente","og_description":"Larnitech &#8211; \u00e9quipement moderne de la maison intelligente Qu&#8217;est-ce qu&#8217;une maison intelligente moderne selon le fabricant ? Pourquoi ces syst\u00e8mes sont-ils pass\u00e9s d&#8217;une cat\u00e9gorie inaccessible et \u00e9litiste \u00e0 un &#8220;indispensable&#8221; pour toute personne qui appr\u00e9cie le confort, la fiabilit\u00e9 et la s\u00e9curit\u00e9 ? La maison intelligente est un syst\u00e8me de surveillance et de gestion de...","og_url":"https:\/\/www.larnitech.com\/fr\/maison-intelligente\/","og_site_name":"Larnitech","article_modified_time":"2023-11-01T21:25:47+00:00","twitter_card":"summary_large_image","twitter_misc":{"Dur\u00e9e de lecture estim\u00e9e":"7 minutes"},"schema":{"@context":"https:\/\/schema.org","@graph":[{"@type":"WebPage","@id":"https:\/\/www.larnitech.com\/fr\/maison-intelligente\/","url":"https:\/\/www.larnitech.com\/fr\/maison-intelligente\/","name":"Maison intelligente - Larnitech","isPartOf":{"@id":"https:\/\/www.larnitech.com\/#website"},"datePublished":"2023-10-31T16:24:01+00:00","dateModified":"2023-11-01T21:25:47+00:00","breadcrumb":{"@id":"https:\/\/www.larnitech.com\/fr\/maison-intelligente\/#breadcrumb"},"inLanguage":"fr-FR","potentialAction":[{"@type":"ReadAction","target":["https:\/\/www.larnitech.com\/fr\/maison-intelligente\/"]}]},{"@type":"BreadcrumbList","@id":"https:\/\/www.larnitech.com\/fr\/maison-intelligente\/#breadcrumb","itemListElement":[{"@type":"ListItem","position":1,"name":"Home","item":"https:\/\/www.larnitech.com\/fr\/"},{"@type":"ListItem","position":2,"name":"Maison intelligente"}]},{"@type":"WebSite","@id":"https:\/\/www.larnitech.com\/#website","url":"https:\/\/www.larnitech.com\/","name":"Larnitech","description":"","publisher":{"@id":"https:\/\/www.larnitech.com\/#organization"},"potentialAction":[{"@type":"SearchAction","target":{"@type":"EntryPoint","urlTemplate":"https:\/\/www.larnitech.com\/?s={search_term_string}"},"query-input":"required name=search_term_string"}],"inLanguage":"fr-FR"},{"@type":"Organization","@id":"https:\/\/www.larnitech.com\/#organization","name":"Larnitech","url":"https:\/\/www.larnitech.com\/","logo":{"@type":"ImageObject","inLanguage":"fr-FR","@id":"https:\/\/www.larnitech.com\/#\/schema\/logo\/image\/","url":"https:\/\/www.larnitech.com\/wp-content\/uploads\/2022\/01\/logo_white.png","contentUrl":"https:\/\/www.larnitech.com\/wp-content\/uploads\/2022\/01\/logo_white.png","width":1262,"height":274,"caption":"Larnitech"},"image":{"@id":"https:\/\/www.larnitech.com\/#\/schema\/logo\/image\/"}}]}},"_links":{"self":[{"href":"https:\/\/www.larnitech.com\/fr\/wp-json\/wp\/v2\/pages\/10751","targetHints":{"allow":["GET"]}}],"collection":[{"href":"https:\/\/www.larnitech.com\/fr\/wp-json\/wp\/v2\/pages"}],"about":[{"href":"https:\/\/www.larnitech.com\/fr\/wp-json\/wp\/v2\/types\/page"}],"author":[{"embeddable":true,"href":"https:\/\/www.larnitech.com\/fr\/wp-json\/wp\/v2\/users\/5"}],"replies":[{"embeddable":true,"href":"https:\/\/www.larnitech.com\/fr\/wp-json\/wp\/v2\/comments?post=10751"}],"version-history":[{"count":8,"href":"https:\/\/www.larnitech.com\/fr\/wp-json\/wp\/v2\/pages\/10751\/revisions"}],"predecessor-version":[{"id":10895,"href":"https:\/\/www.larnitech.com\/fr\/wp-json\/wp\/v2\/pages\/10751\/revisions\/10895"}],"wp:attachment":[{"href":"https:\/\/www.larnitech.com\/fr\/wp-json\/wp\/v2\/media?parent=10751"}],"curies":[{"name":"wp","href":"https:\/\/api.w.org\/{rel}","templated":true}]}}