{"id":9792,"date":"2022-08-09T21:40:24","date_gmt":"2022-08-09T18:40:24","guid":{"rendered":"https:\/\/www.larnitech.com\/?post_type=product&#038;p=9792"},"modified":"2024-01-19T22:51:09","modified_gmt":"2024-01-19T20:51:09","slug":"fe-ic","status":"publish","type":"product","link":"https:\/\/www.larnitech.com\/es\/product\/fe-ic\/","title":{"rendered":"FE-IC"},"content":{"rendered":"<div class=\"product_content\">\n<p>Panel de llamada de video portero. Lleva incorporada una c\u00e1mara de 1,3MP con iluminaci\u00f3n IR, un lector de tarjetas de proximidad, un rel\u00e9 para conectar la cerradura el\u00e9ctrica. Tiene una memoria integrada de 2Gb para grabar fotos\/v\u00eddeo. Soporta protocolos SIP, DLNA.<\/p>\n<\/div>\n","protected":false},"featured_media":7504,"template":"","meta":{"inline_featured_image":false,"footnotes":""},"products":[48],"class_list":["post-9792","product","type-product","status-publish","has-post-thumbnail","hentry","products-multiroom"],"acf":[],"yoast_head":"<!-- This site is optimized with the Yoast SEO Premium plugin v19.0.1 (Yoast SEO v19.12) - https:\/\/yoast.com\/wordpress\/plugins\/seo\/ -->\n<title>FE-IC - Larnitech<\/title>\n<meta name=\"robots\" content=\"index, follow, max-snippet:-1, max-image-preview:large, max-video-preview:-1\" \/>\n<meta property=\"og:locale\" content=\"es_ES\" \/>\n<meta property=\"og:type\" content=\"article\" \/>\n<meta property=\"og:title\" content=\"FE-IC\" \/>\n<meta property=\"og:description\" content=\"Panel de llamada de video portero. Lleva incorporada una c\u00e1mara de 1,3MP con iluminaci\u00f3n IR, un lector de tarjetas de proximidad, un rel\u00e9 para conectar la cerradura el\u00e9ctrica. Tiene una memoria integrada de 2Gb para grabar fotos\/v\u00eddeo. Soporta protocolos SIP, DLNA.\" \/>\n<meta property=\"og:url\" content=\"https:\/\/www.larnitech.com\/es\/product\/fe-ic\/\" \/>\n<meta property=\"og:site_name\" content=\"Larnitech\" \/>\n<meta property=\"article:modified_time\" content=\"2024-01-19T20:51:09+00:00\" \/>\n<meta property=\"og:image\" content=\"https:\/\/www.larnitech.com\/wp-content\/uploads\/2022\/08\/FE-IC-1.png\" \/>\n\t<meta property=\"og:image:width\" content=\"1000\" \/>\n\t<meta property=\"og:image:height\" content=\"1000\" \/>\n\t<meta property=\"og:image:type\" content=\"image\/png\" \/>\n<meta name=\"twitter:card\" content=\"summary_large_image\" \/>\n<meta name=\"twitter:label1\" content=\"Tiempo de lectura\" \/>\n\t<meta name=\"twitter:data1\" content=\"1 minuto\" \/>\n<script type=\"application\/ld+json\" class=\"yoast-schema-graph\">{\"@context\":\"https:\/\/schema.org\",\"@graph\":[{\"@type\":\"WebPage\",\"@id\":\"https:\/\/www.larnitech.com\/es\/product\/fe-ic\/\",\"url\":\"https:\/\/www.larnitech.com\/es\/product\/fe-ic\/\",\"name\":\"FE-IC - Larnitech\",\"isPartOf\":{\"@id\":\"https:\/\/www.larnitech.com\/#website\"},\"datePublished\":\"2022-08-09T18:40:24+00:00\",\"dateModified\":\"2024-01-19T20:51:09+00:00\",\"breadcrumb\":{\"@id\":\"https:\/\/www.larnitech.com\/es\/product\/fe-ic\/#breadcrumb\"},\"inLanguage\":\"es\",\"potentialAction\":[{\"@type\":\"ReadAction\",\"target\":[\"https:\/\/www.larnitech.com\/es\/product\/fe-ic\/\"]}]},{\"@type\":\"BreadcrumbList\",\"@id\":\"https:\/\/www.larnitech.com\/es\/product\/fe-ic\/#breadcrumb\",\"itemListElement\":[{\"@type\":\"ListItem\",\"position\":1,\"name\":\"Home\",\"item\":\"https:\/\/www.larnitech.com\/es\/\"},{\"@type\":\"ListItem\",\"position\":2,\"name\":\"Products\",\"item\":\"https:\/\/www.larnitech.com\/ua\/product\/\"},{\"@type\":\"ListItem\",\"position\":3,\"name\":\"FE-IC\"}]},{\"@type\":\"WebSite\",\"@id\":\"https:\/\/www.larnitech.com\/#website\",\"url\":\"https:\/\/www.larnitech.com\/\",\"name\":\"Larnitech\",\"description\":\"\",\"publisher\":{\"@id\":\"https:\/\/www.larnitech.com\/#organization\"},\"potentialAction\":[{\"@type\":\"SearchAction\",\"target\":{\"@type\":\"EntryPoint\",\"urlTemplate\":\"https:\/\/www.larnitech.com\/?s={search_term_string}\"},\"query-input\":\"required name=search_term_string\"}],\"inLanguage\":\"es\"},{\"@type\":\"Organization\",\"@id\":\"https:\/\/www.larnitech.com\/#organization\",\"name\":\"Larnitech\",\"url\":\"https:\/\/www.larnitech.com\/\",\"logo\":{\"@type\":\"ImageObject\",\"inLanguage\":\"es\",\"@id\":\"https:\/\/www.larnitech.com\/#\/schema\/logo\/image\/\",\"url\":\"https:\/\/www.larnitech.com\/wp-content\/uploads\/2022\/01\/logo_white.png\",\"contentUrl\":\"https:\/\/www.larnitech.com\/wp-content\/uploads\/2022\/01\/logo_white.png\",\"width\":1262,\"height\":274,\"caption\":\"Larnitech\"},\"image\":{\"@id\":\"https:\/\/www.larnitech.com\/#\/schema\/logo\/image\/\"}}]}<\/script>\n<!-- \/ Yoast SEO Premium plugin. -->","yoast_head_json":{"title":"FE-IC - Larnitech","robots":{"index":"index","follow":"follow","max-snippet":"max-snippet:-1","max-image-preview":"max-image-preview:large","max-video-preview":"max-video-preview:-1"},"og_locale":"es_ES","og_type":"article","og_title":"FE-IC","og_description":"Panel de llamada de video portero. Lleva incorporada una c\u00e1mara de 1,3MP con iluminaci\u00f3n IR, un lector de tarjetas de proximidad, un rel\u00e9 para conectar la cerradura el\u00e9ctrica. Tiene una memoria integrada de 2Gb para grabar fotos\/v\u00eddeo. Soporta protocolos SIP, DLNA.","og_url":"https:\/\/www.larnitech.com\/es\/product\/fe-ic\/","og_site_name":"Larnitech","article_modified_time":"2024-01-19T20:51:09+00:00","og_image":[{"width":1000,"height":1000,"url":"https:\/\/www.larnitech.com\/wp-content\/uploads\/2022\/08\/FE-IC-1.png","type":"image\/png"}],"twitter_card":"summary_large_image","twitter_misc":{"Tiempo de lectura":"1 minuto"},"schema":{"@context":"https:\/\/schema.org","@graph":[{"@type":"WebPage","@id":"https:\/\/www.larnitech.com\/es\/product\/fe-ic\/","url":"https:\/\/www.larnitech.com\/es\/product\/fe-ic\/","name":"FE-IC - Larnitech","isPartOf":{"@id":"https:\/\/www.larnitech.com\/#website"},"datePublished":"2022-08-09T18:40:24+00:00","dateModified":"2024-01-19T20:51:09+00:00","breadcrumb":{"@id":"https:\/\/www.larnitech.com\/es\/product\/fe-ic\/#breadcrumb"},"inLanguage":"es","potentialAction":[{"@type":"ReadAction","target":["https:\/\/www.larnitech.com\/es\/product\/fe-ic\/"]}]},{"@type":"BreadcrumbList","@id":"https:\/\/www.larnitech.com\/es\/product\/fe-ic\/#breadcrumb","itemListElement":[{"@type":"ListItem","position":1,"name":"Home","item":"https:\/\/www.larnitech.com\/es\/"},{"@type":"ListItem","position":2,"name":"Products","item":"https:\/\/www.larnitech.com\/ua\/product\/"},{"@type":"ListItem","position":3,"name":"FE-IC"}]},{"@type":"WebSite","@id":"https:\/\/www.larnitech.com\/#website","url":"https:\/\/www.larnitech.com\/","name":"Larnitech","description":"","publisher":{"@id":"https:\/\/www.larnitech.com\/#organization"},"potentialAction":[{"@type":"SearchAction","target":{"@type":"EntryPoint","urlTemplate":"https:\/\/www.larnitech.com\/?s={search_term_string}"},"query-input":"required name=search_term_string"}],"inLanguage":"es"},{"@type":"Organization","@id":"https:\/\/www.larnitech.com\/#organization","name":"Larnitech","url":"https:\/\/www.larnitech.com\/","logo":{"@type":"ImageObject","inLanguage":"es","@id":"https:\/\/www.larnitech.com\/#\/schema\/logo\/image\/","url":"https:\/\/www.larnitech.com\/wp-content\/uploads\/2022\/01\/logo_white.png","contentUrl":"https:\/\/www.larnitech.com\/wp-content\/uploads\/2022\/01\/logo_white.png","width":1262,"height":274,"caption":"Larnitech"},"image":{"@id":"https:\/\/www.larnitech.com\/#\/schema\/logo\/image\/"}}]}},"_links":{"self":[{"href":"https:\/\/www.larnitech.com\/es\/wp-json\/wp\/v2\/product\/9792","targetHints":{"allow":["GET"]}}],"collection":[{"href":"https:\/\/www.larnitech.com\/es\/wp-json\/wp\/v2\/product"}],"about":[{"href":"https:\/\/www.larnitech.com\/es\/wp-json\/wp\/v2\/types\/product"}],"version-history":[{"count":7,"href":"https:\/\/www.larnitech.com\/es\/wp-json\/wp\/v2\/product\/9792\/revisions"}],"predecessor-version":[{"id":13757,"href":"https:\/\/www.larnitech.com\/es\/wp-json\/wp\/v2\/product\/9792\/revisions\/13757"}],"wp:featuredmedia":[{"embeddable":true,"href":"https:\/\/www.larnitech.com\/es\/wp-json\/wp\/v2\/media\/7504"}],"wp:attachment":[{"href":"https:\/\/www.larnitech.com\/es\/wp-json\/wp\/v2\/media?parent=9792"}],"wp:term":[{"taxonomy":"products","embeddable":true,"href":"https:\/\/www.larnitech.com\/es\/wp-json\/wp\/v2\/products?post=9792"}],"curies":[{"name":"wp","href":"https:\/\/api.w.org\/{rel}","templated":true}]}}