{"id":10564,"date":"2024-01-08T10:56:01","date_gmt":"2024-01-08T08:56:01","guid":{"rendered":"https:\/\/www.larnitech.com\/?post_type=product&#038;p=10564"},"modified":"2024-01-19T22:16:39","modified_gmt":"2024-01-19T20:16:39","slug":"bw-sw24v","status":"publish","type":"product","link":"https:\/\/www.larnitech.com\/es\/product\/bw-sw24v\/","title":{"rendered":"BW-SW24V"},"content":{"rendered":"<div class=\"product_content\">\n<p>Toutes les sorties ont une r\u00e9sistance interne de 1K\u03a9. De ce fait, la luminosit\u00e9 des LEDs sera diminu\u00e9e l\u00e9g\u00e8rement lorsque la LED suivante sera allum\u00e9e.<\/p>\n<\/div>\n","protected":false},"featured_media":7343,"template":"","meta":{"inline_featured_image":false,"footnotes":""},"products":[46],"class_list":["post-10564","product","type-product","status-publish","has-post-thumbnail","hentry","products-pattress-space-io-units"],"acf":[],"yoast_head":"<!-- This site is optimized with the Yoast SEO Premium plugin v19.0.1 (Yoast SEO v19.12) - https:\/\/yoast.com\/wordpress\/plugins\/seo\/ -->\n<title>BW-SW24V - Larnitech<\/title>\n<meta name=\"robots\" content=\"index, follow, max-snippet:-1, max-image-preview:large, max-video-preview:-1\" \/>\n<meta property=\"og:locale\" content=\"es_ES\" \/>\n<meta property=\"og:type\" content=\"article\" \/>\n<meta property=\"og:title\" content=\"BW-SW24V\" \/>\n<meta property=\"og:description\" content=\"Toutes les sorties ont une r\u00e9sistance interne de 1K\u03a9. De ce fait, la luminosit\u00e9 des LEDs sera diminu\u00e9e l\u00e9g\u00e8rement lorsque la LED suivante sera allum\u00e9e.\" \/>\n<meta property=\"og:url\" content=\"https:\/\/www.larnitech.com\/es\/product\/bw-sw24v\/\" \/>\n<meta property=\"og:site_name\" content=\"Larnitech\" \/>\n<meta property=\"article:modified_time\" content=\"2024-01-19T20:16:39+00:00\" \/>\n<meta property=\"og:image\" content=\"https:\/\/www.larnitech.com\/wp-content\/uploads\/2022\/08\/BW-SW24V-1.png\" \/>\n\t<meta property=\"og:image:width\" content=\"795\" \/>\n\t<meta property=\"og:image:height\" content=\"795\" \/>\n\t<meta property=\"og:image:type\" content=\"image\/png\" \/>\n<meta name=\"twitter:card\" content=\"summary_large_image\" \/>\n<meta name=\"twitter:label1\" content=\"Tiempo de lectura\" \/>\n\t<meta name=\"twitter:data1\" content=\"1 minuto\" \/>\n<script type=\"application\/ld+json\" class=\"yoast-schema-graph\">{\"@context\":\"https:\/\/schema.org\",\"@graph\":[{\"@type\":\"WebPage\",\"@id\":\"https:\/\/www.larnitech.com\/es\/product\/bw-sw24v\/\",\"url\":\"https:\/\/www.larnitech.com\/es\/product\/bw-sw24v\/\",\"name\":\"BW-SW24V - Larnitech\",\"isPartOf\":{\"@id\":\"https:\/\/www.larnitech.com\/#website\"},\"datePublished\":\"2024-01-08T08:56:01+00:00\",\"dateModified\":\"2024-01-19T20:16:39+00:00\",\"breadcrumb\":{\"@id\":\"https:\/\/www.larnitech.com\/es\/product\/bw-sw24v\/#breadcrumb\"},\"inLanguage\":\"es\",\"potentialAction\":[{\"@type\":\"ReadAction\",\"target\":[\"https:\/\/www.larnitech.com\/es\/product\/bw-sw24v\/\"]}]},{\"@type\":\"BreadcrumbList\",\"@id\":\"https:\/\/www.larnitech.com\/es\/product\/bw-sw24v\/#breadcrumb\",\"itemListElement\":[{\"@type\":\"ListItem\",\"position\":1,\"name\":\"Home\",\"item\":\"https:\/\/www.larnitech.com\/es\/\"},{\"@type\":\"ListItem\",\"position\":2,\"name\":\"Products\",\"item\":\"https:\/\/www.larnitech.com\/ua\/product\/\"},{\"@type\":\"ListItem\",\"position\":3,\"name\":\"BW-SW24V\"}]},{\"@type\":\"WebSite\",\"@id\":\"https:\/\/www.larnitech.com\/#website\",\"url\":\"https:\/\/www.larnitech.com\/\",\"name\":\"Larnitech\",\"description\":\"\",\"publisher\":{\"@id\":\"https:\/\/www.larnitech.com\/#organization\"},\"potentialAction\":[{\"@type\":\"SearchAction\",\"target\":{\"@type\":\"EntryPoint\",\"urlTemplate\":\"https:\/\/www.larnitech.com\/?s={search_term_string}\"},\"query-input\":\"required name=search_term_string\"}],\"inLanguage\":\"es\"},{\"@type\":\"Organization\",\"@id\":\"https:\/\/www.larnitech.com\/#organization\",\"name\":\"Larnitech\",\"url\":\"https:\/\/www.larnitech.com\/\",\"logo\":{\"@type\":\"ImageObject\",\"inLanguage\":\"es\",\"@id\":\"https:\/\/www.larnitech.com\/#\/schema\/logo\/image\/\",\"url\":\"https:\/\/www.larnitech.com\/wp-content\/uploads\/2022\/01\/logo_white.png\",\"contentUrl\":\"https:\/\/www.larnitech.com\/wp-content\/uploads\/2022\/01\/logo_white.png\",\"width\":1262,\"height\":274,\"caption\":\"Larnitech\"},\"image\":{\"@id\":\"https:\/\/www.larnitech.com\/#\/schema\/logo\/image\/\"}}]}<\/script>\n<!-- \/ Yoast SEO Premium plugin. -->","yoast_head_json":{"title":"BW-SW24V - Larnitech","robots":{"index":"index","follow":"follow","max-snippet":"max-snippet:-1","max-image-preview":"max-image-preview:large","max-video-preview":"max-video-preview:-1"},"og_locale":"es_ES","og_type":"article","og_title":"BW-SW24V","og_description":"Toutes les sorties ont une r\u00e9sistance interne de 1K\u03a9. De ce fait, la luminosit\u00e9 des LEDs sera diminu\u00e9e l\u00e9g\u00e8rement lorsque la LED suivante sera allum\u00e9e.","og_url":"https:\/\/www.larnitech.com\/es\/product\/bw-sw24v\/","og_site_name":"Larnitech","article_modified_time":"2024-01-19T20:16:39+00:00","og_image":[{"width":795,"height":795,"url":"https:\/\/www.larnitech.com\/wp-content\/uploads\/2022\/08\/BW-SW24V-1.png","type":"image\/png"}],"twitter_card":"summary_large_image","twitter_misc":{"Tiempo de lectura":"1 minuto"},"schema":{"@context":"https:\/\/schema.org","@graph":[{"@type":"WebPage","@id":"https:\/\/www.larnitech.com\/es\/product\/bw-sw24v\/","url":"https:\/\/www.larnitech.com\/es\/product\/bw-sw24v\/","name":"BW-SW24V - Larnitech","isPartOf":{"@id":"https:\/\/www.larnitech.com\/#website"},"datePublished":"2024-01-08T08:56:01+00:00","dateModified":"2024-01-19T20:16:39+00:00","breadcrumb":{"@id":"https:\/\/www.larnitech.com\/es\/product\/bw-sw24v\/#breadcrumb"},"inLanguage":"es","potentialAction":[{"@type":"ReadAction","target":["https:\/\/www.larnitech.com\/es\/product\/bw-sw24v\/"]}]},{"@type":"BreadcrumbList","@id":"https:\/\/www.larnitech.com\/es\/product\/bw-sw24v\/#breadcrumb","itemListElement":[{"@type":"ListItem","position":1,"name":"Home","item":"https:\/\/www.larnitech.com\/es\/"},{"@type":"ListItem","position":2,"name":"Products","item":"https:\/\/www.larnitech.com\/ua\/product\/"},{"@type":"ListItem","position":3,"name":"BW-SW24V"}]},{"@type":"WebSite","@id":"https:\/\/www.larnitech.com\/#website","url":"https:\/\/www.larnitech.com\/","name":"Larnitech","description":"","publisher":{"@id":"https:\/\/www.larnitech.com\/#organization"},"potentialAction":[{"@type":"SearchAction","target":{"@type":"EntryPoint","urlTemplate":"https:\/\/www.larnitech.com\/?s={search_term_string}"},"query-input":"required name=search_term_string"}],"inLanguage":"es"},{"@type":"Organization","@id":"https:\/\/www.larnitech.com\/#organization","name":"Larnitech","url":"https:\/\/www.larnitech.com\/","logo":{"@type":"ImageObject","inLanguage":"es","@id":"https:\/\/www.larnitech.com\/#\/schema\/logo\/image\/","url":"https:\/\/www.larnitech.com\/wp-content\/uploads\/2022\/01\/logo_white.png","contentUrl":"https:\/\/www.larnitech.com\/wp-content\/uploads\/2022\/01\/logo_white.png","width":1262,"height":274,"caption":"Larnitech"},"image":{"@id":"https:\/\/www.larnitech.com\/#\/schema\/logo\/image\/"}}]}},"_links":{"self":[{"href":"https:\/\/www.larnitech.com\/es\/wp-json\/wp\/v2\/product\/10564","targetHints":{"allow":["GET"]}}],"collection":[{"href":"https:\/\/www.larnitech.com\/es\/wp-json\/wp\/v2\/product"}],"about":[{"href":"https:\/\/www.larnitech.com\/es\/wp-json\/wp\/v2\/types\/product"}],"version-history":[{"count":4,"href":"https:\/\/www.larnitech.com\/es\/wp-json\/wp\/v2\/product\/10564\/revisions"}],"predecessor-version":[{"id":13742,"href":"https:\/\/www.larnitech.com\/es\/wp-json\/wp\/v2\/product\/10564\/revisions\/13742"}],"wp:featuredmedia":[{"embeddable":true,"href":"https:\/\/www.larnitech.com\/es\/wp-json\/wp\/v2\/media\/7343"}],"wp:attachment":[{"href":"https:\/\/www.larnitech.com\/es\/wp-json\/wp\/v2\/media?parent=10564"}],"wp:term":[{"taxonomy":"products","embeddable":true,"href":"https:\/\/www.larnitech.com\/es\/wp-json\/wp\/v2\/products?post=10564"}],"curies":[{"name":"wp","href":"https:\/\/api.w.org\/{rel}","templated":true}]}}