{"id":10081,"date":"2022-07-01T14:05:18","date_gmt":"2022-07-01T11:05:18","guid":{"rendered":"https:\/\/www.larnitech.com\/?post_type=product&#038;p=10081"},"modified":"2024-01-08T13:23:59","modified_gmt":"2024-01-08T11:23:59","slug":"de-mg-plus","status":"publish","type":"product","link":"https:\/\/www.larnitech.com\/es\/product\/de-mg-plus\/","title":{"rendered":"DE-MG.PLUS"},"content":{"rendered":"<p>Se utiliza para acumular y almacenar datos del sistema. El dispositivo determina el esquema l\u00f3gico del sistema y permite el acceso autorizado al sistema a trav\u00e9s de Internet. Tambi\u00e9n convierte Ethernet en bus CAN y viceversa. La DE-MG dispone de un receptor de infrarrojos integrado.<\/p>\n<p>La DE-MG puede controlarse a trav\u00e9s de la nube con una se\u00f1al cifrada segura. El historial del sistema de todos los dem\u00e1s dispositivos y sensores se almacena en la DE-MG durante un a\u00f1o. Su funci\u00f3n plug and play significa que detecta y configura autom\u00e1ticamente los nuevos dispositivos Larnitech que se a\u00f1aden al sistema. Una base de datos amplia y constantemente actualizada de scripts listos para usar garantiza que su hogar haga todo lo que desee. Ponga las cosas en marcha dici\u00e9ndole a su hogar lo que tiene que hacer con la ayuda de Siri, Alexa o Google Home. Recibe notificaciones push en tu tel\u00e9fono cada vez que el sistema tenga cosas que decirte y disfruta del m\u00e1ximo control al alcance de tu mano.<\/p>\n","protected":false},"featured_media":7161,"template":"","meta":{"inline_featured_image":false,"footnotes":""},"products":[37],"class_list":["post-10081","product","type-product","status-publish","has-post-thumbnail","hentry","products-din-rail-gateways"],"acf":[],"yoast_head":"<!-- This site is optimized with the Yoast SEO Premium plugin v19.0.1 (Yoast SEO v19.12) - https:\/\/yoast.com\/wordpress\/plugins\/seo\/ -->\n<title>DE-MG.PLUS - Larnitech<\/title>\n<meta name=\"robots\" content=\"index, follow, max-snippet:-1, max-image-preview:large, max-video-preview:-1\" \/>\n<meta property=\"og:locale\" content=\"es_ES\" \/>\n<meta property=\"og:type\" content=\"article\" \/>\n<meta property=\"og:title\" content=\"DE-MG.PLUS\" \/>\n<meta property=\"og:description\" content=\"Se utiliza para acumular y almacenar datos del sistema. El dispositivo determina el esquema l\u00f3gico del sistema y permite el acceso autorizado al sistema a trav\u00e9s de Internet. Tambi\u00e9n convierte Ethernet en bus CAN y viceversa. La DE-MG dispone de un receptor de infrarrojos integrado. La DE-MG puede controlarse a trav\u00e9s de la nube con...\" \/>\n<meta property=\"og:url\" content=\"https:\/\/www.larnitech.com\/es\/product\/de-mg-plus\/\" \/>\n<meta property=\"og:site_name\" content=\"Larnitech\" \/>\n<meta property=\"article:modified_time\" content=\"2024-01-08T11:23:59+00:00\" \/>\n<meta property=\"og:image\" content=\"https:\/\/www.larnitech.com\/wp-content\/uploads\/2022\/07\/DE-MG.plus_.png\" \/>\n\t<meta property=\"og:image:width\" content=\"1500\" \/>\n\t<meta property=\"og:image:height\" content=\"1500\" \/>\n\t<meta property=\"og:image:type\" content=\"image\/png\" \/>\n<meta name=\"twitter:card\" content=\"summary_large_image\" \/>\n<meta name=\"twitter:label1\" content=\"Tiempo de lectura\" \/>\n\t<meta name=\"twitter:data1\" content=\"1 minuto\" \/>\n<script type=\"application\/ld+json\" class=\"yoast-schema-graph\">{\"@context\":\"https:\/\/schema.org\",\"@graph\":[{\"@type\":\"WebPage\",\"@id\":\"https:\/\/www.larnitech.com\/es\/product\/de-mg-plus\/\",\"url\":\"https:\/\/www.larnitech.com\/es\/product\/de-mg-plus\/\",\"name\":\"DE-MG.PLUS - Larnitech\",\"isPartOf\":{\"@id\":\"https:\/\/www.larnitech.com\/#website\"},\"datePublished\":\"2022-07-01T11:05:18+00:00\",\"dateModified\":\"2024-01-08T11:23:59+00:00\",\"breadcrumb\":{\"@id\":\"https:\/\/www.larnitech.com\/es\/product\/de-mg-plus\/#breadcrumb\"},\"inLanguage\":\"es\",\"potentialAction\":[{\"@type\":\"ReadAction\",\"target\":[\"https:\/\/www.larnitech.com\/es\/product\/de-mg-plus\/\"]}]},{\"@type\":\"BreadcrumbList\",\"@id\":\"https:\/\/www.larnitech.com\/es\/product\/de-mg-plus\/#breadcrumb\",\"itemListElement\":[{\"@type\":\"ListItem\",\"position\":1,\"name\":\"Home\",\"item\":\"https:\/\/www.larnitech.com\/es\/\"},{\"@type\":\"ListItem\",\"position\":2,\"name\":\"Products\",\"item\":\"https:\/\/www.larnitech.com\/ua\/product\/\"},{\"@type\":\"ListItem\",\"position\":3,\"name\":\"DE-MG.PLUS\"}]},{\"@type\":\"WebSite\",\"@id\":\"https:\/\/www.larnitech.com\/#website\",\"url\":\"https:\/\/www.larnitech.com\/\",\"name\":\"Larnitech\",\"description\":\"\",\"publisher\":{\"@id\":\"https:\/\/www.larnitech.com\/#organization\"},\"potentialAction\":[{\"@type\":\"SearchAction\",\"target\":{\"@type\":\"EntryPoint\",\"urlTemplate\":\"https:\/\/www.larnitech.com\/?s={search_term_string}\"},\"query-input\":\"required name=search_term_string\"}],\"inLanguage\":\"es\"},{\"@type\":\"Organization\",\"@id\":\"https:\/\/www.larnitech.com\/#organization\",\"name\":\"Larnitech\",\"url\":\"https:\/\/www.larnitech.com\/\",\"logo\":{\"@type\":\"ImageObject\",\"inLanguage\":\"es\",\"@id\":\"https:\/\/www.larnitech.com\/#\/schema\/logo\/image\/\",\"url\":\"https:\/\/www.larnitech.com\/wp-content\/uploads\/2022\/01\/logo_white.png\",\"contentUrl\":\"https:\/\/www.larnitech.com\/wp-content\/uploads\/2022\/01\/logo_white.png\",\"width\":1262,\"height\":274,\"caption\":\"Larnitech\"},\"image\":{\"@id\":\"https:\/\/www.larnitech.com\/#\/schema\/logo\/image\/\"}}]}<\/script>\n<!-- \/ Yoast SEO Premium plugin. -->","yoast_head_json":{"title":"DE-MG.PLUS - Larnitech","robots":{"index":"index","follow":"follow","max-snippet":"max-snippet:-1","max-image-preview":"max-image-preview:large","max-video-preview":"max-video-preview:-1"},"og_locale":"es_ES","og_type":"article","og_title":"DE-MG.PLUS","og_description":"Se utiliza para acumular y almacenar datos del sistema. El dispositivo determina el esquema l\u00f3gico del sistema y permite el acceso autorizado al sistema a trav\u00e9s de Internet. Tambi\u00e9n convierte Ethernet en bus CAN y viceversa. La DE-MG dispone de un receptor de infrarrojos integrado. La DE-MG puede controlarse a trav\u00e9s de la nube con...","og_url":"https:\/\/www.larnitech.com\/es\/product\/de-mg-plus\/","og_site_name":"Larnitech","article_modified_time":"2024-01-08T11:23:59+00:00","og_image":[{"width":1500,"height":1500,"url":"https:\/\/www.larnitech.com\/wp-content\/uploads\/2022\/07\/DE-MG.plus_.png","type":"image\/png"}],"twitter_card":"summary_large_image","twitter_misc":{"Tiempo de lectura":"1 minuto"},"schema":{"@context":"https:\/\/schema.org","@graph":[{"@type":"WebPage","@id":"https:\/\/www.larnitech.com\/es\/product\/de-mg-plus\/","url":"https:\/\/www.larnitech.com\/es\/product\/de-mg-plus\/","name":"DE-MG.PLUS - Larnitech","isPartOf":{"@id":"https:\/\/www.larnitech.com\/#website"},"datePublished":"2022-07-01T11:05:18+00:00","dateModified":"2024-01-08T11:23:59+00:00","breadcrumb":{"@id":"https:\/\/www.larnitech.com\/es\/product\/de-mg-plus\/#breadcrumb"},"inLanguage":"es","potentialAction":[{"@type":"ReadAction","target":["https:\/\/www.larnitech.com\/es\/product\/de-mg-plus\/"]}]},{"@type":"BreadcrumbList","@id":"https:\/\/www.larnitech.com\/es\/product\/de-mg-plus\/#breadcrumb","itemListElement":[{"@type":"ListItem","position":1,"name":"Home","item":"https:\/\/www.larnitech.com\/es\/"},{"@type":"ListItem","position":2,"name":"Products","item":"https:\/\/www.larnitech.com\/ua\/product\/"},{"@type":"ListItem","position":3,"name":"DE-MG.PLUS"}]},{"@type":"WebSite","@id":"https:\/\/www.larnitech.com\/#website","url":"https:\/\/www.larnitech.com\/","name":"Larnitech","description":"","publisher":{"@id":"https:\/\/www.larnitech.com\/#organization"},"potentialAction":[{"@type":"SearchAction","target":{"@type":"EntryPoint","urlTemplate":"https:\/\/www.larnitech.com\/?s={search_term_string}"},"query-input":"required name=search_term_string"}],"inLanguage":"es"},{"@type":"Organization","@id":"https:\/\/www.larnitech.com\/#organization","name":"Larnitech","url":"https:\/\/www.larnitech.com\/","logo":{"@type":"ImageObject","inLanguage":"es","@id":"https:\/\/www.larnitech.com\/#\/schema\/logo\/image\/","url":"https:\/\/www.larnitech.com\/wp-content\/uploads\/2022\/01\/logo_white.png","contentUrl":"https:\/\/www.larnitech.com\/wp-content\/uploads\/2022\/01\/logo_white.png","width":1262,"height":274,"caption":"Larnitech"},"image":{"@id":"https:\/\/www.larnitech.com\/#\/schema\/logo\/image\/"}}]}},"_links":{"self":[{"href":"https:\/\/www.larnitech.com\/es\/wp-json\/wp\/v2\/product\/10081","targetHints":{"allow":["GET"]}}],"collection":[{"href":"https:\/\/www.larnitech.com\/es\/wp-json\/wp\/v2\/product"}],"about":[{"href":"https:\/\/www.larnitech.com\/es\/wp-json\/wp\/v2\/types\/product"}],"version-history":[{"count":4,"href":"https:\/\/www.larnitech.com\/es\/wp-json\/wp\/v2\/product\/10081\/revisions"}],"predecessor-version":[{"id":12678,"href":"https:\/\/www.larnitech.com\/es\/wp-json\/wp\/v2\/product\/10081\/revisions\/12678"}],"wp:featuredmedia":[{"embeddable":true,"href":"https:\/\/www.larnitech.com\/es\/wp-json\/wp\/v2\/media\/7161"}],"wp:attachment":[{"href":"https:\/\/www.larnitech.com\/es\/wp-json\/wp\/v2\/media?parent=10081"}],"wp:term":[{"taxonomy":"products","embeddable":true,"href":"https:\/\/www.larnitech.com\/es\/wp-json\/wp\/v2\/products?post=10081"}],"curies":[{"name":"wp","href":"https:\/\/api.w.org\/{rel}","templated":true}]}}