{"id":10061,"date":"2022-08-05T17:38:53","date_gmt":"2022-08-05T14:38:53","guid":{"rendered":"https:\/\/www.larnitech.com\/?post_type=product&#038;p=10061"},"modified":"2024-01-19T23:04:22","modified_gmt":"2024-01-19T21:04:22","slug":"metaforsa2-cloud","status":"publish","type":"product","link":"https:\/\/www.larnitech.com\/es\/product\/metaforsa2-cloud\/","title":{"rendered":"METAFORSA2.CLOUD"},"content":{"rendered":"<p>METAFORSA SMART HOUSE es una soluci\u00f3n preparada para la automatizaci\u00f3n de locales residenciales y comerciales, complejos hoteleros que incluye las caracter\u00edsticas m\u00e1s deseadas de Smart House.<\/p>\n<p>El dispositivo tiene 10 canales de control, 4 canales de regulaci\u00f3n, 24 canales de sensores entrantes y un puerto de conexi\u00f3n de sensores digitales.<\/p>\n<p>Metaforsa se puede controlar a trav\u00e9s de la nube con una se\u00f1al encriptada de forma segura. El historial del sistema de todos los dem\u00e1s dispositivos y sensores se almacena en el dispositivo durante un a\u00f1o. Su funci\u00f3n plug and play significa que detecta y configura autom\u00e1ticamente los nuevos dispositivos Larnitech que se a\u00f1aden al sistema. Una amplia base de datos de scripts listos para usar, que se actualiza constantemente, garantiza que su hogar sea capaz de satisfacer sus peticiones m\u00e1s complejas. Esta unidad universal es capaz de controlar luces, varios tipos de v\u00e1lvulas, persianas, puertas, cerraduras y unidades fan coil (consulte la lista completa m\u00e1s abajo). Ponga las cosas en marcha dici\u00e9ndole a su hogar lo que tiene que hacer con la ayuda de Siri, Alexa o Google Home. Recibe notificaciones push en tu tel\u00e9fono cada vez que el sistema tenga cosas que decirte y disfruta del m\u00e1ximo control al alcance de tu mano. \u00a1El kit Metaforsa est\u00e1 listo para ser instalado y servir a tus necesidades tan pronto como lo saques de la caja!<\/p>\n","protected":false},"featured_media":7189,"template":"","meta":{"inline_featured_image":false,"footnotes":""},"products":[37,49],"class_list":["post-10061","product","type-product","status-publish","has-post-thumbnail","hentry","products-din-rail-gateways","products-metaforsa-series"],"acf":[],"yoast_head":"<!-- This site is optimized with the Yoast SEO Premium plugin v19.0.1 (Yoast SEO v19.12) - https:\/\/yoast.com\/wordpress\/plugins\/seo\/ -->\n<title>METAFORSA2.CLOUD - Larnitech<\/title>\n<meta name=\"robots\" content=\"index, follow, max-snippet:-1, max-image-preview:large, max-video-preview:-1\" \/>\n<meta property=\"og:locale\" content=\"es_ES\" \/>\n<meta property=\"og:type\" content=\"article\" \/>\n<meta property=\"og:title\" content=\"METAFORSA2.CLOUD\" \/>\n<meta property=\"og:description\" content=\"METAFORSA SMART HOUSE es una soluci\u00f3n preparada para la automatizaci\u00f3n de locales residenciales y comerciales, complejos hoteleros que incluye las caracter\u00edsticas m\u00e1s deseadas de Smart House. El dispositivo tiene 10 canales de control, 4 canales de regulaci\u00f3n, 24 canales de sensores entrantes y un puerto de conexi\u00f3n de sensores digitales. Metaforsa se puede controlar a...\" \/>\n<meta property=\"og:url\" content=\"https:\/\/www.larnitech.com\/es\/product\/metaforsa2-cloud\/\" \/>\n<meta property=\"og:site_name\" content=\"Larnitech\" \/>\n<meta property=\"article:modified_time\" content=\"2024-01-19T21:04:22+00:00\" \/>\n<meta property=\"og:image\" content=\"https:\/\/www.larnitech.com\/wp-content\/uploads\/2022\/08\/MFC.png\" \/>\n\t<meta property=\"og:image:width\" content=\"1556\" \/>\n\t<meta property=\"og:image:height\" content=\"1556\" \/>\n\t<meta property=\"og:image:type\" content=\"image\/png\" \/>\n<meta name=\"twitter:card\" content=\"summary_large_image\" \/>\n<meta name=\"twitter:label1\" content=\"Tiempo de lectura\" \/>\n\t<meta name=\"twitter:data1\" content=\"2 minutos\" \/>\n<script type=\"application\/ld+json\" class=\"yoast-schema-graph\">{\"@context\":\"https:\/\/schema.org\",\"@graph\":[{\"@type\":\"WebPage\",\"@id\":\"https:\/\/www.larnitech.com\/es\/product\/metaforsa2-cloud\/\",\"url\":\"https:\/\/www.larnitech.com\/es\/product\/metaforsa2-cloud\/\",\"name\":\"METAFORSA2.CLOUD - Larnitech\",\"isPartOf\":{\"@id\":\"https:\/\/www.larnitech.com\/#website\"},\"datePublished\":\"2022-08-05T14:38:53+00:00\",\"dateModified\":\"2024-01-19T21:04:22+00:00\",\"breadcrumb\":{\"@id\":\"https:\/\/www.larnitech.com\/es\/product\/metaforsa2-cloud\/#breadcrumb\"},\"inLanguage\":\"es\",\"potentialAction\":[{\"@type\":\"ReadAction\",\"target\":[\"https:\/\/www.larnitech.com\/es\/product\/metaforsa2-cloud\/\"]}]},{\"@type\":\"BreadcrumbList\",\"@id\":\"https:\/\/www.larnitech.com\/es\/product\/metaforsa2-cloud\/#breadcrumb\",\"itemListElement\":[{\"@type\":\"ListItem\",\"position\":1,\"name\":\"Home\",\"item\":\"https:\/\/www.larnitech.com\/es\/\"},{\"@type\":\"ListItem\",\"position\":2,\"name\":\"Products\",\"item\":\"https:\/\/www.larnitech.com\/ua\/product\/\"},{\"@type\":\"ListItem\",\"position\":3,\"name\":\"METAFORSA2.CLOUD\"}]},{\"@type\":\"WebSite\",\"@id\":\"https:\/\/www.larnitech.com\/#website\",\"url\":\"https:\/\/www.larnitech.com\/\",\"name\":\"Larnitech\",\"description\":\"\",\"publisher\":{\"@id\":\"https:\/\/www.larnitech.com\/#organization\"},\"potentialAction\":[{\"@type\":\"SearchAction\",\"target\":{\"@type\":\"EntryPoint\",\"urlTemplate\":\"https:\/\/www.larnitech.com\/?s={search_term_string}\"},\"query-input\":\"required name=search_term_string\"}],\"inLanguage\":\"es\"},{\"@type\":\"Organization\",\"@id\":\"https:\/\/www.larnitech.com\/#organization\",\"name\":\"Larnitech\",\"url\":\"https:\/\/www.larnitech.com\/\",\"logo\":{\"@type\":\"ImageObject\",\"inLanguage\":\"es\",\"@id\":\"https:\/\/www.larnitech.com\/#\/schema\/logo\/image\/\",\"url\":\"https:\/\/www.larnitech.com\/wp-content\/uploads\/2022\/01\/logo_white.png\",\"contentUrl\":\"https:\/\/www.larnitech.com\/wp-content\/uploads\/2022\/01\/logo_white.png\",\"width\":1262,\"height\":274,\"caption\":\"Larnitech\"},\"image\":{\"@id\":\"https:\/\/www.larnitech.com\/#\/schema\/logo\/image\/\"}}]}<\/script>\n<!-- \/ Yoast SEO Premium plugin. -->","yoast_head_json":{"title":"METAFORSA2.CLOUD - Larnitech","robots":{"index":"index","follow":"follow","max-snippet":"max-snippet:-1","max-image-preview":"max-image-preview:large","max-video-preview":"max-video-preview:-1"},"og_locale":"es_ES","og_type":"article","og_title":"METAFORSA2.CLOUD","og_description":"METAFORSA SMART HOUSE es una soluci\u00f3n preparada para la automatizaci\u00f3n de locales residenciales y comerciales, complejos hoteleros que incluye las caracter\u00edsticas m\u00e1s deseadas de Smart House. El dispositivo tiene 10 canales de control, 4 canales de regulaci\u00f3n, 24 canales de sensores entrantes y un puerto de conexi\u00f3n de sensores digitales. Metaforsa se puede controlar a...","og_url":"https:\/\/www.larnitech.com\/es\/product\/metaforsa2-cloud\/","og_site_name":"Larnitech","article_modified_time":"2024-01-19T21:04:22+00:00","og_image":[{"width":1556,"height":1556,"url":"https:\/\/www.larnitech.com\/wp-content\/uploads\/2022\/08\/MFC.png","type":"image\/png"}],"twitter_card":"summary_large_image","twitter_misc":{"Tiempo de lectura":"2 minutos"},"schema":{"@context":"https:\/\/schema.org","@graph":[{"@type":"WebPage","@id":"https:\/\/www.larnitech.com\/es\/product\/metaforsa2-cloud\/","url":"https:\/\/www.larnitech.com\/es\/product\/metaforsa2-cloud\/","name":"METAFORSA2.CLOUD - Larnitech","isPartOf":{"@id":"https:\/\/www.larnitech.com\/#website"},"datePublished":"2022-08-05T14:38:53+00:00","dateModified":"2024-01-19T21:04:22+00:00","breadcrumb":{"@id":"https:\/\/www.larnitech.com\/es\/product\/metaforsa2-cloud\/#breadcrumb"},"inLanguage":"es","potentialAction":[{"@type":"ReadAction","target":["https:\/\/www.larnitech.com\/es\/product\/metaforsa2-cloud\/"]}]},{"@type":"BreadcrumbList","@id":"https:\/\/www.larnitech.com\/es\/product\/metaforsa2-cloud\/#breadcrumb","itemListElement":[{"@type":"ListItem","position":1,"name":"Home","item":"https:\/\/www.larnitech.com\/es\/"},{"@type":"ListItem","position":2,"name":"Products","item":"https:\/\/www.larnitech.com\/ua\/product\/"},{"@type":"ListItem","position":3,"name":"METAFORSA2.CLOUD"}]},{"@type":"WebSite","@id":"https:\/\/www.larnitech.com\/#website","url":"https:\/\/www.larnitech.com\/","name":"Larnitech","description":"","publisher":{"@id":"https:\/\/www.larnitech.com\/#organization"},"potentialAction":[{"@type":"SearchAction","target":{"@type":"EntryPoint","urlTemplate":"https:\/\/www.larnitech.com\/?s={search_term_string}"},"query-input":"required name=search_term_string"}],"inLanguage":"es"},{"@type":"Organization","@id":"https:\/\/www.larnitech.com\/#organization","name":"Larnitech","url":"https:\/\/www.larnitech.com\/","logo":{"@type":"ImageObject","inLanguage":"es","@id":"https:\/\/www.larnitech.com\/#\/schema\/logo\/image\/","url":"https:\/\/www.larnitech.com\/wp-content\/uploads\/2022\/01\/logo_white.png","contentUrl":"https:\/\/www.larnitech.com\/wp-content\/uploads\/2022\/01\/logo_white.png","width":1262,"height":274,"caption":"Larnitech"},"image":{"@id":"https:\/\/www.larnitech.com\/#\/schema\/logo\/image\/"}}]}},"_links":{"self":[{"href":"https:\/\/www.larnitech.com\/es\/wp-json\/wp\/v2\/product\/10061","targetHints":{"allow":["GET"]}}],"collection":[{"href":"https:\/\/www.larnitech.com\/es\/wp-json\/wp\/v2\/product"}],"about":[{"href":"https:\/\/www.larnitech.com\/es\/wp-json\/wp\/v2\/types\/product"}],"version-history":[{"count":5,"href":"https:\/\/www.larnitech.com\/es\/wp-json\/wp\/v2\/product\/10061\/revisions"}],"predecessor-version":[{"id":13762,"href":"https:\/\/www.larnitech.com\/es\/wp-json\/wp\/v2\/product\/10061\/revisions\/13762"}],"wp:featuredmedia":[{"embeddable":true,"href":"https:\/\/www.larnitech.com\/es\/wp-json\/wp\/v2\/media\/7189"}],"wp:attachment":[{"href":"https:\/\/www.larnitech.com\/es\/wp-json\/wp\/v2\/media?parent=10061"}],"wp:term":[{"taxonomy":"products","embeddable":true,"href":"https:\/\/www.larnitech.com\/es\/wp-json\/wp\/v2\/products?post=10061"}],"curies":[{"name":"wp","href":"https:\/\/api.w.org\/{rel}","templated":true}]}}