{"id":10057,"date":"2022-08-05T23:13:44","date_gmt":"2022-08-05T20:13:44","guid":{"rendered":"https:\/\/www.larnitech.com\/?post_type=product&#038;p=10057"},"modified":"2024-01-19T23:10:25","modified_gmt":"2024-01-19T21:10:25","slug":"dw-dm06","status":"publish","type":"product","link":"https:\/\/www.larnitech.com\/es\/product\/dw-dm06\/","title":{"rendered":"DW-DM06"},"content":{"rendered":"<p>Este m\u00f3dulo est\u00e1 dise\u00f1ado para el ajuste suave del brillo de los dispositivos de iluminaci\u00f3n (carga no reactiva). El tipo de regulador es MOSFET con regulaci\u00f3n por flanco de bajada.<\/p>\n<p>Como todos los dispositivos Larnitech, este regulador de intensidad se detecta y configura autom\u00e1ticamente cuando se a\u00f1ade al sistema. Una unidad l\u00f3gica en su interior hace posible que la unidad realice scripts a partir de la gran base de datos de Larnitech, constantemente actualizada, y que opere en l\u00f3gica distribuida, garantizando la fiabilidad de su funcionamiento. Los ajustes avanzados de la luz LED permiten una configuraci\u00f3n m\u00e1s precisa, mientras que el modo de arranque suave prolonga la vida \u00fatil de la l\u00e1mpara. Adem\u00e1s de contar con protecci\u00f3n en una serie de par\u00e1metros.<\/p>\n","protected":false},"featured_media":7217,"template":"","meta":{"inline_featured_image":false,"footnotes":""},"products":[38],"class_list":["post-10057","product","type-product","status-publish","has-post-thumbnail","hentry","products-din-rail-actuators"],"acf":[],"yoast_head":"<!-- This site is optimized with the Yoast SEO Premium plugin v19.0.1 (Yoast SEO v19.12) - https:\/\/yoast.com\/wordpress\/plugins\/seo\/ -->\n<title>DW-DM06 - Larnitech<\/title>\n<meta name=\"robots\" content=\"index, follow, max-snippet:-1, max-image-preview:large, max-video-preview:-1\" \/>\n<meta property=\"og:locale\" content=\"es_ES\" \/>\n<meta property=\"og:type\" content=\"article\" \/>\n<meta property=\"og:title\" content=\"DW-DM06\" \/>\n<meta property=\"og:description\" content=\"Este m\u00f3dulo est\u00e1 dise\u00f1ado para el ajuste suave del brillo de los dispositivos de iluminaci\u00f3n (carga no reactiva). El tipo de regulador es MOSFET con regulaci\u00f3n por flanco de bajada. Como todos los dispositivos Larnitech, este regulador de intensidad se detecta y configura autom\u00e1ticamente cuando se a\u00f1ade al sistema. Una unidad l\u00f3gica en su interior...\" \/>\n<meta property=\"og:url\" content=\"https:\/\/www.larnitech.com\/es\/product\/dw-dm06\/\" \/>\n<meta property=\"og:site_name\" content=\"Larnitech\" \/>\n<meta property=\"article:modified_time\" content=\"2024-01-19T21:10:25+00:00\" \/>\n<meta property=\"og:image\" content=\"https:\/\/www.larnitech.com\/wp-content\/uploads\/2022\/08\/DW-DM06.png\" \/>\n\t<meta property=\"og:image:width\" content=\"800\" \/>\n\t<meta property=\"og:image:height\" content=\"800\" \/>\n\t<meta property=\"og:image:type\" content=\"image\/png\" \/>\n<meta name=\"twitter:card\" content=\"summary_large_image\" \/>\n<meta name=\"twitter:label1\" content=\"Tiempo de lectura\" \/>\n\t<meta name=\"twitter:data1\" content=\"1 minuto\" \/>\n<script type=\"application\/ld+json\" class=\"yoast-schema-graph\">{\"@context\":\"https:\/\/schema.org\",\"@graph\":[{\"@type\":\"WebPage\",\"@id\":\"https:\/\/www.larnitech.com\/es\/product\/dw-dm06\/\",\"url\":\"https:\/\/www.larnitech.com\/es\/product\/dw-dm06\/\",\"name\":\"DW-DM06 - Larnitech\",\"isPartOf\":{\"@id\":\"https:\/\/www.larnitech.com\/#website\"},\"datePublished\":\"2022-08-05T20:13:44+00:00\",\"dateModified\":\"2024-01-19T21:10:25+00:00\",\"breadcrumb\":{\"@id\":\"https:\/\/www.larnitech.com\/es\/product\/dw-dm06\/#breadcrumb\"},\"inLanguage\":\"es\",\"potentialAction\":[{\"@type\":\"ReadAction\",\"target\":[\"https:\/\/www.larnitech.com\/es\/product\/dw-dm06\/\"]}]},{\"@type\":\"BreadcrumbList\",\"@id\":\"https:\/\/www.larnitech.com\/es\/product\/dw-dm06\/#breadcrumb\",\"itemListElement\":[{\"@type\":\"ListItem\",\"position\":1,\"name\":\"Home\",\"item\":\"https:\/\/www.larnitech.com\/es\/\"},{\"@type\":\"ListItem\",\"position\":2,\"name\":\"Products\",\"item\":\"https:\/\/www.larnitech.com\/ua\/product\/\"},{\"@type\":\"ListItem\",\"position\":3,\"name\":\"DW-DM06\"}]},{\"@type\":\"WebSite\",\"@id\":\"https:\/\/www.larnitech.com\/#website\",\"url\":\"https:\/\/www.larnitech.com\/\",\"name\":\"Larnitech\",\"description\":\"\",\"publisher\":{\"@id\":\"https:\/\/www.larnitech.com\/#organization\"},\"potentialAction\":[{\"@type\":\"SearchAction\",\"target\":{\"@type\":\"EntryPoint\",\"urlTemplate\":\"https:\/\/www.larnitech.com\/?s={search_term_string}\"},\"query-input\":\"required name=search_term_string\"}],\"inLanguage\":\"es\"},{\"@type\":\"Organization\",\"@id\":\"https:\/\/www.larnitech.com\/#organization\",\"name\":\"Larnitech\",\"url\":\"https:\/\/www.larnitech.com\/\",\"logo\":{\"@type\":\"ImageObject\",\"inLanguage\":\"es\",\"@id\":\"https:\/\/www.larnitech.com\/#\/schema\/logo\/image\/\",\"url\":\"https:\/\/www.larnitech.com\/wp-content\/uploads\/2022\/01\/logo_white.png\",\"contentUrl\":\"https:\/\/www.larnitech.com\/wp-content\/uploads\/2022\/01\/logo_white.png\",\"width\":1262,\"height\":274,\"caption\":\"Larnitech\"},\"image\":{\"@id\":\"https:\/\/www.larnitech.com\/#\/schema\/logo\/image\/\"}}]}<\/script>\n<!-- \/ Yoast SEO Premium plugin. -->","yoast_head_json":{"title":"DW-DM06 - Larnitech","robots":{"index":"index","follow":"follow","max-snippet":"max-snippet:-1","max-image-preview":"max-image-preview:large","max-video-preview":"max-video-preview:-1"},"og_locale":"es_ES","og_type":"article","og_title":"DW-DM06","og_description":"Este m\u00f3dulo est\u00e1 dise\u00f1ado para el ajuste suave del brillo de los dispositivos de iluminaci\u00f3n (carga no reactiva). El tipo de regulador es MOSFET con regulaci\u00f3n por flanco de bajada. Como todos los dispositivos Larnitech, este regulador de intensidad se detecta y configura autom\u00e1ticamente cuando se a\u00f1ade al sistema. Una unidad l\u00f3gica en su interior...","og_url":"https:\/\/www.larnitech.com\/es\/product\/dw-dm06\/","og_site_name":"Larnitech","article_modified_time":"2024-01-19T21:10:25+00:00","og_image":[{"width":800,"height":800,"url":"https:\/\/www.larnitech.com\/wp-content\/uploads\/2022\/08\/DW-DM06.png","type":"image\/png"}],"twitter_card":"summary_large_image","twitter_misc":{"Tiempo de lectura":"1 minuto"},"schema":{"@context":"https:\/\/schema.org","@graph":[{"@type":"WebPage","@id":"https:\/\/www.larnitech.com\/es\/product\/dw-dm06\/","url":"https:\/\/www.larnitech.com\/es\/product\/dw-dm06\/","name":"DW-DM06 - Larnitech","isPartOf":{"@id":"https:\/\/www.larnitech.com\/#website"},"datePublished":"2022-08-05T20:13:44+00:00","dateModified":"2024-01-19T21:10:25+00:00","breadcrumb":{"@id":"https:\/\/www.larnitech.com\/es\/product\/dw-dm06\/#breadcrumb"},"inLanguage":"es","potentialAction":[{"@type":"ReadAction","target":["https:\/\/www.larnitech.com\/es\/product\/dw-dm06\/"]}]},{"@type":"BreadcrumbList","@id":"https:\/\/www.larnitech.com\/es\/product\/dw-dm06\/#breadcrumb","itemListElement":[{"@type":"ListItem","position":1,"name":"Home","item":"https:\/\/www.larnitech.com\/es\/"},{"@type":"ListItem","position":2,"name":"Products","item":"https:\/\/www.larnitech.com\/ua\/product\/"},{"@type":"ListItem","position":3,"name":"DW-DM06"}]},{"@type":"WebSite","@id":"https:\/\/www.larnitech.com\/#website","url":"https:\/\/www.larnitech.com\/","name":"Larnitech","description":"","publisher":{"@id":"https:\/\/www.larnitech.com\/#organization"},"potentialAction":[{"@type":"SearchAction","target":{"@type":"EntryPoint","urlTemplate":"https:\/\/www.larnitech.com\/?s={search_term_string}"},"query-input":"required name=search_term_string"}],"inLanguage":"es"},{"@type":"Organization","@id":"https:\/\/www.larnitech.com\/#organization","name":"Larnitech","url":"https:\/\/www.larnitech.com\/","logo":{"@type":"ImageObject","inLanguage":"es","@id":"https:\/\/www.larnitech.com\/#\/schema\/logo\/image\/","url":"https:\/\/www.larnitech.com\/wp-content\/uploads\/2022\/01\/logo_white.png","contentUrl":"https:\/\/www.larnitech.com\/wp-content\/uploads\/2022\/01\/logo_white.png","width":1262,"height":274,"caption":"Larnitech"},"image":{"@id":"https:\/\/www.larnitech.com\/#\/schema\/logo\/image\/"}}]}},"_links":{"self":[{"href":"https:\/\/www.larnitech.com\/es\/wp-json\/wp\/v2\/product\/10057","targetHints":{"allow":["GET"]}}],"collection":[{"href":"https:\/\/www.larnitech.com\/es\/wp-json\/wp\/v2\/product"}],"about":[{"href":"https:\/\/www.larnitech.com\/es\/wp-json\/wp\/v2\/types\/product"}],"version-history":[{"count":5,"href":"https:\/\/www.larnitech.com\/es\/wp-json\/wp\/v2\/product\/10057\/revisions"}],"predecessor-version":[{"id":13766,"href":"https:\/\/www.larnitech.com\/es\/wp-json\/wp\/v2\/product\/10057\/revisions\/13766"}],"wp:featuredmedia":[{"embeddable":true,"href":"https:\/\/www.larnitech.com\/es\/wp-json\/wp\/v2\/media\/7217"}],"wp:attachment":[{"href":"https:\/\/www.larnitech.com\/es\/wp-json\/wp\/v2\/media?parent=10057"}],"wp:term":[{"taxonomy":"products","embeddable":true,"href":"https:\/\/www.larnitech.com\/es\/wp-json\/wp\/v2\/products?post=10057"}],"curies":[{"name":"wp","href":"https:\/\/api.w.org\/{rel}","templated":true}]}}